{"id":14162,"date":"2024-05-14T17:01:55","date_gmt":"2024-05-14T21:01:55","guid":{"rendered":"https:\/\/leoprd.ca\/?page_id=14162"},"modified":"2025-08-30T11:11:41","modified_gmt":"2025-08-30T15:11:41","slug":"shipping-and-delivery","status":"publish","type":"page","link":"https:\/\/leoprd.ca\/fr\/shipping-and-delivery\/","title":{"rendered":"Exp\u00e9dition et Livraison"},"content":{"rendered":"<div data-elementor-type=\"wp-page\" data-elementor-id=\"14162\" class=\"elementor elementor-14162\">\n\t\t\t\t<div class=\"elementor-element elementor-element-4848871 e-con-full animated-slow e-flex elementor-invisible e-con e-parent\" data-id=\"4848871\" data-element_type=\"container\" data-e-type=\"container\" data-settings=\"{&quot;animation&quot;:&quot;fadeIn&quot;}\">\n\t\t\t\t<div class=\"elementor-element elementor-element-5cf2a29 elementor-widget elementor-widget-text-editor\" data-id=\"5cf2a29\" data-element_type=\"widget\" data-e-type=\"widget\" data-widget_type=\"text-editor.default\">\n\t\t\t\t<div class=\"elementor-widget-container\">\n\t\t\t\t\t\t\t\t\t<h1>Exp\u00e9dition et Livraison\u00a0<\/h1><h3 style=\"text-align: left;\">Options :<\/h3><p style=\"text-align: left;\">Les clients ont la possibilit\u00e9 de choisir parmi diff\u00e9rents modes de livraison en fonction de leurs pr\u00e9f\u00e9rences et de leurs besoins. Ces options comprennent la livraison standard, la livraison premium et le retrait en magasin par le client.<\/p><h5 style=\"text-align: left;\">Livraison Standard :<\/h5><p style=\"text-align: left;\">La livraison standard comprend l'exp\u00e9dition des articles \u00e0 l'adresse d\u00e9sign\u00e9e par le client. Notre \u00e9quipe de livraison placera les colis dans la pi\u00e8ce de votre choix \u00e0 l'int\u00e9rieur de votre domicile, sans enl\u00e8vement ni assemblage des colis.\u00a0<\/p><h5 style=\"text-align: left;\">Livraison Premium :<\/h5><p style=\"text-align: left;\">Pour les articles \u00e9ligibles, les clients peuvent demander la livraison premium, qui comprend l'assemblage et l'installation des articles achet\u00e9s. Ce service premium garantit que les meubles sont professionnellement assembl\u00e9s et plac\u00e9s \u00e0 l'emplacement souhait\u00e9 dans le domicile du client. Des frais suppl\u00e9mentaires seront applicables pour la livraison premium.<\/p><h5 style=\"text-align: left;\">Retrait en Magasin par le Client :<\/h5><p style=\"text-align: left;\">En alternative, les clients peuvent choisir de r\u00e9cup\u00e9rer leur commande \u00e0 un emplacement d\u00e9sign\u00e9. \u00c0 leur arriv\u00e9e, les clients doivent pr\u00e9senter leur bon de commande et r\u00e9gler tout paiement restant. Il est essentiel d'inspecter les articles lors du retrait et de signaler imm\u00e9diatement tout probl\u00e8me au personnel. Le retrait en magasin par le client est gratuit.<\/p><h3>Frais de Livraison et d'Exp\u00e9dition :<\/h3><p>Chez LEOPARD CA Inc., nous nous effor\u00e7ons de fournir une tarification transparente pour nos services de livraison. Voici ce que vous devez savoir sur nos frais de livraison :<\/p><ul><li><p><strong>Retrait en Magasin par le Client :<\/strong> Le retrait en magasin est gratuit. Il vous suffit de r\u00e9cup\u00e9rer votre commande \u00e0 l'emplacement d\u00e9sign\u00e9 pendant les heures d'ouverture. Une confirmation de rendez-vous \u00e0 l'avance est requise.<\/p><\/li><li><p><strong>Livraison Standard :<\/strong> Le co\u00fbt de la livraison standard jusqu'\u00e0 la pi\u00e8ce de votre choix sera calcul\u00e9 sur la page du panier et de paiement en fonction des articles dans votre panier et de votre adresse de livraison. Nous proposons des services de livraison dans tout le Canada. Si vous ne parvenez pas \u00e0 obtenir un devis d'exp\u00e9dition lors du paiement, n'h\u00e9sitez pas \u00e0 nous contacter pour obtenir de l'aide.<\/p><\/li><li><p><strong>Livraison Premium :<\/strong> Pour les articles \u00e9ligibles sur les achats de plus de 1000 $, la livraison premium est disponible sur demande du client. Des frais suppl\u00e9mentaires s'appliquent pour ce service premium. Pour plus de d\u00e9tails ou pour organiser une livraison premium, veuillez nous contacter.<\/p><\/li><\/ul><p>Nous comprenons l'importance d'un processus de livraison fluide et efficace. Si vous avez des questions ou avez besoin d'une assistance suppl\u00e9mentaire concernant les co\u00fbts ou les options de livraison, notre \u00e9quipe de service client d\u00e9di\u00e9e est l\u00e0 pour vous aider. N'h\u00e9sitez pas \u00e0 nous contacter pour une assistance personnalis\u00e9e.<\/p><h3 style=\"text-align: left;\">Frais de Stockage :<\/h3><p style=\"text-align: left;\">Une fois notifi\u00e9, le client est responsable de coordonner le retrait ou la livraison. Le non-retrait des commandes dans les 14 jours suivant la notification entra\u00eenera des frais de stockage mensuels \u00e9quivalents \u00e0 5 % de la valeur de la commande ou un minimum de 150 $.<\/p><h3 style=\"text-align: left;\">Proc\u00e9dures de Livraison :<\/h3><p style=\"text-align: left;\">Avant de s\u00e9lectionner une m\u00e9thode de livraison, il est conseill\u00e9 aux clients de s'assurer que les dimensions des articles achet\u00e9s correspondent aux points d'acc\u00e8s dans leur maison, y compris les portes, les couloirs et les escaliers. Cela aide \u00e0 pr\u00e9venir les complications de livraison dues aux contraintes de taille.<\/p><h5 style=\"text-align: left;\">Modification de la Livraison :<\/h5><p style=\"text-align: left;\">Les clients peuvent demander des modifications \u00e0 leur horaire ou m\u00e9thode de livraison en contactant notre service client au moins 48 heures avant l'heure de livraison pr\u00e9vue. Le d\u00e9faut de communiquer des changements dans ce d\u00e9lai peut entra\u00eener des frais suppl\u00e9mentaires ou des retards.<\/p><h5 style=\"text-align: left;\">Responsabilit\u00e9s Pendant la Livraison :<\/h5><p style=\"text-align: left;\">Au moment de la livraison, il incombe au client de s'assurer que l'emplacement de livraison est accessible et d\u00e9gag\u00e9 d'obstacles. Les clients doivent \u00e9galement inspecter les articles livr\u00e9s pour tout dommage ou divergence et communiquer imm\u00e9diatement tout probl\u00e8me \u00e0 l'\u00e9quipe de livraison.<\/p><h5 style=\"text-align: left;\">Livraison par Transporteur Ind\u00e9pendant :<\/h5><p style=\"text-align: left;\">In some cases, deliveries may be subcontracted to independent carriers hired by the customer, such as those found through third-party platforms like <a href=\"https:\/\/wisemove.ca\/\">Wise Move<\/a>. In such instances, LEOPARD CA Inc. relinquishes responsibility for any delivery-related issues or disputes, and customers must resolve these matters directly with the carrier.<\/p><h5 style=\"text-align: left;\">Temps de Traitement des Commandes :<\/h5><p style=\"text-align: left;\">LEOPARD CA Inc. s'appuie sur les calendriers des fournisseurs pour la disponibilit\u00e9 des produits. Les clients seront inform\u00e9s de tout retard ou rupture de stock, et tous les efforts seront d\u00e9ploy\u00e9s pour fournir des mises \u00e0 jour et des solutions en temps opportun.<\/p><p style=\"text-align: left;\">Les articles en stock sont g\u00e9n\u00e9ralement exp\u00e9di\u00e9s dans la semaine qui suit l'achat. Toutefois, veuillez noter que les articles personnalis\u00e9s, les articles en rupture de stock, les pr\u00e9commandes et les articles sp\u00e9cifi\u00e9s par le client ont un d\u00e9lai de livraison estim\u00e9 \u00e0 4 mois. En cas de retard impr\u00e9vu entra\u00eenant un d\u00e9passement du d\u00e9lai de livraison de plus d'un mois, vous pouvez pr\u00e9tendre \u00e0 un remboursement int\u00e9gral.<\/p>\t\t\t\t\t\t\t\t<\/div>\n\t\t\t\t<\/div>\n\t\t\t\t<div class=\"elementor-element elementor-element-d70dff7 elementor-widget elementor-widget-text-editor\" data-id=\"d70dff7\" data-element_type=\"widget\" data-e-type=\"widget\" data-widget_type=\"text-editor.default\">\n\t\t\t\t<div class=\"elementor-widget-container\">\n\t\t\t\t\t\t\t\t\t<p><strong>En savoir plus :<\/strong><\/p><ul><li><a href=\"https:\/\/leoprd.ca\/fr\/terms-n-conditions\/\"><span style=\"text-decoration: underline;\"><span style=\"color: #0000ff; text-decoration: underline;\">Termes et Conditions<\/span><\/span><\/a><\/li><li><a href=\"https:\/\/leoprd.ca\/fr\/exchange-return-and-refund\/\"><span style=\"text-decoration: underline;\"><span style=\"color: #0000ff; text-decoration: underline;\">\u00c9change, Retour et Remboursement<\/span><\/span><\/a><\/li><li><a href=\"https:\/\/leoprd.ca\/fr\/affirm-installment-payment-solutions\/\"><span style=\"text-decoration: underline;\"><span style=\"color: #0000ff; text-decoration: underline;\">Financer avec Affirm<\/span><\/span><\/a><\/li><\/ul>\t\t\t\t\t\t\t\t<\/div>\n\t\t\t\t<\/div>\n\t\t\t\t<\/div>\n\t\t\t\t<\/div>","protected":false},"excerpt":{"rendered":"<p>Shipping and Delivery\u00a0 Options: Customers have the option to choose from different delivery methods based on their preferences and needs. These options include standard delivery, white glove delivery, and customer pickup. Standard Delivery: Standard delivery includes the shipment of items to the customer&#8217;s designated address. Our delivery team will place the packages in your room [&hellip;]<\/p>\n","protected":false},"author":1,"featured_media":0,"parent":0,"menu_order":0,"comment_status":"closed","ping_status":"closed","template":"","meta":{"site-sidebar-layout":"no-sidebar","site-content-layout":"","ast-site-content-layout":"full-width-container","site-content-style":"unboxed","site-sidebar-style":"unboxed","ast-global-header-display":"","ast-banner-title-visibility":"","ast-main-header-display":"","ast-hfb-above-header-display":"","ast-hfb-below-header-display":"","ast-hfb-mobile-header-display":"","site-post-title":"disabled","ast-breadcrumbs-content":"","ast-featured-img":"disabled","footer-sml-layout":"","ast-disable-related-posts":"","theme-transparent-header-meta":"","adv-header-id-meta":"","stick-header-meta":"","header-above-stick-meta":"","header-main-stick-meta":"","header-below-stick-meta":"","astra-migrate-meta-layouts":"set","ast-page-background-enabled":"default","ast-page-background-meta":{"desktop":{"background-color":"","background-image":"","background-repeat":"repeat","background-position":"center center","background-size":"auto","background-attachment":"scroll","background-type":"","background-media":"","overlay-type":"","overlay-color":"","overlay-opacity":"","overlay-gradient":""},"tablet":{"background-color":"","background-image":"","background-repeat":"repeat","background-position":"center center","background-size":"auto","background-attachment":"scroll","background-type":"","background-media":"","overlay-type":"","overlay-color":"","overlay-opacity":"","overlay-gradient":""},"mobile":{"background-color":"","background-image":"","background-repeat":"repeat","background-position":"center center","background-size":"auto","background-attachment":"scroll","background-type":"","background-media":"","overlay-type":"","overlay-color":"","overlay-opacity":"","overlay-gradient":""}},"ast-content-background-meta":{"desktop":{"background-color":"var(--ast-global-color-5)","background-image":"","background-repeat":"repeat","background-position":"center center","background-size":"auto","background-attachment":"scroll","background-type":"","background-media":"","overlay-type":"","overlay-color":"","overlay-opacity":"","overlay-gradient":""},"tablet":{"background-color":"var(--ast-global-color-5)","background-image":"","background-repeat":"repeat","background-position":"center center","background-size":"auto","background-attachment":"scroll","background-type":"","background-media":"","overlay-type":"","overlay-color":"","overlay-opacity":"","overlay-gradient":""},"mobile":{"background-color":"var(--ast-global-color-5)","background-image":"","background-repeat":"repeat","background-position":"center center","background-size":"auto","background-attachment":"scroll","background-type":"","background-media":"","overlay-type":"","overlay-color":"","overlay-opacity":"","overlay-gradient":""}},"footnotes":""},"class_list":["post-14162","page","type-page","status-publish","hentry"],"yoast_head":"<!-- This site is optimized with the Yoast SEO Premium plugin v27.3 (Yoast SEO v27.3) - https:\/\/yoast.com\/product\/yoast-seo-premium-wordpress\/ -->\n<title>Shipping and delivery | LEOPARD Furniture<\/title>\n<meta name=\"description\" content=\"Canada wide white glove delivery | LEOPARD Furniture.\" \/>\n<meta name=\"robots\" content=\"index, follow, max-snippet:-1, max-image-preview:large, max-video-preview:-1\" \/>\n<link rel=\"canonical\" href=\"https:\/\/leoprd.ca\/fr\/shipping-and-delivery\/\" \/>\n<meta property=\"og:locale\" content=\"fr_CA\" \/>\n<meta property=\"og:type\" content=\"article\" \/>\n<meta property=\"og:title\" content=\"Shipping and Delivery\" \/>\n<meta property=\"og:description\" content=\"Canada wide white glove delivery | LEOPARD Furniture.\" \/>\n<meta property=\"og:url\" content=\"https:\/\/leoprd.ca\/fr\/shipping-and-delivery\/\" \/>\n<meta property=\"og:site_name\" content=\"LEOPARD Furniture\" \/>\n<meta property=\"article:publisher\" content=\"https:\/\/www.facebook.com\/leoprd.ca\" \/>\n<meta property=\"article:modified_time\" content=\"2025-08-30T15:11:41+00:00\" \/>\n<meta property=\"og:image\" content=\"https:\/\/leoprd.ca\/wp-content\/uploads\/2023\/08\/LEOPARD-Furniture1.jpg\" \/>\n\t<meta property=\"og:image:width\" content=\"1200\" \/>\n\t<meta property=\"og:image:height\" content=\"675\" \/>\n\t<meta property=\"og:image:type\" content=\"image\/jpeg\" \/>\n<meta name=\"twitter:card\" content=\"summary_large_image\" \/>\n<meta name=\"twitter:label1\" content=\"Estimation du temps de lecture\" \/>\n\t<meta name=\"twitter:data1\" content=\"3 minutes\" \/>\n<script type=\"application\/ld+json\" class=\"yoast-schema-graph\">{\"@context\":\"https:\\\/\\\/schema.org\",\"@graph\":[{\"@type\":\"WebPage\",\"@id\":\"https:\\\/\\\/leoprd.ca\\\/fr\\\/shipping-and-delivery\\\/\",\"url\":\"https:\\\/\\\/leoprd.ca\\\/fr\\\/shipping-and-delivery\\\/\",\"name\":\"Shipping and delivery | LEOPARD Furniture\",\"isPartOf\":{\"@id\":\"https:\\\/\\\/leoprd.ca\\\/fr\\\/#website\"},\"datePublished\":\"2024-05-14T21:01:55+00:00\",\"dateModified\":\"2025-08-30T15:11:41+00:00\",\"description\":\"Canada wide white glove delivery | LEOPARD Furniture.\",\"breadcrumb\":{\"@id\":\"https:\\\/\\\/leoprd.ca\\\/fr\\\/shipping-and-delivery\\\/#breadcrumb\"},\"inLanguage\":\"fr-CA\",\"potentialAction\":[{\"@type\":\"ReadAction\",\"target\":[\"https:\\\/\\\/leoprd.ca\\\/fr\\\/shipping-and-delivery\\\/\"]}]},{\"@type\":\"BreadcrumbList\",\"@id\":\"https:\\\/\\\/leoprd.ca\\\/fr\\\/shipping-and-delivery\\\/#breadcrumb\",\"itemListElement\":[{\"@type\":\"ListItem\",\"position\":1,\"name\":\"Home\",\"item\":\"https:\\\/\\\/leoprd.ca\\\/\"},{\"@type\":\"ListItem\",\"position\":2,\"name\":\"Shipping and Delivery\"}]},{\"@type\":\"WebSite\",\"@id\":\"https:\\\/\\\/leoprd.ca\\\/fr\\\/#website\",\"url\":\"https:\\\/\\\/leoprd.ca\\\/fr\\\/\",\"name\":\"LEOPARD Furniture\",\"description\":\"Furniture store\",\"publisher\":{\"@id\":\"https:\\\/\\\/leoprd.ca\\\/fr\\\/#organization\"},\"alternateName\":\"Meubles L\u00c9OPARD\",\"potentialAction\":[{\"@type\":\"SearchAction\",\"target\":{\"@type\":\"EntryPoint\",\"urlTemplate\":\"https:\\\/\\\/leoprd.ca\\\/fr\\\/?s={search_term_string}\"},\"query-input\":{\"@type\":\"PropertyValueSpecification\",\"valueRequired\":true,\"valueName\":\"search_term_string\"}}],\"inLanguage\":\"fr-CA\"},{\"@type\":\"Organization\",\"@id\":\"https:\\\/\\\/leoprd.ca\\\/fr\\\/#organization\",\"name\":\"LEOPARD Furniture\",\"alternateName\":\"Meuble LEOPARD\",\"url\":\"https:\\\/\\\/leoprd.ca\\\/fr\\\/\",\"logo\":{\"@type\":\"ImageObject\",\"inLanguage\":\"fr-CA\",\"@id\":\"https:\\\/\\\/leoprd.ca\\\/fr\\\/#\\\/schema\\\/logo\\\/image\\\/\",\"url\":\"https:\\\/\\\/leoprd.ca\\\/wp-content\\\/uploads\\\/2022\\\/05\\\/logo-silver-mid.png\",\"contentUrl\":\"https:\\\/\\\/leoprd.ca\\\/wp-content\\\/uploads\\\/2022\\\/05\\\/logo-silver-mid.png\",\"width\":400,\"height\":400,\"caption\":\"LEOPARD Furniture\"},\"image\":{\"@id\":\"https:\\\/\\\/leoprd.ca\\\/fr\\\/#\\\/schema\\\/logo\\\/image\\\/\"},\"sameAs\":[\"https:\\\/\\\/www.facebook.com\\\/leoprd.ca\",\"https:\\\/\\\/mastodon.social\\\/@leopardfurniture\",\"https:\\\/\\\/www.instagram.com\\\/leopardcanada\\\/\",\"https:\\\/\\\/www.linkedin.com\\\/company\\\/leopard-trading-company\\\/\",\"https:\\\/\\\/www.youtube.com\\\/@leopardcanada\"],\"description\":\"LEOPARD Furniture, a Canadian-born legacy headquartered in the vibrant city of Montreal, Quebec, with a prime location in Brossard. At LEOPARD, we curate the finest furniture selections from premium-quality and esteemed international manufacturers. Our commitment lies in customization and the importation of high-end products. Our Commitment to Quality and Excellence Reliability You Can Trust Built on five pillars \u2013 trust, reliability, customer satisfaction, excellence, and innovation \u2013 LEOPARD Furniture has been a reliable name in the furniture industry. Our commitment to quality and transparency ensures that every piece you select resonates with durability and aesthetic brilliance. Award-Winning Designs Immerse yourself in a world of award-winning designs curated to elevate your living spaces. Our products have been recognized for their innovation and style, showcasing a commitment to staying ahead of design trends. Unparalleled Interior Design Services Personalized 3D Design and AR Experience Embark on a personalized interior design journey with LEOPARD Furniture. Our team, equipped with cutting-edge technology, offers 3D design and Augmented Reality (AR) experiences, allowing you to visualize your dream space before making a decision. LEOPARD Furniture is a furniture store, not just a furniture store; we are creators of lifestyle. Every piece tells a story, and we invite you to be a part of this narrative. Visit our showroom in Brossard or explore our online gallery.\",\"email\":\"info@leoprd.ca\",\"telephone\":\"+1 (514) 655-8447\",\"legalName\":\"LEOPARD CA INC.\",\"hasMerchantReturnPolicy\":{\"@type\":\"MerchantReturnPolicy\",\"merchantReturnLink\":\"https:\\\/\\\/leoprd.ca\\\/fr\\\/exchange-return-and-refund\\\/\"}}]}<\/script>\n<!-- \/ Yoast SEO Premium plugin. -->","yoast_head_json":{"title":"Shipping and delivery | LEOPARD Furniture","description":"Canada wide white glove delivery | LEOPARD Furniture.","robots":{"index":"index","follow":"follow","max-snippet":"max-snippet:-1","max-image-preview":"max-image-preview:large","max-video-preview":"max-video-preview:-1"},"canonical":"https:\/\/leoprd.ca\/fr\/shipping-and-delivery\/","og_locale":"fr_CA","og_type":"article","og_title":"Shipping and Delivery","og_description":"Canada wide white glove delivery | LEOPARD Furniture.","og_url":"https:\/\/leoprd.ca\/fr\/shipping-and-delivery\/","og_site_name":"LEOPARD Furniture","article_publisher":"https:\/\/www.facebook.com\/leoprd.ca","article_modified_time":"2025-08-30T15:11:41+00:00","og_image":[{"width":1200,"height":675,"url":"https:\/\/leoprd.ca\/wp-content\/uploads\/2023\/08\/LEOPARD-Furniture1.jpg","type":"image\/jpeg"}],"twitter_card":"summary_large_image","twitter_misc":{"Estimation du temps de lecture":"3 minutes"},"schema":{"@context":"https:\/\/schema.org","@graph":[{"@type":"WebPage","@id":"https:\/\/leoprd.ca\/fr\/shipping-and-delivery\/","url":"https:\/\/leoprd.ca\/fr\/shipping-and-delivery\/","name":"Shipping and delivery | LEOPARD Furniture","isPartOf":{"@id":"https:\/\/leoprd.ca\/fr\/#website"},"datePublished":"2024-05-14T21:01:55+00:00","dateModified":"2025-08-30T15:11:41+00:00","description":"Canada wide white glove delivery | LEOPARD Furniture.","breadcrumb":{"@id":"https:\/\/leoprd.ca\/fr\/shipping-and-delivery\/#breadcrumb"},"inLanguage":"fr-CA","potentialAction":[{"@type":"ReadAction","target":["https:\/\/leoprd.ca\/fr\/shipping-and-delivery\/"]}]},{"@type":"BreadcrumbList","@id":"https:\/\/leoprd.ca\/fr\/shipping-and-delivery\/#breadcrumb","itemListElement":[{"@type":"ListItem","position":1,"name":"Home","item":"https:\/\/leoprd.ca\/"},{"@type":"ListItem","position":2,"name":"Shipping and Delivery"}]},{"@type":"WebSite","@id":"https:\/\/leoprd.ca\/fr\/#website","url":"https:\/\/leoprd.ca\/fr\/","name":"Meubles LEOPARD","description":"Magasin de meubles","publisher":{"@id":"https:\/\/leoprd.ca\/fr\/#organization"},"alternateName":"Meubles L\u00c9OPARD","potentialAction":[{"@type":"SearchAction","target":{"@type":"EntryPoint","urlTemplate":"https:\/\/leoprd.ca\/fr\/?s={search_term_string}"},"query-input":{"@type":"PropertyValueSpecification","valueRequired":true,"valueName":"search_term_string"}}],"inLanguage":"fr-CA"},{"@type":"Organization","@id":"https:\/\/leoprd.ca\/fr\/#organization","name":"Meubles LEOPARD","alternateName":"Meuble LEOPARD","url":"https:\/\/leoprd.ca\/fr\/","logo":{"@type":"ImageObject","inLanguage":"fr-CA","@id":"https:\/\/leoprd.ca\/fr\/#\/schema\/logo\/image\/","url":"https:\/\/leoprd.ca\/wp-content\/uploads\/2022\/05\/logo-silver-mid.png","contentUrl":"https:\/\/leoprd.ca\/wp-content\/uploads\/2022\/05\/logo-silver-mid.png","width":400,"height":400,"caption":"LEOPARD Furniture"},"image":{"@id":"https:\/\/leoprd.ca\/fr\/#\/schema\/logo\/image\/"},"sameAs":["https:\/\/www.facebook.com\/leoprd.ca","https:\/\/mastodon.social\/@leopardfurniture","https:\/\/www.instagram.com\/leopardcanada\/","https:\/\/www.linkedin.com\/company\/leopard-trading-company\/","https:\/\/www.youtube.com\/@leopardcanada"],"description":"Meubles LEOPARD, une entreprise d'origine canadienne dont le si\u00e8ge social est situ\u00e9 dans la ville dynamique de Montr\u00e9al, au Qu\u00e9bec, avec un emplacement de choix \u00e0 Brossard. Chez LEOPARD, nous s\u00e9lectionnons les meubles les plus raffin\u00e9s aupr\u00e8s de fabricants internationaux r\u00e9put\u00e9s et de qualit\u00e9 sup\u00e9rieure. Notre engagement r\u00e9side dans la personnalisation et l'importation de produits haut de gamme. Notre engagement envers la qualit\u00e9 et l'excellence Une fiabilit\u00e9 \u00e0 laquelle vous pouvez vous fier Fond\u00e9e sur cinq piliers - la confiance, la fiabilit\u00e9, la satisfaction de la client\u00e8le, l'excellence et l'innovation - Meubles LEOPARD est un nom fiable dans l'industrie de l'ameublement. Notre engagement en faveur de la qualit\u00e9 et de la transparence garantit que chaque pi\u00e8ce que vous choisissez est synonyme de durabilit\u00e9 et de brillance esth\u00e9tique. Designs prim\u00e9s Plongez dans un monde de designs prim\u00e9s, con\u00e7us pour \u00e9lever vos espaces de vie. Nos produits ont \u00e9t\u00e9 reconnus pour leur innovation et leur style, t\u00e9moignant de notre engagement \u00e0 rester \u00e0 la pointe des tendances en mati\u00e8re de design. Services de design d'int\u00e9rieur in\u00e9gal\u00e9s Design 3D personnalis\u00e9 et exp\u00e9rience AR Embarquez pour un voyage de design d'int\u00e9rieur personnalis\u00e9 avec LEOPARD Furniture. Notre \u00e9quipe, \u00e9quip\u00e9e d'une technologie de pointe, propose des exp\u00e9riences de conception en 3D et de r\u00e9alit\u00e9 augment\u00e9e (RA), vous permettant de visualiser l'espace de vos r\u00eaves avant de prendre une d\u00e9cision. LEOPARD Furniture est un magasin de meubles, pas seulement un magasin de meubles ; nous sommes des cr\u00e9ateurs de style de vie. Chaque pi\u00e8ce raconte une histoire, et nous vous invitons \u00e0 faire partie de ce r\u00e9cit. Visitez notre salle d'exposition \u00e0 Brossard ou explorez notre galerie en ligne.","email":"info@leoprd.ca","telephone":"+1 (514) 655-8447","legalName":"LEOPARD CA INC.","hasMerchantReturnPolicy":{"@type":"MerchantReturnPolicy","merchantReturnLink":"https:\/\/leoprd.ca\/fr\/exchange-return-and-refund\/"}}]}},"brizy_media":[],"_links":{"self":[{"href":"https:\/\/leoprd.ca\/fr\/wp-json\/wp\/v2\/pages\/14162","targetHints":{"allow":["GET"]}}],"collection":[{"href":"https:\/\/leoprd.ca\/fr\/wp-json\/wp\/v2\/pages"}],"about":[{"href":"https:\/\/leoprd.ca\/fr\/wp-json\/wp\/v2\/types\/page"}],"author":[{"embeddable":true,"href":"https:\/\/leoprd.ca\/fr\/wp-json\/wp\/v2\/users\/1"}],"replies":[{"embeddable":true,"href":"https:\/\/leoprd.ca\/fr\/wp-json\/wp\/v2\/comments?post=14162"}],"version-history":[{"count":0,"href":"https:\/\/leoprd.ca\/fr\/wp-json\/wp\/v2\/pages\/14162\/revisions"}],"wp:attachment":[{"href":"https:\/\/leoprd.ca\/fr\/wp-json\/wp\/v2\/media?parent=14162"}],"curies":[{"name":"wp","href":"https:\/\/api.w.org\/{rel}","templated":true}]}}