{"id":5468,"date":"2021-11-28T16:54:28","date_gmt":"2021-11-28T21:54:28","guid":{"rendered":"https:\/\/leoprd.ca\/?page_id=5468"},"modified":"2024-07-16T15:33:05","modified_gmt":"2024-07-16T19:33:05","slug":"terms-n-conditions","status":"publish","type":"page","link":"https:\/\/leoprd.ca\/fr\/terms-n-conditions\/","title":{"rendered":"Conditions G\u00e9n\u00e9rales"},"content":{"rendered":"<div data-elementor-type=\"wp-page\" data-elementor-id=\"5468\" class=\"elementor elementor-5468\">\n\t\t\t\t<div class=\"elementor-element elementor-element-d92495e e-con-full animated-slow e-flex elementor-invisible e-con e-parent\" data-id=\"d92495e\" data-element_type=\"container\" data-e-type=\"container\" data-settings=\"{&quot;animation&quot;:&quot;fadeIn&quot;}\">\n\t\t\t\t<div class=\"elementor-element elementor-element-bff32b3 elementor-widget elementor-widget-text-editor\" data-id=\"bff32b3\" data-element_type=\"widget\" data-e-type=\"widget\" data-widget_type=\"text-editor.default\">\n\t\t\t\t<div class=\"elementor-widget-container\">\n\t\t\t\t\t\t\t\t\t<h1>Conditions G\u00e9n\u00e9rales<\/h1><p>\u00a0<\/p><h2>Politique de Garantie:<\/h2><p>All <a href=\"https:\/\/leoprd.ca\/fr\/\">Meubles LEOPARD<\/a> products are covered by a one (1) year warranty for manufacturing defects from residential use, except for marbles, wall arts, and sculptures. This warranty commences from the date of delivery or pick-up and applies exclusively to manufacturing defects resulting from residential use. LEOPARD products are not intended for commercial or industrial purposes. The warranty does not encompass normal wear and tear, including but not limited to cuts, scratches, impact or accident-related damage, discoloration, fabric pilling, or stains. Additionally, products subject to incorrect storage, assembly, misuse, alteration, or exposure to harsh environmental conditions are not covered. Customized orders, customer-specified items, preorders and backorders are considered final sales, with an estimated delivery time of 3 to 4 months. In instances where delivery exceeds the specified period by more than one month, a full refund may be eligible. <strong>Cette garantie ne couvre pas les dommages indirects ou accessoires.<\/strong> Le re\u00e7u original est requis pour toutes les r\u00e9clamations et n'est pas transf\u00e9rable. Les marchandises n\u00e9cessitant un assemblage n\u00e9cessitent une attention particuli\u00e8re lors de la manipulation. Inspectez toutes les pi\u00e8ces et quincailleries AVANT l'assemblage. Les r\u00e9clamations de pi\u00e8ces et\/ou de quincailleries valides doivent \u00eatre faites AVANT l'assemblage. Les dommages r\u00e9sultant d'erreurs d'assemblage et\/ou de manipulation des pi\u00e8ces, notamment les rayures, ne sont pas couverts par cette garantie. Les consommateurs peuvent poss\u00e9der des droits suppl\u00e9mentaires en vertu des r\u00e9glementations f\u00e9d\u00e9rales et locales, qui ne sont pas affect\u00e9s par cette garantie. Veuillez noter que cette garantie ne remplace aucun droit l\u00e9gal.<\/p><p>\u00a0<\/p><h2>Politique de remboursement et de retours:<\/h2><h5>Aper\u00e7u:<\/h5><p>Notre politique de remboursement et de retour s'\u00e9tend sur 14 jours \u00e0 compter de la date d'achat. Pour \u00eatre admissible \u00e0 un retour, l'article doit rester inutilis\u00e9 et dans son emballage d'origine, accompagn\u00e9 d'un re\u00e7u valide ou d'une preuve d'achat.<\/p><h5>Remboursements:<\/h5><p>\u00c0 la r\u00e9ception et \u00e0 l'inspection de l'article retourn\u00e9, nous vous informerons de l'approbation ou du rejet de votre remboursement par e-mail. Les remboursements approuv\u00e9s seront trait\u00e9s dans un d\u00e9lai de cinq (5) \u00e0 dix (10) jours ouvrables, cr\u00e9dit\u00e9s sur le mode de paiement original. Les frais de livraison et de retour ne sont pas remboursables. LEOPARD Furniture remboursera les frais de livraison de la commande initiale. Veuillez noter qu'un d\u00e9lai suppl\u00e9mentaire de traitement peut \u00eatre n\u00e9cessaire de la part de votre institution financi\u00e8re.<\/p><h5>Remboursements tardifs ou manquants :<\/h5><p>Si vous n'avez pas re\u00e7u de remboursement, nous vous recommandons de v\u00e9rifier d'abord votre compte bancaire et de contacter votre soci\u00e9t\u00e9 de carte de cr\u00e9dit. Si vous avez besoin d'une assistance suppl\u00e9mentaire, veuillez nous contacter \u00e0 l'adresse suivante :info@leoprd.ca <a target=\"_new\" rel=\"noreferrer\">info@leoprd.ca<\/a>.<\/p><h5>\u00c9changes:<\/h5><p>Nous facilitons les \u00e9changes uniquement pour les articles d\u00e9fectueux ou endommag\u00e9s. Pour initier un \u00e9change, veuillez nous contacter \u00e0 l'adresse suivante : info@leoprd.ca. <a target=\"_new\" rel=\"noreferrer\">info@leoprd.ca<\/a> et retournez l'article \u00e0 l'adresse suivante : 2151 Boul. Lapini\u00e8re, Brossard, QC J4W 2T5. Les frais de livraison et de retour ne sont pas remboursables.<\/p><h5>Retours de Livraison :<\/h5><p>Les clients sont responsables des frais d'exp\u00e9dition associ\u00e9s aux retours. Les frais d'exp\u00e9dition ne sont pas remboursables, et tout montant rembours\u00e9 d\u00e9duira le co\u00fbt de l'exp\u00e9dition de retour. Nous recommandons d'utiliser un service d'exp\u00e9dition tra\u00e7able ou d'acheter une assurance exp\u00e9dition, car nous ne pouvons garantir la r\u00e9ception des articles retourn\u00e9s.<\/p><h5>D\u00e9finition de Vente Finale :<\/h5><p>Les articles cat\u00e9goris\u00e9s comme en solde, articles \u00e0 prix r\u00e9duit, pr\u00e9commandes, commandes en attente, articles sp\u00e9cifi\u00e9s par le client et commandes personnalis\u00e9es sont consid\u00e9r\u00e9s comme des ventes finales, donc non admissibles aux remboursements ou aux \u00e9changes sauf s'ils sont jug\u00e9s d\u00e9fectueux.<\/p><h5>Confirmation de Commande :<\/h5><p>En passant une commande en magasin, vous reconnaissez et acceptez nos Conditions G\u00e9n\u00e9rales de Vente, accessibles \u00e0 la fois en magasin et sur notre site web.<\/p><h5>Annulation de Commande<\/h5><p>Les clients conservent la possibilit\u00e9 d'annuler partiellement ou int\u00e9gralement les commandes dans les deux (2) jours suivant l'achat, avant la livraison. Contactez votre conseiller en magasin ou notre \u00e9quipe du service client pour initier une annulation. L'annulation dans le d\u00e9lai sp\u00e9cifi\u00e9 vous donne droit \u00e0 un remboursement. Des frais d'annulation s'appliquent au-del\u00e0 de cette p\u00e9riode :<\/p><ul><li>_Un minimum de 50 % de la valeur de l'article annul\u00e9 pour les articles \u00e0 prix r\u00e9duit, en solde, fabriqu\u00e9s sur commande, en pr\u00e9commande ou en commande en attente.<\/li><li>\u2013 20% of the canceled item value or a credit note equivalent to the amount paid for regular orders.<\/li><\/ul><h3>\u00a0<\/h3><h3>\u00a0<\/h3><h3>Payment:<\/h3><p>LEOPARD CA Inc. accepts various payment methods, including credit card (Visa, American Express, or Mastercard), certified check, bank draft, cash, affirm, or wire transfer. Orders must be paid in full at least three (3) working days prior to the delivery date, with a recommended payment window of 14 days before the estimated delivery to avoid potential delays.<\/p><h5>Acomptes :<\/h5><p>Un d\u00e9p\u00f4t minimum de 60 % est obligatoire pour toutes les commandes en magasin avant le traitement.<\/p><h3>\u00a0<\/h3><h3>\u00a0<\/h3><h3>Propri\u00e9t\u00e9 et Marque :<\/h3><p>LEOPARD CA Inc. conserve la propri\u00e9t\u00e9 des produits jusqu'\u00e0 r\u00e9ception du paiement int\u00e9gral, tous les produits \u00e9tant consid\u00e9r\u00e9s comme une propri\u00e9t\u00e9 intellectuelle, cr\u00e9ative, artistique et commerciale. Les tentatives de contrefa\u00e7on seront poursuivies en justice.<\/p><h3>\u00a0<\/h3><h3>Politique d'Ajustement de Prix :<\/h3><p>Les clients peuvent demander des ajustements de prix pour les articles r\u00e9cemment achet\u00e9s refl\u00e9tant des baisses de prix ult\u00e9rieures ou des promotions. Ces demandes doivent \u00eatre faites dans les 30 jours suivant l'achat, avec les diff\u00e9rences cr\u00e9dit\u00e9es applicables aux achats futurs.<\/p><h5>\u00a0<\/h5><h5>Besoin d'aide?<\/h5><p>Contactez-nous \u00e0 info@leoprd.ca<\/p>\t\t\t\t\t\t\t\t<\/div>\n\t\t\t\t<\/div>\n\t\t\t\t<div class=\"elementor-element elementor-element-2bf7152 elementor-widget elementor-widget-text-editor\" data-id=\"2bf7152\" data-element_type=\"widget\" data-e-type=\"widget\" data-widget_type=\"text-editor.default\">\n\t\t\t\t<div class=\"elementor-widget-container\">\n\t\t\t\t\t\t\t\t\t<p><strong>En savoir plus :<\/strong><\/p><ul><li><span style=\"color: #0000ff;\"><a style=\"color: #0000ff;\" href=\"https:\/\/leoprd.ca\/fr\/exchange-return-and-refund\/\">\u00c9change, Retour et Remboursement<\/a><\/span><\/li><li><span style=\"color: #0000ff;\"><a style=\"color: #0000ff;\" href=\"https:\/\/leoprd.ca\/fr\/shipping-and-delivery\/\">Exp\u00e9dition et Livraison<\/a><\/span><\/li><li><span style=\"color: #0000ff;\"><a style=\"color: #0000ff;\" href=\"https:\/\/leoprd.ca\/fr\/affirm-installment-payment-solutions\/\">Financer avec Affirm<\/a><\/span><\/li><\/ul>\t\t\t\t\t\t\t\t<\/div>\n\t\t\t\t<\/div>\n\t\t\t\t<\/div>\n\t\t\t\t<\/div>","protected":false},"excerpt":{"rendered":"<p>Terms and Conditions \u00a0 Warranty Policy: All LEOPARD Furniture products are covered by a one (1) year warranty for manufacturing defects from residential use, except for marbles, wall arts, and sculptures. This warranty commences from the date of delivery or pick-up and applies exclusively to manufacturing defects resulting from residential use. LEOPARD products are not [&hellip;]<\/p>\n","protected":false},"author":1,"featured_media":0,"parent":0,"menu_order":0,"comment_status":"closed","ping_status":"closed","template":"elementor_header_footer","meta":{"site-sidebar-layout":"default","site-content-layout":"default","ast-site-content-layout":"default","site-content-style":"default","site-sidebar-style":"default","ast-global-header-display":"","ast-banner-title-visibility":"","ast-main-header-display":"","ast-hfb-above-header-display":"","ast-hfb-below-header-display":"","ast-hfb-mobile-header-display":"","site-post-title":"","ast-breadcrumbs-content":"","ast-featured-img":"","footer-sml-layout":"","ast-disable-related-posts":"","theme-transparent-header-meta":"disabled","adv-header-id-meta":"","stick-header-meta":"","header-above-stick-meta":"","header-main-stick-meta":"","header-below-stick-meta":"","astra-migrate-meta-layouts":"set","ast-page-background-enabled":"default","ast-page-background-meta":{"desktop":{"background-color":"","background-image":"","background-repeat":"repeat","background-position":"center center","background-size":"auto","background-attachment":"scroll","background-type":"","background-media":"","overlay-type":"","overlay-color":"","overlay-opacity":"","overlay-gradient":""},"tablet":{"background-color":"","background-image":"","background-repeat":"repeat","background-position":"center center","background-size":"auto","background-attachment":"scroll","background-type":"","background-media":"","overlay-type":"","overlay-color":"","overlay-opacity":"","overlay-gradient":""},"mobile":{"background-color":"","background-image":"","background-repeat":"repeat","background-position":"center center","background-size":"auto","background-attachment":"scroll","background-type":"","background-media":"","overlay-type":"","overlay-color":"","overlay-opacity":"","overlay-gradient":""}},"ast-content-background-meta":{"desktop":{"background-color":"var(--ast-global-color-5)","background-image":"","background-repeat":"repeat","background-position":"center center","background-size":"auto","background-attachment":"scroll","background-type":"","background-media":"","overlay-type":"","overlay-color":"","overlay-opacity":"","overlay-gradient":""},"tablet":{"background-color":"var(--ast-global-color-5)","background-image":"","background-repeat":"repeat","background-position":"center center","background-size":"auto","background-attachment":"scroll","background-type":"","background-media":"","overlay-type":"","overlay-color":"","overlay-opacity":"","overlay-gradient":""},"mobile":{"background-color":"var(--ast-global-color-5)","background-image":"","background-repeat":"repeat","background-position":"center center","background-size":"auto","background-attachment":"scroll","background-type":"","background-media":"","overlay-type":"","overlay-color":"","overlay-opacity":"","overlay-gradient":""}},"footnotes":""},"class_list":["post-5468","page","type-page","status-publish","hentry"],"yoast_head":"<!-- This site is optimized with the Yoast SEO Premium plugin v27.3 (Yoast SEO v27.3) - https:\/\/yoast.com\/product\/yoast-seo-premium-wordpress\/ -->\n<title>Warranty | Terms and Conditions | LEOPARD Furniture store<\/title>\n<meta name=\"description\" content=\"2026 Terms and conditions, Warranty policy, Refund and Returns Policy. All LEOPARD products carry a one (1) year warranty unless otherwise specified.\" \/>\n<meta name=\"robots\" content=\"index, follow, max-snippet:-1, max-image-preview:large, max-video-preview:-1\" \/>\n<link rel=\"canonical\" href=\"https:\/\/leoprd.ca\/fr\/terms-n-conditions\/\" \/>\n<meta property=\"og:locale\" content=\"fr_CA\" \/>\n<meta property=\"og:type\" content=\"article\" \/>\n<meta property=\"og:title\" content=\"Terms and Conditions\" \/>\n<meta property=\"og:description\" content=\"2026 Terms and conditions, Warranty policy, Refund and Returns Policy. All LEOPARD products carry a one (1) year warranty unless otherwise specified.\" \/>\n<meta property=\"og:url\" content=\"https:\/\/leoprd.ca\/fr\/terms-n-conditions\/\" \/>\n<meta property=\"og:site_name\" content=\"LEOPARD Furniture\" \/>\n<meta property=\"article:publisher\" content=\"https:\/\/www.facebook.com\/leoprd.ca\" \/>\n<meta property=\"article:modified_time\" content=\"2024-07-16T19:33:05+00:00\" \/>\n<meta property=\"og:image\" content=\"https:\/\/leoprd.ca\/wp-content\/uploads\/2023\/08\/LEOPARD-Furniture1.jpg\" \/>\n\t<meta property=\"og:image:width\" content=\"1200\" \/>\n\t<meta property=\"og:image:height\" content=\"675\" \/>\n\t<meta property=\"og:image:type\" content=\"image\/jpeg\" \/>\n<meta name=\"twitter:card\" content=\"summary_large_image\" \/>\n<meta name=\"twitter:label1\" content=\"Estimation du temps de lecture\" \/>\n\t<meta name=\"twitter:data1\" content=\"3 minutes\" \/>\n<script type=\"application\/ld+json\" class=\"yoast-schema-graph\">{\"@context\":\"https:\\\/\\\/schema.org\",\"@graph\":[{\"@type\":\"WebPage\",\"@id\":\"https:\\\/\\\/leoprd.ca\\\/fr\\\/terms-n-conditions\\\/\",\"url\":\"https:\\\/\\\/leoprd.ca\\\/fr\\\/terms-n-conditions\\\/\",\"name\":\"Warranty | Terms and Conditions | LEOPARD Furniture store\",\"isPartOf\":{\"@id\":\"https:\\\/\\\/leoprd.ca\\\/fr\\\/#website\"},\"datePublished\":\"2021-11-28T21:54:28+00:00\",\"dateModified\":\"2024-07-16T19:33:05+00:00\",\"description\":\"2026 Terms and conditions, Warranty policy, Refund and Returns Policy. All LEOPARD products carry a one (1) year warranty unless otherwise specified.\",\"breadcrumb\":{\"@id\":\"https:\\\/\\\/leoprd.ca\\\/fr\\\/terms-n-conditions\\\/#breadcrumb\"},\"inLanguage\":\"fr-CA\",\"potentialAction\":[{\"@type\":\"ReadAction\",\"target\":[\"https:\\\/\\\/leoprd.ca\\\/fr\\\/terms-n-conditions\\\/\"]}]},{\"@type\":\"BreadcrumbList\",\"@id\":\"https:\\\/\\\/leoprd.ca\\\/fr\\\/terms-n-conditions\\\/#breadcrumb\",\"itemListElement\":[{\"@type\":\"ListItem\",\"position\":1,\"name\":\"Home\",\"item\":\"https:\\\/\\\/leoprd.ca\\\/\"},{\"@type\":\"ListItem\",\"position\":2,\"name\":\"Terms and Conditions\"}]},{\"@type\":\"WebSite\",\"@id\":\"https:\\\/\\\/leoprd.ca\\\/fr\\\/#website\",\"url\":\"https:\\\/\\\/leoprd.ca\\\/fr\\\/\",\"name\":\"LEOPARD Furniture\",\"description\":\"Furniture store\",\"publisher\":{\"@id\":\"https:\\\/\\\/leoprd.ca\\\/fr\\\/#organization\"},\"alternateName\":\"Meubles L\u00c9OPARD\",\"potentialAction\":[{\"@type\":\"SearchAction\",\"target\":{\"@type\":\"EntryPoint\",\"urlTemplate\":\"https:\\\/\\\/leoprd.ca\\\/fr\\\/?s={search_term_string}\"},\"query-input\":{\"@type\":\"PropertyValueSpecification\",\"valueRequired\":true,\"valueName\":\"search_term_string\"}}],\"inLanguage\":\"fr-CA\"},{\"@type\":\"Organization\",\"@id\":\"https:\\\/\\\/leoprd.ca\\\/fr\\\/#organization\",\"name\":\"LEOPARD Furniture\",\"alternateName\":\"Meuble LEOPARD\",\"url\":\"https:\\\/\\\/leoprd.ca\\\/fr\\\/\",\"logo\":{\"@type\":\"ImageObject\",\"inLanguage\":\"fr-CA\",\"@id\":\"https:\\\/\\\/leoprd.ca\\\/fr\\\/#\\\/schema\\\/logo\\\/image\\\/\",\"url\":\"https:\\\/\\\/leoprd.ca\\\/wp-content\\\/uploads\\\/2022\\\/05\\\/logo-silver-mid.png\",\"contentUrl\":\"https:\\\/\\\/leoprd.ca\\\/wp-content\\\/uploads\\\/2022\\\/05\\\/logo-silver-mid.png\",\"width\":400,\"height\":400,\"caption\":\"LEOPARD Furniture\"},\"image\":{\"@id\":\"https:\\\/\\\/leoprd.ca\\\/fr\\\/#\\\/schema\\\/logo\\\/image\\\/\"},\"sameAs\":[\"https:\\\/\\\/www.facebook.com\\\/leoprd.ca\",\"https:\\\/\\\/mastodon.social\\\/@leopardfurniture\",\"https:\\\/\\\/www.instagram.com\\\/leopardcanada\\\/\",\"https:\\\/\\\/www.linkedin.com\\\/company\\\/leopard-trading-company\\\/\",\"https:\\\/\\\/www.youtube.com\\\/@leopardcanada\"],\"description\":\"LEOPARD Furniture, a Canadian-born legacy headquartered in the vibrant city of Montreal, Quebec, with a prime location in Brossard. At LEOPARD, we curate the finest furniture selections from premium-quality and esteemed international manufacturers. Our commitment lies in customization and the importation of high-end products. Our Commitment to Quality and Excellence Reliability You Can Trust Built on five pillars \u2013 trust, reliability, customer satisfaction, excellence, and innovation \u2013 LEOPARD Furniture has been a reliable name in the furniture industry. Our commitment to quality and transparency ensures that every piece you select resonates with durability and aesthetic brilliance. Award-Winning Designs Immerse yourself in a world of award-winning designs curated to elevate your living spaces. Our products have been recognized for their innovation and style, showcasing a commitment to staying ahead of design trends. Unparalleled Interior Design Services Personalized 3D Design and AR Experience Embark on a personalized interior design journey with LEOPARD Furniture. Our team, equipped with cutting-edge technology, offers 3D design and Augmented Reality (AR) experiences, allowing you to visualize your dream space before making a decision. LEOPARD Furniture is a furniture store, not just a furniture store; we are creators of lifestyle. Every piece tells a story, and we invite you to be a part of this narrative. Visit our showroom in Brossard or explore our online gallery.\",\"email\":\"info@leoprd.ca\",\"telephone\":\"+1 (514) 655-8447\",\"legalName\":\"LEOPARD CA INC.\",\"hasMerchantReturnPolicy\":{\"@type\":\"MerchantReturnPolicy\",\"merchantReturnLink\":\"https:\\\/\\\/leoprd.ca\\\/fr\\\/exchange-return-and-refund\\\/\"}}]}<\/script>\n<!-- \/ Yoast SEO Premium plugin. -->","yoast_head_json":{"title":"Warranty | Terms and Conditions | LEOPARD Furniture store","description":"2026 Terms and conditions, Warranty policy, Refund and Returns Policy. All LEOPARD products carry a one (1) year warranty unless otherwise specified.","robots":{"index":"index","follow":"follow","max-snippet":"max-snippet:-1","max-image-preview":"max-image-preview:large","max-video-preview":"max-video-preview:-1"},"canonical":"https:\/\/leoprd.ca\/fr\/terms-n-conditions\/","og_locale":"fr_CA","og_type":"article","og_title":"Terms and Conditions","og_description":"2026 Terms and conditions, Warranty policy, Refund and Returns Policy. All LEOPARD products carry a one (1) year warranty unless otherwise specified.","og_url":"https:\/\/leoprd.ca\/fr\/terms-n-conditions\/","og_site_name":"LEOPARD Furniture","article_publisher":"https:\/\/www.facebook.com\/leoprd.ca","article_modified_time":"2024-07-16T19:33:05+00:00","og_image":[{"width":1200,"height":675,"url":"https:\/\/leoprd.ca\/wp-content\/uploads\/2023\/08\/LEOPARD-Furniture1.jpg","type":"image\/jpeg"}],"twitter_card":"summary_large_image","twitter_misc":{"Estimation du temps de lecture":"3 minutes"},"schema":{"@context":"https:\/\/schema.org","@graph":[{"@type":"WebPage","@id":"https:\/\/leoprd.ca\/fr\/terms-n-conditions\/","url":"https:\/\/leoprd.ca\/fr\/terms-n-conditions\/","name":"Warranty | Terms and Conditions | LEOPARD Furniture store","isPartOf":{"@id":"https:\/\/leoprd.ca\/fr\/#website"},"datePublished":"2021-11-28T21:54:28+00:00","dateModified":"2024-07-16T19:33:05+00:00","description":"2026 Terms and conditions, Warranty policy, Refund and Returns Policy. All LEOPARD products carry a one (1) year warranty unless otherwise specified.","breadcrumb":{"@id":"https:\/\/leoprd.ca\/fr\/terms-n-conditions\/#breadcrumb"},"inLanguage":"fr-CA","potentialAction":[{"@type":"ReadAction","target":["https:\/\/leoprd.ca\/fr\/terms-n-conditions\/"]}]},{"@type":"BreadcrumbList","@id":"https:\/\/leoprd.ca\/fr\/terms-n-conditions\/#breadcrumb","itemListElement":[{"@type":"ListItem","position":1,"name":"Home","item":"https:\/\/leoprd.ca\/"},{"@type":"ListItem","position":2,"name":"Terms and Conditions"}]},{"@type":"WebSite","@id":"https:\/\/leoprd.ca\/fr\/#website","url":"https:\/\/leoprd.ca\/fr\/","name":"Meubles LEOPARD","description":"Magasin de meubles","publisher":{"@id":"https:\/\/leoprd.ca\/fr\/#organization"},"alternateName":"Meubles L\u00c9OPARD","potentialAction":[{"@type":"SearchAction","target":{"@type":"EntryPoint","urlTemplate":"https:\/\/leoprd.ca\/fr\/?s={search_term_string}"},"query-input":{"@type":"PropertyValueSpecification","valueRequired":true,"valueName":"search_term_string"}}],"inLanguage":"fr-CA"},{"@type":"Organization","@id":"https:\/\/leoprd.ca\/fr\/#organization","name":"Meubles LEOPARD","alternateName":"Meuble LEOPARD","url":"https:\/\/leoprd.ca\/fr\/","logo":{"@type":"ImageObject","inLanguage":"fr-CA","@id":"https:\/\/leoprd.ca\/fr\/#\/schema\/logo\/image\/","url":"https:\/\/leoprd.ca\/wp-content\/uploads\/2022\/05\/logo-silver-mid.png","contentUrl":"https:\/\/leoprd.ca\/wp-content\/uploads\/2022\/05\/logo-silver-mid.png","width":400,"height":400,"caption":"LEOPARD Furniture"},"image":{"@id":"https:\/\/leoprd.ca\/fr\/#\/schema\/logo\/image\/"},"sameAs":["https:\/\/www.facebook.com\/leoprd.ca","https:\/\/mastodon.social\/@leopardfurniture","https:\/\/www.instagram.com\/leopardcanada\/","https:\/\/www.linkedin.com\/company\/leopard-trading-company\/","https:\/\/www.youtube.com\/@leopardcanada"],"description":"Meubles LEOPARD, une entreprise d'origine canadienne dont le si\u00e8ge social est situ\u00e9 dans la ville dynamique de Montr\u00e9al, au Qu\u00e9bec, avec un emplacement de choix \u00e0 Brossard. Chez LEOPARD, nous s\u00e9lectionnons les meubles les plus raffin\u00e9s aupr\u00e8s de fabricants internationaux r\u00e9put\u00e9s et de qualit\u00e9 sup\u00e9rieure. Notre engagement r\u00e9side dans la personnalisation et l'importation de produits haut de gamme. Notre engagement envers la qualit\u00e9 et l'excellence Une fiabilit\u00e9 \u00e0 laquelle vous pouvez vous fier Fond\u00e9e sur cinq piliers - la confiance, la fiabilit\u00e9, la satisfaction de la client\u00e8le, l'excellence et l'innovation - Meubles LEOPARD est un nom fiable dans l'industrie de l'ameublement. Notre engagement en faveur de la qualit\u00e9 et de la transparence garantit que chaque pi\u00e8ce que vous choisissez est synonyme de durabilit\u00e9 et de brillance esth\u00e9tique. Designs prim\u00e9s Plongez dans un monde de designs prim\u00e9s, con\u00e7us pour \u00e9lever vos espaces de vie. Nos produits ont \u00e9t\u00e9 reconnus pour leur innovation et leur style, t\u00e9moignant de notre engagement \u00e0 rester \u00e0 la pointe des tendances en mati\u00e8re de design. Services de design d'int\u00e9rieur in\u00e9gal\u00e9s Design 3D personnalis\u00e9 et exp\u00e9rience AR Embarquez pour un voyage de design d'int\u00e9rieur personnalis\u00e9 avec LEOPARD Furniture. Notre \u00e9quipe, \u00e9quip\u00e9e d'une technologie de pointe, propose des exp\u00e9riences de conception en 3D et de r\u00e9alit\u00e9 augment\u00e9e (RA), vous permettant de visualiser l'espace de vos r\u00eaves avant de prendre une d\u00e9cision. LEOPARD Furniture est un magasin de meubles, pas seulement un magasin de meubles ; nous sommes des cr\u00e9ateurs de style de vie. Chaque pi\u00e8ce raconte une histoire, et nous vous invitons \u00e0 faire partie de ce r\u00e9cit. Visitez notre salle d'exposition \u00e0 Brossard ou explorez notre galerie en ligne.","email":"info@leoprd.ca","telephone":"+1 (514) 655-8447","legalName":"LEOPARD CA INC.","hasMerchantReturnPolicy":{"@type":"MerchantReturnPolicy","merchantReturnLink":"https:\/\/leoprd.ca\/fr\/exchange-return-and-refund\/"}}]}},"brizy_media":[],"_links":{"self":[{"href":"https:\/\/leoprd.ca\/fr\/wp-json\/wp\/v2\/pages\/5468","targetHints":{"allow":["GET"]}}],"collection":[{"href":"https:\/\/leoprd.ca\/fr\/wp-json\/wp\/v2\/pages"}],"about":[{"href":"https:\/\/leoprd.ca\/fr\/wp-json\/wp\/v2\/types\/page"}],"author":[{"embeddable":true,"href":"https:\/\/leoprd.ca\/fr\/wp-json\/wp\/v2\/users\/1"}],"replies":[{"embeddable":true,"href":"https:\/\/leoprd.ca\/fr\/wp-json\/wp\/v2\/comments?post=5468"}],"version-history":[{"count":0,"href":"https:\/\/leoprd.ca\/fr\/wp-json\/wp\/v2\/pages\/5468\/revisions"}],"wp:attachment":[{"href":"https:\/\/leoprd.ca\/fr\/wp-json\/wp\/v2\/media?parent=5468"}],"curies":[{"name":"wp","href":"https:\/\/api.w.org\/{rel}","templated":true}]}}