{"id":10442,"date":"2023-07-03T18:30:00","date_gmt":"2023-07-03T22:30:00","guid":{"rendered":"https:\/\/leoprd.ca\/?post_type=product&#038;p=10442"},"modified":"2025-12-08T18:34:04","modified_gmt":"2025-12-08T22:34:04","slug":"emporio-dining-chair","status":"publish","type":"product","link":"https:\/\/leoprd.ca\/fr\/product\/emporio-dining-chair\/","title":{"rendered":"Chaise de salle \u00e0 manger Emporio (ensemble de 4)"},"content":{"rendered":"<h2 style=\"text-align: center;\">Chaise de salle \u00e0 manger au design moderne et robuste<\/h2>\n<p style=\"text-align: center;\">La chaise de salle \u00e0 manger Emporio est un m\u00e9lange parfait d'esth\u00e9tique moderne et de durabilit\u00e9. Son look \u00e9pur\u00e9 et contemporain ajoute une touche de sophistication \u00e0 tout espace de repas. Fabriqu\u00e9e avec une attention m\u00e9ticuleuse aux d\u00e9tails, cette chaise b\u00e9n\u00e9ficie d'une construction robuste qui garantit une qualit\u00e9 durable.<\/p>\n<h3 style=\"text-align: center;\"><img fetchpriority=\"high\" decoding=\"async\" class=\"wp-image-10451 aligncenter\" src=\"https:\/\/leoprd.ca\/wp-content\/uploads\/2023\/07\/heritage2n-300x200.jpg\" alt=\"\" width=\"800\" height=\"533\" srcset=\"https:\/\/leoprd.ca\/wp-content\/uploads\/2023\/07\/heritage2n-300x200.jpg 300w, https:\/\/leoprd.ca\/wp-content\/uploads\/2023\/07\/heritage2n-scaled-1200x800.jpg 1200w, https:\/\/leoprd.ca\/wp-content\/uploads\/2023\/07\/heritage2n-1024x682.jpg 1024w, https:\/\/leoprd.ca\/wp-content\/uploads\/2023\/07\/heritage2n-768x512.jpg 768w, https:\/\/leoprd.ca\/wp-content\/uploads\/2023\/07\/heritage2n-1536x1024.jpg 1536w, https:\/\/leoprd.ca\/wp-content\/uploads\/2023\/07\/heritage2n-2048x1365.jpg 2048w, https:\/\/leoprd.ca\/wp-content\/uploads\/2023\/07\/heritage2n-18x12.jpg 18w\" sizes=\"(max-width: 800px) 100vw, 800px\" \/><\/h3>\n<p style=\"text-align: center;\">Ce qui rend cette chaise vraiment sp\u00e9ciale, ce sont les deux tissus diff\u00e9rents, l'un pour l'avant et l'autre pour l'arri\u00e8re du dossier. Cela permet d'obtenir un contraste saisissant ou un m\u00e9lange homog\u00e8ne, ajoutant un \u00e9l\u00e9ment de polyvalence \u00e0 votre installation de salle \u00e0 manger. <span data-sheets-root=\"1\" data-sheets-value=\"{&quot;1&quot;:2,&quot;2&quot;:&quot;Explore our curated collection of dining room furniture, featuring elegant dining tables, stylish dining chairs, and sophisticated sideboards, designed to elevate every mealtime experience.&quot;}\" data-sheets-userformat=\"{&quot;2&quot;:515,&quot;3&quot;:{&quot;1&quot;:0},&quot;4&quot;:{&quot;1&quot;:2,&quot;2&quot;:65535},&quot;12&quot;:0}\">D\u00e9couvrez notre collection de <a href=\"https:\/\/leoprd.ca\/fr\/categorie-produit\/dining-room-furniture\/\">meubles de salle a manger<\/a>avec d'\u00e9l\u00e9gantes <a href=\"https:\/\/leoprd.ca\/fr\/categorie-produit\/tables\/\">tables \u00e0 manger<\/a>, \u00e9l\u00e9gants <a href=\"https:\/\/leoprd.ca\/fr\/categorie-produit\/dining-room-furniture\/chairs\/\">chaises de salle \u00e0 manger<\/a>et sophistiqu\u00e9 <a href=\"https:\/\/leoprd.ca\/fr\/categorie-produit\/dining-room-furniture\/console-tables\/\">buffets<\/a>La gamme de produits de la marque \"B\" a \u00e9t\u00e9 con\u00e7ue pour rehausser l'exp\u00e9rience de chaque repas.<\/span><\/p>\n<h3 style=\"text-align: center;\">Artisanat de haute qualit\u00e9<\/h3>\n<p style=\"text-align: center;\">Chez LEOPARD Furniture, nous sommes fiers d'offrir une qualit\u00e9 exceptionnelle. La chaise Emporio Dining ne fait pas exception \u00e0 la r\u00e8gle. Chaque d\u00e9tail, des tissus soigneusement s\u00e9lectionn\u00e9s aux pieds en bois de h\u00eatre massif fabriqu\u00e9s avec pr\u00e9cision, refl\u00e8te notre engagement \u00e0 fournir des meubles haut de gamme. Gr\u00e2ce \u00e0 sa qualit\u00e9 de fabrication sup\u00e9rieure, cette chaise de salle \u00e0 manger assure \u00e0 la fois style et durabilit\u00e9 pour les ann\u00e9es \u00e0 venir. <span data-sheets-root=\"1\" data-sheets-value=\"{&quot;1&quot;:2,&quot;2&quot;:&quot;Explore our selection of unique dining tables, crafted to elevate your dining experience with distinctive style and quality craftsmanship.&quot;}\" data-sheets-userformat=\"{&quot;2&quot;:515,&quot;3&quot;:{&quot;1&quot;:0},&quot;4&quot;:{&quot;1&quot;:2,&quot;2&quot;:15987699},&quot;12&quot;:0}\">D\u00e9couvrez notre s\u00e9lection de produits uniques <a href=\"https:\/\/leoprd.ca\/fr\/etiquette-produit\/dining-room-chairs\/\">chaises de salle \u00e0 manger<\/a>Les tables d'h\u00f4tes sont con\u00e7ues pour rehausser votre exp\u00e9rience culinaire gr\u00e2ce \u00e0 leur style distinctif et \u00e0 la qualit\u00e9 de leur fabrication.<\/span><\/p>\n<p style=\"text-align: center;\"><strong><span style=\"color: #008000;\">Ce produit est certifi\u00e9 sous le EN 12520 des normes europ\u00e9ennes, assurant ainsi une qualit\u00e9 incomparable, la s\u00e9curit\u00e9, la durabilit\u00e9 et la force pour votre tranquillit\u00e9 d'esprit.<\/span><\/strong><\/p>\n<p>&nbsp;<\/p>\n<hr \/>\n<p style=\"text-align: center;\">","protected":false},"excerpt":{"rendered":"<p>Ensemble de 4 chaises de salle \u00e0 manger Emporio<\/p>\n<p><span style=\"color: #ff0000;\">D\u00e9couvrez notre collection de<\/span> <span style=\"color: #0000ff;\"><strong><a style=\"color: #0000ff;\" href=\"https:\/\/leoprd.ca\/fr\/categorie-produit\/dining-room-furniture\/chairs\/\"><em>chaises de salle \u00e0 manger<\/em><\/a><\/strong><\/span>.<\/p>\n<p><a href=\"https:\/\/impress.pcon-solutions.com\/?l=en&amp;embed=https%3A%2F%2Fwww.dropbox.com%2Fscl%2Ffi%2Fctx8ptym2ruvq57ibvhdh%2Fheritage10_2023-12-30_16-35-27.iar%3Frlkey%3Dc1pekrciw8x58qpz33nvaupqo%26dl%3D0\" target=\"_blank\" rel=\"noopener\"><img decoding=\"async\" class=\"alignnone wp-image-11866\" src=\"https:\/\/leoprd.ca\/wp-content\/uploads\/2023\/03\/AR-reality.gif\" alt=\"\" width=\"40\" height=\"40\" \/><\/a><a href=\"https:\/\/impress.pcon-solutions.com\/?l=en&amp;embed=https%3A%2F%2Fwww.dropbox.com%2Fscl%2Ffi%2Fctx8ptym2ruvq57ibvhdh%2Fheritage10_2023-12-30_16-35-27.iar%3Frlkey%3Dc1pekrciw8x58qpz33nvaupqo%26dl%3D0\" target=\"_blank\" rel=\"noopener\"><span style=\"color: #0000ff;\"> Cliquez ici pour l'afficher dans votre espace.<\/span><\/a><\/p>","protected":false},"featured_media":10443,"comment_status":"open","ping_status":"closed","template":"","meta":{"site-sidebar-layout":"default","site-content-layout":"","ast-site-content-layout":"default","site-content-style":"default","site-sidebar-style":"default","ast-global-header-display":"","ast-banner-title-visibility":"","ast-main-header-display":"","ast-hfb-above-header-display":"","ast-hfb-below-header-display":"","ast-hfb-mobile-header-display":"","site-post-title":"","ast-breadcrumbs-content":"","ast-featured-img":"","footer-sml-layout":"","ast-disable-related-posts":"","theme-transparent-header-meta":"default","adv-header-id-meta":"","stick-header-meta":"","header-above-stick-meta":"","header-main-stick-meta":"","header-below-stick-meta":"","astra-migrate-meta-layouts":"set","ast-page-background-enabled":"default","ast-page-background-meta":{"desktop":{"background-color":"","background-image":"","background-repeat":"repeat","background-position":"center center","background-size":"auto","background-attachment":"scroll","background-type":"","background-media":"","overlay-type":"","overlay-color":"","overlay-opacity":"","overlay-gradient":""},"tablet":{"background-color":"","background-image":"","background-repeat":"repeat","background-position":"center center","background-size":"auto","background-attachment":"scroll","background-type":"","background-media":"","overlay-type":"","overlay-color":"","overlay-opacity":"","overlay-gradient":""},"mobile":{"background-color":"","background-image":"","background-repeat":"repeat","background-position":"center center","background-size":"auto","background-attachment":"scroll","background-type":"","background-media":"","overlay-type":"","overlay-color":"","overlay-opacity":"","overlay-gradient":""}},"ast-content-background-meta":{"desktop":{"background-color":"var(--ast-global-color-5)","background-image":"","background-repeat":"repeat","background-position":"center center","background-size":"auto","background-attachment":"scroll","background-type":"","background-media":"","overlay-type":"","overlay-color":"","overlay-opacity":"","overlay-gradient":""},"tablet":{"background-color":"var(--ast-global-color-5)","background-image":"","background-repeat":"repeat","background-position":"center center","background-size":"auto","background-attachment":"scroll","background-type":"","background-media":"","overlay-type":"","overlay-color":"","overlay-opacity":"","overlay-gradient":""},"mobile":{"background-color":"var(--ast-global-color-5)","background-image":"","background-repeat":"repeat","background-position":"center center","background-size":"auto","background-attachment":"scroll","background-type":"","background-media":"","overlay-type":"","overlay-color":"","overlay-opacity":"","overlay-gradient":""}}},"product_brand":[],"product_cat":[250],"product_tag":[895,1380],"class_list":{"0":"post-10442","1":"product","2":"type-product","3":"status-publish","4":"has-post-thumbnail","6":"product_cat-outlet","7":"product_tag-ar","8":"product_tag-clearance","9":"desktop-align-center","10":"tablet-align-center","11":"mobile-align-center","13":"first","14":"instock","15":"sale","16":"taxable","17":"shipping-taxable","18":"purchasable","19":"product-type-simple"},"yoast_head":"<!-- This site is optimized with the Yoast SEO Premium plugin v27.4 (Yoast SEO v27.4) - https:\/\/yoast.com\/product\/yoast-seo-premium-wordpress\/ -->\n<title>Emporio Dining Chair - 50 % Off Clearanace Sale | LEOPARD Furniture<\/title>\n<meta name=\"description\" content=\"Elevate your dining space with the Emporio Dining Chair from LEOPARD Furniture. Choose from a wide range of premium fabrics and customize the wood legs to create a personalized look. Experience modern design, exceptional craftsmanship, and high-end quality with the Emporio Dining Chair.\" \/>\n<meta name=\"robots\" content=\"index, follow, max-snippet:-1, max-image-preview:large, max-video-preview:-1\" \/>\n<link rel=\"canonical\" href=\"https:\/\/leoprd.ca\/fr\/product\/emporio-dining-chair\/\" \/>\n<meta property=\"og:locale\" content=\"fr_CA\" \/>\n<meta property=\"og:type\" content=\"article\" \/>\n<meta property=\"og:title\" content=\"Emporio Dining Chair (set of 4)\" \/>\n<meta property=\"og:description\" content=\"Elevate your dining space with the Emporio Dining Chair from LEOPARD Furniture. Choose from a wide range of premium fabrics and customize the wood legs to create a personalized look. Experience modern design, exceptional craftsmanship, and high-end quality with the Emporio Dining Chair.\" \/>\n<meta property=\"og:url\" content=\"https:\/\/leoprd.ca\/fr\/product\/emporio-dining-chair\/\" \/>\n<meta property=\"og:site_name\" content=\"LEOPARD Furniture\" \/>\n<meta property=\"article:publisher\" content=\"https:\/\/www.facebook.com\/leoprd.ca\" \/>\n<meta property=\"article:modified_time\" content=\"2025-12-08T22:34:04+00:00\" \/>\n<meta property=\"og:image\" content=\"https:\/\/leoprd.ca\/wp-content\/uploads\/2023\/07\/Emporio-1.jpg\" \/>\n\t<meta property=\"og:image:width\" content=\"1600\" \/>\n\t<meta property=\"og:image:height\" content=\"1600\" \/>\n\t<meta property=\"og:image:type\" content=\"image\/jpeg\" \/>\n<meta name=\"twitter:card\" content=\"summary_large_image\" \/>\n<meta name=\"twitter:label1\" content=\"Price\" \/>\n\t<meta name=\"twitter:data1\" content=\"&#036;1,098\" \/>\n\t<meta name=\"twitter:label2\" content=\"Availability\" \/>\n\t<meta name=\"twitter:data2\" content=\"In stock\" \/>\n<script type=\"application\/ld+json\" class=\"yoast-schema-graph\">{\"@context\":\"https:\\\/\\\/schema.org\",\"@graph\":[{\"@type\":[\"WebPage\",\"ItemPage\"],\"@id\":\"https:\\\/\\\/leoprd.ca\\\/fr\\\/product\\\/emporio-dining-chair\\\/\",\"url\":\"https:\\\/\\\/leoprd.ca\\\/fr\\\/product\\\/emporio-dining-chair\\\/\",\"name\":\"Emporio Dining Chair - 50 % Off Clearanace Sale | LEOPARD Furniture\",\"isPartOf\":{\"@id\":\"https:\\\/\\\/leoprd.ca\\\/fr\\\/#website\"},\"primaryImageOfPage\":{\"@id\":\"https:\\\/\\\/leoprd.ca\\\/fr\\\/product\\\/emporio-dining-chair\\\/#primaryimage\"},\"image\":{\"@id\":\"https:\\\/\\\/leoprd.ca\\\/fr\\\/product\\\/emporio-dining-chair\\\/#primaryimage\"},\"thumbnailUrl\":\"https:\\\/\\\/leoprd.ca\\\/wp-content\\\/uploads\\\/2023\\\/07\\\/Emporio-1.jpg\",\"datePublished\":\"2023-07-03T22:30:00+00:00\",\"dateModified\":\"2025-12-08T22:34:04+00:00\",\"description\":\"Elevate your dining space with the Emporio Dining Chair from LEOPARD Furniture. Choose from a wide range of premium fabrics and customize the wood legs to create a personalized look. Experience modern design, exceptional craftsmanship, and high-end quality with the Emporio Dining Chair.\",\"breadcrumb\":{\"@id\":\"https:\\\/\\\/leoprd.ca\\\/fr\\\/product\\\/emporio-dining-chair\\\/#breadcrumb\"},\"inLanguage\":\"fr-CA\",\"potentialAction\":[{\"@type\":\"ReadAction\",\"target\":[\"https:\\\/\\\/leoprd.ca\\\/fr\\\/product\\\/emporio-dining-chair\\\/\"]}]},{\"@type\":\"ImageObject\",\"inLanguage\":\"fr-CA\",\"@id\":\"https:\\\/\\\/leoprd.ca\\\/fr\\\/product\\\/emporio-dining-chair\\\/#primaryimage\",\"url\":\"https:\\\/\\\/leoprd.ca\\\/wp-content\\\/uploads\\\/2023\\\/07\\\/Emporio-1.jpg\",\"contentUrl\":\"https:\\\/\\\/leoprd.ca\\\/wp-content\\\/uploads\\\/2023\\\/07\\\/Emporio-1.jpg\",\"width\":1600,\"height\":1600,\"caption\":\"emporio chair white background\"},{\"@type\":\"BreadcrumbList\",\"@id\":\"https:\\\/\\\/leoprd.ca\\\/fr\\\/product\\\/emporio-dining-chair\\\/#breadcrumb\",\"itemListElement\":[{\"@type\":\"ListItem\",\"position\":1,\"name\":\"Home\",\"item\":\"https:\\\/\\\/leoprd.ca\\\/\"},{\"@type\":\"ListItem\",\"position\":2,\"name\":\"Shop\",\"item\":\"https:\\\/\\\/leoprd.ca\\\/shop\\\/\"},{\"@type\":\"ListItem\",\"position\":3,\"name\":\"Emporio Dining Chair (set of 4)\"}]},{\"@type\":\"WebSite\",\"@id\":\"https:\\\/\\\/leoprd.ca\\\/fr\\\/#website\",\"url\":\"https:\\\/\\\/leoprd.ca\\\/fr\\\/\",\"name\":\"LEOPARD Furniture\",\"description\":\"Furniture store\",\"publisher\":{\"@id\":\"https:\\\/\\\/leoprd.ca\\\/fr\\\/#organization\"},\"alternateName\":\"Meubles L\u00c9OPARD\",\"potentialAction\":[{\"@type\":\"SearchAction\",\"target\":{\"@type\":\"EntryPoint\",\"urlTemplate\":\"https:\\\/\\\/leoprd.ca\\\/fr\\\/?s={search_term_string}\"},\"query-input\":{\"@type\":\"PropertyValueSpecification\",\"valueRequired\":true,\"valueName\":\"search_term_string\"}}],\"inLanguage\":\"fr-CA\"},{\"@type\":\"Organization\",\"@id\":\"https:\\\/\\\/leoprd.ca\\\/fr\\\/#organization\",\"name\":\"LEOPARD Furniture\",\"alternateName\":\"Meuble LEOPARD\",\"url\":\"https:\\\/\\\/leoprd.ca\\\/fr\\\/\",\"logo\":{\"@type\":\"ImageObject\",\"inLanguage\":\"fr-CA\",\"@id\":\"https:\\\/\\\/leoprd.ca\\\/fr\\\/#\\\/schema\\\/logo\\\/image\\\/\",\"url\":\"https:\\\/\\\/leoprd.ca\\\/wp-content\\\/uploads\\\/2022\\\/05\\\/logo-silver-mid.png\",\"contentUrl\":\"https:\\\/\\\/leoprd.ca\\\/wp-content\\\/uploads\\\/2022\\\/05\\\/logo-silver-mid.png\",\"width\":400,\"height\":400,\"caption\":\"LEOPARD Furniture\"},\"image\":{\"@id\":\"https:\\\/\\\/leoprd.ca\\\/fr\\\/#\\\/schema\\\/logo\\\/image\\\/\"},\"sameAs\":[\"https:\\\/\\\/www.facebook.com\\\/leoprd.ca\",\"https:\\\/\\\/mastodon.social\\\/@leopardfurniture\",\"https:\\\/\\\/www.instagram.com\\\/leopardcanada\\\/\",\"https:\\\/\\\/www.linkedin.com\\\/company\\\/leopard-trading-company\\\/\",\"https:\\\/\\\/www.youtube.com\\\/@leopardcanada\"],\"description\":\"LEOPARD Furniture, a Canadian-born legacy headquartered in the vibrant city of Montreal, Quebec, with a prime location in Brossard. At LEOPARD, we curate the finest furniture selections from premium-quality and esteemed international manufacturers. Our commitment lies in customization and the importation of high-end products. Our Commitment to Quality and Excellence Reliability You Can Trust Built on five pillars \u2013 trust, reliability, customer satisfaction, excellence, and innovation \u2013 LEOPARD Furniture has been a reliable name in the furniture industry. Our commitment to quality and transparency ensures that every piece you select resonates with durability and aesthetic brilliance. Award-Winning Designs Immerse yourself in a world of award-winning designs curated to elevate your living spaces. Our products have been recognized for their innovation and style, showcasing a commitment to staying ahead of design trends. Unparalleled Interior Design Services Personalized 3D Design and AR Experience Embark on a personalized interior design journey with LEOPARD Furniture. Our team, equipped with cutting-edge technology, offers 3D design and Augmented Reality (AR) experiences, allowing you to visualize your dream space before making a decision. LEOPARD Furniture is a furniture store, not just a furniture store; we are creators of lifestyle. Every piece tells a story, and we invite you to be a part of this narrative. Visit our showroom in Brossard or explore our online gallery.\",\"email\":\"info@leoprd.ca\",\"telephone\":\"+1 (514) 655-8447\",\"legalName\":\"LEOPARD CA INC.\",\"hasMerchantReturnPolicy\":{\"@type\":\"MerchantReturnPolicy\",\"merchantReturnLink\":\"https:\\\/\\\/leoprd.ca\\\/fr\\\/exchange-return-and-refund\\\/\"}}]}<\/script>\n<meta property=\"product:price:amount\" content=\"1098\" \/>\n<meta property=\"product:price:currency\" content=\"CAD\" \/>\n<meta property=\"og:availability\" content=\"instock\" \/>\n<meta property=\"product:availability\" content=\"instock\" \/>\n<meta property=\"product:retailer_item_id\" content=\"LEO59439\" \/>\n<meta property=\"product:condition\" content=\"new\" \/>\n<!-- \/ Yoast SEO Premium plugin. -->","yoast_head_json":{"title":"Chaise de salle \u00e0 manger Emporio - 50 % - Soldes Clearanace | Meubles LEOPARD","description":"\u00c9levez votre salle \u00e0 manger avec la chaise Emporio Dining de LEOPARD Furniture. Choisissez parmi une large gamme de tissus de qualit\u00e9 sup\u00e9rieure et personnalisez les pieds en bois pour cr\u00e9er un look personnalis\u00e9. Faites l'exp\u00e9rience d'un design moderne, d'un savoir-faire exceptionnel et d'une qualit\u00e9 haut de gamme avec la chaise de salle \u00e0 manger Emporio.","robots":{"index":"index","follow":"follow","max-snippet":"max-snippet:-1","max-image-preview":"max-image-preview:large","max-video-preview":"max-video-preview:-1"},"canonical":"https:\/\/leoprd.ca\/fr\/product\/emporio-dining-chair\/","og_locale":"fr_CA","og_type":"article","og_title":"Emporio Dining Chair (set of 4)","og_description":"Elevate your dining space with the Emporio Dining Chair from LEOPARD Furniture. Choose from a wide range of premium fabrics and customize the wood legs to create a personalized look. Experience modern design, exceptional craftsmanship, and high-end quality with the Emporio Dining Chair.","og_url":"https:\/\/leoprd.ca\/fr\/product\/emporio-dining-chair\/","og_site_name":"LEOPARD Furniture","article_publisher":"https:\/\/www.facebook.com\/leoprd.ca","article_modified_time":"2025-12-08T22:34:04+00:00","og_image":[{"width":1600,"height":1600,"url":"https:\/\/leoprd.ca\/wp-content\/uploads\/2023\/07\/Emporio-1.jpg","type":"image\/jpeg"}],"twitter_card":"summary_large_image","twitter_misc":{"Price":"&#36;1,098","Availability":"In stock"},"schema":{"@context":"https:\/\/schema.org","@graph":[{"@type":["WebPage","ItemPage"],"@id":"https:\/\/leoprd.ca\/fr\/product\/emporio-dining-chair\/","url":"https:\/\/leoprd.ca\/fr\/product\/emporio-dining-chair\/","name":"Chaise de salle \u00e0 manger Emporio - 50 % - Soldes Clearanace | Meubles LEOPARD","isPartOf":{"@id":"https:\/\/leoprd.ca\/fr\/#website"},"primaryImageOfPage":{"@id":"https:\/\/leoprd.ca\/fr\/product\/emporio-dining-chair\/#primaryimage"},"image":{"@id":"https:\/\/leoprd.ca\/fr\/product\/emporio-dining-chair\/#primaryimage"},"thumbnailUrl":"https:\/\/leoprd.ca\/wp-content\/uploads\/2023\/07\/Emporio-1.jpg","datePublished":"2023-07-03T22:30:00+00:00","dateModified":"2025-12-08T22:34:04+00:00","description":"\u00c9levez votre salle \u00e0 manger avec la chaise Emporio Dining de LEOPARD Furniture. Choisissez parmi une large gamme de tissus de qualit\u00e9 sup\u00e9rieure et personnalisez les pieds en bois pour cr\u00e9er un look personnalis\u00e9. Faites l'exp\u00e9rience d'un design moderne, d'un savoir-faire exceptionnel et d'une qualit\u00e9 haut de gamme avec la chaise de salle \u00e0 manger Emporio.","breadcrumb":{"@id":"https:\/\/leoprd.ca\/fr\/product\/emporio-dining-chair\/#breadcrumb"},"inLanguage":"fr-CA","potentialAction":[{"@type":"ReadAction","target":["https:\/\/leoprd.ca\/fr\/product\/emporio-dining-chair\/"]}]},{"@type":"ImageObject","inLanguage":"fr-CA","@id":"https:\/\/leoprd.ca\/fr\/product\/emporio-dining-chair\/#primaryimage","url":"https:\/\/leoprd.ca\/wp-content\/uploads\/2023\/07\/Emporio-1.jpg","contentUrl":"https:\/\/leoprd.ca\/wp-content\/uploads\/2023\/07\/Emporio-1.jpg","width":1600,"height":1600,"caption":"emporio chair white background"},{"@type":"BreadcrumbList","@id":"https:\/\/leoprd.ca\/fr\/product\/emporio-dining-chair\/#breadcrumb","itemListElement":[{"@type":"ListItem","position":1,"name":"Home","item":"https:\/\/leoprd.ca\/"},{"@type":"ListItem","position":2,"name":"Shop","item":"https:\/\/leoprd.ca\/shop\/"},{"@type":"ListItem","position":3,"name":"Emporio Dining Chair (set of 4)"}]},{"@type":"WebSite","@id":"https:\/\/leoprd.ca\/fr\/#website","url":"https:\/\/leoprd.ca\/fr\/","name":"Meubles LEOPARD","description":"Magasin de meubles","publisher":{"@id":"https:\/\/leoprd.ca\/fr\/#organization"},"alternateName":"Meubles L\u00c9OPARD","potentialAction":[{"@type":"SearchAction","target":{"@type":"EntryPoint","urlTemplate":"https:\/\/leoprd.ca\/fr\/?s={search_term_string}"},"query-input":{"@type":"PropertyValueSpecification","valueRequired":true,"valueName":"search_term_string"}}],"inLanguage":"fr-CA"},{"@type":"Organization","@id":"https:\/\/leoprd.ca\/fr\/#organization","name":"Meubles LEOPARD","alternateName":"Meuble LEOPARD","url":"https:\/\/leoprd.ca\/fr\/","logo":{"@type":"ImageObject","inLanguage":"fr-CA","@id":"https:\/\/leoprd.ca\/fr\/#\/schema\/logo\/image\/","url":"https:\/\/leoprd.ca\/wp-content\/uploads\/2022\/05\/logo-silver-mid.png","contentUrl":"https:\/\/leoprd.ca\/wp-content\/uploads\/2022\/05\/logo-silver-mid.png","width":400,"height":400,"caption":"LEOPARD Furniture"},"image":{"@id":"https:\/\/leoprd.ca\/fr\/#\/schema\/logo\/image\/"},"sameAs":["https:\/\/www.facebook.com\/leoprd.ca","https:\/\/mastodon.social\/@leopardfurniture","https:\/\/www.instagram.com\/leopardcanada\/","https:\/\/www.linkedin.com\/company\/leopard-trading-company\/","https:\/\/www.youtube.com\/@leopardcanada"],"description":"Meubles LEOPARD, une entreprise d'origine canadienne dont le si\u00e8ge social est situ\u00e9 dans la ville dynamique de Montr\u00e9al, au Qu\u00e9bec, avec un emplacement de choix \u00e0 Brossard. Chez LEOPARD, nous s\u00e9lectionnons les meubles les plus raffin\u00e9s aupr\u00e8s de fabricants internationaux r\u00e9put\u00e9s et de qualit\u00e9 sup\u00e9rieure. Notre engagement r\u00e9side dans la personnalisation et l'importation de produits haut de gamme. Notre engagement envers la qualit\u00e9 et l'excellence Une fiabilit\u00e9 \u00e0 laquelle vous pouvez vous fier Fond\u00e9e sur cinq piliers - la confiance, la fiabilit\u00e9, la satisfaction de la client\u00e8le, l'excellence et l'innovation - Meubles LEOPARD est un nom fiable dans l'industrie de l'ameublement. Notre engagement en faveur de la qualit\u00e9 et de la transparence garantit que chaque pi\u00e8ce que vous choisissez est synonyme de durabilit\u00e9 et de brillance esth\u00e9tique. Designs prim\u00e9s Plongez dans un monde de designs prim\u00e9s, con\u00e7us pour \u00e9lever vos espaces de vie. Nos produits ont \u00e9t\u00e9 reconnus pour leur innovation et leur style, t\u00e9moignant de notre engagement \u00e0 rester \u00e0 la pointe des tendances en mati\u00e8re de design. Services de design d'int\u00e9rieur in\u00e9gal\u00e9s Design 3D personnalis\u00e9 et exp\u00e9rience AR Embarquez pour un voyage de design d'int\u00e9rieur personnalis\u00e9 avec LEOPARD Furniture. Notre \u00e9quipe, \u00e9quip\u00e9e d'une technologie de pointe, propose des exp\u00e9riences de conception en 3D et de r\u00e9alit\u00e9 augment\u00e9e (RA), vous permettant de visualiser l'espace de vos r\u00eaves avant de prendre une d\u00e9cision. LEOPARD Furniture est un magasin de meubles, pas seulement un magasin de meubles ; nous sommes des cr\u00e9ateurs de style de vie. Chaque pi\u00e8ce raconte une histoire, et nous vous invitons \u00e0 faire partie de ce r\u00e9cit. Visitez notre salle d'exposition \u00e0 Brossard ou explorez notre galerie en ligne.","email":"info@leoprd.ca","telephone":"+1 (514) 655-8447","legalName":"LEOPARD CA INC.","hasMerchantReturnPolicy":{"@type":"MerchantReturnPolicy","merchantReturnLink":"https:\/\/leoprd.ca\/fr\/exchange-return-and-refund\/"}}]},"product_price_amount":"1098","product_price_currency":"CAD","og_availability":"instock","product_availability":"instock","product_retailer_item_id":"LEO59439","product_condition":"new"},"_links":{"self":[{"href":"https:\/\/leoprd.ca\/fr\/wp-json\/wp\/v2\/product\/10442","targetHints":{"allow":["GET"]}}],"collection":[{"href":"https:\/\/leoprd.ca\/fr\/wp-json\/wp\/v2\/product"}],"about":[{"href":"https:\/\/leoprd.ca\/fr\/wp-json\/wp\/v2\/types\/product"}],"replies":[{"embeddable":true,"href":"https:\/\/leoprd.ca\/fr\/wp-json\/wp\/v2\/comments?post=10442"}],"wp:featuredmedia":[{"embeddable":true,"href":"https:\/\/leoprd.ca\/fr\/wp-json\/wp\/v2\/media\/10443"}],"wp:attachment":[{"href":"https:\/\/leoprd.ca\/fr\/wp-json\/wp\/v2\/media?parent=10442"}],"wp:term":[{"taxonomy":"product_brand","embeddable":true,"href":"https:\/\/leoprd.ca\/fr\/wp-json\/wp\/v2\/product_brand?post=10442"},{"taxonomy":"product_cat","embeddable":true,"href":"https:\/\/leoprd.ca\/fr\/wp-json\/wp\/v2\/product_cat?post=10442"},{"taxonomy":"product_tag","embeddable":true,"href":"https:\/\/leoprd.ca\/fr\/wp-json\/wp\/v2\/product_tag?post=10442"}],"curies":[{"name":"wp","href":"https:\/\/api.w.org\/{rel}","templated":true}]}}