{"id":11766,"date":"2023-12-15T19:19:52","date_gmt":"2023-12-15T23:19:52","guid":{"rendered":"https:\/\/leoprd.ca\/?post_type=product&#038;p=11766"},"modified":"2026-05-10T12:45:45","modified_gmt":"2026-05-10T16:45:45","slug":"bon-bon-ottoman","status":"publish","type":"product","link":"https:\/\/leoprd.ca\/fr\/product\/bon-bon-ottoman\/","title":{"rendered":"Bon bon Ottoman"},"content":{"rendered":"<h2 style=\"text-align: center;\">Un grand pouf rond red\u00e9finissant le luxe<\/h2>\n<p style=\"text-align: center;\">Laissez-vous aller \u00e0 l'apog\u00e9e du confort et de la sophistication avec notre Bon Bon Ottoman, un grand pouf rond con\u00e7u pour red\u00e9finir le luxe dans votre espace de vie. Ce grand pouf rond affiche un g\u00e9n\u00e9reux diam\u00e8tre de 108 cm, assurant qu'il se d\u00e9marque dans les pi\u00e8ces plus spacieuses. La hauteur totale de 42 cm, avec des pieds de 10 cm, frappe un \u00e9quilibre parfait entre le style et la fonctionnalit\u00e9.<\/p>\n<p><a href=\"https:\/\/leoprd.ca\/wp-content\/uploads\/2023\/12\/bon-bon-white-laura-ottoman-wide.jpg\"><img fetchpriority=\"high\" decoding=\"async\" class=\"wp-image-11773 aligncenter\" src=\"https:\/\/leoprd.ca\/wp-content\/uploads\/2023\/12\/bon-bon-white-laura-ottoman-wide-300x223.jpg\" alt=\"grand pouf rond blanc avec pieds bon bon\" width=\"800\" height=\"595\" srcset=\"https:\/\/leoprd.ca\/wp-content\/uploads\/2023\/12\/bon-bon-white-laura-ottoman-wide-300x223.jpg 300w, https:\/\/leoprd.ca\/wp-content\/uploads\/2023\/12\/bon-bon-white-laura-ottoman-wide-1024x760.jpg 1024w, https:\/\/leoprd.ca\/wp-content\/uploads\/2023\/12\/bon-bon-white-laura-ottoman-wide-768x570.jpg 768w, https:\/\/leoprd.ca\/wp-content\/uploads\/2023\/12\/bon-bon-white-laura-ottoman-wide-1536x1140.jpg 1536w, https:\/\/leoprd.ca\/wp-content\/uploads\/2023\/12\/bon-bon-white-laura-ottoman-wide-16x12.jpg 16w, https:\/\/leoprd.ca\/wp-content\/uploads\/2023\/12\/bon-bon-white-laura-ottoman-wide.jpg 2000w\" sizes=\"(max-width: 800px) 100vw, 800px\" \/><\/a><\/p>\n<h3 style=\"text-align: center;\">\u00c9l\u00e9gance en tissu polyester haut de gamme<\/h3>\n<p style=\"text-align: center;\">Con\u00e7u pour ceux qui appr\u00e9cient les espaces spacieux, le Bon Bon Ottoman pr\u00e9sente un g\u00e9n\u00e9reux diam\u00e8tre de 108 cm, en faisant la pi\u00e8ce ma\u00eetresse parfaite pour les pi\u00e8ces plus grandes. La hauteur totale de 42 cm, compl\u00e9t\u00e9e par des pieds de 10 cm, offre un \u00e9quilibre parfait entre style et fonctionnalit\u00e9.<\/p>\n<p><a href=\"https:\/\/leoprd.ca\/wp-content\/uploads\/2023\/03\/bon-bon-koltuk-takimi_sln04244-kopya2.jpg\"><img decoding=\"async\" class=\"wp-image-8604 aligncenter\" src=\"https:\/\/leoprd.ca\/wp-content\/uploads\/2023\/03\/bon-bon-koltuk-takimi_sln04244-kopya2-300x200.jpg\" alt=\"\" width=\"800\" height=\"533\" srcset=\"https:\/\/leoprd.ca\/wp-content\/uploads\/2023\/03\/bon-bon-koltuk-takimi_sln04244-kopya2-300x200.jpg 300w, https:\/\/leoprd.ca\/wp-content\/uploads\/2023\/03\/bon-bon-koltuk-takimi_sln04244-kopya2-1024x683.jpg 1024w, https:\/\/leoprd.ca\/wp-content\/uploads\/2023\/03\/bon-bon-koltuk-takimi_sln04244-kopya2-768x512.jpg 768w, https:\/\/leoprd.ca\/wp-content\/uploads\/2023\/03\/bon-bon-koltuk-takimi_sln04244-kopya2-18x12.jpg 18w, https:\/\/leoprd.ca\/wp-content\/uploads\/2023\/03\/bon-bon-koltuk-takimi_sln04244-kopya2-800x533.jpg 800w, https:\/\/leoprd.ca\/wp-content\/uploads\/2023\/03\/bon-bon-koltuk-takimi_sln04244-kopya2.jpg 1200w\" sizes=\"(max-width: 800px) 100vw, 800px\" \/><\/a><\/p>\n<h3 style=\"text-align: center;\">Confort premium, style unique Ottoman<\/h3>\n<p style=\"text-align: center;\">Cet ottoman est plus qu'un simple meuble ; c'est une pi\u00e8ce affirm\u00e9e qui s'int\u00e8gre harmonieusement dans divers sch\u00e9mas de design, du contemporain au moderne. Son design polyvalent en fait un choix id\u00e9al pour ceux qui recherchent un confort premium sans compromis sur le style.<\/p>\n<h3 style=\"text-align: center;\">Choisissez votre style - Quatre couleurs en ligne<\/h3>\n<p style=\"text-align: center;\">Personnalisez votre Bon Bon Ottoman en toute simplicit\u00e9 en choisissant parmi quatre couleurs en ligne : Blanc Laura, Vert Laura, Saumon et Iyot. Ces options exquises vous permettent d'assortir votre ottoman \u00e0 votre d\u00e9coration existante ou de cr\u00e9er un point focal audacieux dans votre pi\u00e8ce.<\/p>\n<p><strong><span style=\"color: #008000;\">Ce produit est certifi\u00e9 sous le EN 12520 des normes europ\u00e9ennes, assurant ainsi une qualit\u00e9 incomparable, la s\u00e9curit\u00e9, la durabilit\u00e9 et la force pour votre tranquillit\u00e9 d'esprit.<\/span><\/strong><\/p>\n<p>&nbsp;<\/p>\n<hr \/>\n<p style=\"text-align: center;\">","protected":false},"excerpt":{"rendered":"<div class='yrm-content yrm-content-3 yrm-content-hide' id='yrm-qHejt' data-id='3' data-show-status='false' data-after-action='' style=\"visibility: hidden;height: 0;\">\n<div id='yrm-inner-content-yrm-qHejt' class='yrm-inner-content-wrapper yrm-cntent-3'>Le Bon Bon Ottoman, un grand pouf rond de LEOPARD Furniture, incarne le design contemporain avec ses pieds uniques en bois de h\u00eatre et son rev\u00eatement en tissu polyester de qualit\u00e9 sup\u00e9rieure. Avec un g\u00e9n\u00e9reux diam\u00e8tre de 108 cm, il est parfait pour les espaces spacieux. Choisissez parmi quatre couleurs en ligne ou explorez davantage d'options en magasin. Rehaussez votre confort avec style.<\/div>\n<\/p><\/div>\n<div class='yrm-btn-wrapper yrm-btn-wrapper-3 yrm-more-button-wrapper .introductionsee'\n\t\tdata-custom-more-class-name='.introductionsee' data-custom-less-class-name='.introductionsee'><span title='' data-less-title='' data-more-title='' class='yrm-toggle-expand  yrm-toggle-expand-3' data-rel='yrm-qHejt' data-more='Introduction' data-less='See less'><span class='yrm-text-wrapper yrm-text-wrapper-custom-dimensions'><span class=\"yrm-button-text-3 yrm-button-text-span\">Introduction<\/span><\/span><\/span><\/div>\n<hr \/>\n<h5><span style=\"color: #008000;\">S\u00e9lectionnez les \u00e9chantillons pour personnaliser et voir le prix.<\/span><\/h5>","protected":false},"featured_media":11771,"comment_status":"open","ping_status":"closed","template":"","meta":{"site-sidebar-layout":"default","site-content-layout":"","ast-site-content-layout":"default","site-content-style":"default","site-sidebar-style":"default","ast-global-header-display":"","ast-banner-title-visibility":"","ast-main-header-display":"","ast-hfb-above-header-display":"","ast-hfb-below-header-display":"","ast-hfb-mobile-header-display":"","site-post-title":"","ast-breadcrumbs-content":"","ast-featured-img":"","footer-sml-layout":"","ast-disable-related-posts":"","theme-transparent-header-meta":"default","adv-header-id-meta":"","stick-header-meta":"","header-above-stick-meta":"","header-main-stick-meta":"","header-below-stick-meta":"","astra-migrate-meta-layouts":"set","ast-page-background-enabled":"default","ast-page-background-meta":{"desktop":{"background-color":"","background-image":"","background-repeat":"repeat","background-position":"center center","background-size":"auto","background-attachment":"scroll","background-type":"","background-media":"","overlay-type":"","overlay-color":"","overlay-opacity":"","overlay-gradient":""},"tablet":{"background-color":"","background-image":"","background-repeat":"repeat","background-position":"center center","background-size":"auto","background-attachment":"scroll","background-type":"","background-media":"","overlay-type":"","overlay-color":"","overlay-opacity":"","overlay-gradient":""},"mobile":{"background-color":"","background-image":"","background-repeat":"repeat","background-position":"center center","background-size":"auto","background-attachment":"scroll","background-type":"","background-media":"","overlay-type":"","overlay-color":"","overlay-opacity":"","overlay-gradient":""}},"ast-content-background-meta":{"desktop":{"background-color":"var(--ast-global-color-5)","background-image":"","background-repeat":"repeat","background-position":"center center","background-size":"auto","background-attachment":"scroll","background-type":"","background-media":"","overlay-type":"","overlay-color":"","overlay-opacity":"","overlay-gradient":""},"tablet":{"background-color":"var(--ast-global-color-5)","background-image":"","background-repeat":"repeat","background-position":"center center","background-size":"auto","background-attachment":"scroll","background-type":"","background-media":"","overlay-type":"","overlay-color":"","overlay-opacity":"","overlay-gradient":""},"mobile":{"background-color":"var(--ast-global-color-5)","background-image":"","background-repeat":"repeat","background-position":"center center","background-size":"auto","background-attachment":"scroll","background-type":"","background-media":"","overlay-type":"","overlay-color":"","overlay-opacity":"","overlay-gradient":""}}},"product_brand":[],"product_cat":[59,889],"product_tag":[890,891,175],"class_list":{"0":"post-11766","1":"product","2":"type-product","3":"status-publish","4":"has-post-thumbnail","6":"product_cat-living-room-furniture","7":"product_cat-ottomans","8":"product_tag-dbq-ottoman","9":"product_tag-dbq-pouf","10":"product_tag-dbq-round","11":"desktop-align-center","12":"tablet-align-center","13":"mobile-align-center","15":"first","16":"onbackorder","17":"taxable","18":"shipping-taxable","19":"purchasable","20":"product-type-variable","21":"wvs-archive-product-wrapper"},"yoast_head":"<!-- This site is optimized with the Yoast SEO Premium plugin v27.4 (Yoast SEO v27.4) - https:\/\/yoast.com\/product\/yoast-seo-premium-wordpress\/ -->\n<title>Large Round Ottoman Bon bon | Cute design | LEOPARD Furniture<\/title>\n<meta name=\"description\" content=\"The Bon bon Ottoman, a large round ottoman that combines contemporary design with lasting comfort. Four online colors or more options in-store.\" \/>\n<meta name=\"robots\" content=\"index, follow, max-snippet:-1, max-image-preview:large, max-video-preview:-1\" \/>\n<link rel=\"canonical\" href=\"https:\/\/leoprd.ca\/fr\/product\/bon-bon-ottoman\/\" \/>\n<meta property=\"og:locale\" content=\"fr_CA\" \/>\n<meta property=\"og:type\" content=\"article\" \/>\n<meta property=\"og:title\" content=\"Bon bon Ottoman\" \/>\n<meta property=\"og:description\" content=\"The Bon bon Ottoman, a large round ottoman that combines contemporary design with lasting comfort. Four online colors or more options in-store.\" \/>\n<meta property=\"og:url\" content=\"https:\/\/leoprd.ca\/fr\/product\/bon-bon-ottoman\/\" \/>\n<meta property=\"og:site_name\" content=\"LEOPARD Furniture\" \/>\n<meta property=\"article:publisher\" content=\"https:\/\/www.facebook.com\/leoprd.ca\" \/>\n<meta property=\"article:modified_time\" content=\"2026-05-10T16:45:45+00:00\" \/>\n<meta property=\"og:image\" content=\"https:\/\/leoprd.ca\/wp-content\/uploads\/2023\/12\/bon-bon-white-laura-pouf.jpg\" \/>\n\t<meta property=\"og:image:width\" content=\"1800\" \/>\n\t<meta property=\"og:image:height\" content=\"1800\" \/>\n\t<meta property=\"og:image:type\" content=\"image\/jpeg\" \/>\n<meta name=\"twitter:card\" content=\"summary_large_image\" \/>\n<meta name=\"twitter:label1\" content=\"Availability\" \/>\n\t<meta name=\"twitter:data1\" content=\"On backorder\" \/>\n<script type=\"application\/ld+json\" class=\"yoast-schema-graph\">{\"@context\":\"https:\\\/\\\/schema.org\",\"@graph\":[{\"@type\":[\"WebPage\",\"ItemPage\"],\"@id\":\"https:\\\/\\\/leoprd.ca\\\/fr\\\/product\\\/bon-bon-ottoman\\\/\",\"url\":\"https:\\\/\\\/leoprd.ca\\\/fr\\\/product\\\/bon-bon-ottoman\\\/\",\"name\":\"Large Round Ottoman Bon bon | Cute design | LEOPARD Furniture\",\"isPartOf\":{\"@id\":\"https:\\\/\\\/leoprd.ca\\\/fr\\\/#website\"},\"primaryImageOfPage\":{\"@id\":\"https:\\\/\\\/leoprd.ca\\\/fr\\\/product\\\/bon-bon-ottoman\\\/#primaryimage\"},\"image\":{\"@id\":\"https:\\\/\\\/leoprd.ca\\\/fr\\\/product\\\/bon-bon-ottoman\\\/#primaryimage\"},\"thumbnailUrl\":\"https:\\\/\\\/leoprd.ca\\\/wp-content\\\/uploads\\\/2023\\\/12\\\/bon-bon-white-laura-pouf.jpg\",\"datePublished\":\"2023-12-15T23:19:52+00:00\",\"dateModified\":\"2026-05-10T16:45:45+00:00\",\"description\":\"The Bon bon Ottoman, a large round ottoman that combines contemporary design with lasting comfort. Four online colors or more options in-store.\",\"breadcrumb\":{\"@id\":\"https:\\\/\\\/leoprd.ca\\\/fr\\\/product\\\/bon-bon-ottoman\\\/#breadcrumb\"},\"inLanguage\":\"fr-CA\",\"potentialAction\":[{\"@type\":\"ReadAction\",\"target\":[\"https:\\\/\\\/leoprd.ca\\\/fr\\\/product\\\/bon-bon-ottoman\\\/\"]}]},{\"@type\":\"ImageObject\",\"inLanguage\":\"fr-CA\",\"@id\":\"https:\\\/\\\/leoprd.ca\\\/fr\\\/product\\\/bon-bon-ottoman\\\/#primaryimage\",\"url\":\"https:\\\/\\\/leoprd.ca\\\/wp-content\\\/uploads\\\/2023\\\/12\\\/bon-bon-white-laura-pouf.jpg\",\"contentUrl\":\"https:\\\/\\\/leoprd.ca\\\/wp-content\\\/uploads\\\/2023\\\/12\\\/bon-bon-white-laura-pouf.jpg\",\"width\":1800,\"height\":1800,\"caption\":\"big round white ottoman with legs bon bon\"},{\"@type\":\"BreadcrumbList\",\"@id\":\"https:\\\/\\\/leoprd.ca\\\/fr\\\/product\\\/bon-bon-ottoman\\\/#breadcrumb\",\"itemListElement\":[{\"@type\":\"ListItem\",\"position\":1,\"name\":\"Home\",\"item\":\"https:\\\/\\\/leoprd.ca\\\/\"},{\"@type\":\"ListItem\",\"position\":2,\"name\":\"Shop\",\"item\":\"https:\\\/\\\/leoprd.ca\\\/shop\\\/\"},{\"@type\":\"ListItem\",\"position\":3,\"name\":\"Bon bon Ottoman\"}]},{\"@type\":\"WebSite\",\"@id\":\"https:\\\/\\\/leoprd.ca\\\/fr\\\/#website\",\"url\":\"https:\\\/\\\/leoprd.ca\\\/fr\\\/\",\"name\":\"LEOPARD Furniture\",\"description\":\"Furniture store\",\"publisher\":{\"@id\":\"https:\\\/\\\/leoprd.ca\\\/fr\\\/#organization\"},\"alternateName\":\"Meubles L\u00c9OPARD\",\"potentialAction\":[{\"@type\":\"SearchAction\",\"target\":{\"@type\":\"EntryPoint\",\"urlTemplate\":\"https:\\\/\\\/leoprd.ca\\\/fr\\\/?s={search_term_string}\"},\"query-input\":{\"@type\":\"PropertyValueSpecification\",\"valueRequired\":true,\"valueName\":\"search_term_string\"}}],\"inLanguage\":\"fr-CA\"},{\"@type\":\"Organization\",\"@id\":\"https:\\\/\\\/leoprd.ca\\\/fr\\\/#organization\",\"name\":\"LEOPARD Furniture\",\"alternateName\":\"Meuble LEOPARD\",\"url\":\"https:\\\/\\\/leoprd.ca\\\/fr\\\/\",\"logo\":{\"@type\":\"ImageObject\",\"inLanguage\":\"fr-CA\",\"@id\":\"https:\\\/\\\/leoprd.ca\\\/fr\\\/#\\\/schema\\\/logo\\\/image\\\/\",\"url\":\"https:\\\/\\\/leoprd.ca\\\/wp-content\\\/uploads\\\/2022\\\/05\\\/logo-silver-mid.png\",\"contentUrl\":\"https:\\\/\\\/leoprd.ca\\\/wp-content\\\/uploads\\\/2022\\\/05\\\/logo-silver-mid.png\",\"width\":400,\"height\":400,\"caption\":\"LEOPARD Furniture\"},\"image\":{\"@id\":\"https:\\\/\\\/leoprd.ca\\\/fr\\\/#\\\/schema\\\/logo\\\/image\\\/\"},\"sameAs\":[\"https:\\\/\\\/www.facebook.com\\\/leoprd.ca\",\"https:\\\/\\\/mastodon.social\\\/@leopardfurniture\",\"https:\\\/\\\/www.instagram.com\\\/leopardcanada\\\/\",\"https:\\\/\\\/www.linkedin.com\\\/company\\\/leopard-trading-company\\\/\",\"https:\\\/\\\/www.youtube.com\\\/@leopardcanada\"],\"description\":\"LEOPARD Furniture, a Canadian-born legacy headquartered in the vibrant city of Montreal, Quebec, with a prime location in Brossard. At LEOPARD, we curate the finest furniture selections from premium-quality and esteemed international manufacturers. Our commitment lies in customization and the importation of high-end products. Our Commitment to Quality and Excellence Reliability You Can Trust Built on five pillars \u2013 trust, reliability, customer satisfaction, excellence, and innovation \u2013 LEOPARD Furniture has been a reliable name in the furniture industry. Our commitment to quality and transparency ensures that every piece you select resonates with durability and aesthetic brilliance. Award-Winning Designs Immerse yourself in a world of award-winning designs curated to elevate your living spaces. Our products have been recognized for their innovation and style, showcasing a commitment to staying ahead of design trends. Unparalleled Interior Design Services Personalized 3D Design and AR Experience Embark on a personalized interior design journey with LEOPARD Furniture. Our team, equipped with cutting-edge technology, offers 3D design and Augmented Reality (AR) experiences, allowing you to visualize your dream space before making a decision. LEOPARD Furniture is a furniture store, not just a furniture store; we are creators of lifestyle. Every piece tells a story, and we invite you to be a part of this narrative. Visit our showroom in Brossard or explore our online gallery.\",\"email\":\"info@leoprd.ca\",\"telephone\":\"+1 (514) 655-8447\",\"legalName\":\"LEOPARD CA INC.\",\"hasMerchantReturnPolicy\":{\"@type\":\"MerchantReturnPolicy\",\"merchantReturnLink\":\"https:\\\/\\\/leoprd.ca\\\/fr\\\/exchange-return-and-refund\\\/\"}}]}<\/script>\n<meta property=\"og:availability\" content=\"backorder\" \/>\n<meta property=\"product:availability\" content=\"available for order\" \/>\n<meta property=\"product:retailer_item_id\" content=\"LEO35397\" \/>\n<meta property=\"product:condition\" content=\"new\" \/>\n<!-- \/ Yoast SEO Premium plugin. -->","yoast_head_json":{"title":"Large Round Ottoman Bon bon | Cute design | LEOPARD Furniture","description":"The Bon bon Ottoman, a large round ottoman that combines contemporary design with lasting comfort. Four online colors or more options in-store.","robots":{"index":"index","follow":"follow","max-snippet":"max-snippet:-1","max-image-preview":"max-image-preview:large","max-video-preview":"max-video-preview:-1"},"canonical":"https:\/\/leoprd.ca\/fr\/product\/bon-bon-ottoman\/","og_locale":"fr_CA","og_type":"article","og_title":"Bon bon Ottoman","og_description":"The Bon bon Ottoman, a large round ottoman that combines contemporary design with lasting comfort. Four online colors or more options in-store.","og_url":"https:\/\/leoprd.ca\/fr\/product\/bon-bon-ottoman\/","og_site_name":"LEOPARD Furniture","article_publisher":"https:\/\/www.facebook.com\/leoprd.ca","article_modified_time":"2026-05-10T16:45:45+00:00","og_image":[{"width":1800,"height":1800,"url":"https:\/\/leoprd.ca\/wp-content\/uploads\/2023\/12\/bon-bon-white-laura-pouf.jpg","type":"image\/jpeg"}],"twitter_card":"summary_large_image","twitter_misc":{"Availability":"On backorder"},"schema":{"@context":"https:\/\/schema.org","@graph":[{"@type":["WebPage","ItemPage"],"@id":"https:\/\/leoprd.ca\/fr\/product\/bon-bon-ottoman\/","url":"https:\/\/leoprd.ca\/fr\/product\/bon-bon-ottoman\/","name":"Large Round Ottoman Bon bon | Cute design | LEOPARD Furniture","isPartOf":{"@id":"https:\/\/leoprd.ca\/fr\/#website"},"primaryImageOfPage":{"@id":"https:\/\/leoprd.ca\/fr\/product\/bon-bon-ottoman\/#primaryimage"},"image":{"@id":"https:\/\/leoprd.ca\/fr\/product\/bon-bon-ottoman\/#primaryimage"},"thumbnailUrl":"https:\/\/leoprd.ca\/wp-content\/uploads\/2023\/12\/bon-bon-white-laura-pouf.jpg","datePublished":"2023-12-15T23:19:52+00:00","dateModified":"2026-05-10T16:45:45+00:00","description":"The Bon bon Ottoman, a large round ottoman that combines contemporary design with lasting comfort. Four online colors or more options in-store.","breadcrumb":{"@id":"https:\/\/leoprd.ca\/fr\/product\/bon-bon-ottoman\/#breadcrumb"},"inLanguage":"fr-CA","potentialAction":[{"@type":"ReadAction","target":["https:\/\/leoprd.ca\/fr\/product\/bon-bon-ottoman\/"]}]},{"@type":"ImageObject","inLanguage":"fr-CA","@id":"https:\/\/leoprd.ca\/fr\/product\/bon-bon-ottoman\/#primaryimage","url":"https:\/\/leoprd.ca\/wp-content\/uploads\/2023\/12\/bon-bon-white-laura-pouf.jpg","contentUrl":"https:\/\/leoprd.ca\/wp-content\/uploads\/2023\/12\/bon-bon-white-laura-pouf.jpg","width":1800,"height":1800,"caption":"big round white ottoman with legs bon bon"},{"@type":"BreadcrumbList","@id":"https:\/\/leoprd.ca\/fr\/product\/bon-bon-ottoman\/#breadcrumb","itemListElement":[{"@type":"ListItem","position":1,"name":"Home","item":"https:\/\/leoprd.ca\/"},{"@type":"ListItem","position":2,"name":"Shop","item":"https:\/\/leoprd.ca\/shop\/"},{"@type":"ListItem","position":3,"name":"Bon bon Ottoman"}]},{"@type":"WebSite","@id":"https:\/\/leoprd.ca\/fr\/#website","url":"https:\/\/leoprd.ca\/fr\/","name":"Meubles LEOPARD","description":"Magasin de meubles","publisher":{"@id":"https:\/\/leoprd.ca\/fr\/#organization"},"alternateName":"Meubles L\u00c9OPARD","potentialAction":[{"@type":"SearchAction","target":{"@type":"EntryPoint","urlTemplate":"https:\/\/leoprd.ca\/fr\/?s={search_term_string}"},"query-input":{"@type":"PropertyValueSpecification","valueRequired":true,"valueName":"search_term_string"}}],"inLanguage":"fr-CA"},{"@type":"Organization","@id":"https:\/\/leoprd.ca\/fr\/#organization","name":"Meubles LEOPARD","alternateName":"Meuble LEOPARD","url":"https:\/\/leoprd.ca\/fr\/","logo":{"@type":"ImageObject","inLanguage":"fr-CA","@id":"https:\/\/leoprd.ca\/fr\/#\/schema\/logo\/image\/","url":"https:\/\/leoprd.ca\/wp-content\/uploads\/2022\/05\/logo-silver-mid.png","contentUrl":"https:\/\/leoprd.ca\/wp-content\/uploads\/2022\/05\/logo-silver-mid.png","width":400,"height":400,"caption":"LEOPARD Furniture"},"image":{"@id":"https:\/\/leoprd.ca\/fr\/#\/schema\/logo\/image\/"},"sameAs":["https:\/\/www.facebook.com\/leoprd.ca","https:\/\/mastodon.social\/@leopardfurniture","https:\/\/www.instagram.com\/leopardcanada\/","https:\/\/www.linkedin.com\/company\/leopard-trading-company\/","https:\/\/www.youtube.com\/@leopardcanada"],"description":"Meubles LEOPARD, une entreprise d'origine canadienne dont le si\u00e8ge social est situ\u00e9 dans la ville dynamique de Montr\u00e9al, au Qu\u00e9bec, avec un emplacement de choix \u00e0 Brossard. Chez LEOPARD, nous s\u00e9lectionnons les meubles les plus raffin\u00e9s aupr\u00e8s de fabricants internationaux r\u00e9put\u00e9s et de qualit\u00e9 sup\u00e9rieure. Notre engagement r\u00e9side dans la personnalisation et l'importation de produits haut de gamme. Notre engagement envers la qualit\u00e9 et l'excellence Une fiabilit\u00e9 \u00e0 laquelle vous pouvez vous fier Fond\u00e9e sur cinq piliers - la confiance, la fiabilit\u00e9, la satisfaction de la client\u00e8le, l'excellence et l'innovation - Meubles LEOPARD est un nom fiable dans l'industrie de l'ameublement. Notre engagement en faveur de la qualit\u00e9 et de la transparence garantit que chaque pi\u00e8ce que vous choisissez est synonyme de durabilit\u00e9 et de brillance esth\u00e9tique. Designs prim\u00e9s Plongez dans un monde de designs prim\u00e9s, con\u00e7us pour \u00e9lever vos espaces de vie. Nos produits ont \u00e9t\u00e9 reconnus pour leur innovation et leur style, t\u00e9moignant de notre engagement \u00e0 rester \u00e0 la pointe des tendances en mati\u00e8re de design. Services de design d'int\u00e9rieur in\u00e9gal\u00e9s Design 3D personnalis\u00e9 et exp\u00e9rience AR Embarquez pour un voyage de design d'int\u00e9rieur personnalis\u00e9 avec LEOPARD Furniture. Notre \u00e9quipe, \u00e9quip\u00e9e d'une technologie de pointe, propose des exp\u00e9riences de conception en 3D et de r\u00e9alit\u00e9 augment\u00e9e (RA), vous permettant de visualiser l'espace de vos r\u00eaves avant de prendre une d\u00e9cision. LEOPARD Furniture est un magasin de meubles, pas seulement un magasin de meubles ; nous sommes des cr\u00e9ateurs de style de vie. Chaque pi\u00e8ce raconte une histoire, et nous vous invitons \u00e0 faire partie de ce r\u00e9cit. Visitez notre salle d'exposition \u00e0 Brossard ou explorez notre galerie en ligne.","email":"info@leoprd.ca","telephone":"+1 (514) 655-8447","legalName":"LEOPARD CA INC.","hasMerchantReturnPolicy":{"@type":"MerchantReturnPolicy","merchantReturnLink":"https:\/\/leoprd.ca\/fr\/exchange-return-and-refund\/"}}]},"og_availability":"backorder","product_availability":"available for order","product_retailer_item_id":"LEO35397","product_condition":"new"},"_links":{"self":[{"href":"https:\/\/leoprd.ca\/fr\/wp-json\/wp\/v2\/product\/11766","targetHints":{"allow":["GET"]}}],"collection":[{"href":"https:\/\/leoprd.ca\/fr\/wp-json\/wp\/v2\/product"}],"about":[{"href":"https:\/\/leoprd.ca\/fr\/wp-json\/wp\/v2\/types\/product"}],"replies":[{"embeddable":true,"href":"https:\/\/leoprd.ca\/fr\/wp-json\/wp\/v2\/comments?post=11766"}],"wp:featuredmedia":[{"embeddable":true,"href":"https:\/\/leoprd.ca\/fr\/wp-json\/wp\/v2\/media\/11771"}],"wp:attachment":[{"href":"https:\/\/leoprd.ca\/fr\/wp-json\/wp\/v2\/media?parent=11766"}],"wp:term":[{"taxonomy":"product_brand","embeddable":true,"href":"https:\/\/leoprd.ca\/fr\/wp-json\/wp\/v2\/product_brand?post=11766"},{"taxonomy":"product_cat","embeddable":true,"href":"https:\/\/leoprd.ca\/fr\/wp-json\/wp\/v2\/product_cat?post=11766"},{"taxonomy":"product_tag","embeddable":true,"href":"https:\/\/leoprd.ca\/fr\/wp-json\/wp\/v2\/product_tag?post=11766"}],"curies":[{"name":"wp","href":"https:\/\/api.w.org\/{rel}","templated":true}]}}