{"id":11798,"date":"2023-12-15T19:19:07","date_gmt":"2023-12-15T23:19:07","guid":{"rendered":"https:\/\/leoprd.ca\/?post_type=product&#038;p=11798"},"modified":"2026-04-13T01:46:18","modified_gmt":"2026-04-13T05:46:18","slug":"chelsea-big-ottoman","status":"publish","type":"product","link":"https:\/\/leoprd.ca\/fr\/product\/chelsea-big-ottoman\/","title":{"rendered":"Chelsea Big Ottoman"},"content":{"rendered":"<h2 style=\"text-align: center;\">Chelsea Ottoman - \u00c9l\u00e9gance \u00e0 motifs.<\/h2>\n<p style=\"text-align: center;\">Laissez-vous tenter par le m\u00e9lange parfait de design moderne et de confort luxueux avec le Chelsea Ottoman. Ce pouf rond, d'une hauteur de 27 cm et d'un diam\u00e8tre de 80 cm, est un t\u00e9moignage de sophistication dans l'ameublement domestique.<\/p>\n<p><a href=\"https:\/\/leoprd.ca\/wp-content\/uploads\/2023\/12\/Chelsea-pouf-wide.jpg\"><img fetchpriority=\"high\" decoding=\"async\" class=\"wp-image-11807 aligncenter\" src=\"https:\/\/leoprd.ca\/wp-content\/uploads\/2023\/12\/Chelsea-pouf-wide-300x200.jpg\" alt=\"\" width=\"800\" height=\"533\" srcset=\"https:\/\/leoprd.ca\/wp-content\/uploads\/2023\/12\/Chelsea-pouf-wide-300x200.jpg 300w, https:\/\/leoprd.ca\/wp-content\/uploads\/2023\/12\/Chelsea-pouf-wide-1200x800.jpg 1200w, https:\/\/leoprd.ca\/wp-content\/uploads\/2023\/12\/Chelsea-pouf-wide-1024x683.jpg 1024w, https:\/\/leoprd.ca\/wp-content\/uploads\/2023\/12\/Chelsea-pouf-wide-768x512.jpg 768w, https:\/\/leoprd.ca\/wp-content\/uploads\/2023\/12\/Chelsea-pouf-wide-1536x1025.jpg 1536w, https:\/\/leoprd.ca\/wp-content\/uploads\/2023\/12\/Chelsea-pouf-wide-18x12.jpg 18w, https:\/\/leoprd.ca\/wp-content\/uploads\/2023\/12\/Chelsea-pouf-wide.jpg 2000w\" sizes=\"(max-width: 800px) 100vw, 800px\" \/><\/a><\/p>\n<h3 style=\"text-align: center;\">Modern Aesthetics<\/h3>\n<p style=\"text-align: center;\">Explorez une nouvelle dimension de l'esth\u00e9tique contemporaine avec le Chelsea Ottoman. Son design \u00e9pur\u00e9 et moderne ajoute une touche d'\u00e9l\u00e9gance \u00e0 votre espace de vie, le transformant en un havre de confort. Ce pouf rond, avec des dimensions de hauteur de 27 cm et de diam\u00e8tre de 80 cm, est con\u00e7u pour ceux qui recherchent la fusion parfaite entre style et fonctionnalit\u00e9.<\/p>\n<p><a href=\"https:\/\/leoprd.ca\/wp-content\/uploads\/2023\/12\/Chelsea-pouf-lemans-wide.jpg\"><img decoding=\"async\" class=\"wp-image-11806 aligncenter\" src=\"https:\/\/leoprd.ca\/wp-content\/uploads\/2023\/12\/Chelsea-pouf-lemans-wide-300x167.jpg\" alt=\"chelsea round ottoman in a modern design living room with le mans high-end modular sofa creates a warm modern space design\" width=\"799\" height=\"445\" srcset=\"https:\/\/leoprd.ca\/wp-content\/uploads\/2023\/12\/Chelsea-pouf-lemans-wide-300x167.jpg 300w, https:\/\/leoprd.ca\/wp-content\/uploads\/2023\/12\/Chelsea-pouf-lemans-wide-1200x667.jpg 1200w, https:\/\/leoprd.ca\/wp-content\/uploads\/2023\/12\/Chelsea-pouf-lemans-wide-1024x569.jpg 1024w, https:\/\/leoprd.ca\/wp-content\/uploads\/2023\/12\/Chelsea-pouf-lemans-wide-768x427.jpg 768w, https:\/\/leoprd.ca\/wp-content\/uploads\/2023\/12\/Chelsea-pouf-lemans-wide-1536x853.jpg 1536w, https:\/\/leoprd.ca\/wp-content\/uploads\/2023\/12\/Chelsea-pouf-lemans-wide-18x10.jpg 18w, https:\/\/leoprd.ca\/wp-content\/uploads\/2023\/12\/Chelsea-pouf-lemans-wide.jpg 2000w\" sizes=\"(max-width: 799px) 100vw, 799px\" \/><\/a><\/p>\n<h3 style=\"text-align: center;\">D\u00e9tendez-vous avec style - Tissu polyester haut de gamme<\/h3>\n<p style=\"text-align: center;\">Le Chelsea Ottoman red\u00e9finit la d\u00e9tente avec son rev\u00eatement en tissu polyester haut de gamme. Con\u00e7u pour ceux qui appr\u00e9cient les choses raffin\u00e9es de la vie, le pouf offre non seulement du confort, mais aussi de la durabilit\u00e9. Le tissu en polyester pr\u00e9sente une myriade d'avantages, notamment une r\u00e9sistance aux taches et un entretien facile.<\/p>\n<p><a href=\"https:\/\/leoprd.ca\/wp-content\/uploads\/2023\/12\/heritage-sofa-set-black.jpg\"><img decoding=\"async\" class=\"wp-image-12131 aligncenter\" src=\"https:\/\/leoprd.ca\/wp-content\/uploads\/2023\/12\/heritage-sofa-set-black-300x200.jpg\" alt=\"cuir noir haut de gamme canap\u00e9 modulable de luxe avec table basse inter et table basse en verre noir de luxe et ottoman gris\" width=\"800\" height=\"533\" srcset=\"https:\/\/leoprd.ca\/wp-content\/uploads\/2023\/12\/heritage-sofa-set-black-300x200.jpg 300w, https:\/\/leoprd.ca\/wp-content\/uploads\/2023\/12\/heritage-sofa-set-black-1200x800.jpg 1200w, https:\/\/leoprd.ca\/wp-content\/uploads\/2023\/12\/heritage-sofa-set-black-1024x682.jpg 1024w, https:\/\/leoprd.ca\/wp-content\/uploads\/2023\/12\/heritage-sofa-set-black-768x512.jpg 768w, https:\/\/leoprd.ca\/wp-content\/uploads\/2023\/12\/heritage-sofa-set-black-1536x1024.jpg 1536w, https:\/\/leoprd.ca\/wp-content\/uploads\/2023\/12\/heritage-sofa-set-black-2048x1365.jpg 2048w, https:\/\/leoprd.ca\/wp-content\/uploads\/2023\/12\/heritage-sofa-set-black-18x12.jpg 18w\" sizes=\"(max-width: 800px) 100vw, 800px\" \/><\/a><\/p>\n<p>&nbsp;<\/p>\n<h3 style=\"text-align: center;\">Choisissez votre style - Motifs en ligne<\/h3>\n<p style=\"text-align: center;\" class=\"translation-block\">Personnalisez votre Chelsea Ottoman avec <strong>deux tissus \u00e0 motifs uniques disponibles \u00e0 l'achat en ligne<\/strong>. Rehaussez votre espace de vie avec des motifs complexes qui ajoutent non seulement de l'int\u00e9r\u00eat visuel, mais font \u00e9galement une d\u00e9claration de design audacieuse. <strong>Pour un plus large \u00e9ventail de choix, explorez nos options en magasin <\/strong>ou <strong>commandez par e-mail.<\/strong><\/p>\n<hr \/>\n<p>&nbsp;<\/p>","protected":false},"excerpt":{"rendered":"<div class='yrm-content yrm-content-3 yrm-content-hide' id='yrm-gZzL2' data-id='3' data-show-status='false' data-after-action='' style=\"visibility: hidden;height: 0;\">\n<div id='yrm-inner-content-yrm-gZzL2' class='yrm-inner-content-wrapper yrm-cntent-3'> Le Chelsea Ottoman, avec son design rond \u00e9l\u00e9gant, se dresse fi\u00e8rement avec une hauteur de 27 cm et un diam\u00e8tre de 80 cm. Plongez dans le luxe contemporain avec un rev\u00eatement en tissu polyester haut de gamme, offrant \u00e0 la fois confort et durabilit\u00e9. Choisissez parmi des motifs en ligne uniques ou explorez davantage d'options en magasin. Rehaussez votre espace avec LEOPARD Furniture.<\/div>\n<\/p><\/div>\n<div class='yrm-btn-wrapper yrm-btn-wrapper-3 yrm-more-button-wrapper .introductionsee'\n\t\tdata-custom-more-class-name='.introductionsee' data-custom-less-class-name='.introductionsee'><span title='' data-less-title='' data-more-title='' class='yrm-toggle-expand  yrm-toggle-expand-3' data-rel='yrm-gZzL2' data-more='Introduction' data-less='See less'><span class='yrm-text-wrapper yrm-text-wrapper-custom-dimensions'><span class=\"yrm-button-text-3 yrm-button-text-span\">Introduction<\/span><\/span><\/span><\/div>\n<hr \/>\n<h5><span style=\"color: #008000;\">S\u00e9lectionnez les \u00e9chantillons pour personnaliser et voir le prix.<\/span><\/h5>","protected":false},"featured_media":11802,"comment_status":"open","ping_status":"closed","template":"","meta":{"site-sidebar-layout":"default","site-content-layout":"","ast-site-content-layout":"default","site-content-style":"default","site-sidebar-style":"default","ast-global-header-display":"","ast-banner-title-visibility":"","ast-main-header-display":"","ast-hfb-above-header-display":"","ast-hfb-below-header-display":"","ast-hfb-mobile-header-display":"","site-post-title":"","ast-breadcrumbs-content":"","ast-featured-img":"","footer-sml-layout":"","ast-disable-related-posts":"","theme-transparent-header-meta":"default","adv-header-id-meta":"","stick-header-meta":"","header-above-stick-meta":"","header-main-stick-meta":"","header-below-stick-meta":"","astra-migrate-meta-layouts":"set","ast-page-background-enabled":"default","ast-page-background-meta":{"desktop":{"background-color":"","background-image":"","background-repeat":"repeat","background-position":"center center","background-size":"auto","background-attachment":"scroll","background-type":"","background-media":"","overlay-type":"","overlay-color":"","overlay-opacity":"","overlay-gradient":""},"tablet":{"background-color":"","background-image":"","background-repeat":"repeat","background-position":"center center","background-size":"auto","background-attachment":"scroll","background-type":"","background-media":"","overlay-type":"","overlay-color":"","overlay-opacity":"","overlay-gradient":""},"mobile":{"background-color":"","background-image":"","background-repeat":"repeat","background-position":"center center","background-size":"auto","background-attachment":"scroll","background-type":"","background-media":"","overlay-type":"","overlay-color":"","overlay-opacity":"","overlay-gradient":""}},"ast-content-background-meta":{"desktop":{"background-color":"var(--ast-global-color-5)","background-image":"","background-repeat":"repeat","background-position":"center center","background-size":"auto","background-attachment":"scroll","background-type":"","background-media":"","overlay-type":"","overlay-color":"","overlay-opacity":"","overlay-gradient":""},"tablet":{"background-color":"var(--ast-global-color-5)","background-image":"","background-repeat":"repeat","background-position":"center center","background-size":"auto","background-attachment":"scroll","background-type":"","background-media":"","overlay-type":"","overlay-color":"","overlay-opacity":"","overlay-gradient":""},"mobile":{"background-color":"var(--ast-global-color-5)","background-image":"","background-repeat":"repeat","background-position":"center center","background-size":"auto","background-attachment":"scroll","background-type":"","background-media":"","overlay-type":"","overlay-color":"","overlay-opacity":"","overlay-gradient":""}}},"product_brand":[],"product_cat":[59,889],"product_tag":[1017,890,891,175],"class_list":{"0":"post-11798","1":"product","2":"type-product","3":"status-publish","4":"has-post-thumbnail","6":"product_cat-living-room-furniture","7":"product_cat-ottomans","8":"product_tag-custom-furniture","9":"product_tag-dbq-ottoman","10":"product_tag-dbq-pouf","11":"product_tag-dbq-round","12":"desktop-align-center","13":"tablet-align-center","14":"mobile-align-center","16":"first","17":"onbackorder","18":"taxable","19":"shipping-taxable","20":"purchasable","21":"product-type-variable","22":"wvs-archive-product-wrapper"},"yoast_head":"<!-- This site is optimized with the Yoast SEO Premium plugin v27.3 (Yoast SEO v27.3) - https:\/\/yoast.com\/product\/yoast-seo-premium-wordpress\/ -->\n<title>Chelsea Round Patterned Ottoman | by LEOPARD Furniture<\/title>\n<meta name=\"description\" content=\"Chelsea Ottoman, a round ottoman with modern aesthetics. Premium patterned upholstery ottoman. Discover patterned elegance with LEOPARD Furniture.\" \/>\n<meta name=\"robots\" content=\"index, follow, max-snippet:-1, max-image-preview:large, max-video-preview:-1\" \/>\n<link rel=\"canonical\" href=\"https:\/\/leoprd.ca\/fr\/product\/chelsea-big-ottoman\/\" \/>\n<meta property=\"og:locale\" content=\"fr_CA\" \/>\n<meta property=\"og:type\" content=\"article\" \/>\n<meta property=\"og:title\" content=\"Chelsea Big Ottoman\" \/>\n<meta property=\"og:description\" content=\"Chelsea Ottoman, a round ottoman with modern aesthetics. Premium patterned upholstery ottoman. Discover patterned elegance with LEOPARD Furniture.\" \/>\n<meta property=\"og:url\" content=\"https:\/\/leoprd.ca\/fr\/product\/chelsea-big-ottoman\/\" \/>\n<meta property=\"og:site_name\" content=\"LEOPARD Furniture\" \/>\n<meta property=\"article:publisher\" content=\"https:\/\/www.facebook.com\/leoprd.ca\" \/>\n<meta property=\"article:modified_time\" content=\"2026-04-13T05:46:18+00:00\" \/>\n<meta property=\"og:image\" content=\"https:\/\/leoprd.ca\/wp-content\/uploads\/2023\/12\/Chelsea-pouf-large-2.jpg\" \/>\n\t<meta property=\"og:image:width\" content=\"1800\" \/>\n\t<meta property=\"og:image:height\" content=\"1800\" \/>\n\t<meta property=\"og:image:type\" content=\"image\/jpeg\" \/>\n<meta name=\"twitter:card\" content=\"summary_large_image\" \/>\n<meta name=\"twitter:label1\" content=\"Availability\" \/>\n\t<meta name=\"twitter:data1\" content=\"On backorder\" \/>\n<script type=\"application\/ld+json\" class=\"yoast-schema-graph\">{\"@context\":\"https:\\\/\\\/schema.org\",\"@graph\":[{\"@type\":[\"WebPage\",\"ItemPage\"],\"@id\":\"https:\\\/\\\/leoprd.ca\\\/fr\\\/product\\\/chelsea-big-ottoman\\\/\",\"url\":\"https:\\\/\\\/leoprd.ca\\\/fr\\\/product\\\/chelsea-big-ottoman\\\/\",\"name\":\"Chelsea Round Patterned Ottoman | by LEOPARD Furniture\",\"isPartOf\":{\"@id\":\"https:\\\/\\\/leoprd.ca\\\/fr\\\/#website\"},\"primaryImageOfPage\":{\"@id\":\"https:\\\/\\\/leoprd.ca\\\/fr\\\/product\\\/chelsea-big-ottoman\\\/#primaryimage\"},\"image\":{\"@id\":\"https:\\\/\\\/leoprd.ca\\\/fr\\\/product\\\/chelsea-big-ottoman\\\/#primaryimage\"},\"thumbnailUrl\":\"https:\\\/\\\/leoprd.ca\\\/wp-content\\\/uploads\\\/2023\\\/12\\\/Chelsea-pouf-large-2.jpg\",\"datePublished\":\"2023-12-15T23:19:07+00:00\",\"dateModified\":\"2026-04-13T05:46:18+00:00\",\"description\":\"Chelsea Ottoman, a round ottoman with modern aesthetics. Premium patterned upholstery ottoman. Discover patterned elegance with LEOPARD Furniture.\",\"breadcrumb\":{\"@id\":\"https:\\\/\\\/leoprd.ca\\\/fr\\\/product\\\/chelsea-big-ottoman\\\/#breadcrumb\"},\"inLanguage\":\"fr-CA\",\"potentialAction\":[{\"@type\":\"ReadAction\",\"target\":[\"https:\\\/\\\/leoprd.ca\\\/fr\\\/product\\\/chelsea-big-ottoman\\\/\"]}]},{\"@type\":\"ImageObject\",\"inLanguage\":\"fr-CA\",\"@id\":\"https:\\\/\\\/leoprd.ca\\\/fr\\\/product\\\/chelsea-big-ottoman\\\/#primaryimage\",\"url\":\"https:\\\/\\\/leoprd.ca\\\/wp-content\\\/uploads\\\/2023\\\/12\\\/Chelsea-pouf-large-2.jpg\",\"contentUrl\":\"https:\\\/\\\/leoprd.ca\\\/wp-content\\\/uploads\\\/2023\\\/12\\\/Chelsea-pouf-large-2.jpg\",\"width\":1800,\"height\":1800,\"caption\":\"chelsea round patterned ottoman oddesa variation\"},{\"@type\":\"BreadcrumbList\",\"@id\":\"https:\\\/\\\/leoprd.ca\\\/fr\\\/product\\\/chelsea-big-ottoman\\\/#breadcrumb\",\"itemListElement\":[{\"@type\":\"ListItem\",\"position\":1,\"name\":\"Home\",\"item\":\"https:\\\/\\\/leoprd.ca\\\/\"},{\"@type\":\"ListItem\",\"position\":2,\"name\":\"Shop\",\"item\":\"https:\\\/\\\/leoprd.ca\\\/shop\\\/\"},{\"@type\":\"ListItem\",\"position\":3,\"name\":\"Chelsea Big Ottoman\"}]},{\"@type\":\"WebSite\",\"@id\":\"https:\\\/\\\/leoprd.ca\\\/fr\\\/#website\",\"url\":\"https:\\\/\\\/leoprd.ca\\\/fr\\\/\",\"name\":\"LEOPARD Furniture\",\"description\":\"Furniture store\",\"publisher\":{\"@id\":\"https:\\\/\\\/leoprd.ca\\\/fr\\\/#organization\"},\"alternateName\":\"Meubles L\u00c9OPARD\",\"potentialAction\":[{\"@type\":\"SearchAction\",\"target\":{\"@type\":\"EntryPoint\",\"urlTemplate\":\"https:\\\/\\\/leoprd.ca\\\/fr\\\/?s={search_term_string}\"},\"query-input\":{\"@type\":\"PropertyValueSpecification\",\"valueRequired\":true,\"valueName\":\"search_term_string\"}}],\"inLanguage\":\"fr-CA\"},{\"@type\":\"Organization\",\"@id\":\"https:\\\/\\\/leoprd.ca\\\/fr\\\/#organization\",\"name\":\"LEOPARD Furniture\",\"alternateName\":\"Meuble LEOPARD\",\"url\":\"https:\\\/\\\/leoprd.ca\\\/fr\\\/\",\"logo\":{\"@type\":\"ImageObject\",\"inLanguage\":\"fr-CA\",\"@id\":\"https:\\\/\\\/leoprd.ca\\\/fr\\\/#\\\/schema\\\/logo\\\/image\\\/\",\"url\":\"https:\\\/\\\/leoprd.ca\\\/wp-content\\\/uploads\\\/2022\\\/05\\\/logo-silver-mid.png\",\"contentUrl\":\"https:\\\/\\\/leoprd.ca\\\/wp-content\\\/uploads\\\/2022\\\/05\\\/logo-silver-mid.png\",\"width\":400,\"height\":400,\"caption\":\"LEOPARD Furniture\"},\"image\":{\"@id\":\"https:\\\/\\\/leoprd.ca\\\/fr\\\/#\\\/schema\\\/logo\\\/image\\\/\"},\"sameAs\":[\"https:\\\/\\\/www.facebook.com\\\/leoprd.ca\",\"https:\\\/\\\/mastodon.social\\\/@leopardfurniture\",\"https:\\\/\\\/www.instagram.com\\\/leopardcanada\\\/\",\"https:\\\/\\\/www.linkedin.com\\\/company\\\/leopard-trading-company\\\/\",\"https:\\\/\\\/www.youtube.com\\\/@leopardcanada\"],\"description\":\"LEOPARD Furniture, a Canadian-born legacy headquartered in the vibrant city of Montreal, Quebec, with a prime location in Brossard. At LEOPARD, we curate the finest furniture selections from premium-quality and esteemed international manufacturers. Our commitment lies in customization and the importation of high-end products. Our Commitment to Quality and Excellence Reliability You Can Trust Built on five pillars \u2013 trust, reliability, customer satisfaction, excellence, and innovation \u2013 LEOPARD Furniture has been a reliable name in the furniture industry. Our commitment to quality and transparency ensures that every piece you select resonates with durability and aesthetic brilliance. Award-Winning Designs Immerse yourself in a world of award-winning designs curated to elevate your living spaces. Our products have been recognized for their innovation and style, showcasing a commitment to staying ahead of design trends. Unparalleled Interior Design Services Personalized 3D Design and AR Experience Embark on a personalized interior design journey with LEOPARD Furniture. Our team, equipped with cutting-edge technology, offers 3D design and Augmented Reality (AR) experiences, allowing you to visualize your dream space before making a decision. LEOPARD Furniture is a furniture store, not just a furniture store; we are creators of lifestyle. Every piece tells a story, and we invite you to be a part of this narrative. Visit our showroom in Brossard or explore our online gallery.\",\"email\":\"info@leoprd.ca\",\"telephone\":\"+1 (514) 655-8447\",\"legalName\":\"LEOPARD CA INC.\",\"hasMerchantReturnPolicy\":{\"@type\":\"MerchantReturnPolicy\",\"merchantReturnLink\":\"https:\\\/\\\/leoprd.ca\\\/fr\\\/exchange-return-and-refund\\\/\"}}]}<\/script>\n<meta property=\"og:availability\" content=\"backorder\" \/>\n<meta property=\"product:availability\" content=\"available for order\" \/>\n<meta property=\"product:retailer_item_id\" content=\"LEO69647\" \/>\n<meta property=\"product:condition\" content=\"new\" \/>\n<!-- \/ Yoast SEO Premium plugin. -->","yoast_head_json":{"title":"Chelsea Round Patterned Ottoman | by LEOPARD Furniture","description":"Chelsea Ottoman, a round ottoman with modern aesthetics. Premium patterned upholstery ottoman. Discover patterned elegance with LEOPARD Furniture.","robots":{"index":"index","follow":"follow","max-snippet":"max-snippet:-1","max-image-preview":"max-image-preview:large","max-video-preview":"max-video-preview:-1"},"canonical":"https:\/\/leoprd.ca\/fr\/product\/chelsea-big-ottoman\/","og_locale":"fr_CA","og_type":"article","og_title":"Chelsea Big Ottoman","og_description":"Chelsea Ottoman, a round ottoman with modern aesthetics. Premium patterned upholstery ottoman. Discover patterned elegance with LEOPARD Furniture.","og_url":"https:\/\/leoprd.ca\/fr\/product\/chelsea-big-ottoman\/","og_site_name":"LEOPARD Furniture","article_publisher":"https:\/\/www.facebook.com\/leoprd.ca","article_modified_time":"2026-04-13T05:46:18+00:00","og_image":[{"width":1800,"height":1800,"url":"https:\/\/leoprd.ca\/wp-content\/uploads\/2023\/12\/Chelsea-pouf-large-2.jpg","type":"image\/jpeg"}],"twitter_card":"summary_large_image","twitter_misc":{"Availability":"On backorder"},"schema":{"@context":"https:\/\/schema.org","@graph":[{"@type":["WebPage","ItemPage"],"@id":"https:\/\/leoprd.ca\/fr\/product\/chelsea-big-ottoman\/","url":"https:\/\/leoprd.ca\/fr\/product\/chelsea-big-ottoman\/","name":"Chelsea Round Patterned Ottoman | by LEOPARD Furniture","isPartOf":{"@id":"https:\/\/leoprd.ca\/fr\/#website"},"primaryImageOfPage":{"@id":"https:\/\/leoprd.ca\/fr\/product\/chelsea-big-ottoman\/#primaryimage"},"image":{"@id":"https:\/\/leoprd.ca\/fr\/product\/chelsea-big-ottoman\/#primaryimage"},"thumbnailUrl":"https:\/\/leoprd.ca\/wp-content\/uploads\/2023\/12\/Chelsea-pouf-large-2.jpg","datePublished":"2023-12-15T23:19:07+00:00","dateModified":"2026-04-13T05:46:18+00:00","description":"Chelsea Ottoman, a round ottoman with modern aesthetics. Premium patterned upholstery ottoman. Discover patterned elegance with LEOPARD Furniture.","breadcrumb":{"@id":"https:\/\/leoprd.ca\/fr\/product\/chelsea-big-ottoman\/#breadcrumb"},"inLanguage":"fr-CA","potentialAction":[{"@type":"ReadAction","target":["https:\/\/leoprd.ca\/fr\/product\/chelsea-big-ottoman\/"]}]},{"@type":"ImageObject","inLanguage":"fr-CA","@id":"https:\/\/leoprd.ca\/fr\/product\/chelsea-big-ottoman\/#primaryimage","url":"https:\/\/leoprd.ca\/wp-content\/uploads\/2023\/12\/Chelsea-pouf-large-2.jpg","contentUrl":"https:\/\/leoprd.ca\/wp-content\/uploads\/2023\/12\/Chelsea-pouf-large-2.jpg","width":1800,"height":1800,"caption":"chelsea round patterned ottoman oddesa variation"},{"@type":"BreadcrumbList","@id":"https:\/\/leoprd.ca\/fr\/product\/chelsea-big-ottoman\/#breadcrumb","itemListElement":[{"@type":"ListItem","position":1,"name":"Home","item":"https:\/\/leoprd.ca\/"},{"@type":"ListItem","position":2,"name":"Shop","item":"https:\/\/leoprd.ca\/shop\/"},{"@type":"ListItem","position":3,"name":"Chelsea Big Ottoman"}]},{"@type":"WebSite","@id":"https:\/\/leoprd.ca\/fr\/#website","url":"https:\/\/leoprd.ca\/fr\/","name":"Meubles LEOPARD","description":"Magasin de meubles","publisher":{"@id":"https:\/\/leoprd.ca\/fr\/#organization"},"alternateName":"Meubles L\u00c9OPARD","potentialAction":[{"@type":"SearchAction","target":{"@type":"EntryPoint","urlTemplate":"https:\/\/leoprd.ca\/fr\/?s={search_term_string}"},"query-input":{"@type":"PropertyValueSpecification","valueRequired":true,"valueName":"search_term_string"}}],"inLanguage":"fr-CA"},{"@type":"Organization","@id":"https:\/\/leoprd.ca\/fr\/#organization","name":"Meubles LEOPARD","alternateName":"Meuble LEOPARD","url":"https:\/\/leoprd.ca\/fr\/","logo":{"@type":"ImageObject","inLanguage":"fr-CA","@id":"https:\/\/leoprd.ca\/fr\/#\/schema\/logo\/image\/","url":"https:\/\/leoprd.ca\/wp-content\/uploads\/2022\/05\/logo-silver-mid.png","contentUrl":"https:\/\/leoprd.ca\/wp-content\/uploads\/2022\/05\/logo-silver-mid.png","width":400,"height":400,"caption":"LEOPARD Furniture"},"image":{"@id":"https:\/\/leoprd.ca\/fr\/#\/schema\/logo\/image\/"},"sameAs":["https:\/\/www.facebook.com\/leoprd.ca","https:\/\/mastodon.social\/@leopardfurniture","https:\/\/www.instagram.com\/leopardcanada\/","https:\/\/www.linkedin.com\/company\/leopard-trading-company\/","https:\/\/www.youtube.com\/@leopardcanada"],"description":"Meubles LEOPARD, une entreprise d'origine canadienne dont le si\u00e8ge social est situ\u00e9 dans la ville dynamique de Montr\u00e9al, au Qu\u00e9bec, avec un emplacement de choix \u00e0 Brossard. Chez LEOPARD, nous s\u00e9lectionnons les meubles les plus raffin\u00e9s aupr\u00e8s de fabricants internationaux r\u00e9put\u00e9s et de qualit\u00e9 sup\u00e9rieure. Notre engagement r\u00e9side dans la personnalisation et l'importation de produits haut de gamme. Notre engagement envers la qualit\u00e9 et l'excellence Une fiabilit\u00e9 \u00e0 laquelle vous pouvez vous fier Fond\u00e9e sur cinq piliers - la confiance, la fiabilit\u00e9, la satisfaction de la client\u00e8le, l'excellence et l'innovation - Meubles LEOPARD est un nom fiable dans l'industrie de l'ameublement. Notre engagement en faveur de la qualit\u00e9 et de la transparence garantit que chaque pi\u00e8ce que vous choisissez est synonyme de durabilit\u00e9 et de brillance esth\u00e9tique. Designs prim\u00e9s Plongez dans un monde de designs prim\u00e9s, con\u00e7us pour \u00e9lever vos espaces de vie. Nos produits ont \u00e9t\u00e9 reconnus pour leur innovation et leur style, t\u00e9moignant de notre engagement \u00e0 rester \u00e0 la pointe des tendances en mati\u00e8re de design. Services de design d'int\u00e9rieur in\u00e9gal\u00e9s Design 3D personnalis\u00e9 et exp\u00e9rience AR Embarquez pour un voyage de design d'int\u00e9rieur personnalis\u00e9 avec LEOPARD Furniture. Notre \u00e9quipe, \u00e9quip\u00e9e d'une technologie de pointe, propose des exp\u00e9riences de conception en 3D et de r\u00e9alit\u00e9 augment\u00e9e (RA), vous permettant de visualiser l'espace de vos r\u00eaves avant de prendre une d\u00e9cision. LEOPARD Furniture est un magasin de meubles, pas seulement un magasin de meubles ; nous sommes des cr\u00e9ateurs de style de vie. Chaque pi\u00e8ce raconte une histoire, et nous vous invitons \u00e0 faire partie de ce r\u00e9cit. Visitez notre salle d'exposition \u00e0 Brossard ou explorez notre galerie en ligne.","email":"info@leoprd.ca","telephone":"+1 (514) 655-8447","legalName":"LEOPARD CA INC.","hasMerchantReturnPolicy":{"@type":"MerchantReturnPolicy","merchantReturnLink":"https:\/\/leoprd.ca\/fr\/exchange-return-and-refund\/"}}]},"og_availability":"backorder","product_availability":"available for order","product_retailer_item_id":"LEO69647","product_condition":"new"},"_links":{"self":[{"href":"https:\/\/leoprd.ca\/fr\/wp-json\/wp\/v2\/product\/11798","targetHints":{"allow":["GET"]}}],"collection":[{"href":"https:\/\/leoprd.ca\/fr\/wp-json\/wp\/v2\/product"}],"about":[{"href":"https:\/\/leoprd.ca\/fr\/wp-json\/wp\/v2\/types\/product"}],"replies":[{"embeddable":true,"href":"https:\/\/leoprd.ca\/fr\/wp-json\/wp\/v2\/comments?post=11798"}],"wp:featuredmedia":[{"embeddable":true,"href":"https:\/\/leoprd.ca\/fr\/wp-json\/wp\/v2\/media\/11802"}],"wp:attachment":[{"href":"https:\/\/leoprd.ca\/fr\/wp-json\/wp\/v2\/media?parent=11798"}],"wp:term":[{"taxonomy":"product_brand","embeddable":true,"href":"https:\/\/leoprd.ca\/fr\/wp-json\/wp\/v2\/product_brand?post=11798"},{"taxonomy":"product_cat","embeddable":true,"href":"https:\/\/leoprd.ca\/fr\/wp-json\/wp\/v2\/product_cat?post=11798"},{"taxonomy":"product_tag","embeddable":true,"href":"https:\/\/leoprd.ca\/fr\/wp-json\/wp\/v2\/product_tag?post=11798"}],"curies":[{"name":"wp","href":"https:\/\/api.w.org\/{rel}","templated":true}]}}