{"id":13447,"date":"2024-03-22T13:47:52","date_gmt":"2024-03-22T17:47:52","guid":{"rendered":"https:\/\/leoprd.ca\/?post_type=product&#038;p=13447"},"modified":"2025-12-08T18:19:11","modified_gmt":"2025-12-08T22:19:11","slug":"como-dining-chair","status":"publish","type":"product","link":"https:\/\/leoprd.ca\/fr\/product\/como-dining-chair\/","title":{"rendered":"Chaise de salle \u00e0 manger Como"},"content":{"rendered":"<h1 style=\"text-align: center;\">Chaise de salle \u00e0 manger ergonomique<\/h1>\n<p style=\"text-align: center;\">D\u00e9couvrez un confort in\u00e9gal\u00e9 avec la chaise de salle \u00e0 manger Como, m\u00e9ticuleusement con\u00e7ue pour rehausser votre exp\u00e9rience de la salle \u00e0 manger. Avec son design ergonomique et ses pieds en h\u00eatre massif, cette chaise offre \u00e0 la fois style et fonctionnalit\u00e9. Explorez les options de personnalisation disponibles pour la couleur du bois et le rev\u00eatement, vous permettant de cr\u00e9er une chaise de salle \u00e0 manger parfaitement adapt\u00e9e \u00e0 vos go\u00fbts et \u00e0 votre d\u00e9cor.<\/p>\n<p><a href=\"https:\/\/leoprd.ca\/wp-content\/uploads\/2023\/11\/como-dining-table-wide-3.jpg\"><img fetchpriority=\"high\" decoding=\"async\" class=\"wp-image-11622 aligncenter\" src=\"https:\/\/leoprd.ca\/wp-content\/uploads\/2023\/11\/como-dining-table-wide-3-300x200.jpg\" alt=\"Table de salle \u00e0 manger Como - El\u00e9gance intemporelle, qualit\u00e9 sans compromis\" width=\"800\" height=\"533\" srcset=\"https:\/\/leoprd.ca\/wp-content\/uploads\/2023\/11\/como-dining-table-wide-3-300x200.jpg 300w, https:\/\/leoprd.ca\/wp-content\/uploads\/2023\/11\/como-dining-table-wide-3-1200x800.jpg 1200w, https:\/\/leoprd.ca\/wp-content\/uploads\/2023\/11\/como-dining-table-wide-3-1024x682.jpg 1024w, https:\/\/leoprd.ca\/wp-content\/uploads\/2023\/11\/como-dining-table-wide-3-768x512.jpg 768w, https:\/\/leoprd.ca\/wp-content\/uploads\/2023\/11\/como-dining-table-wide-3-1536x1024.jpg 1536w, https:\/\/leoprd.ca\/wp-content\/uploads\/2023\/11\/como-dining-table-wide-3-18x12.jpg 18w, https:\/\/leoprd.ca\/wp-content\/uploads\/2023\/11\/como-dining-table-wide-3.jpg 2000w\" sizes=\"(max-width: 800px) 100vw, 800px\" \/><\/a><\/p>\n<h3 style=\"text-align: center;\">Options de personnalisation<\/h3>\n<p style=\"text-align: center;\">Adaptez la chaise de salle \u00e0 manger Como \u00e0 vos pr\u00e9f\u00e9rences gr\u00e2ce aux couleurs de bois et aux options de rembourrage personnalisables. Les commandes en ligne offrent un large \u00e9ventail de choix, y compris deux mat\u00e9riaux diff\u00e9rents pour le rembourrage, mais d'autres options sont disponibles en magasin ou en nous contactant par t\u00e9l\u00e9phone ou par courriel. Que vous pr\u00e9f\u00e9riez une finition en cuir \u00e9l\u00e9gant ou un tissu confortable, la chaise de salle \u00e0 manger Como offre polyvalence et style pour tout espace de salle \u00e0 manger.<\/p>\n<p><a href=\"https:\/\/leoprd.ca\/wp-content\/uploads\/2023\/11\/como-dining-table-wide-2.jpg\"><img decoding=\"async\" class=\"wp-image-11621 aligncenter\" src=\"https:\/\/leoprd.ca\/wp-content\/uploads\/2023\/11\/como-dining-table-wide-2-300x200.jpg\" alt=\"Como Dining Table - Ensemble de salle \u00e0 manger contemporain\" width=\"800\" height=\"533\" srcset=\"https:\/\/leoprd.ca\/wp-content\/uploads\/2023\/11\/como-dining-table-wide-2-300x200.jpg 300w, https:\/\/leoprd.ca\/wp-content\/uploads\/2023\/11\/como-dining-table-wide-2-1200x800.jpg 1200w, https:\/\/leoprd.ca\/wp-content\/uploads\/2023\/11\/como-dining-table-wide-2-1024x682.jpg 1024w, https:\/\/leoprd.ca\/wp-content\/uploads\/2023\/11\/como-dining-table-wide-2-768x512.jpg 768w, https:\/\/leoprd.ca\/wp-content\/uploads\/2023\/11\/como-dining-table-wide-2-1536x1024.jpg 1536w, https:\/\/leoprd.ca\/wp-content\/uploads\/2023\/11\/como-dining-table-wide-2-18x12.jpg 18w, https:\/\/leoprd.ca\/wp-content\/uploads\/2023\/11\/como-dining-table-wide-2.jpg 2000w\" sizes=\"(max-width: 800px) 100vw, 800px\" \/><\/a><\/p>\n<h3 style=\"text-align: center;\">Un confort et un style in\u00e9gal\u00e9s<\/h3>\n<p style=\"text-align: center;\">Profitez d'un confort in\u00e9gal\u00e9 gr\u00e2ce au dossier ergonomique de la chaise de salle \u00e0 manger Como, con\u00e7u pour offrir un soutien optimal pendant les longs repas ou les r\u00e9unions. Son design intemporel s'int\u00e8gre parfaitement \u00e0 tout d\u00e9cor de salle \u00e0 manger, ajoutant une touche de sophistication et d'\u00e9l\u00e9gance \u00e0 votre espace. La chaise de salle \u00e0 manger Como rehausse votre exp\u00e9rience culinaire et offre une combinaison parfaite de confort, de style et de fonctionnalit\u00e9.<\/p>\n<p>&nbsp;<\/p>\n<p><strong><span style=\"color: #008000;\">Ce produit est certifi\u00e9 sous le EN 12520 des normes europ\u00e9ennes, assurant ainsi une qualit\u00e9 incomparable, la s\u00e9curit\u00e9, la durabilit\u00e9 et la force pour votre tranquillit\u00e9 d'esprit.<\/span><\/strong><\/p>\n<p>&nbsp;<\/p>\n<hr \/>\n<p style=\"text-align: center;\">","protected":false},"excerpt":{"rendered":"<p><span style=\"color: #ff0000;\">Ce produit n'est plus disponible. D\u00e9couvrez notre collection de<\/span> <span style=\"color: #0000ff;\"><strong><a style=\"color: #0000ff;\" href=\"https:\/\/leoprd.ca\/fr\/categorie-produit\/dining-room-furniture\/chairs\/\"><em>chaises de salle \u00e0 manger<\/em><\/a><\/strong><\/span>.<\/p>","protected":false},"featured_media":13449,"comment_status":"open","ping_status":"closed","template":"","meta":{"site-sidebar-layout":"default","site-content-layout":"","ast-site-content-layout":"default","site-content-style":"default","site-sidebar-style":"default","ast-global-header-display":"","ast-banner-title-visibility":"","ast-main-header-display":"","ast-hfb-above-header-display":"","ast-hfb-below-header-display":"","ast-hfb-mobile-header-display":"","site-post-title":"","ast-breadcrumbs-content":"","ast-featured-img":"","footer-sml-layout":"","ast-disable-related-posts":"","theme-transparent-header-meta":"default","adv-header-id-meta":"","stick-header-meta":"","header-above-stick-meta":"","header-main-stick-meta":"","header-below-stick-meta":"","astra-migrate-meta-layouts":"set","ast-page-background-enabled":"default","ast-page-background-meta":{"desktop":{"background-color":"","background-image":"","background-repeat":"repeat","background-position":"center center","background-size":"auto","background-attachment":"scroll","background-type":"","background-media":"","overlay-type":"","overlay-color":"","overlay-opacity":"","overlay-gradient":""},"tablet":{"background-color":"","background-image":"","background-repeat":"repeat","background-position":"center center","background-size":"auto","background-attachment":"scroll","background-type":"","background-media":"","overlay-type":"","overlay-color":"","overlay-opacity":"","overlay-gradient":""},"mobile":{"background-color":"","background-image":"","background-repeat":"repeat","background-position":"center center","background-size":"auto","background-attachment":"scroll","background-type":"","background-media":"","overlay-type":"","overlay-color":"","overlay-opacity":"","overlay-gradient":""}},"ast-content-background-meta":{"desktop":{"background-color":"var(--ast-global-color-5)","background-image":"","background-repeat":"repeat","background-position":"center center","background-size":"auto","background-attachment":"scroll","background-type":"","background-media":"","overlay-type":"","overlay-color":"","overlay-opacity":"","overlay-gradient":""},"tablet":{"background-color":"var(--ast-global-color-5)","background-image":"","background-repeat":"repeat","background-position":"center center","background-size":"auto","background-attachment":"scroll","background-type":"","background-media":"","overlay-type":"","overlay-color":"","overlay-opacity":"","overlay-gradient":""},"mobile":{"background-color":"var(--ast-global-color-5)","background-image":"","background-repeat":"repeat","background-position":"center center","background-size":"auto","background-attachment":"scroll","background-type":"","background-media":"","overlay-type":"","overlay-color":"","overlay-opacity":"","overlay-gradient":""}}},"product_brand":[],"product_cat":[69,67],"product_tag":[1017,1002,998,1018],"class_list":{"0":"post-13447","1":"product","2":"type-product","3":"status-publish","4":"has-post-thumbnail","6":"product_cat-chairs","7":"product_cat-dining-room-furniture","8":"product_tag-custom-furniture","9":"product_tag-dining-chair-canada","10":"product_tag-dining-room-chairs","11":"product_tag-upholstered-chairs","12":"pa_upholstery-cosmic_02","13":"pa_upholstery-cosmic_08","14":"pa_upholstery-cosmic_24","15":"pa_upholstery-cosmic_41","16":"pa_upholstery-cosmic_b_08","17":"pa_upholstery-cosmic_b_30","18":"pa_upholstery-cosmic_b_47","19":"pa_upholstery-cosmic_b_49","20":"pa_upholstery-picadily_9477","21":"pa_upholstery-picadily_9491","22":"desktop-align-center","23":"tablet-align-center","24":"mobile-align-center","26":"first","27":"outofstock","28":"taxable","29":"shipping-taxable","30":"purchasable","31":"product-type-variable","32":"has-default-attributes","33":"wvs-archive-product-wrapper"},"yoast_head":"<!-- This site is optimized with the Yoast SEO Premium plugin v27.2 (Yoast SEO v27.2) - https:\/\/yoast.com\/product\/yoast-seo-premium-wordpress\/ -->\n<title>Ergonomic Dining Chair - Como | LEOPARD Furniture<\/title>\n<meta name=\"description\" content=\"Discover the Como Dining Chair at LEOPARD Furniture, offering ergonomic excellence and customizable options for wood color and upholstery.\" \/>\n<meta name=\"robots\" content=\"index, follow, max-snippet:-1, max-image-preview:large, max-video-preview:-1\" \/>\n<link rel=\"canonical\" href=\"https:\/\/leoprd.ca\/fr\/product\/como-dining-chair\/\" \/>\n<meta property=\"og:locale\" content=\"fr_CA\" \/>\n<meta property=\"og:type\" content=\"article\" \/>\n<meta property=\"og:title\" content=\"Como Dining Chair\" \/>\n<meta property=\"og:description\" content=\"Discover the Como Dining Chair at LEOPARD Furniture, offering ergonomic excellence and customizable options for wood color and upholstery.\" \/>\n<meta property=\"og:url\" content=\"https:\/\/leoprd.ca\/fr\/product\/como-dining-chair\/\" \/>\n<meta property=\"og:site_name\" content=\"LEOPARD Furniture\" \/>\n<meta property=\"article:publisher\" content=\"https:\/\/www.facebook.com\/leoprd.ca\" \/>\n<meta property=\"article:modified_time\" content=\"2025-12-08T22:19:11+00:00\" \/>\n<meta property=\"og:image\" content=\"https:\/\/leoprd.ca\/wp-content\/uploads\/2024\/03\/como-dining-chair-1.jpg\" \/>\n\t<meta property=\"og:image:width\" content=\"1800\" \/>\n\t<meta property=\"og:image:height\" content=\"1800\" \/>\n\t<meta property=\"og:image:type\" content=\"image\/jpeg\" \/>\n<meta name=\"twitter:card\" content=\"summary_large_image\" \/>\n<meta name=\"twitter:label1\" content=\"Availability\" \/>\n\t<meta name=\"twitter:data1\" content=\"Out of stock\" \/>\n<script type=\"application\/ld+json\" class=\"yoast-schema-graph\">{\"@context\":\"https:\/\/schema.org\",\"@graph\":[{\"@type\":[\"WebPage\",\"ItemPage\"],\"@id\":\"https:\/\/leoprd.ca\/fr\/product\/como-dining-chair\/\",\"url\":\"https:\/\/leoprd.ca\/fr\/product\/como-dining-chair\/\",\"name\":\"Ergonomic Dining Chair - Como | LEOPARD Furniture\",\"isPartOf\":{\"@id\":\"https:\/\/leoprd.ca\/fr\/#website\"},\"primaryImageOfPage\":{\"@id\":\"https:\/\/leoprd.ca\/fr\/product\/como-dining-chair\/#primaryimage\"},\"image\":{\"@id\":\"https:\/\/leoprd.ca\/fr\/product\/como-dining-chair\/#primaryimage\"},\"thumbnailUrl\":\"https:\/\/leoprd.ca\/wp-content\/uploads\/2024\/03\/como-dining-chair-1.jpg\",\"datePublished\":\"2024-03-22T17:47:52+00:00\",\"dateModified\":\"2025-12-08T22:19:11+00:00\",\"description\":\"Discover the Como Dining Chair at LEOPARD Furniture, offering ergonomic excellence and customizable options for wood color and upholstery.\",\"breadcrumb\":{\"@id\":\"https:\/\/leoprd.ca\/fr\/product\/como-dining-chair\/#breadcrumb\"},\"inLanguage\":\"fr-CA\",\"potentialAction\":[{\"@type\":\"ReadAction\",\"target\":[\"https:\/\/leoprd.ca\/fr\/product\/como-dining-chair\/\"]}]},{\"@type\":\"ImageObject\",\"inLanguage\":\"fr-CA\",\"@id\":\"https:\/\/leoprd.ca\/fr\/product\/como-dining-chair\/#primaryimage\",\"url\":\"https:\/\/leoprd.ca\/wp-content\/uploads\/2024\/03\/como-dining-chair-1.jpg\",\"contentUrl\":\"https:\/\/leoprd.ca\/wp-content\/uploads\/2024\/03\/como-dining-chair-1.jpg\",\"width\":1800,\"height\":1800,\"caption\":\"ergonomic dining chair como in light grey\"},{\"@type\":\"BreadcrumbList\",\"@id\":\"https:\/\/leoprd.ca\/fr\/product\/como-dining-chair\/#breadcrumb\",\"itemListElement\":[{\"@type\":\"ListItem\",\"position\":1,\"name\":\"Home\",\"item\":\"https:\/\/leoprd.ca\/\"},{\"@type\":\"ListItem\",\"position\":2,\"name\":\"Shop\",\"item\":\"https:\/\/leoprd.ca\/shop\/\"},{\"@type\":\"ListItem\",\"position\":3,\"name\":\"Como Dining Chair\"}]},{\"@type\":\"WebSite\",\"@id\":\"https:\/\/leoprd.ca\/fr\/#website\",\"url\":\"https:\/\/leoprd.ca\/fr\/\",\"name\":\"LEOPARD Furniture\",\"description\":\"Furniture store\",\"publisher\":{\"@id\":\"https:\/\/leoprd.ca\/fr\/#organization\"},\"alternateName\":\"Meubles L\u00c9OPARD\",\"potentialAction\":[{\"@type\":\"SearchAction\",\"target\":{\"@type\":\"EntryPoint\",\"urlTemplate\":\"https:\/\/leoprd.ca\/fr\/?s={search_term_string}\"},\"query-input\":{\"@type\":\"PropertyValueSpecification\",\"valueRequired\":true,\"valueName\":\"search_term_string\"}}],\"inLanguage\":\"fr-CA\"},{\"@type\":\"Organization\",\"@id\":\"https:\/\/leoprd.ca\/fr\/#organization\",\"name\":\"LEOPARD Furniture\",\"alternateName\":\"Meuble LEOPARD\",\"url\":\"https:\/\/leoprd.ca\/fr\/\",\"logo\":{\"@type\":\"ImageObject\",\"inLanguage\":\"fr-CA\",\"@id\":\"https:\/\/leoprd.ca\/fr\/#\/schema\/logo\/image\/\",\"url\":\"https:\/\/leoprd.ca\/wp-content\/uploads\/2022\/05\/logo-silver-mid.png\",\"contentUrl\":\"https:\/\/leoprd.ca\/wp-content\/uploads\/2022\/05\/logo-silver-mid.png\",\"width\":400,\"height\":400,\"caption\":\"LEOPARD Furniture\"},\"image\":{\"@id\":\"https:\/\/leoprd.ca\/fr\/#\/schema\/logo\/image\/\"},\"sameAs\":[\"https:\/\/www.facebook.com\/leoprd.ca\",\"https:\/\/mastodon.social\/@leopardfurniture\",\"https:\/\/www.instagram.com\/leopardcanada\/\",\"https:\/\/www.linkedin.com\/company\/leopard-trading-company\/\",\"https:\/\/www.youtube.com\/@leopardcanada\"],\"description\":\"LEOPARD Furniture, a Canadian-born legacy headquartered in the vibrant city of Montreal, Quebec, with a prime location in Brossard. At LEOPARD, we curate the finest furniture selections from premium-quality and esteemed international manufacturers. Our commitment lies in customization and the importation of high-end products. Our Commitment to Quality and Excellence Reliability You Can Trust Built on five pillars \u2013 trust, reliability, customer satisfaction, excellence, and innovation \u2013 LEOPARD Furniture has been a reliable name in the furniture industry. Our commitment to quality and transparency ensures that every piece you select resonates with durability and aesthetic brilliance. Award-Winning Designs Immerse yourself in a world of award-winning designs curated to elevate your living spaces. Our products have been recognized for their innovation and style, showcasing a commitment to staying ahead of design trends. Unparalleled Interior Design Services Personalized 3D Design and AR Experience Embark on a personalized interior design journey with LEOPARD Furniture. Our team, equipped with cutting-edge technology, offers 3D design and Augmented Reality (AR) experiences, allowing you to visualize your dream space before making a decision. LEOPARD Furniture is a furniture store, not just a furniture store; we are creators of lifestyle. Every piece tells a story, and we invite you to be a part of this narrative. Visit our showroom in Brossard or explore our online gallery.\",\"email\":\"info@leoprd.ca\",\"telephone\":\"+1 (514) 655-8447\",\"legalName\":\"LEOPARD CA INC.\",\"hasMerchantReturnPolicy\":{\"@type\":\"MerchantReturnPolicy\",\"merchantReturnLink\":\"https:\/\/leoprd.ca\/fr\/exchange-return-and-refund\/\"}}]}<\/script>\n<meta property=\"og:availability\" content=\"out of stock\" \/>\n<meta property=\"product:availability\" content=\"out of stock\" \/>\n<meta property=\"product:retailer_item_id\" content=\"LEO64527\" \/>\n<meta property=\"product:condition\" content=\"new\" \/>\n<!-- \/ Yoast SEO Premium plugin. -->","yoast_head_json":{"title":"Chaise de salle \u00e0 manger ergonomique - Como | LEOPARD Mobilier","description":"D\u00e9couvrez la chaise de salle \u00e0 manger Como chez LEOPARD Furniture, offrant une excellence ergonomique et des options personnalisables pour la couleur du bois et le rembourrage.","robots":{"index":"index","follow":"follow","max-snippet":"max-snippet:-1","max-image-preview":"max-image-preview:large","max-video-preview":"max-video-preview:-1"},"canonical":"https:\/\/leoprd.ca\/fr\/product\/como-dining-chair\/","og_locale":"fr_CA","og_type":"article","og_title":"Como Dining Chair","og_description":"Discover the Como Dining Chair at LEOPARD Furniture, offering ergonomic excellence and customizable options for wood color and upholstery.","og_url":"https:\/\/leoprd.ca\/fr\/product\/como-dining-chair\/","og_site_name":"LEOPARD Furniture","article_publisher":"https:\/\/www.facebook.com\/leoprd.ca","article_modified_time":"2025-12-08T22:19:11+00:00","og_image":[{"width":1800,"height":1800,"url":"https:\/\/leoprd.ca\/wp-content\/uploads\/2024\/03\/como-dining-chair-1.jpg","type":"image\/jpeg"}],"twitter_card":"summary_large_image","twitter_misc":{"Availability":"Out of stock"},"schema":{"@context":"https:\/\/schema.org","@graph":[{"@type":["WebPage","ItemPage"],"@id":"https:\/\/leoprd.ca\/fr\/product\/como-dining-chair\/","url":"https:\/\/leoprd.ca\/fr\/product\/como-dining-chair\/","name":"Chaise de salle \u00e0 manger ergonomique - Como | LEOPARD Mobilier","isPartOf":{"@id":"https:\/\/leoprd.ca\/fr\/#website"},"primaryImageOfPage":{"@id":"https:\/\/leoprd.ca\/fr\/product\/como-dining-chair\/#primaryimage"},"image":{"@id":"https:\/\/leoprd.ca\/fr\/product\/como-dining-chair\/#primaryimage"},"thumbnailUrl":"https:\/\/leoprd.ca\/wp-content\/uploads\/2024\/03\/como-dining-chair-1.jpg","datePublished":"2024-03-22T17:47:52+00:00","dateModified":"2025-12-08T22:19:11+00:00","description":"D\u00e9couvrez la chaise de salle \u00e0 manger Como chez LEOPARD Furniture, offrant une excellence ergonomique et des options personnalisables pour la couleur du bois et le rembourrage.","breadcrumb":{"@id":"https:\/\/leoprd.ca\/fr\/product\/como-dining-chair\/#breadcrumb"},"inLanguage":"fr-CA","potentialAction":[{"@type":"ReadAction","target":["https:\/\/leoprd.ca\/fr\/product\/como-dining-chair\/"]}]},{"@type":"ImageObject","inLanguage":"fr-CA","@id":"https:\/\/leoprd.ca\/fr\/product\/como-dining-chair\/#primaryimage","url":"https:\/\/leoprd.ca\/wp-content\/uploads\/2024\/03\/como-dining-chair-1.jpg","contentUrl":"https:\/\/leoprd.ca\/wp-content\/uploads\/2024\/03\/como-dining-chair-1.jpg","width":1800,"height":1800,"caption":"ergonomic dining chair como in light grey"},{"@type":"BreadcrumbList","@id":"https:\/\/leoprd.ca\/fr\/product\/como-dining-chair\/#breadcrumb","itemListElement":[{"@type":"ListItem","position":1,"name":"Home","item":"https:\/\/leoprd.ca\/"},{"@type":"ListItem","position":2,"name":"Shop","item":"https:\/\/leoprd.ca\/shop\/"},{"@type":"ListItem","position":3,"name":"Como Dining Chair"}]},{"@type":"WebSite","@id":"https:\/\/leoprd.ca\/fr\/#website","url":"https:\/\/leoprd.ca\/fr\/","name":"Meubles LEOPARD","description":"Magasin de meubles","publisher":{"@id":"https:\/\/leoprd.ca\/fr\/#organization"},"alternateName":"Meubles L\u00c9OPARD","potentialAction":[{"@type":"SearchAction","target":{"@type":"EntryPoint","urlTemplate":"https:\/\/leoprd.ca\/fr\/?s={search_term_string}"},"query-input":{"@type":"PropertyValueSpecification","valueRequired":true,"valueName":"search_term_string"}}],"inLanguage":"fr-CA"},{"@type":"Organization","@id":"https:\/\/leoprd.ca\/fr\/#organization","name":"Meubles LEOPARD","alternateName":"Meuble LEOPARD","url":"https:\/\/leoprd.ca\/fr\/","logo":{"@type":"ImageObject","inLanguage":"fr-CA","@id":"https:\/\/leoprd.ca\/fr\/#\/schema\/logo\/image\/","url":"https:\/\/leoprd.ca\/wp-content\/uploads\/2022\/05\/logo-silver-mid.png","contentUrl":"https:\/\/leoprd.ca\/wp-content\/uploads\/2022\/05\/logo-silver-mid.png","width":400,"height":400,"caption":"LEOPARD Furniture"},"image":{"@id":"https:\/\/leoprd.ca\/fr\/#\/schema\/logo\/image\/"},"sameAs":["https:\/\/www.facebook.com\/leoprd.ca","https:\/\/mastodon.social\/@leopardfurniture","https:\/\/www.instagram.com\/leopardcanada\/","https:\/\/www.linkedin.com\/company\/leopard-trading-company\/","https:\/\/www.youtube.com\/@leopardcanada"],"description":"Meubles LEOPARD, une entreprise d'origine canadienne dont le si\u00e8ge social est situ\u00e9 dans la ville dynamique de Montr\u00e9al, au Qu\u00e9bec, avec un emplacement de choix \u00e0 Brossard. Chez LEOPARD, nous s\u00e9lectionnons les meubles les plus raffin\u00e9s aupr\u00e8s de fabricants internationaux r\u00e9put\u00e9s et de qualit\u00e9 sup\u00e9rieure. Notre engagement r\u00e9side dans la personnalisation et l'importation de produits haut de gamme. Notre engagement envers la qualit\u00e9 et l'excellence Une fiabilit\u00e9 \u00e0 laquelle vous pouvez vous fier Fond\u00e9e sur cinq piliers - la confiance, la fiabilit\u00e9, la satisfaction de la client\u00e8le, l'excellence et l'innovation - Meubles LEOPARD est un nom fiable dans l'industrie de l'ameublement. Notre engagement en faveur de la qualit\u00e9 et de la transparence garantit que chaque pi\u00e8ce que vous choisissez est synonyme de durabilit\u00e9 et de brillance esth\u00e9tique. Designs prim\u00e9s Plongez dans un monde de designs prim\u00e9s, con\u00e7us pour \u00e9lever vos espaces de vie. Nos produits ont \u00e9t\u00e9 reconnus pour leur innovation et leur style, t\u00e9moignant de notre engagement \u00e0 rester \u00e0 la pointe des tendances en mati\u00e8re de design. Services de design d'int\u00e9rieur in\u00e9gal\u00e9s Design 3D personnalis\u00e9 et exp\u00e9rience AR Embarquez pour un voyage de design d'int\u00e9rieur personnalis\u00e9 avec LEOPARD Furniture. Notre \u00e9quipe, \u00e9quip\u00e9e d'une technologie de pointe, propose des exp\u00e9riences de conception en 3D et de r\u00e9alit\u00e9 augment\u00e9e (RA), vous permettant de visualiser l'espace de vos r\u00eaves avant de prendre une d\u00e9cision. LEOPARD Furniture est un magasin de meubles, pas seulement un magasin de meubles ; nous sommes des cr\u00e9ateurs de style de vie. Chaque pi\u00e8ce raconte une histoire, et nous vous invitons \u00e0 faire partie de ce r\u00e9cit. Visitez notre salle d'exposition \u00e0 Brossard ou explorez notre galerie en ligne.","email":"info@leoprd.ca","telephone":"+1 (514) 655-8447","legalName":"LEOPARD CA INC.","hasMerchantReturnPolicy":{"@type":"MerchantReturnPolicy","merchantReturnLink":"https:\/\/leoprd.ca\/fr\/exchange-return-and-refund\/"}}]},"og_availability":"out of stock","product_availability":"out of stock","product_retailer_item_id":"LEO64527","product_condition":"new"},"_links":{"self":[{"href":"https:\/\/leoprd.ca\/fr\/wp-json\/wp\/v2\/product\/13447","targetHints":{"allow":["GET"]}}],"collection":[{"href":"https:\/\/leoprd.ca\/fr\/wp-json\/wp\/v2\/product"}],"about":[{"href":"https:\/\/leoprd.ca\/fr\/wp-json\/wp\/v2\/types\/product"}],"replies":[{"embeddable":true,"href":"https:\/\/leoprd.ca\/fr\/wp-json\/wp\/v2\/comments?post=13447"}],"wp:featuredmedia":[{"embeddable":true,"href":"https:\/\/leoprd.ca\/fr\/wp-json\/wp\/v2\/media\/13449"}],"wp:attachment":[{"href":"https:\/\/leoprd.ca\/fr\/wp-json\/wp\/v2\/media?parent=13447"}],"wp:term":[{"taxonomy":"product_brand","embeddable":true,"href":"https:\/\/leoprd.ca\/fr\/wp-json\/wp\/v2\/product_brand?post=13447"},{"taxonomy":"product_cat","embeddable":true,"href":"https:\/\/leoprd.ca\/fr\/wp-json\/wp\/v2\/product_cat?post=13447"},{"taxonomy":"product_tag","embeddable":true,"href":"https:\/\/leoprd.ca\/fr\/wp-json\/wp\/v2\/product_tag?post=13447"}],"curies":[{"name":"wp","href":"https:\/\/api.w.org\/{rel}","templated":true}]}}