{"id":13452,"date":"2024-03-22T15:10:01","date_gmt":"2024-03-22T19:10:01","guid":{"rendered":"https:\/\/leoprd.ca\/?post_type=product&#038;p=13452"},"modified":"2026-04-19T05:46:04","modified_gmt":"2026-04-19T09:46:04","slug":"loop-dining-table","status":"publish","type":"product","link":"https:\/\/leoprd.ca\/fr\/product\/loop-dining-table\/","title":{"rendered":"Table \u00e0 manger Loop"},"content":{"rendered":"<h1 style=\"text-align: center;\">Substantial Oval Dining Table<\/h1>\n<p style=\"text-align: center;\">La table de salle \u00e0 manger Loop est l'incarnation m\u00eame de l'\u00e9l\u00e9gance et de la sophistication. Elle constitue un ajout remarquable \u00e0 tout espace de salle \u00e0 manger. Fabriqu\u00e9e avec une attention m\u00e9ticuleuse aux d\u00e9tails, cette table pr\u00e9sente une silhouette ovale qui exsude un charme contemporain et un attrait intemporel. Disponible en trois tailles, la table de salle \u00e0 manger Loop s'adapte aux diff\u00e9rentes dimensions de la pi\u00e8ce et \u00e0 la disposition des places assises.<\/p>\n<p><a href=\"https:\/\/leoprd.ca\/wp-content\/uploads\/2024\/12\/wide-york-chair-2.jpg\"><img fetchpriority=\"high\" decoding=\"async\" class=\"wp-image-17106 aligncenter\" src=\"https:\/\/leoprd.ca\/wp-content\/uploads\/2024\/12\/wide-york-chair-2-300x200.jpg\" alt=\"\" width=\"800\" height=\"533\" srcset=\"https:\/\/leoprd.ca\/wp-content\/uploads\/2024\/12\/wide-york-chair-2-300x200.jpg 300w, https:\/\/leoprd.ca\/wp-content\/uploads\/2024\/12\/wide-york-chair-2-1200x801.jpg 1200w, https:\/\/leoprd.ca\/wp-content\/uploads\/2024\/12\/wide-york-chair-2-1024x683.jpg 1024w, https:\/\/leoprd.ca\/wp-content\/uploads\/2024\/12\/wide-york-chair-2-768x512.jpg 768w, https:\/\/leoprd.ca\/wp-content\/uploads\/2024\/12\/wide-york-chair-2-1536x1025.jpg 1536w, https:\/\/leoprd.ca\/wp-content\/uploads\/2024\/12\/wide-york-chair-2-2048x1367.jpg 2048w, https:\/\/leoprd.ca\/wp-content\/uploads\/2024\/12\/wide-york-chair-2-18x12.jpg 18w\" sizes=\"(max-width: 800px) 100vw, 800px\" \/><\/a><\/p>\n<p>&nbsp;<\/p>\n<h3 style=\"text-align: center;\">Design contemporain et options polyvalentes<\/h3>\n<p style=\"text-align: center;\">Dot\u00e9e d'un design \u00e9l\u00e9gant et moderne, la table \u00e0 manger Loop rehausse sans effort l'ambiance de votre salle \u00e0 manger. Choisissez entre deux options de plateaux de table exquis pour r\u00e9pondre \u00e0 vos pr\u00e9f\u00e9rences : bois luxueux ou plateau de table \u00e9l\u00e9gant. <strong>C\u00e9ramique italienne<\/strong>. Les deux mat\u00e9riaux sont travaill\u00e9s \u00e0 la perfection, garantissant une durabilit\u00e9 et une allure visuelle qui r\u00e9sistent \u00e0 l'\u00e9preuve du temps. Que vous pr\u00e9f\u00e9riez l'allure chaleureuse et accueillante du bois ou la sophistication \u00e9l\u00e9gante de la c\u00e9ramique italienne, la table de salle \u00e0 manger Loop offre un style et une fonctionnalit\u00e9 in\u00e9gal\u00e9s.<\/p>\n<p style=\"text-align: center;\"><a href=\"https:\/\/leoprd.ca\/wp-content\/uploads\/2024\/03\/W-Loop-oval-dining-table-1.jpg\"><img decoding=\"async\" class=\"wp-image-13461 aligncenter\" src=\"https:\/\/leoprd.ca\/wp-content\/uploads\/2024\/03\/W-Loop-oval-dining-table-1-300x200.jpg\" alt=\"\" width=\"800\" height=\"533\" srcset=\"https:\/\/leoprd.ca\/wp-content\/uploads\/2024\/03\/W-Loop-oval-dining-table-1-300x200.jpg 300w, https:\/\/leoprd.ca\/wp-content\/uploads\/2024\/03\/W-Loop-oval-dining-table-1-1200x800.jpg 1200w, https:\/\/leoprd.ca\/wp-content\/uploads\/2024\/03\/W-Loop-oval-dining-table-1-1024x683.jpg 1024w, https:\/\/leoprd.ca\/wp-content\/uploads\/2024\/03\/W-Loop-oval-dining-table-1-768x512.jpg 768w, https:\/\/leoprd.ca\/wp-content\/uploads\/2024\/03\/W-Loop-oval-dining-table-1-1536x1024.jpg 1536w, https:\/\/leoprd.ca\/wp-content\/uploads\/2024\/03\/W-Loop-oval-dining-table-1-2048x1366.jpg 2048w, https:\/\/leoprd.ca\/wp-content\/uploads\/2024\/03\/W-Loop-oval-dining-table-1-18x12.jpg 18w\" sizes=\"(max-width: 800px) 100vw, 800px\" \/><\/a><\/p>\n<h3 style=\"text-align: center;\">Un savoir-faire exceptionnel et une qualit\u00e9 in\u00e9gal\u00e9e<\/h3>\n<p style=\"text-align: center;\">Chez LEOPARD Furniture, nous donnons la priorit\u00e9 \u00e0 la qualit\u00e9 et \u00e0 l'artisanat, et la table \u00e0 manger Loop ne fait pas exception \u00e0 la r\u00e8gle. Chaque table est m\u00e9ticuleusement fabriqu\u00e9e par des artisans qualifi\u00e9s, en utilisant les meilleurs mat\u00e9riaux et techniques pour assurer la durabilit\u00e9 et la long\u00e9vit\u00e9. La forme ovale de la table cr\u00e9e un sentiment d'ouverture et de fluidit\u00e9, favorisant la conversation et la camaraderie pendant les repas. La table de salle \u00e0 manger Loop rehausse votre exp\u00e9rience de la table, o\u00f9 le style et la fonctionnalit\u00e9 se rencontrent en parfaite harmonie.<\/p>\n<p>&nbsp;<\/p>\n<hr \/>\n<p>&nbsp;<\/p>","protected":false},"excerpt":{"rendered":"<div class='yrm-content yrm-content-3 yrm-content-hide' id='yrm-KGY2w' data-id='3' data-show-status='false' data-after-action='' style=\"visibility: hidden;height: 0;\">\n<div id='yrm-inner-content-yrm-KGY2w' class='yrm-inner-content-wrapper yrm-cntent-3'>La table de salle \u00e0 manger Loop, au design ovale contemporain et \u00e0 l'aspect luxueux, rehausse votre espace repas. <strong>en bois<\/strong> ou <strong>C\u00e9ramique italienne<\/strong> options de plateau. Disponible en trois tailles, cette table incarne l'\u00e9l\u00e9gance et la sophistication pour des repas m\u00e9morables.<\/div>\n<\/p><\/div>\n<div class='yrm-btn-wrapper yrm-btn-wrapper-3 yrm-more-button-wrapper .introductionsee'\n\t\tdata-custom-more-class-name='.introductionsee' data-custom-less-class-name='.introductionsee'><span title='' data-less-title='' data-more-title='' class='yrm-toggle-expand  yrm-toggle-expand-3' data-rel='yrm-KGY2w' data-more='Introduction' data-less='See less'><span class='yrm-text-wrapper yrm-text-wrapper-custom-dimensions'><span class=\"yrm-button-text-3 yrm-button-text-span\">Introduction<\/span><\/span><\/span><\/div>","protected":false},"featured_media":13456,"comment_status":"open","ping_status":"closed","template":"","meta":{"site-sidebar-layout":"default","site-content-layout":"","ast-site-content-layout":"default","site-content-style":"default","site-sidebar-style":"default","ast-global-header-display":"","ast-banner-title-visibility":"","ast-main-header-display":"","ast-hfb-above-header-display":"","ast-hfb-below-header-display":"","ast-hfb-mobile-header-display":"","site-post-title":"","ast-breadcrumbs-content":"","ast-featured-img":"","footer-sml-layout":"","ast-disable-related-posts":"","theme-transparent-header-meta":"default","adv-header-id-meta":"","stick-header-meta":"","header-above-stick-meta":"","header-main-stick-meta":"","header-below-stick-meta":"","astra-migrate-meta-layouts":"set","ast-page-background-enabled":"default","ast-page-background-meta":{"desktop":{"background-color":"","background-image":"","background-repeat":"repeat","background-position":"center center","background-size":"auto","background-attachment":"scroll","background-type":"","background-media":"","overlay-type":"","overlay-color":"","overlay-opacity":"","overlay-gradient":""},"tablet":{"background-color":"","background-image":"","background-repeat":"repeat","background-position":"center center","background-size":"auto","background-attachment":"scroll","background-type":"","background-media":"","overlay-type":"","overlay-color":"","overlay-opacity":"","overlay-gradient":""},"mobile":{"background-color":"","background-image":"","background-repeat":"repeat","background-position":"center center","background-size":"auto","background-attachment":"scroll","background-type":"","background-media":"","overlay-type":"","overlay-color":"","overlay-opacity":"","overlay-gradient":""}},"ast-content-background-meta":{"desktop":{"background-color":"var(--ast-global-color-5)","background-image":"","background-repeat":"repeat","background-position":"center center","background-size":"auto","background-attachment":"scroll","background-type":"","background-media":"","overlay-type":"","overlay-color":"","overlay-opacity":"","overlay-gradient":""},"tablet":{"background-color":"var(--ast-global-color-5)","background-image":"","background-repeat":"repeat","background-position":"center center","background-size":"auto","background-attachment":"scroll","background-type":"","background-media":"","overlay-type":"","overlay-color":"","overlay-opacity":"","overlay-gradient":""},"mobile":{"background-color":"var(--ast-global-color-5)","background-image":"","background-repeat":"repeat","background-position":"center center","background-size":"auto","background-attachment":"scroll","background-type":"","background-media":"","overlay-type":"","overlay-color":"","overlay-opacity":"","overlay-gradient":""}}},"product_brand":[],"product_cat":[67,68],"product_tag":[1672,895,1020,997,1009,1012,986,977],"class_list":{"0":"post-13452","1":"product","2":"type-product","3":"status-publish","4":"has-post-thumbnail","6":"product_cat-dining-room-furniture","7":"product_cat-tables","8":"product_tag-3d","9":"product_tag-ar","10":"product_tag-ceramic-dining-tables","11":"product_tag-dark-tables","12":"product_tag-marble-dining-tables","13":"product_tag-modern-dining-tables","14":"product_tag-round-dining-tables","15":"product_tag-tables","16":"desktop-align-center","17":"tablet-align-center","18":"mobile-align-center","20":"first","21":"onbackorder","22":"taxable","23":"shipping-taxable","24":"purchasable","25":"product-type-variable","26":"has-default-attributes","27":"wvs-archive-product-wrapper"},"yoast_head":"<!-- This site is optimized with the Yoast SEO Premium plugin v27.3 (Yoast SEO v27.3) - https:\/\/yoast.com\/product\/yoast-seo-premium-wordpress\/ -->\n<title>Substantial Oval Dining Table - Loop | Wooden &amp; Ceramic<\/title>\n<meta name=\"description\" content=\"Loop Dining Table - LEOPARD Furniture. With contemporary substantial oval design and luxurious wooden or ceramic options.\" \/>\n<meta name=\"robots\" content=\"index, follow, max-snippet:-1, max-image-preview:large, max-video-preview:-1\" \/>\n<link rel=\"canonical\" href=\"https:\/\/leoprd.ca\/fr\/product\/loop-dining-table\/\" \/>\n<meta property=\"og:locale\" content=\"fr_CA\" \/>\n<meta property=\"og:type\" content=\"article\" \/>\n<meta property=\"og:title\" content=\"Loop Dining Table\" \/>\n<meta property=\"og:description\" content=\"Loop Dining Table - LEOPARD Furniture. With contemporary substantial oval design and luxurious wooden or ceramic options.\" \/>\n<meta property=\"og:url\" content=\"https:\/\/leoprd.ca\/fr\/product\/loop-dining-table\/\" \/>\n<meta property=\"og:site_name\" content=\"LEOPARD Furniture\" \/>\n<meta property=\"article:publisher\" content=\"https:\/\/www.facebook.com\/leoprd.ca\" \/>\n<meta property=\"article:modified_time\" content=\"2026-04-19T09:46:04+00:00\" \/>\n<meta property=\"og:image\" content=\"https:\/\/leoprd.ca\/wp-content\/uploads\/2024\/03\/Loop-oval-dining-table-2n.jpg\" \/>\n\t<meta property=\"og:image:width\" content=\"1800\" \/>\n\t<meta property=\"og:image:height\" content=\"1800\" \/>\n\t<meta property=\"og:image:type\" content=\"image\/jpeg\" \/>\n<meta name=\"twitter:card\" content=\"summary_large_image\" \/>\n<meta name=\"twitter:label1\" content=\"Availability\" \/>\n\t<meta name=\"twitter:data1\" content=\"On backorder\" \/>\n<script type=\"application\/ld+json\" class=\"yoast-schema-graph\">{\"@context\":\"https:\\\/\\\/schema.org\",\"@graph\":[{\"@type\":[\"WebPage\",\"ItemPage\"],\"@id\":\"https:\\\/\\\/leoprd.ca\\\/fr\\\/product\\\/loop-dining-table\\\/\",\"url\":\"https:\\\/\\\/leoprd.ca\\\/fr\\\/product\\\/loop-dining-table\\\/\",\"name\":\"Substantial Oval Dining Table - Loop | Wooden & Ceramic\",\"isPartOf\":{\"@id\":\"https:\\\/\\\/leoprd.ca\\\/fr\\\/#website\"},\"primaryImageOfPage\":{\"@id\":\"https:\\\/\\\/leoprd.ca\\\/fr\\\/product\\\/loop-dining-table\\\/#primaryimage\"},\"image\":{\"@id\":\"https:\\\/\\\/leoprd.ca\\\/fr\\\/product\\\/loop-dining-table\\\/#primaryimage\"},\"thumbnailUrl\":\"https:\\\/\\\/leoprd.ca\\\/wp-content\\\/uploads\\\/2024\\\/03\\\/Loop-oval-dining-table-2n.jpg\",\"datePublished\":\"2024-03-22T19:10:01+00:00\",\"dateModified\":\"2026-04-19T09:46:04+00:00\",\"description\":\"Loop Dining Table - LEOPARD Furniture. With contemporary substantial oval design and luxurious wooden or ceramic options.\",\"breadcrumb\":{\"@id\":\"https:\\\/\\\/leoprd.ca\\\/fr\\\/product\\\/loop-dining-table\\\/#breadcrumb\"},\"inLanguage\":\"fr-CA\",\"potentialAction\":[{\"@type\":\"ReadAction\",\"target\":[\"https:\\\/\\\/leoprd.ca\\\/fr\\\/product\\\/loop-dining-table\\\/\"]}]},{\"@type\":\"ImageObject\",\"inLanguage\":\"fr-CA\",\"@id\":\"https:\\\/\\\/leoprd.ca\\\/fr\\\/product\\\/loop-dining-table\\\/#primaryimage\",\"url\":\"https:\\\/\\\/leoprd.ca\\\/wp-content\\\/uploads\\\/2024\\\/03\\\/Loop-oval-dining-table-2n.jpg\",\"contentUrl\":\"https:\\\/\\\/leoprd.ca\\\/wp-content\\\/uploads\\\/2024\\\/03\\\/Loop-oval-dining-table-2n.jpg\",\"width\":1800,\"height\":1800,\"caption\":\"Oval marble dining table with modern metal base on white background from LEOPARD Furniture, Canada.\"},{\"@type\":\"BreadcrumbList\",\"@id\":\"https:\\\/\\\/leoprd.ca\\\/fr\\\/product\\\/loop-dining-table\\\/#breadcrumb\",\"itemListElement\":[{\"@type\":\"ListItem\",\"position\":1,\"name\":\"Home\",\"item\":\"https:\\\/\\\/leoprd.ca\\\/\"},{\"@type\":\"ListItem\",\"position\":2,\"name\":\"Shop\",\"item\":\"https:\\\/\\\/leoprd.ca\\\/shop\\\/\"},{\"@type\":\"ListItem\",\"position\":3,\"name\":\"Loop Dining Table\"}]},{\"@type\":\"WebSite\",\"@id\":\"https:\\\/\\\/leoprd.ca\\\/fr\\\/#website\",\"url\":\"https:\\\/\\\/leoprd.ca\\\/fr\\\/\",\"name\":\"LEOPARD Furniture\",\"description\":\"Furniture store\",\"publisher\":{\"@id\":\"https:\\\/\\\/leoprd.ca\\\/fr\\\/#organization\"},\"alternateName\":\"Meubles L\u00c9OPARD\",\"potentialAction\":[{\"@type\":\"SearchAction\",\"target\":{\"@type\":\"EntryPoint\",\"urlTemplate\":\"https:\\\/\\\/leoprd.ca\\\/fr\\\/?s={search_term_string}\"},\"query-input\":{\"@type\":\"PropertyValueSpecification\",\"valueRequired\":true,\"valueName\":\"search_term_string\"}}],\"inLanguage\":\"fr-CA\"},{\"@type\":\"Organization\",\"@id\":\"https:\\\/\\\/leoprd.ca\\\/fr\\\/#organization\",\"name\":\"LEOPARD Furniture\",\"alternateName\":\"Meuble LEOPARD\",\"url\":\"https:\\\/\\\/leoprd.ca\\\/fr\\\/\",\"logo\":{\"@type\":\"ImageObject\",\"inLanguage\":\"fr-CA\",\"@id\":\"https:\\\/\\\/leoprd.ca\\\/fr\\\/#\\\/schema\\\/logo\\\/image\\\/\",\"url\":\"https:\\\/\\\/leoprd.ca\\\/wp-content\\\/uploads\\\/2022\\\/05\\\/logo-silver-mid.png\",\"contentUrl\":\"https:\\\/\\\/leoprd.ca\\\/wp-content\\\/uploads\\\/2022\\\/05\\\/logo-silver-mid.png\",\"width\":400,\"height\":400,\"caption\":\"LEOPARD Furniture\"},\"image\":{\"@id\":\"https:\\\/\\\/leoprd.ca\\\/fr\\\/#\\\/schema\\\/logo\\\/image\\\/\"},\"sameAs\":[\"https:\\\/\\\/www.facebook.com\\\/leoprd.ca\",\"https:\\\/\\\/mastodon.social\\\/@leopardfurniture\",\"https:\\\/\\\/www.instagram.com\\\/leopardcanada\\\/\",\"https:\\\/\\\/www.linkedin.com\\\/company\\\/leopard-trading-company\\\/\",\"https:\\\/\\\/www.youtube.com\\\/@leopardcanada\"],\"description\":\"LEOPARD Furniture, a Canadian-born legacy headquartered in the vibrant city of Montreal, Quebec, with a prime location in Brossard. At LEOPARD, we curate the finest furniture selections from premium-quality and esteemed international manufacturers. Our commitment lies in customization and the importation of high-end products. Our Commitment to Quality and Excellence Reliability You Can Trust Built on five pillars \u2013 trust, reliability, customer satisfaction, excellence, and innovation \u2013 LEOPARD Furniture has been a reliable name in the furniture industry. Our commitment to quality and transparency ensures that every piece you select resonates with durability and aesthetic brilliance. Award-Winning Designs Immerse yourself in a world of award-winning designs curated to elevate your living spaces. Our products have been recognized for their innovation and style, showcasing a commitment to staying ahead of design trends. Unparalleled Interior Design Services Personalized 3D Design and AR Experience Embark on a personalized interior design journey with LEOPARD Furniture. Our team, equipped with cutting-edge technology, offers 3D design and Augmented Reality (AR) experiences, allowing you to visualize your dream space before making a decision. LEOPARD Furniture is a furniture store, not just a furniture store; we are creators of lifestyle. Every piece tells a story, and we invite you to be a part of this narrative. Visit our showroom in Brossard or explore our online gallery.\",\"email\":\"info@leoprd.ca\",\"telephone\":\"+1 (514) 655-8447\",\"legalName\":\"LEOPARD CA INC.\",\"hasMerchantReturnPolicy\":{\"@type\":\"MerchantReturnPolicy\",\"merchantReturnLink\":\"https:\\\/\\\/leoprd.ca\\\/fr\\\/exchange-return-and-refund\\\/\"}}]}<\/script>\n<meta property=\"og:availability\" content=\"backorder\" \/>\n<meta property=\"product:availability\" content=\"available for order\" \/>\n<meta property=\"product:retailer_item_id\" content=\"LEO76537\" \/>\n<meta property=\"product:condition\" content=\"new\" \/>\n<!-- \/ Yoast SEO Premium plugin. -->","yoast_head_json":{"title":"Substantielle table \u00e0 manger ovale - Loop | Bois et c\u00e9ramique","description":"Table de salle \u00e0 manger Loop - Meubles LEOPARD. Avec un design contemporain ovale substantiel et des options luxueuses en bois ou en c\u00e9ramique.","robots":{"index":"index","follow":"follow","max-snippet":"max-snippet:-1","max-image-preview":"max-image-preview:large","max-video-preview":"max-video-preview:-1"},"canonical":"https:\/\/leoprd.ca\/fr\/product\/loop-dining-table\/","og_locale":"fr_CA","og_type":"article","og_title":"Loop Dining Table","og_description":"Loop Dining Table - LEOPARD Furniture. With contemporary substantial oval design and luxurious wooden or ceramic options.","og_url":"https:\/\/leoprd.ca\/fr\/product\/loop-dining-table\/","og_site_name":"LEOPARD Furniture","article_publisher":"https:\/\/www.facebook.com\/leoprd.ca","article_modified_time":"2026-04-19T09:46:04+00:00","og_image":[{"width":1800,"height":1800,"url":"https:\/\/leoprd.ca\/wp-content\/uploads\/2024\/03\/Loop-oval-dining-table-2n.jpg","type":"image\/jpeg"}],"twitter_card":"summary_large_image","twitter_misc":{"Availability":"On backorder"},"schema":{"@context":"https:\/\/schema.org","@graph":[{"@type":["WebPage","ItemPage"],"@id":"https:\/\/leoprd.ca\/fr\/product\/loop-dining-table\/","url":"https:\/\/leoprd.ca\/fr\/product\/loop-dining-table\/","name":"Substantielle table \u00e0 manger ovale - Loop | Bois et c\u00e9ramique","isPartOf":{"@id":"https:\/\/leoprd.ca\/fr\/#website"},"primaryImageOfPage":{"@id":"https:\/\/leoprd.ca\/fr\/product\/loop-dining-table\/#primaryimage"},"image":{"@id":"https:\/\/leoprd.ca\/fr\/product\/loop-dining-table\/#primaryimage"},"thumbnailUrl":"https:\/\/leoprd.ca\/wp-content\/uploads\/2024\/03\/Loop-oval-dining-table-2n.jpg","datePublished":"2024-03-22T19:10:01+00:00","dateModified":"2026-04-19T09:46:04+00:00","description":"Table de salle \u00e0 manger Loop - Meubles LEOPARD. Avec un design contemporain ovale substantiel et des options luxueuses en bois ou en c\u00e9ramique.","breadcrumb":{"@id":"https:\/\/leoprd.ca\/fr\/product\/loop-dining-table\/#breadcrumb"},"inLanguage":"fr-CA","potentialAction":[{"@type":"ReadAction","target":["https:\/\/leoprd.ca\/fr\/product\/loop-dining-table\/"]}]},{"@type":"ImageObject","inLanguage":"fr-CA","@id":"https:\/\/leoprd.ca\/fr\/product\/loop-dining-table\/#primaryimage","url":"https:\/\/leoprd.ca\/wp-content\/uploads\/2024\/03\/Loop-oval-dining-table-2n.jpg","contentUrl":"https:\/\/leoprd.ca\/wp-content\/uploads\/2024\/03\/Loop-oval-dining-table-2n.jpg","width":1800,"height":1800,"caption":"Oval marble dining table with modern metal base on white background from LEOPARD Furniture, Canada."},{"@type":"BreadcrumbList","@id":"https:\/\/leoprd.ca\/fr\/product\/loop-dining-table\/#breadcrumb","itemListElement":[{"@type":"ListItem","position":1,"name":"Home","item":"https:\/\/leoprd.ca\/"},{"@type":"ListItem","position":2,"name":"Shop","item":"https:\/\/leoprd.ca\/shop\/"},{"@type":"ListItem","position":3,"name":"Loop Dining Table"}]},{"@type":"WebSite","@id":"https:\/\/leoprd.ca\/fr\/#website","url":"https:\/\/leoprd.ca\/fr\/","name":"Meubles LEOPARD","description":"Magasin de meubles","publisher":{"@id":"https:\/\/leoprd.ca\/fr\/#organization"},"alternateName":"Meubles L\u00c9OPARD","potentialAction":[{"@type":"SearchAction","target":{"@type":"EntryPoint","urlTemplate":"https:\/\/leoprd.ca\/fr\/?s={search_term_string}"},"query-input":{"@type":"PropertyValueSpecification","valueRequired":true,"valueName":"search_term_string"}}],"inLanguage":"fr-CA"},{"@type":"Organization","@id":"https:\/\/leoprd.ca\/fr\/#organization","name":"Meubles LEOPARD","alternateName":"Meuble LEOPARD","url":"https:\/\/leoprd.ca\/fr\/","logo":{"@type":"ImageObject","inLanguage":"fr-CA","@id":"https:\/\/leoprd.ca\/fr\/#\/schema\/logo\/image\/","url":"https:\/\/leoprd.ca\/wp-content\/uploads\/2022\/05\/logo-silver-mid.png","contentUrl":"https:\/\/leoprd.ca\/wp-content\/uploads\/2022\/05\/logo-silver-mid.png","width":400,"height":400,"caption":"LEOPARD Furniture"},"image":{"@id":"https:\/\/leoprd.ca\/fr\/#\/schema\/logo\/image\/"},"sameAs":["https:\/\/www.facebook.com\/leoprd.ca","https:\/\/mastodon.social\/@leopardfurniture","https:\/\/www.instagram.com\/leopardcanada\/","https:\/\/www.linkedin.com\/company\/leopard-trading-company\/","https:\/\/www.youtube.com\/@leopardcanada"],"description":"Meubles LEOPARD, une entreprise d'origine canadienne dont le si\u00e8ge social est situ\u00e9 dans la ville dynamique de Montr\u00e9al, au Qu\u00e9bec, avec un emplacement de choix \u00e0 Brossard. Chez LEOPARD, nous s\u00e9lectionnons les meubles les plus raffin\u00e9s aupr\u00e8s de fabricants internationaux r\u00e9put\u00e9s et de qualit\u00e9 sup\u00e9rieure. Notre engagement r\u00e9side dans la personnalisation et l'importation de produits haut de gamme. Notre engagement envers la qualit\u00e9 et l'excellence Une fiabilit\u00e9 \u00e0 laquelle vous pouvez vous fier Fond\u00e9e sur cinq piliers - la confiance, la fiabilit\u00e9, la satisfaction de la client\u00e8le, l'excellence et l'innovation - Meubles LEOPARD est un nom fiable dans l'industrie de l'ameublement. Notre engagement en faveur de la qualit\u00e9 et de la transparence garantit que chaque pi\u00e8ce que vous choisissez est synonyme de durabilit\u00e9 et de brillance esth\u00e9tique. Designs prim\u00e9s Plongez dans un monde de designs prim\u00e9s, con\u00e7us pour \u00e9lever vos espaces de vie. Nos produits ont \u00e9t\u00e9 reconnus pour leur innovation et leur style, t\u00e9moignant de notre engagement \u00e0 rester \u00e0 la pointe des tendances en mati\u00e8re de design. Services de design d'int\u00e9rieur in\u00e9gal\u00e9s Design 3D personnalis\u00e9 et exp\u00e9rience AR Embarquez pour un voyage de design d'int\u00e9rieur personnalis\u00e9 avec LEOPARD Furniture. Notre \u00e9quipe, \u00e9quip\u00e9e d'une technologie de pointe, propose des exp\u00e9riences de conception en 3D et de r\u00e9alit\u00e9 augment\u00e9e (RA), vous permettant de visualiser l'espace de vos r\u00eaves avant de prendre une d\u00e9cision. LEOPARD Furniture est un magasin de meubles, pas seulement un magasin de meubles ; nous sommes des cr\u00e9ateurs de style de vie. Chaque pi\u00e8ce raconte une histoire, et nous vous invitons \u00e0 faire partie de ce r\u00e9cit. Visitez notre salle d'exposition \u00e0 Brossard ou explorez notre galerie en ligne.","email":"info@leoprd.ca","telephone":"+1 (514) 655-8447","legalName":"LEOPARD CA INC.","hasMerchantReturnPolicy":{"@type":"MerchantReturnPolicy","merchantReturnLink":"https:\/\/leoprd.ca\/fr\/exchange-return-and-refund\/"}}]},"og_availability":"backorder","product_availability":"available for order","product_retailer_item_id":"LEO76537","product_condition":"new"},"_links":{"self":[{"href":"https:\/\/leoprd.ca\/fr\/wp-json\/wp\/v2\/product\/13452","targetHints":{"allow":["GET"]}}],"collection":[{"href":"https:\/\/leoprd.ca\/fr\/wp-json\/wp\/v2\/product"}],"about":[{"href":"https:\/\/leoprd.ca\/fr\/wp-json\/wp\/v2\/types\/product"}],"replies":[{"embeddable":true,"href":"https:\/\/leoprd.ca\/fr\/wp-json\/wp\/v2\/comments?post=13452"}],"wp:featuredmedia":[{"embeddable":true,"href":"https:\/\/leoprd.ca\/fr\/wp-json\/wp\/v2\/media\/13456"}],"wp:attachment":[{"href":"https:\/\/leoprd.ca\/fr\/wp-json\/wp\/v2\/media?parent=13452"}],"wp:term":[{"taxonomy":"product_brand","embeddable":true,"href":"https:\/\/leoprd.ca\/fr\/wp-json\/wp\/v2\/product_brand?post=13452"},{"taxonomy":"product_cat","embeddable":true,"href":"https:\/\/leoprd.ca\/fr\/wp-json\/wp\/v2\/product_cat?post=13452"},{"taxonomy":"product_tag","embeddable":true,"href":"https:\/\/leoprd.ca\/fr\/wp-json\/wp\/v2\/product_tag?post=13452"}],"curies":[{"name":"wp","href":"https:\/\/api.w.org\/{rel}","templated":true}]}}