{"id":13613,"date":"2024-04-04T21:04:22","date_gmt":"2024-04-05T01:04:22","guid":{"rendered":"https:\/\/leoprd.ca\/?post_type=product&#038;p=13613"},"modified":"2026-04-15T10:46:21","modified_gmt":"2026-04-15T14:46:21","slug":"ege-armchair","status":"publish","type":"product","link":"https:\/\/leoprd.ca\/fr\/product\/ege-armchair\/","title":{"rendered":"Fauteuil Ege"},"content":{"rendered":"<h1 style=\"text-align: center;\">Fauteuil en bois Ege<\/h1>\n<p style=\"text-align: center;\">Rehaussez votre d\u00e9coration int\u00e9rieure avec le fauteuil Ege, un chef-d'\u0153uvre de design moderne et d'artisanat. Fabriqu\u00e9 avec pr\u00e9cision et attention aux d\u00e9tails, ce fauteuil d'appoint exsude sophistication et charme, ce qui en fait une pi\u00e8ce de choix dans n'importe quelle pi\u00e8ce. Gr\u00e2ce \u00e0 la combinaison unique d'une structure en bois de h\u00eatre massif et d'un rev\u00eatement de premi\u00e8re qualit\u00e9, le fauteuil Ege offre \u00e0 la fois style et durabilit\u00e9.<\/p>\n<h3 style=\"text-align: center;\"><a href=\"https:\/\/leoprd.ca\/wp-content\/uploads\/2024\/04\/W-Ege-armchair-3.jpg\"><img fetchpriority=\"high\" decoding=\"async\" class=\"wp-image-13627 aligncenter\" src=\"https:\/\/leoprd.ca\/wp-content\/uploads\/2024\/04\/W-Ege-armchair-3-300x166.jpg\" alt=\"\" width=\"801\" height=\"443\" srcset=\"https:\/\/leoprd.ca\/wp-content\/uploads\/2024\/04\/W-Ege-armchair-3-300x166.jpg 300w, https:\/\/leoprd.ca\/wp-content\/uploads\/2024\/04\/W-Ege-armchair-3-1200x664.jpg 1200w, https:\/\/leoprd.ca\/wp-content\/uploads\/2024\/04\/W-Ege-armchair-3-1024x566.jpg 1024w, https:\/\/leoprd.ca\/wp-content\/uploads\/2024\/04\/W-Ege-armchair-3-768x425.jpg 768w, https:\/\/leoprd.ca\/wp-content\/uploads\/2024\/04\/W-Ege-armchair-3-1536x849.jpg 1536w, https:\/\/leoprd.ca\/wp-content\/uploads\/2024\/04\/W-Ege-armchair-3-2048x1133.jpg 2048w, https:\/\/leoprd.ca\/wp-content\/uploads\/2024\/04\/W-Ege-armchair-3-18x10.jpg 18w\" sizes=\"(max-width: 801px) 100vw, 801px\" \/><\/a><\/h3>\n<h3 style=\"text-align: center;\">D\u00e9m\u00ealer l'\u00e9cheveau<\/h3>\n<p style=\"text-align: center;\">Au c\u0153ur du fauteuil Ege se trouve sa structure en bois de h\u00eatre massif, m\u00e9ticuleusement travaill\u00e9e pour offrir \u00e0 la fois robustesse et \u00e9l\u00e9gance. Le dossier en bois courb\u00e9 ajoute une touche d'art et de raffinement \u00e0 l'esth\u00e9tique du fauteuil. Chaque \u00e9l\u00e9ment du design est soigneusement \u00e9tudi\u00e9 pour assurer \u00e0 la fois le confort et l'attrait visuel, faisant du fauteuil Ege un v\u00e9ritable chef-d'\u0153uvre du mobilier moderne.<\/p>\n<p><a href=\"https:\/\/leoprd.ca\/wp-content\/uploads\/2024\/04\/W-Ege-armchair-2.jpg\"><img decoding=\"async\" class=\"wp-image-13626 aligncenter\" src=\"https:\/\/leoprd.ca\/wp-content\/uploads\/2024\/04\/W-Ege-armchair-2-281x300.jpg\" alt=\"\" width=\"748\" height=\"799\" srcset=\"https:\/\/leoprd.ca\/wp-content\/uploads\/2024\/04\/W-Ege-armchair-2-281x300.jpg 281w, https:\/\/leoprd.ca\/wp-content\/uploads\/2024\/04\/W-Ege-armchair-2-768x819.jpg 768w, https:\/\/leoprd.ca\/wp-content\/uploads\/2024\/04\/W-Ege-armchair-2-11x12.jpg 11w\" sizes=\"(max-width: 748px) 100vw, 748px\" \/><\/a><\/p>\n<h3 style=\"text-align: center;\">Variations captivantes<\/h3>\n<p style=\"text-align: center;\">Disponible en ligne en trois variantes captivantes - Boh\u00e8me, Ethnique et Blanc - le fauteuil Ege offre une polyvalence et un style qui s'adaptent \u00e0 de nombreuses pr\u00e9f\u00e9rences en mati\u00e8re de d\u00e9coration d'int\u00e9rieur. La variante Boh\u00e8me d\u00e9gage une impression de cr\u00e9ativit\u00e9 libre, avec des motifs \u00e9clectiques et des couleurs vives qui ajoutent de la chaleur et de la personnalit\u00e9 \u00e0 n'importe quel espace. La variante Ethnic s'inspire de motifs culturels et de l'artisanat traditionnel, conf\u00e9rant \u00e0 votre int\u00e9rieur un sentiment d'h\u00e9ritage et d'authenticit\u00e9. Pour un look plus minimaliste et contemporain, la variante White offre des lignes \u00e9pur\u00e9es et une \u00e9l\u00e9gance discr\u00e8te, cr\u00e9ant une atmosph\u00e8re intemporelle et sophistiqu\u00e9e.<\/p>\n<p><a href=\"https:\/\/leoprd.ca\/wp-content\/uploads\/2024\/04\/W-Ege-armchair-1.jpg\"><img decoding=\"async\" class=\"wp-image-13625 aligncenter\" src=\"https:\/\/leoprd.ca\/wp-content\/uploads\/2024\/04\/W-Ege-armchair-1-300x169.jpg\" alt=\"\" width=\"801\" height=\"451\" srcset=\"https:\/\/leoprd.ca\/wp-content\/uploads\/2024\/04\/W-Ege-armchair-1-300x169.jpg 300w, https:\/\/leoprd.ca\/wp-content\/uploads\/2024\/04\/W-Ege-armchair-1-1200x675.jpg 1200w, https:\/\/leoprd.ca\/wp-content\/uploads\/2024\/04\/W-Ege-armchair-1-1024x576.jpg 1024w, https:\/\/leoprd.ca\/wp-content\/uploads\/2024\/04\/W-Ege-armchair-1-768x432.jpg 768w, https:\/\/leoprd.ca\/wp-content\/uploads\/2024\/04\/W-Ege-armchair-1-1536x864.jpg 1536w, https:\/\/leoprd.ca\/wp-content\/uploads\/2024\/04\/W-Ege-armchair-1-2048x1152.jpg 2048w, https:\/\/leoprd.ca\/wp-content\/uploads\/2024\/04\/W-Ege-armchair-1-18x10.jpg 18w\" sizes=\"(max-width: 801px) 100vw, 801px\" \/><\/a><\/p>\n<p>&nbsp;<\/p>\n<p><span style=\"color: #008000;\">Ce produit est certifi\u00e9 sous le EN 12520 des normes europ\u00e9ennes, assurant ainsi une qualit\u00e9 incomparable, la s\u00e9curit\u00e9, la durabilit\u00e9 et la force pour votre tranquillit\u00e9 d'esprit.<\/span><\/p>\n<p>&nbsp;<\/p>\n<hr \/>\n<p style=\"text-align: center;\">","protected":false},"excerpt":{"rendered":"<div class='yrm-content yrm-content-3 yrm-content-hide' id='yrm-Y9eQd' data-id='3' data-show-status='false' data-after-action='' style=\"visibility: hidden;height: 0;\">\n<div id='yrm-inner-content-yrm-Y9eQd' class='yrm-inner-content-wrapper yrm-cntent-3'>Faites l'exp\u00e9rience de l'\u00e9l\u00e9gance intemporelle avec le fauteuil Ege, dot\u00e9 d'un cadre en bois de h\u00eatre massif et d'un rembourrage de qualit\u00e9 sup\u00e9rieure. Choisissez parmi trois variations captivantes en ligne - Boh\u00e8me, Ethnique et Blanc - pour ajouter du style et de la sophistication \u00e0 votre espace de vie.<\/div>\n<\/p><\/div>\n<div class='yrm-btn-wrapper yrm-btn-wrapper-3 yrm-more-button-wrapper .introductionsee'\n\t\tdata-custom-more-class-name='.introductionsee' data-custom-less-class-name='.introductionsee'><span title='' data-less-title='' data-more-title='' class='yrm-toggle-expand  yrm-toggle-expand-3' data-rel='yrm-Y9eQd' data-more='Introduction' data-less='See less'><span class='yrm-text-wrapper yrm-text-wrapper-custom-dimensions'><span class=\"yrm-button-text-3 yrm-button-text-span\">Introduction<\/span><\/span><\/span><\/div>\n<p><a href=\"https:\/\/impress.pcon-solutions.com\/?l=en&amp;embed=https%3A%2F%2Fwww.dropbox.com%2Fscl%2Ffi%2Fjzg8sk9mgdr0hhaw1sayj%2FEge-LEOPARD-furniture-AR_2024-11-28_16-38-05.iar%3Frlkey%3D5khizkl8ib1cwd5h5b2sz8wp1%26dl%3D0\" target=\"_blank\" rel=\"noopener\"><img loading=\"lazy\" decoding=\"async\" class=\"alignnone wp-image-11866\" src=\"https:\/\/leoprd.ca\/wp-content\/uploads\/2023\/03\/AR-reality.gif\" alt=\"\" width=\"40\" height=\"40\" \/><\/a><a href=\"https:\/\/impress.pcon-solutions.com\/?l=en&amp;embed=https%3A%2F%2Fwww.dropbox.com%2Fscl%2Ffi%2Fjzg8sk9mgdr0hhaw1sayj%2FEge-LEOPARD-furniture-AR_2024-11-28_16-38-05.iar%3Frlkey%3D5khizkl8ib1cwd5h5b2sz8wp1%26dl%3D0\" target=\"_blank\" rel=\"noopener\"><span style=\"color: #0000ff;\"> Cliquez ici pour l'afficher dans votre espace.<\/span><\/a><\/p>\n<hr \/>\n<h5><span style=\"color: #008000;\">S\u00e9lectionnez des \u00e9chantillons pour personnaliser :<\/span><\/h5>","protected":false},"featured_media":13622,"comment_status":"open","ping_status":"closed","template":"","meta":{"site-sidebar-layout":"default","site-content-layout":"","ast-site-content-layout":"default","site-content-style":"default","site-sidebar-style":"default","ast-global-header-display":"","ast-banner-title-visibility":"","ast-main-header-display":"","ast-hfb-above-header-display":"","ast-hfb-below-header-display":"","ast-hfb-mobile-header-display":"","site-post-title":"","ast-breadcrumbs-content":"","ast-featured-img":"","footer-sml-layout":"","ast-disable-related-posts":"","theme-transparent-header-meta":"default","adv-header-id-meta":"","stick-header-meta":"","header-above-stick-meta":"","header-main-stick-meta":"","header-below-stick-meta":"","astra-migrate-meta-layouts":"set","ast-page-background-enabled":"default","ast-page-background-meta":{"desktop":{"background-color":"","background-image":"","background-repeat":"repeat","background-position":"center center","background-size":"auto","background-attachment":"scroll","background-type":"","background-media":"","overlay-type":"","overlay-color":"","overlay-opacity":"","overlay-gradient":""},"tablet":{"background-color":"","background-image":"","background-repeat":"repeat","background-position":"center center","background-size":"auto","background-attachment":"scroll","background-type":"","background-media":"","overlay-type":"","overlay-color":"","overlay-opacity":"","overlay-gradient":""},"mobile":{"background-color":"","background-image":"","background-repeat":"repeat","background-position":"center center","background-size":"auto","background-attachment":"scroll","background-type":"","background-media":"","overlay-type":"","overlay-color":"","overlay-opacity":"","overlay-gradient":""}},"ast-content-background-meta":{"desktop":{"background-color":"var(--ast-global-color-5)","background-image":"","background-repeat":"repeat","background-position":"center center","background-size":"auto","background-attachment":"scroll","background-type":"","background-media":"","overlay-type":"","overlay-color":"","overlay-opacity":"","overlay-gradient":""},"tablet":{"background-color":"var(--ast-global-color-5)","background-image":"","background-repeat":"repeat","background-position":"center center","background-size":"auto","background-attachment":"scroll","background-type":"","background-media":"","overlay-type":"","overlay-color":"","overlay-opacity":"","overlay-gradient":""},"mobile":{"background-color":"var(--ast-global-color-5)","background-image":"","background-repeat":"repeat","background-position":"center center","background-size":"auto","background-attachment":"scroll","background-type":"","background-media":"","overlay-type":"","overlay-color":"","overlay-opacity":"","overlay-gradient":""}}},"product_brand":[],"product_cat":[72,59],"product_tag":[978,895,78,1017,804],"class_list":{"0":"post-13613","1":"product","2":"type-product","3":"status-publish","4":"has-post-thumbnail","6":"product_cat-accent-chairs","7":"product_cat-living-room-furniture","8":"product_tag-accent-armchairs","9":"product_tag-ar","10":"product_tag-armchair","11":"product_tag-custom-furniture","12":"product_tag-dbq-online-only","13":"desktop-align-center","14":"tablet-align-center","15":"mobile-align-center","17":"first","18":"onbackorder","19":"taxable","20":"shipping-taxable","21":"purchasable","22":"product-type-variable","23":"wvs-archive-product-wrapper"},"yoast_head":"<!-- This site is optimized with the Yoast SEO Premium plugin v27.3 (Yoast SEO v27.3) - https:\/\/yoast.com\/product\/yoast-seo-premium-wordpress\/ -->\n<title>Ege Armchair | High Quality Wooden Accent Chair | LEOPARD Furniture<\/title>\n<meta name=\"description\" content=\"Ege Armchair. Crafted with a solid beech wood frame and premium upholstery, choose from three captivating variations online to elevate your interior decor.\" \/>\n<meta name=\"robots\" content=\"index, follow, max-snippet:-1, max-image-preview:large, max-video-preview:-1\" \/>\n<link rel=\"canonical\" href=\"https:\/\/leoprd.ca\/fr\/product\/ege-armchair\/\" \/>\n<meta property=\"og:locale\" content=\"fr_CA\" \/>\n<meta property=\"og:type\" content=\"article\" \/>\n<meta property=\"og:title\" content=\"Ege Armchair\" \/>\n<meta property=\"og:description\" content=\"Ege Armchair. Crafted with a solid beech wood frame and premium upholstery, choose from three captivating variations online to elevate your interior decor.\" \/>\n<meta property=\"og:url\" content=\"https:\/\/leoprd.ca\/fr\/product\/ege-armchair\/\" \/>\n<meta property=\"og:site_name\" content=\"LEOPARD Furniture\" \/>\n<meta property=\"article:publisher\" content=\"https:\/\/www.facebook.com\/leoprd.ca\" \/>\n<meta property=\"article:modified_time\" content=\"2026-04-15T14:46:21+00:00\" \/>\n<meta property=\"og:image\" content=\"https:\/\/leoprd.ca\/wp-content\/uploads\/2024\/04\/Ege-Bohemian-2.jpg\" \/>\n\t<meta property=\"og:image:width\" content=\"1800\" \/>\n\t<meta property=\"og:image:height\" content=\"1800\" \/>\n\t<meta property=\"og:image:type\" content=\"image\/jpeg\" \/>\n<meta name=\"twitter:card\" content=\"summary_large_image\" \/>\n<meta name=\"twitter:label1\" content=\"Availability\" \/>\n\t<meta name=\"twitter:data1\" content=\"On backorder\" \/>\n<script type=\"application\/ld+json\" class=\"yoast-schema-graph\">{\"@context\":\"https:\\\/\\\/schema.org\",\"@graph\":[{\"@type\":[\"WebPage\",\"ItemPage\"],\"@id\":\"https:\\\/\\\/leoprd.ca\\\/fr\\\/product\\\/ege-armchair\\\/\",\"url\":\"https:\\\/\\\/leoprd.ca\\\/fr\\\/product\\\/ege-armchair\\\/\",\"name\":\"Ege Armchair | High Quality Wooden Accent Chair | LEOPARD Furniture\",\"isPartOf\":{\"@id\":\"https:\\\/\\\/leoprd.ca\\\/fr\\\/#website\"},\"primaryImageOfPage\":{\"@id\":\"https:\\\/\\\/leoprd.ca\\\/fr\\\/product\\\/ege-armchair\\\/#primaryimage\"},\"image\":{\"@id\":\"https:\\\/\\\/leoprd.ca\\\/fr\\\/product\\\/ege-armchair\\\/#primaryimage\"},\"thumbnailUrl\":\"https:\\\/\\\/leoprd.ca\\\/wp-content\\\/uploads\\\/2024\\\/04\\\/Ege-Bohemian-2.jpg\",\"datePublished\":\"2024-04-05T01:04:22+00:00\",\"dateModified\":\"2026-04-15T14:46:21+00:00\",\"description\":\"Ege Armchair. Crafted with a solid beech wood frame and premium upholstery, choose from three captivating variations online to elevate your interior decor.\",\"breadcrumb\":{\"@id\":\"https:\\\/\\\/leoprd.ca\\\/fr\\\/product\\\/ege-armchair\\\/#breadcrumb\"},\"inLanguage\":\"fr-CA\",\"potentialAction\":[{\"@type\":\"ReadAction\",\"target\":[\"https:\\\/\\\/leoprd.ca\\\/fr\\\/product\\\/ege-armchair\\\/\"]}]},{\"@type\":\"ImageObject\",\"inLanguage\":\"fr-CA\",\"@id\":\"https:\\\/\\\/leoprd.ca\\\/fr\\\/product\\\/ege-armchair\\\/#primaryimage\",\"url\":\"https:\\\/\\\/leoprd.ca\\\/wp-content\\\/uploads\\\/2024\\\/04\\\/Ege-Bohemian-2.jpg\",\"contentUrl\":\"https:\\\/\\\/leoprd.ca\\\/wp-content\\\/uploads\\\/2024\\\/04\\\/Ege-Bohemian-2.jpg\",\"width\":1800,\"height\":1800,\"caption\":\"wooden modern bohemian design armchair\"},{\"@type\":\"BreadcrumbList\",\"@id\":\"https:\\\/\\\/leoprd.ca\\\/fr\\\/product\\\/ege-armchair\\\/#breadcrumb\",\"itemListElement\":[{\"@type\":\"ListItem\",\"position\":1,\"name\":\"Home\",\"item\":\"https:\\\/\\\/leoprd.ca\\\/\"},{\"@type\":\"ListItem\",\"position\":2,\"name\":\"Shop\",\"item\":\"https:\\\/\\\/leoprd.ca\\\/shop\\\/\"},{\"@type\":\"ListItem\",\"position\":3,\"name\":\"Ege Armchair\"}]},{\"@type\":\"WebSite\",\"@id\":\"https:\\\/\\\/leoprd.ca\\\/fr\\\/#website\",\"url\":\"https:\\\/\\\/leoprd.ca\\\/fr\\\/\",\"name\":\"LEOPARD Furniture\",\"description\":\"Furniture store\",\"publisher\":{\"@id\":\"https:\\\/\\\/leoprd.ca\\\/fr\\\/#organization\"},\"alternateName\":\"Meubles L\u00c9OPARD\",\"potentialAction\":[{\"@type\":\"SearchAction\",\"target\":{\"@type\":\"EntryPoint\",\"urlTemplate\":\"https:\\\/\\\/leoprd.ca\\\/fr\\\/?s={search_term_string}\"},\"query-input\":{\"@type\":\"PropertyValueSpecification\",\"valueRequired\":true,\"valueName\":\"search_term_string\"}}],\"inLanguage\":\"fr-CA\"},{\"@type\":\"Organization\",\"@id\":\"https:\\\/\\\/leoprd.ca\\\/fr\\\/#organization\",\"name\":\"LEOPARD Furniture\",\"alternateName\":\"Meuble LEOPARD\",\"url\":\"https:\\\/\\\/leoprd.ca\\\/fr\\\/\",\"logo\":{\"@type\":\"ImageObject\",\"inLanguage\":\"fr-CA\",\"@id\":\"https:\\\/\\\/leoprd.ca\\\/fr\\\/#\\\/schema\\\/logo\\\/image\\\/\",\"url\":\"https:\\\/\\\/leoprd.ca\\\/wp-content\\\/uploads\\\/2022\\\/05\\\/logo-silver-mid.png\",\"contentUrl\":\"https:\\\/\\\/leoprd.ca\\\/wp-content\\\/uploads\\\/2022\\\/05\\\/logo-silver-mid.png\",\"width\":400,\"height\":400,\"caption\":\"LEOPARD Furniture\"},\"image\":{\"@id\":\"https:\\\/\\\/leoprd.ca\\\/fr\\\/#\\\/schema\\\/logo\\\/image\\\/\"},\"sameAs\":[\"https:\\\/\\\/www.facebook.com\\\/leoprd.ca\",\"https:\\\/\\\/mastodon.social\\\/@leopardfurniture\",\"https:\\\/\\\/www.instagram.com\\\/leopardcanada\\\/\",\"https:\\\/\\\/www.linkedin.com\\\/company\\\/leopard-trading-company\\\/\",\"https:\\\/\\\/www.youtube.com\\\/@leopardcanada\"],\"description\":\"LEOPARD Furniture, a Canadian-born legacy headquartered in the vibrant city of Montreal, Quebec, with a prime location in Brossard. At LEOPARD, we curate the finest furniture selections from premium-quality and esteemed international manufacturers. Our commitment lies in customization and the importation of high-end products. Our Commitment to Quality and Excellence Reliability You Can Trust Built on five pillars \u2013 trust, reliability, customer satisfaction, excellence, and innovation \u2013 LEOPARD Furniture has been a reliable name in the furniture industry. Our commitment to quality and transparency ensures that every piece you select resonates with durability and aesthetic brilliance. Award-Winning Designs Immerse yourself in a world of award-winning designs curated to elevate your living spaces. Our products have been recognized for their innovation and style, showcasing a commitment to staying ahead of design trends. Unparalleled Interior Design Services Personalized 3D Design and AR Experience Embark on a personalized interior design journey with LEOPARD Furniture. Our team, equipped with cutting-edge technology, offers 3D design and Augmented Reality (AR) experiences, allowing you to visualize your dream space before making a decision. LEOPARD Furniture is a furniture store, not just a furniture store; we are creators of lifestyle. Every piece tells a story, and we invite you to be a part of this narrative. Visit our showroom in Brossard or explore our online gallery.\",\"email\":\"info@leoprd.ca\",\"telephone\":\"+1 (514) 655-8447\",\"legalName\":\"LEOPARD CA INC.\",\"hasMerchantReturnPolicy\":{\"@type\":\"MerchantReturnPolicy\",\"merchantReturnLink\":\"https:\\\/\\\/leoprd.ca\\\/fr\\\/exchange-return-and-refund\\\/\"}}]}<\/script>\n<meta property=\"og:availability\" content=\"backorder\" \/>\n<meta property=\"product:availability\" content=\"available for order\" \/>\n<meta property=\"product:retailer_item_id\" content=\"LEO32213\" \/>\n<meta property=\"product:condition\" content=\"new\" \/>\n<!-- \/ Yoast SEO Premium plugin. -->","yoast_head_json":{"title":"Fauteuil Ege | Chaise d'appoint en bois de haute qualit\u00e9 | Meubles LEOPARD","description":"Fauteuil Ege. Fabriqu\u00e9 \u00e0 partir d'un cadre en bois de h\u00eatre massif et d'un rembourrage de qualit\u00e9 sup\u00e9rieure, choisissez parmi trois variations captivantes en ligne pour rehausser votre d\u00e9cor int\u00e9rieur.","robots":{"index":"index","follow":"follow","max-snippet":"max-snippet:-1","max-image-preview":"max-image-preview:large","max-video-preview":"max-video-preview:-1"},"canonical":"https:\/\/leoprd.ca\/fr\/product\/ege-armchair\/","og_locale":"fr_CA","og_type":"article","og_title":"Ege Armchair","og_description":"Ege Armchair. Crafted with a solid beech wood frame and premium upholstery, choose from three captivating variations online to elevate your interior decor.","og_url":"https:\/\/leoprd.ca\/fr\/product\/ege-armchair\/","og_site_name":"LEOPARD Furniture","article_publisher":"https:\/\/www.facebook.com\/leoprd.ca","article_modified_time":"2026-04-15T14:46:21+00:00","og_image":[{"width":1800,"height":1800,"url":"https:\/\/leoprd.ca\/wp-content\/uploads\/2024\/04\/Ege-Bohemian-2.jpg","type":"image\/jpeg"}],"twitter_card":"summary_large_image","twitter_misc":{"Availability":"On backorder"},"schema":{"@context":"https:\/\/schema.org","@graph":[{"@type":["WebPage","ItemPage"],"@id":"https:\/\/leoprd.ca\/fr\/product\/ege-armchair\/","url":"https:\/\/leoprd.ca\/fr\/product\/ege-armchair\/","name":"Fauteuil Ege | Chaise d'appoint en bois de haute qualit\u00e9 | Meubles LEOPARD","isPartOf":{"@id":"https:\/\/leoprd.ca\/fr\/#website"},"primaryImageOfPage":{"@id":"https:\/\/leoprd.ca\/fr\/product\/ege-armchair\/#primaryimage"},"image":{"@id":"https:\/\/leoprd.ca\/fr\/product\/ege-armchair\/#primaryimage"},"thumbnailUrl":"https:\/\/leoprd.ca\/wp-content\/uploads\/2024\/04\/Ege-Bohemian-2.jpg","datePublished":"2024-04-05T01:04:22+00:00","dateModified":"2026-04-15T14:46:21+00:00","description":"Fauteuil Ege. Fabriqu\u00e9 \u00e0 partir d'un cadre en bois de h\u00eatre massif et d'un rembourrage de qualit\u00e9 sup\u00e9rieure, choisissez parmi trois variations captivantes en ligne pour rehausser votre d\u00e9cor int\u00e9rieur.","breadcrumb":{"@id":"https:\/\/leoprd.ca\/fr\/product\/ege-armchair\/#breadcrumb"},"inLanguage":"fr-CA","potentialAction":[{"@type":"ReadAction","target":["https:\/\/leoprd.ca\/fr\/product\/ege-armchair\/"]}]},{"@type":"ImageObject","inLanguage":"fr-CA","@id":"https:\/\/leoprd.ca\/fr\/product\/ege-armchair\/#primaryimage","url":"https:\/\/leoprd.ca\/wp-content\/uploads\/2024\/04\/Ege-Bohemian-2.jpg","contentUrl":"https:\/\/leoprd.ca\/wp-content\/uploads\/2024\/04\/Ege-Bohemian-2.jpg","width":1800,"height":1800,"caption":"wooden modern bohemian design armchair"},{"@type":"BreadcrumbList","@id":"https:\/\/leoprd.ca\/fr\/product\/ege-armchair\/#breadcrumb","itemListElement":[{"@type":"ListItem","position":1,"name":"Home","item":"https:\/\/leoprd.ca\/"},{"@type":"ListItem","position":2,"name":"Shop","item":"https:\/\/leoprd.ca\/shop\/"},{"@type":"ListItem","position":3,"name":"Ege Armchair"}]},{"@type":"WebSite","@id":"https:\/\/leoprd.ca\/fr\/#website","url":"https:\/\/leoprd.ca\/fr\/","name":"Meubles LEOPARD","description":"Magasin de meubles","publisher":{"@id":"https:\/\/leoprd.ca\/fr\/#organization"},"alternateName":"Meubles L\u00c9OPARD","potentialAction":[{"@type":"SearchAction","target":{"@type":"EntryPoint","urlTemplate":"https:\/\/leoprd.ca\/fr\/?s={search_term_string}"},"query-input":{"@type":"PropertyValueSpecification","valueRequired":true,"valueName":"search_term_string"}}],"inLanguage":"fr-CA"},{"@type":"Organization","@id":"https:\/\/leoprd.ca\/fr\/#organization","name":"Meubles LEOPARD","alternateName":"Meuble LEOPARD","url":"https:\/\/leoprd.ca\/fr\/","logo":{"@type":"ImageObject","inLanguage":"fr-CA","@id":"https:\/\/leoprd.ca\/fr\/#\/schema\/logo\/image\/","url":"https:\/\/leoprd.ca\/wp-content\/uploads\/2022\/05\/logo-silver-mid.png","contentUrl":"https:\/\/leoprd.ca\/wp-content\/uploads\/2022\/05\/logo-silver-mid.png","width":400,"height":400,"caption":"LEOPARD Furniture"},"image":{"@id":"https:\/\/leoprd.ca\/fr\/#\/schema\/logo\/image\/"},"sameAs":["https:\/\/www.facebook.com\/leoprd.ca","https:\/\/mastodon.social\/@leopardfurniture","https:\/\/www.instagram.com\/leopardcanada\/","https:\/\/www.linkedin.com\/company\/leopard-trading-company\/","https:\/\/www.youtube.com\/@leopardcanada"],"description":"Meubles LEOPARD, une entreprise d'origine canadienne dont le si\u00e8ge social est situ\u00e9 dans la ville dynamique de Montr\u00e9al, au Qu\u00e9bec, avec un emplacement de choix \u00e0 Brossard. Chez LEOPARD, nous s\u00e9lectionnons les meubles les plus raffin\u00e9s aupr\u00e8s de fabricants internationaux r\u00e9put\u00e9s et de qualit\u00e9 sup\u00e9rieure. Notre engagement r\u00e9side dans la personnalisation et l'importation de produits haut de gamme. Notre engagement envers la qualit\u00e9 et l'excellence Une fiabilit\u00e9 \u00e0 laquelle vous pouvez vous fier Fond\u00e9e sur cinq piliers - la confiance, la fiabilit\u00e9, la satisfaction de la client\u00e8le, l'excellence et l'innovation - Meubles LEOPARD est un nom fiable dans l'industrie de l'ameublement. Notre engagement en faveur de la qualit\u00e9 et de la transparence garantit que chaque pi\u00e8ce que vous choisissez est synonyme de durabilit\u00e9 et de brillance esth\u00e9tique. Designs prim\u00e9s Plongez dans un monde de designs prim\u00e9s, con\u00e7us pour \u00e9lever vos espaces de vie. Nos produits ont \u00e9t\u00e9 reconnus pour leur innovation et leur style, t\u00e9moignant de notre engagement \u00e0 rester \u00e0 la pointe des tendances en mati\u00e8re de design. Services de design d'int\u00e9rieur in\u00e9gal\u00e9s Design 3D personnalis\u00e9 et exp\u00e9rience AR Embarquez pour un voyage de design d'int\u00e9rieur personnalis\u00e9 avec LEOPARD Furniture. Notre \u00e9quipe, \u00e9quip\u00e9e d'une technologie de pointe, propose des exp\u00e9riences de conception en 3D et de r\u00e9alit\u00e9 augment\u00e9e (RA), vous permettant de visualiser l'espace de vos r\u00eaves avant de prendre une d\u00e9cision. LEOPARD Furniture est un magasin de meubles, pas seulement un magasin de meubles ; nous sommes des cr\u00e9ateurs de style de vie. Chaque pi\u00e8ce raconte une histoire, et nous vous invitons \u00e0 faire partie de ce r\u00e9cit. Visitez notre salle d'exposition \u00e0 Brossard ou explorez notre galerie en ligne.","email":"info@leoprd.ca","telephone":"+1 (514) 655-8447","legalName":"LEOPARD CA INC.","hasMerchantReturnPolicy":{"@type":"MerchantReturnPolicy","merchantReturnLink":"https:\/\/leoprd.ca\/fr\/exchange-return-and-refund\/"}}]},"og_availability":"backorder","product_availability":"available for order","product_retailer_item_id":"LEO32213","product_condition":"new"},"_links":{"self":[{"href":"https:\/\/leoprd.ca\/fr\/wp-json\/wp\/v2\/product\/13613","targetHints":{"allow":["GET"]}}],"collection":[{"href":"https:\/\/leoprd.ca\/fr\/wp-json\/wp\/v2\/product"}],"about":[{"href":"https:\/\/leoprd.ca\/fr\/wp-json\/wp\/v2\/types\/product"}],"replies":[{"embeddable":true,"href":"https:\/\/leoprd.ca\/fr\/wp-json\/wp\/v2\/comments?post=13613"}],"wp:featuredmedia":[{"embeddable":true,"href":"https:\/\/leoprd.ca\/fr\/wp-json\/wp\/v2\/media\/13622"}],"wp:attachment":[{"href":"https:\/\/leoprd.ca\/fr\/wp-json\/wp\/v2\/media?parent=13613"}],"wp:term":[{"taxonomy":"product_brand","embeddable":true,"href":"https:\/\/leoprd.ca\/fr\/wp-json\/wp\/v2\/product_brand?post=13613"},{"taxonomy":"product_cat","embeddable":true,"href":"https:\/\/leoprd.ca\/fr\/wp-json\/wp\/v2\/product_cat?post=13613"},{"taxonomy":"product_tag","embeddable":true,"href":"https:\/\/leoprd.ca\/fr\/wp-json\/wp\/v2\/product_tag?post=13613"}],"curies":[{"name":"wp","href":"https:\/\/api.w.org\/{rel}","templated":true}]}}