{"id":13684,"date":"2024-04-07T20:05:05","date_gmt":"2024-04-08T00:05:05","guid":{"rendered":"https:\/\/leoprd.ca\/?post_type=product&#038;p=13684"},"modified":"2026-04-12T13:45:46","modified_gmt":"2026-04-12T17:45:46","slug":"viyana-plus-dining-chair","status":"publish","type":"product","link":"https:\/\/leoprd.ca\/fr\/product\/viyana-plus-dining-chair\/","title":{"rendered":"Chaise de salle \u00e0 manger Viyana Plus"},"content":{"rendered":"<h1 style=\"text-align: center;\">Chaise de salle \u00e0 manger contemporaine \u00e0 dossier haut<\/h1>\n<p style=\"text-align: center;\">D\u00e9couvrez l'incarnation du luxe contemporain avec la chaise de salle \u00e0 manger Viyana Plus. Refl\u00e9tant le design raffin\u00e9 de son homologue, la Viyana Plus exsude une \u00e9l\u00e9gance intemporelle avec son dossier haut et sa silhouette sophistiqu\u00e9e. Fabriqu\u00e9e avec une attention m\u00e9ticuleuse aux d\u00e9tails, cette chaise ajoute une touche de raffinement \u00e0 tout espace de repas.<\/p>\n<p><a href=\"https:\/\/leoprd.ca\/wp-content\/uploads\/2024\/04\/W-Viyana-high-back-dining-chair-1-scaled.jpg\"><img fetchpriority=\"high\" decoding=\"async\" class=\"wp-image-13695 aligncenter\" src=\"https:\/\/leoprd.ca\/wp-content\/uploads\/2024\/04\/W-Viyana-high-back-dining-chair-1-300x170.jpg\" alt=\"\" width=\"803\" height=\"455\" srcset=\"https:\/\/leoprd.ca\/wp-content\/uploads\/2024\/04\/W-Viyana-high-back-dining-chair-1-300x170.jpg 300w, https:\/\/leoprd.ca\/wp-content\/uploads\/2024\/04\/W-Viyana-high-back-dining-chair-1-scaled-1200x680.jpg 1200w, https:\/\/leoprd.ca\/wp-content\/uploads\/2024\/04\/W-Viyana-high-back-dining-chair-1-1024x580.jpg 1024w, https:\/\/leoprd.ca\/wp-content\/uploads\/2024\/04\/W-Viyana-high-back-dining-chair-1-768x435.jpg 768w, https:\/\/leoprd.ca\/wp-content\/uploads\/2024\/04\/W-Viyana-high-back-dining-chair-1-1536x870.jpg 1536w, https:\/\/leoprd.ca\/wp-content\/uploads\/2024\/04\/W-Viyana-high-back-dining-chair-1-2048x1161.jpg 2048w, https:\/\/leoprd.ca\/wp-content\/uploads\/2024\/04\/W-Viyana-high-back-dining-chair-1-18x10.jpg 18w\" sizes=\"(max-width: 803px) 100vw, 803px\" \/><\/a><\/p>\n<h3 style=\"text-align: center;\">Garniture en cuir de premi\u00e8re qualit\u00e9<\/h3>\n<p style=\"text-align: center;\">Le rev\u00eatement en cuir v\u00e9ritable de haute qualit\u00e9 de la chaise de salle \u00e0 manger Viyana Plus vous procure un sentiment de luxe. Con\u00e7ue pour le confort et la durabilit\u00e9, la texture lisse du cuir v\u00e9ritable rehausse votre exp\u00e9rience culinaire, garantissant un confort et un style durables. Choisissez parmi six options de cuir exquises disponibles en ligne pour personnaliser votre chaise en fonction de votre esth\u00e9tique personnelle.<\/p>\n<h3 style=\"text-align: center;\">Options de personnalisation<\/h3>\n<p style=\"text-align: center;\">Personnalisez votre espace repas gr\u00e2ce aux options personnalisables de la chaise de salle \u00e0 manger Viyana Plus. Contrairement \u00e0 son homologue, la Viyana Plus pr\u00e9sente un design \u00e9pur\u00e9 et non matelass\u00e9, offrant une esth\u00e9tique \u00e9l\u00e9gante et minimaliste. D\u00e9couvrez d'autres couleurs et mat\u00e9riaux pour le rev\u00eatement, ainsi qu'une plus large gamme de couleurs de bois, disponibles en magasin ou par le biais de commandes par t\u00e9l\u00e9phone ou par e-mail. Avec des possibilit\u00e9s infinies de personnalisation, vous pouvez cr\u00e9er une exp\u00e9rience gastronomique qui refl\u00e8te votre sens unique du style et de la sophistication.<\/p>\n<p style=\"text-align: center;\">La chaise de salle \u00e0 manger Viyana Plus red\u00e9finit le luxe contemporain avec son \u00e9l\u00e9gance intemporelle et sa sophistication moderne. Avec son rev\u00eatement en cuir de qualit\u00e9 sup\u00e9rieure et ses options personnalisables, cette chaise offre un confort et un style in\u00e9gal\u00e9s pour votre salle \u00e0 manger. Qu'il s'agisse d'organiser des d\u00eeners formels ou de prendre des repas d\u00e9contract\u00e9s avec vos proches, la chaise de salle \u00e0 manger Viyana Plus ne manquera pas d'impressionner par son charme discret et son design raffin\u00e9.<\/p>\n<p>&nbsp;<\/p>\n<p><span style=\"color: #008000;\">Ce produit est certifi\u00e9 sous le EN 12520 des normes europ\u00e9ennes, assurant ainsi une qualit\u00e9 incomparable, la s\u00e9curit\u00e9, la durabilit\u00e9 et la force pour votre tranquillit\u00e9 d'esprit.<\/span><\/p>\n<p>&nbsp;<\/p>\n<hr \/>\n<p style=\"text-align: center;\">","protected":false},"excerpt":{"rendered":"<div class='yrm-content yrm-content-3 yrm-content-hide' id='yrm-WaYvI' data-id='3' data-show-status='false' data-after-action='' style=\"visibility: hidden;height: 0;\">\n<div id='yrm-inner-content-yrm-WaYvI' class='yrm-inner-content-wrapper yrm-cntent-3'>La chaise de salle \u00e0 manger Viyana Plus, dot\u00e9e d'un rev\u00eatement en cuir de qualit\u00e9 sup\u00e9rieure et d'un design minimaliste et intemporel, rehausse votre exp\u00e9rience de la salle \u00e0 manger. Personnalisez votre chaise pour qu'elle corresponde \u00e0 votre esth\u00e9tique personnelle et cr\u00e9ez un espace de repas qui respire la sophistication et le style.<\/div>\n<\/p><\/div>\n<div class='yrm-btn-wrapper yrm-btn-wrapper-3 yrm-more-button-wrapper .introductionsee'\n\t\tdata-custom-more-class-name='.introductionsee' data-custom-less-class-name='.introductionsee'><span title='' data-less-title='' data-more-title='' class='yrm-toggle-expand  yrm-toggle-expand-3' data-rel='yrm-WaYvI' data-more='Introduction' data-less='See less'><span class='yrm-text-wrapper yrm-text-wrapper-custom-dimensions'><span class=\"yrm-button-text-3 yrm-button-text-span\">Introduction<\/span><\/span><\/span><\/div>\n<hr \/>\n<h5><span style=\"color: #008000;\">S\u00e9lectionnez des \u00e9chantillons pour personnaliser :<\/span><\/h5>","protected":false},"featured_media":13691,"comment_status":"open","ping_status":"closed","template":"","meta":{"site-sidebar-layout":"default","site-content-layout":"","ast-site-content-layout":"default","site-content-style":"default","site-sidebar-style":"default","ast-global-header-display":"","ast-banner-title-visibility":"","ast-main-header-display":"","ast-hfb-above-header-display":"","ast-hfb-below-header-display":"","ast-hfb-mobile-header-display":"","site-post-title":"","ast-breadcrumbs-content":"","ast-featured-img":"","footer-sml-layout":"","ast-disable-related-posts":"","theme-transparent-header-meta":"default","adv-header-id-meta":"","stick-header-meta":"","header-above-stick-meta":"","header-main-stick-meta":"","header-below-stick-meta":"","astra-migrate-meta-layouts":"set","ast-page-background-enabled":"default","ast-page-background-meta":{"desktop":{"background-color":"","background-image":"","background-repeat":"repeat","background-position":"center center","background-size":"auto","background-attachment":"scroll","background-type":"","background-media":"","overlay-type":"","overlay-color":"","overlay-opacity":"","overlay-gradient":""},"tablet":{"background-color":"","background-image":"","background-repeat":"repeat","background-position":"center center","background-size":"auto","background-attachment":"scroll","background-type":"","background-media":"","overlay-type":"","overlay-color":"","overlay-opacity":"","overlay-gradient":""},"mobile":{"background-color":"","background-image":"","background-repeat":"repeat","background-position":"center center","background-size":"auto","background-attachment":"scroll","background-type":"","background-media":"","overlay-type":"","overlay-color":"","overlay-opacity":"","overlay-gradient":""}},"ast-content-background-meta":{"desktop":{"background-color":"var(--ast-global-color-5)","background-image":"","background-repeat":"repeat","background-position":"center center","background-size":"auto","background-attachment":"scroll","background-type":"","background-media":"","overlay-type":"","overlay-color":"","overlay-opacity":"","overlay-gradient":""},"tablet":{"background-color":"var(--ast-global-color-5)","background-image":"","background-repeat":"repeat","background-position":"center center","background-size":"auto","background-attachment":"scroll","background-type":"","background-media":"","overlay-type":"","overlay-color":"","overlay-opacity":"","overlay-gradient":""},"mobile":{"background-color":"var(--ast-global-color-5)","background-image":"","background-repeat":"repeat","background-position":"center center","background-size":"auto","background-attachment":"scroll","background-type":"","background-media":"","overlay-type":"","overlay-color":"","overlay-opacity":"","overlay-gradient":""}}},"product_brand":[],"product_cat":[69,67],"product_tag":[1017,1002,998,804,1018],"class_list":{"0":"post-13684","1":"product","2":"type-product","3":"status-publish","4":"has-post-thumbnail","6":"product_cat-chairs","7":"product_cat-dining-room-furniture","8":"product_tag-custom-furniture","9":"product_tag-dining-chair-canada","10":"product_tag-dining-room-chairs","11":"product_tag-dbq-online-only","12":"product_tag-upholstered-chairs","13":"desktop-align-center","14":"tablet-align-center","15":"mobile-align-center","17":"first","18":"onbackorder","19":"taxable","20":"shipping-taxable","21":"purchasable","22":"product-type-variable","23":"wvs-archive-product-wrapper"},"yoast_head":"<!-- This site is optimized with the Yoast SEO Premium plugin v27.3 (Yoast SEO v27.3) - https:\/\/yoast.com\/product\/yoast-seo-premium-wordpress\/ -->\n<title>Viyana Plus Contemporary High Back Dining Chair<\/title>\n<meta name=\"description\" content=\"Discover the Viyana Plus Contemporary High Back Dining Chair at LEOPARD Furniture, offering timeless elegance and modern sophistication with its premium leather upholstery and sleek, minimalist design.\" \/>\n<meta name=\"robots\" content=\"index, follow, max-snippet:-1, max-image-preview:large, max-video-preview:-1\" \/>\n<link rel=\"canonical\" href=\"https:\/\/leoprd.ca\/fr\/product\/viyana-plus-dining-chair\/\" \/>\n<meta property=\"og:locale\" content=\"fr_CA\" \/>\n<meta property=\"og:type\" content=\"article\" \/>\n<meta property=\"og:title\" content=\"Viyana Plus Dining Chair\" \/>\n<meta property=\"og:description\" content=\"Discover the Viyana Plus Contemporary High Back Dining Chair at LEOPARD Furniture, offering timeless elegance and modern sophistication with its premium leather upholstery and sleek, minimalist design.\" \/>\n<meta property=\"og:url\" content=\"https:\/\/leoprd.ca\/fr\/product\/viyana-plus-dining-chair\/\" \/>\n<meta property=\"og:site_name\" content=\"LEOPARD Furniture\" \/>\n<meta property=\"article:publisher\" content=\"https:\/\/www.facebook.com\/leoprd.ca\" \/>\n<meta property=\"article:modified_time\" content=\"2026-04-12T17:45:46+00:00\" \/>\n<meta property=\"og:image\" content=\"https:\/\/leoprd.ca\/wp-content\/uploads\/2024\/04\/Viyana-high-back-dining-chair-1.jpg\" \/>\n\t<meta property=\"og:image:width\" content=\"1800\" \/>\n\t<meta property=\"og:image:height\" content=\"1800\" \/>\n\t<meta property=\"og:image:type\" content=\"image\/jpeg\" \/>\n<meta name=\"twitter:card\" content=\"summary_large_image\" \/>\n<meta name=\"twitter:label1\" content=\"Availability\" \/>\n\t<meta name=\"twitter:data1\" content=\"On backorder\" \/>\n<script type=\"application\/ld+json\" class=\"yoast-schema-graph\">{\"@context\":\"https:\\\/\\\/schema.org\",\"@graph\":[{\"@type\":[\"WebPage\",\"ItemPage\"],\"@id\":\"https:\\\/\\\/leoprd.ca\\\/fr\\\/product\\\/viyana-plus-dining-chair\\\/\",\"url\":\"https:\\\/\\\/leoprd.ca\\\/fr\\\/product\\\/viyana-plus-dining-chair\\\/\",\"name\":\"Viyana Plus Contemporary High Back Dining Chair\",\"isPartOf\":{\"@id\":\"https:\\\/\\\/leoprd.ca\\\/fr\\\/#website\"},\"primaryImageOfPage\":{\"@id\":\"https:\\\/\\\/leoprd.ca\\\/fr\\\/product\\\/viyana-plus-dining-chair\\\/#primaryimage\"},\"image\":{\"@id\":\"https:\\\/\\\/leoprd.ca\\\/fr\\\/product\\\/viyana-plus-dining-chair\\\/#primaryimage\"},\"thumbnailUrl\":\"https:\\\/\\\/leoprd.ca\\\/wp-content\\\/uploads\\\/2024\\\/04\\\/Viyana-high-back-dining-chair-1.jpg\",\"datePublished\":\"2024-04-08T00:05:05+00:00\",\"dateModified\":\"2026-04-12T17:45:46+00:00\",\"description\":\"Discover the Viyana Plus Contemporary High Back Dining Chair at LEOPARD Furniture, offering timeless elegance and modern sophistication with its premium leather upholstery and sleek, minimalist design.\",\"breadcrumb\":{\"@id\":\"https:\\\/\\\/leoprd.ca\\\/fr\\\/product\\\/viyana-plus-dining-chair\\\/#breadcrumb\"},\"inLanguage\":\"fr-CA\",\"potentialAction\":[{\"@type\":\"ReadAction\",\"target\":[\"https:\\\/\\\/leoprd.ca\\\/fr\\\/product\\\/viyana-plus-dining-chair\\\/\"]}]},{\"@type\":\"ImageObject\",\"inLanguage\":\"fr-CA\",\"@id\":\"https:\\\/\\\/leoprd.ca\\\/fr\\\/product\\\/viyana-plus-dining-chair\\\/#primaryimage\",\"url\":\"https:\\\/\\\/leoprd.ca\\\/wp-content\\\/uploads\\\/2024\\\/04\\\/Viyana-high-back-dining-chair-1.jpg\",\"contentUrl\":\"https:\\\/\\\/leoprd.ca\\\/wp-content\\\/uploads\\\/2024\\\/04\\\/Viyana-high-back-dining-chair-1.jpg\",\"width\":1800,\"height\":1800,\"caption\":\"contemporary high back dining chair in black leather overall view on a white background\"},{\"@type\":\"BreadcrumbList\",\"@id\":\"https:\\\/\\\/leoprd.ca\\\/fr\\\/product\\\/viyana-plus-dining-chair\\\/#breadcrumb\",\"itemListElement\":[{\"@type\":\"ListItem\",\"position\":1,\"name\":\"Home\",\"item\":\"https:\\\/\\\/leoprd.ca\\\/\"},{\"@type\":\"ListItem\",\"position\":2,\"name\":\"Shop\",\"item\":\"https:\\\/\\\/leoprd.ca\\\/shop\\\/\"},{\"@type\":\"ListItem\",\"position\":3,\"name\":\"Viyana Plus Dining Chair\"}]},{\"@type\":\"WebSite\",\"@id\":\"https:\\\/\\\/leoprd.ca\\\/fr\\\/#website\",\"url\":\"https:\\\/\\\/leoprd.ca\\\/fr\\\/\",\"name\":\"LEOPARD Furniture\",\"description\":\"Furniture store\",\"publisher\":{\"@id\":\"https:\\\/\\\/leoprd.ca\\\/fr\\\/#organization\"},\"alternateName\":\"Meubles L\u00c9OPARD\",\"potentialAction\":[{\"@type\":\"SearchAction\",\"target\":{\"@type\":\"EntryPoint\",\"urlTemplate\":\"https:\\\/\\\/leoprd.ca\\\/fr\\\/?s={search_term_string}\"},\"query-input\":{\"@type\":\"PropertyValueSpecification\",\"valueRequired\":true,\"valueName\":\"search_term_string\"}}],\"inLanguage\":\"fr-CA\"},{\"@type\":\"Organization\",\"@id\":\"https:\\\/\\\/leoprd.ca\\\/fr\\\/#organization\",\"name\":\"LEOPARD Furniture\",\"alternateName\":\"Meuble LEOPARD\",\"url\":\"https:\\\/\\\/leoprd.ca\\\/fr\\\/\",\"logo\":{\"@type\":\"ImageObject\",\"inLanguage\":\"fr-CA\",\"@id\":\"https:\\\/\\\/leoprd.ca\\\/fr\\\/#\\\/schema\\\/logo\\\/image\\\/\",\"url\":\"https:\\\/\\\/leoprd.ca\\\/wp-content\\\/uploads\\\/2022\\\/05\\\/logo-silver-mid.png\",\"contentUrl\":\"https:\\\/\\\/leoprd.ca\\\/wp-content\\\/uploads\\\/2022\\\/05\\\/logo-silver-mid.png\",\"width\":400,\"height\":400,\"caption\":\"LEOPARD Furniture\"},\"image\":{\"@id\":\"https:\\\/\\\/leoprd.ca\\\/fr\\\/#\\\/schema\\\/logo\\\/image\\\/\"},\"sameAs\":[\"https:\\\/\\\/www.facebook.com\\\/leoprd.ca\",\"https:\\\/\\\/mastodon.social\\\/@leopardfurniture\",\"https:\\\/\\\/www.instagram.com\\\/leopardcanada\\\/\",\"https:\\\/\\\/www.linkedin.com\\\/company\\\/leopard-trading-company\\\/\",\"https:\\\/\\\/www.youtube.com\\\/@leopardcanada\"],\"description\":\"LEOPARD Furniture, a Canadian-born legacy headquartered in the vibrant city of Montreal, Quebec, with a prime location in Brossard. At LEOPARD, we curate the finest furniture selections from premium-quality and esteemed international manufacturers. Our commitment lies in customization and the importation of high-end products. Our Commitment to Quality and Excellence Reliability You Can Trust Built on five pillars \u2013 trust, reliability, customer satisfaction, excellence, and innovation \u2013 LEOPARD Furniture has been a reliable name in the furniture industry. Our commitment to quality and transparency ensures that every piece you select resonates with durability and aesthetic brilliance. Award-Winning Designs Immerse yourself in a world of award-winning designs curated to elevate your living spaces. Our products have been recognized for their innovation and style, showcasing a commitment to staying ahead of design trends. Unparalleled Interior Design Services Personalized 3D Design and AR Experience Embark on a personalized interior design journey with LEOPARD Furniture. Our team, equipped with cutting-edge technology, offers 3D design and Augmented Reality (AR) experiences, allowing you to visualize your dream space before making a decision. LEOPARD Furniture is a furniture store, not just a furniture store; we are creators of lifestyle. Every piece tells a story, and we invite you to be a part of this narrative. Visit our showroom in Brossard or explore our online gallery.\",\"email\":\"info@leoprd.ca\",\"telephone\":\"+1 (514) 655-8447\",\"legalName\":\"LEOPARD CA INC.\",\"hasMerchantReturnPolicy\":{\"@type\":\"MerchantReturnPolicy\",\"merchantReturnLink\":\"https:\\\/\\\/leoprd.ca\\\/fr\\\/exchange-return-and-refund\\\/\"}}]}<\/script>\n<meta property=\"og:availability\" content=\"backorder\" \/>\n<meta property=\"product:availability\" content=\"available for order\" \/>\n<meta property=\"product:retailer_item_id\" content=\"LEO47619\" \/>\n<meta property=\"product:condition\" content=\"new\" \/>\n<!-- \/ Yoast SEO Premium plugin. -->","yoast_head_json":{"title":"Viyana Plus Chaise de salle \u00e0 manger contemporaine \u00e0 dossier haut","description":"D\u00e9couvrez la chaise de salle \u00e0 manger contemporaine \u00e0 dossier haut Viyana Plus chez LEOPARD Furniture, offrant une \u00e9l\u00e9gance intemporelle et une sophistication moderne avec son rev\u00eatement en cuir de premi\u00e8re qualit\u00e9 et son design \u00e9pur\u00e9 et minimaliste.","robots":{"index":"index","follow":"follow","max-snippet":"max-snippet:-1","max-image-preview":"max-image-preview:large","max-video-preview":"max-video-preview:-1"},"canonical":"https:\/\/leoprd.ca\/fr\/product\/viyana-plus-dining-chair\/","og_locale":"fr_CA","og_type":"article","og_title":"Viyana Plus Dining Chair","og_description":"Discover the Viyana Plus Contemporary High Back Dining Chair at LEOPARD Furniture, offering timeless elegance and modern sophistication with its premium leather upholstery and sleek, minimalist design.","og_url":"https:\/\/leoprd.ca\/fr\/product\/viyana-plus-dining-chair\/","og_site_name":"LEOPARD Furniture","article_publisher":"https:\/\/www.facebook.com\/leoprd.ca","article_modified_time":"2026-04-12T17:45:46+00:00","og_image":[{"width":1800,"height":1800,"url":"https:\/\/leoprd.ca\/wp-content\/uploads\/2024\/04\/Viyana-high-back-dining-chair-1.jpg","type":"image\/jpeg"}],"twitter_card":"summary_large_image","twitter_misc":{"Availability":"On backorder"},"schema":{"@context":"https:\/\/schema.org","@graph":[{"@type":["WebPage","ItemPage"],"@id":"https:\/\/leoprd.ca\/fr\/product\/viyana-plus-dining-chair\/","url":"https:\/\/leoprd.ca\/fr\/product\/viyana-plus-dining-chair\/","name":"Viyana Plus Chaise de salle \u00e0 manger contemporaine \u00e0 dossier haut","isPartOf":{"@id":"https:\/\/leoprd.ca\/fr\/#website"},"primaryImageOfPage":{"@id":"https:\/\/leoprd.ca\/fr\/product\/viyana-plus-dining-chair\/#primaryimage"},"image":{"@id":"https:\/\/leoprd.ca\/fr\/product\/viyana-plus-dining-chair\/#primaryimage"},"thumbnailUrl":"https:\/\/leoprd.ca\/wp-content\/uploads\/2024\/04\/Viyana-high-back-dining-chair-1.jpg","datePublished":"2024-04-08T00:05:05+00:00","dateModified":"2026-04-12T17:45:46+00:00","description":"D\u00e9couvrez la chaise de salle \u00e0 manger contemporaine \u00e0 dossier haut Viyana Plus chez LEOPARD Furniture, offrant une \u00e9l\u00e9gance intemporelle et une sophistication moderne avec son rev\u00eatement en cuir de premi\u00e8re qualit\u00e9 et son design \u00e9pur\u00e9 et minimaliste.","breadcrumb":{"@id":"https:\/\/leoprd.ca\/fr\/product\/viyana-plus-dining-chair\/#breadcrumb"},"inLanguage":"fr-CA","potentialAction":[{"@type":"ReadAction","target":["https:\/\/leoprd.ca\/fr\/product\/viyana-plus-dining-chair\/"]}]},{"@type":"ImageObject","inLanguage":"fr-CA","@id":"https:\/\/leoprd.ca\/fr\/product\/viyana-plus-dining-chair\/#primaryimage","url":"https:\/\/leoprd.ca\/wp-content\/uploads\/2024\/04\/Viyana-high-back-dining-chair-1.jpg","contentUrl":"https:\/\/leoprd.ca\/wp-content\/uploads\/2024\/04\/Viyana-high-back-dining-chair-1.jpg","width":1800,"height":1800,"caption":"contemporary high back dining chair in black leather overall view on a white background"},{"@type":"BreadcrumbList","@id":"https:\/\/leoprd.ca\/fr\/product\/viyana-plus-dining-chair\/#breadcrumb","itemListElement":[{"@type":"ListItem","position":1,"name":"Home","item":"https:\/\/leoprd.ca\/"},{"@type":"ListItem","position":2,"name":"Shop","item":"https:\/\/leoprd.ca\/shop\/"},{"@type":"ListItem","position":3,"name":"Viyana Plus Dining Chair"}]},{"@type":"WebSite","@id":"https:\/\/leoprd.ca\/fr\/#website","url":"https:\/\/leoprd.ca\/fr\/","name":"Meubles LEOPARD","description":"Magasin de meubles","publisher":{"@id":"https:\/\/leoprd.ca\/fr\/#organization"},"alternateName":"Meubles L\u00c9OPARD","potentialAction":[{"@type":"SearchAction","target":{"@type":"EntryPoint","urlTemplate":"https:\/\/leoprd.ca\/fr\/?s={search_term_string}"},"query-input":{"@type":"PropertyValueSpecification","valueRequired":true,"valueName":"search_term_string"}}],"inLanguage":"fr-CA"},{"@type":"Organization","@id":"https:\/\/leoprd.ca\/fr\/#organization","name":"Meubles LEOPARD","alternateName":"Meuble LEOPARD","url":"https:\/\/leoprd.ca\/fr\/","logo":{"@type":"ImageObject","inLanguage":"fr-CA","@id":"https:\/\/leoprd.ca\/fr\/#\/schema\/logo\/image\/","url":"https:\/\/leoprd.ca\/wp-content\/uploads\/2022\/05\/logo-silver-mid.png","contentUrl":"https:\/\/leoprd.ca\/wp-content\/uploads\/2022\/05\/logo-silver-mid.png","width":400,"height":400,"caption":"LEOPARD Furniture"},"image":{"@id":"https:\/\/leoprd.ca\/fr\/#\/schema\/logo\/image\/"},"sameAs":["https:\/\/www.facebook.com\/leoprd.ca","https:\/\/mastodon.social\/@leopardfurniture","https:\/\/www.instagram.com\/leopardcanada\/","https:\/\/www.linkedin.com\/company\/leopard-trading-company\/","https:\/\/www.youtube.com\/@leopardcanada"],"description":"Meubles LEOPARD, une entreprise d'origine canadienne dont le si\u00e8ge social est situ\u00e9 dans la ville dynamique de Montr\u00e9al, au Qu\u00e9bec, avec un emplacement de choix \u00e0 Brossard. Chez LEOPARD, nous s\u00e9lectionnons les meubles les plus raffin\u00e9s aupr\u00e8s de fabricants internationaux r\u00e9put\u00e9s et de qualit\u00e9 sup\u00e9rieure. Notre engagement r\u00e9side dans la personnalisation et l'importation de produits haut de gamme. Notre engagement envers la qualit\u00e9 et l'excellence Une fiabilit\u00e9 \u00e0 laquelle vous pouvez vous fier Fond\u00e9e sur cinq piliers - la confiance, la fiabilit\u00e9, la satisfaction de la client\u00e8le, l'excellence et l'innovation - Meubles LEOPARD est un nom fiable dans l'industrie de l'ameublement. Notre engagement en faveur de la qualit\u00e9 et de la transparence garantit que chaque pi\u00e8ce que vous choisissez est synonyme de durabilit\u00e9 et de brillance esth\u00e9tique. Designs prim\u00e9s Plongez dans un monde de designs prim\u00e9s, con\u00e7us pour \u00e9lever vos espaces de vie. Nos produits ont \u00e9t\u00e9 reconnus pour leur innovation et leur style, t\u00e9moignant de notre engagement \u00e0 rester \u00e0 la pointe des tendances en mati\u00e8re de design. Services de design d'int\u00e9rieur in\u00e9gal\u00e9s Design 3D personnalis\u00e9 et exp\u00e9rience AR Embarquez pour un voyage de design d'int\u00e9rieur personnalis\u00e9 avec LEOPARD Furniture. Notre \u00e9quipe, \u00e9quip\u00e9e d'une technologie de pointe, propose des exp\u00e9riences de conception en 3D et de r\u00e9alit\u00e9 augment\u00e9e (RA), vous permettant de visualiser l'espace de vos r\u00eaves avant de prendre une d\u00e9cision. LEOPARD Furniture est un magasin de meubles, pas seulement un magasin de meubles ; nous sommes des cr\u00e9ateurs de style de vie. Chaque pi\u00e8ce raconte une histoire, et nous vous invitons \u00e0 faire partie de ce r\u00e9cit. Visitez notre salle d'exposition \u00e0 Brossard ou explorez notre galerie en ligne.","email":"info@leoprd.ca","telephone":"+1 (514) 655-8447","legalName":"LEOPARD CA INC.","hasMerchantReturnPolicy":{"@type":"MerchantReturnPolicy","merchantReturnLink":"https:\/\/leoprd.ca\/fr\/exchange-return-and-refund\/"}}]},"og_availability":"backorder","product_availability":"available for order","product_retailer_item_id":"LEO47619","product_condition":"new"},"_links":{"self":[{"href":"https:\/\/leoprd.ca\/fr\/wp-json\/wp\/v2\/product\/13684","targetHints":{"allow":["GET"]}}],"collection":[{"href":"https:\/\/leoprd.ca\/fr\/wp-json\/wp\/v2\/product"}],"about":[{"href":"https:\/\/leoprd.ca\/fr\/wp-json\/wp\/v2\/types\/product"}],"replies":[{"embeddable":true,"href":"https:\/\/leoprd.ca\/fr\/wp-json\/wp\/v2\/comments?post=13684"}],"wp:featuredmedia":[{"embeddable":true,"href":"https:\/\/leoprd.ca\/fr\/wp-json\/wp\/v2\/media\/13691"}],"wp:attachment":[{"href":"https:\/\/leoprd.ca\/fr\/wp-json\/wp\/v2\/media?parent=13684"}],"wp:term":[{"taxonomy":"product_brand","embeddable":true,"href":"https:\/\/leoprd.ca\/fr\/wp-json\/wp\/v2\/product_brand?post=13684"},{"taxonomy":"product_cat","embeddable":true,"href":"https:\/\/leoprd.ca\/fr\/wp-json\/wp\/v2\/product_cat?post=13684"},{"taxonomy":"product_tag","embeddable":true,"href":"https:\/\/leoprd.ca\/fr\/wp-json\/wp\/v2\/product_tag?post=13684"}],"curies":[{"name":"wp","href":"https:\/\/api.w.org\/{rel}","templated":true}]}}