{"id":15557,"date":"2024-08-01T20:54:44","date_gmt":"2024-08-02T00:54:44","guid":{"rendered":"https:\/\/leoprd.ca\/?post_type=product&#038;p=15557"},"modified":"2026-03-17T18:18:46","modified_gmt":"2026-03-17T22:18:46","slug":"max-console-table","status":"publish","type":"product","link":"https:\/\/leoprd.ca\/fr\/product\/max-console-table\/","title":{"rendered":"Max Console Table"},"content":{"rendered":"<p style=\"text-align: center;\">Max Console Table<\/p>\n<div id='gallery-1' class='gallery galleryid-15557 gallery-columns-2 gallery-size-large'><figure class='gallery-item'>\n\t\t\t<div class='gallery-icon landscape'>\n\t\t\t\t<a href='https:\/\/leoprd.ca\/wp-content\/uploads\/2024\/08\/Maxc-aa.jpg'><img fetchpriority=\"high\" decoding=\"async\" width=\"1024\" height=\"1024\" src=\"https:\/\/leoprd.ca\/wp-content\/uploads\/2024\/08\/Maxc-aa-1024x1024.jpg\" class=\"attachment-large size-large wvs-archive-product-image\" alt=\"Table basse moderne en ch\u00eane noir sur fond blanc par LEOPARD Furniture Canada.\" srcset=\"https:\/\/leoprd.ca\/wp-content\/uploads\/2024\/08\/Maxc-aa-1024x1024.jpg 1024w, https:\/\/leoprd.ca\/wp-content\/uploads\/2024\/08\/Maxc-aa-500x500.jpg 500w, https:\/\/leoprd.ca\/wp-content\/uploads\/2024\/08\/Maxc-aa-100x100.jpg 100w, https:\/\/leoprd.ca\/wp-content\/uploads\/2024\/08\/Maxc-aa-1200x1200.jpg 1200w, https:\/\/leoprd.ca\/wp-content\/uploads\/2024\/08\/Maxc-aa-300x300.jpg 300w, https:\/\/leoprd.ca\/wp-content\/uploads\/2024\/08\/Maxc-aa-150x150.jpg 150w, https:\/\/leoprd.ca\/wp-content\/uploads\/2024\/08\/Maxc-aa-768x768.jpg 768w, https:\/\/leoprd.ca\/wp-content\/uploads\/2024\/08\/Maxc-aa-1536x1536.jpg 1536w, https:\/\/leoprd.ca\/wp-content\/uploads\/2024\/08\/Maxc-aa-12x12.jpg 12w, https:\/\/leoprd.ca\/wp-content\/uploads\/2024\/08\/Maxc-aa-50x50.jpg 50w, https:\/\/leoprd.ca\/wp-content\/uploads\/2024\/08\/Maxc-aa.jpg 1800w\" sizes=\"(max-width: 1024px) 100vw, 1024px\" \/><\/a>\n\t\t\t<\/div><\/figure><figure class='gallery-item'>\n\t\t\t<div class='gallery-icon landscape'>\n\t\t\t\t<a href='https:\/\/leoprd.ca\/wp-content\/uploads\/2024\/08\/Max-ea.jpg'><img decoding=\"async\" width=\"1024\" height=\"1024\" src=\"https:\/\/leoprd.ca\/wp-content\/uploads\/2024\/08\/Max-ea-1024x1024.jpg\" class=\"attachment-large size-large wvs-archive-product-image\" alt=\"Table basse minimaliste noire intemporelle sur fond blanc de LEOPARD Furniture Canada.\" srcset=\"https:\/\/leoprd.ca\/wp-content\/uploads\/2024\/08\/Max-ea-1024x1024.jpg 1024w, https:\/\/leoprd.ca\/wp-content\/uploads\/2024\/08\/Max-ea-500x500.jpg 500w, https:\/\/leoprd.ca\/wp-content\/uploads\/2024\/08\/Max-ea-100x100.jpg 100w, https:\/\/leoprd.ca\/wp-content\/uploads\/2024\/08\/Max-ea-1200x1200.jpg 1200w, https:\/\/leoprd.ca\/wp-content\/uploads\/2024\/08\/Max-ea-300x300.jpg 300w, https:\/\/leoprd.ca\/wp-content\/uploads\/2024\/08\/Max-ea-150x150.jpg 150w, https:\/\/leoprd.ca\/wp-content\/uploads\/2024\/08\/Max-ea-768x768.jpg 768w, https:\/\/leoprd.ca\/wp-content\/uploads\/2024\/08\/Max-ea-1536x1536.jpg 1536w, https:\/\/leoprd.ca\/wp-content\/uploads\/2024\/08\/Max-ea-12x12.jpg 12w, https:\/\/leoprd.ca\/wp-content\/uploads\/2024\/08\/Max-ea-50x50.jpg 50w, https:\/\/leoprd.ca\/wp-content\/uploads\/2024\/08\/Max-ea.jpg 1800w\" sizes=\"(max-width: 1024px) 100vw, 1024px\" \/><\/a>\n\t\t\t<\/div><\/figure>\n\t\t<\/div>\n\n<p><a href=\"https:\/\/leoprd.ca\/wp-content\/uploads\/2024\/08\/Max-ad.jpg\"><img decoding=\"async\" class=\"wp-image-15556 aligncenter\" src=\"https:\/\/leoprd.ca\/wp-content\/uploads\/2024\/08\/Max-ad-300x300.jpg\" alt=\"Table \u00e9l\u00e9gante en bois noir avec insert blanc moderne, sur fond blanc chez LEOPARD Furniture, designer renomm\u00e9 au Canada.\" width=\"631\" height=\"631\" srcset=\"https:\/\/leoprd.ca\/wp-content\/uploads\/2024\/08\/Max-ad-300x300.jpg 300w, https:\/\/leoprd.ca\/wp-content\/uploads\/2024\/08\/Max-ad-500x500.jpg 500w, https:\/\/leoprd.ca\/wp-content\/uploads\/2024\/08\/Max-ad-100x100.jpg 100w, https:\/\/leoprd.ca\/wp-content\/uploads\/2024\/08\/Max-ad-1200x1200.jpg 1200w, https:\/\/leoprd.ca\/wp-content\/uploads\/2024\/08\/Max-ad-1024x1024.jpg 1024w, https:\/\/leoprd.ca\/wp-content\/uploads\/2024\/08\/Max-ad-150x150.jpg 150w, https:\/\/leoprd.ca\/wp-content\/uploads\/2024\/08\/Max-ad-768x768.jpg 768w, https:\/\/leoprd.ca\/wp-content\/uploads\/2024\/08\/Max-ad-1536x1536.jpg 1536w, https:\/\/leoprd.ca\/wp-content\/uploads\/2024\/08\/Max-ad-12x12.jpg 12w, https:\/\/leoprd.ca\/wp-content\/uploads\/2024\/08\/Max-ad-50x50.jpg 50w, https:\/\/leoprd.ca\/wp-content\/uploads\/2024\/08\/Max-ad.jpg 1800w\" sizes=\"(max-width: 631px) 100vw, 631px\" \/><\/a><\/p>\n<div id='gallery-2' class='gallery galleryid-15557 gallery-columns-3 gallery-size-large'><figure class='gallery-item'>\n\t\t\t<div class='gallery-icon landscape'>\n\t\t\t\t<a href='https:\/\/leoprd.ca\/wp-content\/uploads\/2026\/03\/max-coffee-table-detail3.jpg'><img loading=\"lazy\" decoding=\"async\" width=\"1024\" height=\"684\" src=\"https:\/\/leoprd.ca\/wp-content\/uploads\/2026\/03\/max-coffee-table-detail3-1024x684.jpg\" class=\"attachment-large size-large wvs-archive-product-image\" alt=\"\" srcset=\"https:\/\/leoprd.ca\/wp-content\/uploads\/2026\/03\/max-coffee-table-detail3-1024x684.jpg 1024w, https:\/\/leoprd.ca\/wp-content\/uploads\/2026\/03\/max-coffee-table-detail3-300x200.jpg 300w, https:\/\/leoprd.ca\/wp-content\/uploads\/2026\/03\/max-coffee-table-detail3-768x513.jpg 768w, https:\/\/leoprd.ca\/wp-content\/uploads\/2026\/03\/max-coffee-table-detail3-1536x1025.jpg 1536w, https:\/\/leoprd.ca\/wp-content\/uploads\/2026\/03\/max-coffee-table-detail3-2048x1367.jpg 2048w, https:\/\/leoprd.ca\/wp-content\/uploads\/2026\/03\/max-coffee-table-detail3-18x12.jpg 18w, https:\/\/leoprd.ca\/wp-content\/uploads\/2026\/03\/max-coffee-table-detail3-1200x801.jpg 1200w\" sizes=\"(max-width: 1024px) 100vw, 1024px\" \/><\/a>\n\t\t\t<\/div><\/figure><figure class='gallery-item'>\n\t\t\t<div class='gallery-icon landscape'>\n\t\t\t\t<a href='https:\/\/leoprd.ca\/wp-content\/uploads\/2024\/08\/Maxc-a.jpg'><img loading=\"lazy\" decoding=\"async\" width=\"1024\" height=\"1024\" src=\"https:\/\/leoprd.ca\/wp-content\/uploads\/2024\/08\/Maxc-a-1024x1024.jpg\" class=\"attachment-large size-large wvs-archive-product-image\" alt=\"table console max vue d\u00e9taill\u00e9e\" srcset=\"https:\/\/leoprd.ca\/wp-content\/uploads\/2024\/08\/Maxc-a-1024x1024.jpg 1024w, https:\/\/leoprd.ca\/wp-content\/uploads\/2024\/08\/Maxc-a-500x500.jpg 500w, https:\/\/leoprd.ca\/wp-content\/uploads\/2024\/08\/Maxc-a-100x100.jpg 100w, https:\/\/leoprd.ca\/wp-content\/uploads\/2024\/08\/Maxc-a-1200x1200.jpg 1200w, https:\/\/leoprd.ca\/wp-content\/uploads\/2024\/08\/Maxc-a-300x300.jpg 300w, https:\/\/leoprd.ca\/wp-content\/uploads\/2024\/08\/Maxc-a-150x150.jpg 150w, https:\/\/leoprd.ca\/wp-content\/uploads\/2024\/08\/Maxc-a-768x768.jpg 768w, https:\/\/leoprd.ca\/wp-content\/uploads\/2024\/08\/Maxc-a-1536x1536.jpg 1536w, https:\/\/leoprd.ca\/wp-content\/uploads\/2024\/08\/Maxc-a-12x12.jpg 12w, https:\/\/leoprd.ca\/wp-content\/uploads\/2024\/08\/Maxc-a-50x50.jpg 50w, https:\/\/leoprd.ca\/wp-content\/uploads\/2024\/08\/Maxc-a.jpg 1800w\" sizes=\"(max-width: 1024px) 100vw, 1024px\" \/><\/a>\n\t\t\t<\/div><\/figure><figure class='gallery-item'>\n\t\t\t<div class='gallery-icon landscape'>\n\t\t\t\t<a href='https:\/\/leoprd.ca\/wp-content\/uploads\/2024\/08\/Max-a.jpg'><img loading=\"lazy\" decoding=\"async\" width=\"1024\" height=\"1024\" src=\"https:\/\/leoprd.ca\/wp-content\/uploads\/2024\/08\/Max-a-1024x1024.jpg\" class=\"attachment-large size-large wvs-archive-product-image\" alt=\"Table basse en bois noir et pierre beige sur fond blanc, design moderne de LEOPARD Furniture Canada.\" srcset=\"https:\/\/leoprd.ca\/wp-content\/uploads\/2024\/08\/Max-a-1024x1024.jpg 1024w, https:\/\/leoprd.ca\/wp-content\/uploads\/2024\/08\/Max-a-500x500.jpg 500w, https:\/\/leoprd.ca\/wp-content\/uploads\/2024\/08\/Max-a-100x100.jpg 100w, https:\/\/leoprd.ca\/wp-content\/uploads\/2024\/08\/Max-a-1200x1200.jpg 1200w, https:\/\/leoprd.ca\/wp-content\/uploads\/2024\/08\/Max-a-300x300.jpg 300w, https:\/\/leoprd.ca\/wp-content\/uploads\/2024\/08\/Max-a-150x150.jpg 150w, https:\/\/leoprd.ca\/wp-content\/uploads\/2024\/08\/Max-a-768x768.jpg 768w, https:\/\/leoprd.ca\/wp-content\/uploads\/2024\/08\/Max-a-1536x1536.jpg 1536w, https:\/\/leoprd.ca\/wp-content\/uploads\/2024\/08\/Max-a-12x12.jpg 12w, https:\/\/leoprd.ca\/wp-content\/uploads\/2024\/08\/Max-a-50x50.jpg 50w, https:\/\/leoprd.ca\/wp-content\/uploads\/2024\/08\/Max-a.jpg 1800w\" sizes=\"(max-width: 1024px) 100vw, 1024px\" \/><\/a>\n\t\t\t<\/div><\/figure>\n\t\t<\/div>\n\n<p>&nbsp;<\/p>","protected":false},"excerpt":{"rendered":"<p>Max Console Table<\/p>","protected":false},"featured_media":15561,"comment_status":"open","ping_status":"closed","template":"","meta":{"site-sidebar-layout":"default","site-content-layout":"","ast-site-content-layout":"default","site-content-style":"default","site-sidebar-style":"default","ast-global-header-display":"","ast-banner-title-visibility":"","ast-main-header-display":"","ast-hfb-above-header-display":"","ast-hfb-below-header-display":"","ast-hfb-mobile-header-display":"","site-post-title":"","ast-breadcrumbs-content":"","ast-featured-img":"","footer-sml-layout":"","ast-disable-related-posts":"","theme-transparent-header-meta":"default","adv-header-id-meta":"","stick-header-meta":"","header-above-stick-meta":"","header-main-stick-meta":"","header-below-stick-meta":"","astra-migrate-meta-layouts":"set","ast-page-background-enabled":"default","ast-page-background-meta":{"desktop":{"background-color":"","background-image":"","background-repeat":"repeat","background-position":"center center","background-size":"auto","background-attachment":"scroll","background-type":"","background-media":"","overlay-type":"","overlay-color":"","overlay-opacity":"","overlay-gradient":""},"tablet":{"background-color":"","background-image":"","background-repeat":"repeat","background-position":"center center","background-size":"auto","background-attachment":"scroll","background-type":"","background-media":"","overlay-type":"","overlay-color":"","overlay-opacity":"","overlay-gradient":""},"mobile":{"background-color":"","background-image":"","background-repeat":"repeat","background-position":"center center","background-size":"auto","background-attachment":"scroll","background-type":"","background-media":"","overlay-type":"","overlay-color":"","overlay-opacity":"","overlay-gradient":""}},"ast-content-background-meta":{"desktop":{"background-color":"var(--ast-global-color-5)","background-image":"","background-repeat":"repeat","background-position":"center center","background-size":"auto","background-attachment":"scroll","background-type":"","background-media":"","overlay-type":"","overlay-color":"","overlay-opacity":"","overlay-gradient":""},"tablet":{"background-color":"var(--ast-global-color-5)","background-image":"","background-repeat":"repeat","background-position":"center center","background-size":"auto","background-attachment":"scroll","background-type":"","background-media":"","overlay-type":"","overlay-color":"","overlay-opacity":"","overlay-gradient":""},"mobile":{"background-color":"var(--ast-global-color-5)","background-image":"","background-repeat":"repeat","background-position":"center center","background-size":"auto","background-attachment":"scroll","background-type":"","background-media":"","overlay-type":"","overlay-color":"","overlay-opacity":"","overlay-gradient":""}}},"product_brand":[],"product_cat":[59,592],"product_tag":[804],"class_list":{"0":"post-15557","1":"product","2":"type-product","3":"status-publish","4":"has-post-thumbnail","6":"product_cat-living-room-furniture","7":"product_cat-console-tables","8":"product_tag-dbq-online-only","9":"desktop-align-center","10":"tablet-align-center","11":"mobile-align-center","13":"first","14":"onbackorder","15":"taxable","16":"shipping-taxable","17":"purchasable","18":"product-type-simple"},"yoast_head":"<!-- This site is optimized with the Yoast SEO Premium plugin v27.2 (Yoast SEO v27.2) - https:\/\/yoast.com\/product\/yoast-seo-premium-wordpress\/ -->\n<title>Max Designer Console Table | Elegant Console Table by LEOPARD<\/title>\n<meta name=\"description\" content=\"Make an impression with the Max Console Table from LEOPARD Furniture. A designer console table, perfect for high-end interiors in Montreal.\" \/>\n<meta name=\"robots\" content=\"index, follow, max-snippet:-1, max-image-preview:large, max-video-preview:-1\" \/>\n<link rel=\"canonical\" href=\"https:\/\/leoprd.ca\/fr\/product\/max-console-table\/\" \/>\n<meta property=\"og:locale\" content=\"fr_CA\" \/>\n<meta property=\"og:type\" content=\"article\" \/>\n<meta property=\"og:title\" content=\"Max Console Table\" \/>\n<meta property=\"og:description\" content=\"Make an impression with the Max Console Table from LEOPARD Furniture. A designer console table, perfect for high-end interiors in Montreal.\" \/>\n<meta property=\"og:url\" content=\"https:\/\/leoprd.ca\/fr\/product\/max-console-table\/\" \/>\n<meta property=\"og:site_name\" content=\"LEOPARD Furniture\" \/>\n<meta property=\"article:publisher\" content=\"https:\/\/www.facebook.com\/leoprd.ca\" \/>\n<meta property=\"article:modified_time\" content=\"2026-03-17T22:18:46+00:00\" \/>\n<meta property=\"og:image\" content=\"https:\/\/leoprd.ca\/wp-content\/uploads\/2024\/08\/Maxc-aa.jpg\" \/>\n\t<meta property=\"og:image:width\" content=\"1800\" \/>\n\t<meta property=\"og:image:height\" content=\"1800\" \/>\n\t<meta property=\"og:image:type\" content=\"image\/jpeg\" \/>\n<meta name=\"twitter:card\" content=\"summary_large_image\" \/>\n<meta name=\"twitter:label1\" content=\"Price\" \/>\n\t<meta name=\"twitter:data1\" content=\"&#036;1,829\" \/>\n\t<meta name=\"twitter:label2\" content=\"Availability\" \/>\n\t<meta name=\"twitter:data2\" content=\"On backorder\" \/>\n<script type=\"application\/ld+json\" class=\"yoast-schema-graph\">{\"@context\":\"https:\/\/schema.org\",\"@graph\":[{\"@type\":[\"WebPage\",\"ItemPage\"],\"@id\":\"https:\/\/leoprd.ca\/fr\/product\/max-console-table\/\",\"url\":\"https:\/\/leoprd.ca\/fr\/product\/max-console-table\/\",\"name\":\"Max Designer Console Table | Elegant Console Table by LEOPARD\",\"isPartOf\":{\"@id\":\"https:\/\/leoprd.ca\/fr\/#website\"},\"primaryImageOfPage\":{\"@id\":\"https:\/\/leoprd.ca\/fr\/product\/max-console-table\/#primaryimage\"},\"image\":{\"@id\":\"https:\/\/leoprd.ca\/fr\/product\/max-console-table\/#primaryimage\"},\"thumbnailUrl\":\"https:\/\/leoprd.ca\/wp-content\/uploads\/2024\/08\/Maxc-aa.jpg\",\"datePublished\":\"2024-08-02T00:54:44+00:00\",\"dateModified\":\"2026-03-17T22:18:46+00:00\",\"description\":\"Make an impression with the Max Console Table from LEOPARD Furniture. A designer console table, perfect for high-end interiors in Montreal.\",\"breadcrumb\":{\"@id\":\"https:\/\/leoprd.ca\/fr\/product\/max-console-table\/#breadcrumb\"},\"inLanguage\":\"fr-CA\",\"potentialAction\":[{\"@type\":\"ReadAction\",\"target\":[\"https:\/\/leoprd.ca\/fr\/product\/max-console-table\/\"]}]},{\"@type\":\"ImageObject\",\"inLanguage\":\"fr-CA\",\"@id\":\"https:\/\/leoprd.ca\/fr\/product\/max-console-table\/#primaryimage\",\"url\":\"https:\/\/leoprd.ca\/wp-content\/uploads\/2024\/08\/Maxc-aa.jpg\",\"contentUrl\":\"https:\/\/leoprd.ca\/wp-content\/uploads\/2024\/08\/Maxc-aa.jpg\",\"width\":1800,\"height\":1800,\"caption\":\"Modern black oak coffee table on white background by LEOPARD Furniture Canada.\"},{\"@type\":\"BreadcrumbList\",\"@id\":\"https:\/\/leoprd.ca\/fr\/product\/max-console-table\/#breadcrumb\",\"itemListElement\":[{\"@type\":\"ListItem\",\"position\":1,\"name\":\"Home\",\"item\":\"https:\/\/leoprd.ca\/\"},{\"@type\":\"ListItem\",\"position\":2,\"name\":\"Shop\",\"item\":\"https:\/\/leoprd.ca\/shop\/\"},{\"@type\":\"ListItem\",\"position\":3,\"name\":\"Max Console Table\"}]},{\"@type\":\"WebSite\",\"@id\":\"https:\/\/leoprd.ca\/fr\/#website\",\"url\":\"https:\/\/leoprd.ca\/fr\/\",\"name\":\"LEOPARD Furniture\",\"description\":\"Furniture store\",\"publisher\":{\"@id\":\"https:\/\/leoprd.ca\/fr\/#organization\"},\"alternateName\":\"Meubles L\u00c9OPARD\",\"potentialAction\":[{\"@type\":\"SearchAction\",\"target\":{\"@type\":\"EntryPoint\",\"urlTemplate\":\"https:\/\/leoprd.ca\/fr\/?s={search_term_string}\"},\"query-input\":{\"@type\":\"PropertyValueSpecification\",\"valueRequired\":true,\"valueName\":\"search_term_string\"}}],\"inLanguage\":\"fr-CA\"},{\"@type\":\"Organization\",\"@id\":\"https:\/\/leoprd.ca\/fr\/#organization\",\"name\":\"LEOPARD Furniture\",\"alternateName\":\"Meuble LEOPARD\",\"url\":\"https:\/\/leoprd.ca\/fr\/\",\"logo\":{\"@type\":\"ImageObject\",\"inLanguage\":\"fr-CA\",\"@id\":\"https:\/\/leoprd.ca\/fr\/#\/schema\/logo\/image\/\",\"url\":\"https:\/\/leoprd.ca\/wp-content\/uploads\/2022\/05\/logo-silver-mid.png\",\"contentUrl\":\"https:\/\/leoprd.ca\/wp-content\/uploads\/2022\/05\/logo-silver-mid.png\",\"width\":400,\"height\":400,\"caption\":\"LEOPARD Furniture\"},\"image\":{\"@id\":\"https:\/\/leoprd.ca\/fr\/#\/schema\/logo\/image\/\"},\"sameAs\":[\"https:\/\/www.facebook.com\/leoprd.ca\",\"https:\/\/mastodon.social\/@leopardfurniture\",\"https:\/\/www.instagram.com\/leopardcanada\/\",\"https:\/\/www.linkedin.com\/company\/leopard-trading-company\/\",\"https:\/\/www.youtube.com\/@leopardcanada\"],\"description\":\"LEOPARD Furniture, a Canadian-born legacy headquartered in the vibrant city of Montreal, Quebec, with a prime location in Brossard. At LEOPARD, we curate the finest furniture selections from premium-quality and esteemed international manufacturers. Our commitment lies in customization and the importation of high-end products. Our Commitment to Quality and Excellence Reliability You Can Trust Built on five pillars \u2013 trust, reliability, customer satisfaction, excellence, and innovation \u2013 LEOPARD Furniture has been a reliable name in the furniture industry. Our commitment to quality and transparency ensures that every piece you select resonates with durability and aesthetic brilliance. Award-Winning Designs Immerse yourself in a world of award-winning designs curated to elevate your living spaces. Our products have been recognized for their innovation and style, showcasing a commitment to staying ahead of design trends. Unparalleled Interior Design Services Personalized 3D Design and AR Experience Embark on a personalized interior design journey with LEOPARD Furniture. Our team, equipped with cutting-edge technology, offers 3D design and Augmented Reality (AR) experiences, allowing you to visualize your dream space before making a decision. LEOPARD Furniture is a furniture store, not just a furniture store; we are creators of lifestyle. Every piece tells a story, and we invite you to be a part of this narrative. Visit our showroom in Brossard or explore our online gallery.\",\"email\":\"info@leoprd.ca\",\"telephone\":\"+1 (514) 655-8447\",\"legalName\":\"LEOPARD CA INC.\",\"hasMerchantReturnPolicy\":{\"@type\":\"MerchantReturnPolicy\",\"merchantReturnLink\":\"https:\/\/leoprd.ca\/fr\/exchange-return-and-refund\/\"}}]}<\/script>\n<meta property=\"product:price:amount\" content=\"1829\" \/>\n<meta property=\"product:price:currency\" content=\"CAD\" \/>\n<meta property=\"og:availability\" content=\"backorder\" \/>\n<meta property=\"product:availability\" content=\"available for order\" \/>\n<meta property=\"product:retailer_item_id\" content=\"LEO29462\" \/>\n<meta property=\"product:condition\" content=\"new\" \/>\n<!-- \/ Yoast SEO Premium plugin. -->","yoast_head_json":{"title":"Max Designer Console Table | Table console \u00e9l\u00e9gante par LEOPARD","description":"Faites impression avec la table console Max de Meubles LEOPARD. Une table console design, parfaite pour les int\u00e9rieurs haut de gamme de Montr\u00e9al.","robots":{"index":"index","follow":"follow","max-snippet":"max-snippet:-1","max-image-preview":"max-image-preview:large","max-video-preview":"max-video-preview:-1"},"canonical":"https:\/\/leoprd.ca\/fr\/product\/max-console-table\/","og_locale":"fr_CA","og_type":"article","og_title":"Max Console Table","og_description":"Make an impression with the Max Console Table from LEOPARD Furniture. A designer console table, perfect for high-end interiors in Montreal.","og_url":"https:\/\/leoprd.ca\/fr\/product\/max-console-table\/","og_site_name":"LEOPARD Furniture","article_publisher":"https:\/\/www.facebook.com\/leoprd.ca","article_modified_time":"2026-03-17T22:18:46+00:00","og_image":[{"width":1800,"height":1800,"url":"https:\/\/leoprd.ca\/wp-content\/uploads\/2024\/08\/Maxc-aa.jpg","type":"image\/jpeg"}],"twitter_card":"summary_large_image","twitter_misc":{"Price":"&#36;1,829","Availability":"On backorder"},"schema":{"@context":"https:\/\/schema.org","@graph":[{"@type":["WebPage","ItemPage"],"@id":"https:\/\/leoprd.ca\/fr\/product\/max-console-table\/","url":"https:\/\/leoprd.ca\/fr\/product\/max-console-table\/","name":"Max Designer Console Table | Table console \u00e9l\u00e9gante par LEOPARD","isPartOf":{"@id":"https:\/\/leoprd.ca\/fr\/#website"},"primaryImageOfPage":{"@id":"https:\/\/leoprd.ca\/fr\/product\/max-console-table\/#primaryimage"},"image":{"@id":"https:\/\/leoprd.ca\/fr\/product\/max-console-table\/#primaryimage"},"thumbnailUrl":"https:\/\/leoprd.ca\/wp-content\/uploads\/2024\/08\/Maxc-aa.jpg","datePublished":"2024-08-02T00:54:44+00:00","dateModified":"2026-03-17T22:18:46+00:00","description":"Faites impression avec la table console Max de Meubles LEOPARD. Une table console design, parfaite pour les int\u00e9rieurs haut de gamme de Montr\u00e9al.","breadcrumb":{"@id":"https:\/\/leoprd.ca\/fr\/product\/max-console-table\/#breadcrumb"},"inLanguage":"fr-CA","potentialAction":[{"@type":"ReadAction","target":["https:\/\/leoprd.ca\/fr\/product\/max-console-table\/"]}]},{"@type":"ImageObject","inLanguage":"fr-CA","@id":"https:\/\/leoprd.ca\/fr\/product\/max-console-table\/#primaryimage","url":"https:\/\/leoprd.ca\/wp-content\/uploads\/2024\/08\/Maxc-aa.jpg","contentUrl":"https:\/\/leoprd.ca\/wp-content\/uploads\/2024\/08\/Maxc-aa.jpg","width":1800,"height":1800,"caption":"Modern black oak coffee table on white background by LEOPARD Furniture Canada."},{"@type":"BreadcrumbList","@id":"https:\/\/leoprd.ca\/fr\/product\/max-console-table\/#breadcrumb","itemListElement":[{"@type":"ListItem","position":1,"name":"Home","item":"https:\/\/leoprd.ca\/"},{"@type":"ListItem","position":2,"name":"Shop","item":"https:\/\/leoprd.ca\/shop\/"},{"@type":"ListItem","position":3,"name":"Max Console Table"}]},{"@type":"WebSite","@id":"https:\/\/leoprd.ca\/fr\/#website","url":"https:\/\/leoprd.ca\/fr\/","name":"Meubles LEOPARD","description":"Magasin de meubles","publisher":{"@id":"https:\/\/leoprd.ca\/fr\/#organization"},"alternateName":"Meubles L\u00c9OPARD","potentialAction":[{"@type":"SearchAction","target":{"@type":"EntryPoint","urlTemplate":"https:\/\/leoprd.ca\/fr\/?s={search_term_string}"},"query-input":{"@type":"PropertyValueSpecification","valueRequired":true,"valueName":"search_term_string"}}],"inLanguage":"fr-CA"},{"@type":"Organization","@id":"https:\/\/leoprd.ca\/fr\/#organization","name":"Meubles LEOPARD","alternateName":"Meuble LEOPARD","url":"https:\/\/leoprd.ca\/fr\/","logo":{"@type":"ImageObject","inLanguage":"fr-CA","@id":"https:\/\/leoprd.ca\/fr\/#\/schema\/logo\/image\/","url":"https:\/\/leoprd.ca\/wp-content\/uploads\/2022\/05\/logo-silver-mid.png","contentUrl":"https:\/\/leoprd.ca\/wp-content\/uploads\/2022\/05\/logo-silver-mid.png","width":400,"height":400,"caption":"LEOPARD Furniture"},"image":{"@id":"https:\/\/leoprd.ca\/fr\/#\/schema\/logo\/image\/"},"sameAs":["https:\/\/www.facebook.com\/leoprd.ca","https:\/\/mastodon.social\/@leopardfurniture","https:\/\/www.instagram.com\/leopardcanada\/","https:\/\/www.linkedin.com\/company\/leopard-trading-company\/","https:\/\/www.youtube.com\/@leopardcanada"],"description":"Meubles LEOPARD, une entreprise d'origine canadienne dont le si\u00e8ge social est situ\u00e9 dans la ville dynamique de Montr\u00e9al, au Qu\u00e9bec, avec un emplacement de choix \u00e0 Brossard. Chez LEOPARD, nous s\u00e9lectionnons les meubles les plus raffin\u00e9s aupr\u00e8s de fabricants internationaux r\u00e9put\u00e9s et de qualit\u00e9 sup\u00e9rieure. Notre engagement r\u00e9side dans la personnalisation et l'importation de produits haut de gamme. Notre engagement envers la qualit\u00e9 et l'excellence Une fiabilit\u00e9 \u00e0 laquelle vous pouvez vous fier Fond\u00e9e sur cinq piliers - la confiance, la fiabilit\u00e9, la satisfaction de la client\u00e8le, l'excellence et l'innovation - Meubles LEOPARD est un nom fiable dans l'industrie de l'ameublement. Notre engagement en faveur de la qualit\u00e9 et de la transparence garantit que chaque pi\u00e8ce que vous choisissez est synonyme de durabilit\u00e9 et de brillance esth\u00e9tique. Designs prim\u00e9s Plongez dans un monde de designs prim\u00e9s, con\u00e7us pour \u00e9lever vos espaces de vie. Nos produits ont \u00e9t\u00e9 reconnus pour leur innovation et leur style, t\u00e9moignant de notre engagement \u00e0 rester \u00e0 la pointe des tendances en mati\u00e8re de design. Services de design d'int\u00e9rieur in\u00e9gal\u00e9s Design 3D personnalis\u00e9 et exp\u00e9rience AR Embarquez pour un voyage de design d'int\u00e9rieur personnalis\u00e9 avec LEOPARD Furniture. Notre \u00e9quipe, \u00e9quip\u00e9e d'une technologie de pointe, propose des exp\u00e9riences de conception en 3D et de r\u00e9alit\u00e9 augment\u00e9e (RA), vous permettant de visualiser l'espace de vos r\u00eaves avant de prendre une d\u00e9cision. LEOPARD Furniture est un magasin de meubles, pas seulement un magasin de meubles ; nous sommes des cr\u00e9ateurs de style de vie. Chaque pi\u00e8ce raconte une histoire, et nous vous invitons \u00e0 faire partie de ce r\u00e9cit. Visitez notre salle d'exposition \u00e0 Brossard ou explorez notre galerie en ligne.","email":"info@leoprd.ca","telephone":"+1 (514) 655-8447","legalName":"LEOPARD CA INC.","hasMerchantReturnPolicy":{"@type":"MerchantReturnPolicy","merchantReturnLink":"https:\/\/leoprd.ca\/fr\/exchange-return-and-refund\/"}}]},"product_price_amount":"1829","product_price_currency":"CAD","og_availability":"backorder","product_availability":"available for order","product_retailer_item_id":"LEO29462","product_condition":"new"},"_links":{"self":[{"href":"https:\/\/leoprd.ca\/fr\/wp-json\/wp\/v2\/product\/15557","targetHints":{"allow":["GET"]}}],"collection":[{"href":"https:\/\/leoprd.ca\/fr\/wp-json\/wp\/v2\/product"}],"about":[{"href":"https:\/\/leoprd.ca\/fr\/wp-json\/wp\/v2\/types\/product"}],"replies":[{"embeddable":true,"href":"https:\/\/leoprd.ca\/fr\/wp-json\/wp\/v2\/comments?post=15557"}],"wp:featuredmedia":[{"embeddable":true,"href":"https:\/\/leoprd.ca\/fr\/wp-json\/wp\/v2\/media\/15561"}],"wp:attachment":[{"href":"https:\/\/leoprd.ca\/fr\/wp-json\/wp\/v2\/media?parent=15557"}],"wp:term":[{"taxonomy":"product_brand","embeddable":true,"href":"https:\/\/leoprd.ca\/fr\/wp-json\/wp\/v2\/product_brand?post=15557"},{"taxonomy":"product_cat","embeddable":true,"href":"https:\/\/leoprd.ca\/fr\/wp-json\/wp\/v2\/product_cat?post=15557"},{"taxonomy":"product_tag","embeddable":true,"href":"https:\/\/leoprd.ca\/fr\/wp-json\/wp\/v2\/product_tag?post=15557"}],"curies":[{"name":"wp","href":"https:\/\/api.w.org\/{rel}","templated":true}]}}