{"id":15603,"date":"2024-08-02T13:14:18","date_gmt":"2024-08-02T17:14:18","guid":{"rendered":"https:\/\/leoprd.ca\/?post_type=product&#038;p=15603"},"modified":"2025-12-08T18:15:02","modified_gmt":"2025-12-08T22:15:02","slug":"zen-dining-chair","status":"publish","type":"product","link":"https:\/\/leoprd.ca\/fr\/product\/zen-dining-chair\/","title":{"rendered":"Zen Dining Chair"},"content":{"rendered":"<h4>La chaise de salle \u00e0 manger en cuir ultime pour une \u00e9l\u00e9gance moderne<\/h4>\n<p>Rehaussez votre salle \u00e0 manger avec le <strong>Chaise de salle \u00e0 manger en cuir Zen<\/strong>-Un m\u00e9lange parfait de design contemporain et de mat\u00e9riaux luxueux. Rembourr\u00e9 en <strong>cuir de premi\u00e8re qualit\u00e9<\/strong>Cette chaise moderne ajoute sophistication et fonctionnalit\u00e9 \u00e0 tout espace de repas. Sa silhouette \u00e9l\u00e9gante, associ\u00e9e \u00e0 ses quatre pieds en m\u00e9tal noir durable, cr\u00e9e une d\u00e9claration audacieuse et minimaliste.<\/p>\n<p>Disponible en <strong>dix options de couleur de cuir<\/strong>Cette chaise s'adapte sans effort \u00e0 votre style unique. Que vous l'associiez \u00e0 une table de salle \u00e0 manger de notre collection <a href=\"https:\/\/leoprd.ca\/fr\/categorie-produit\/tables\/\" rel=\"noopener\">Collection de tables \u00e0 manger<\/a> ou l'inclure dans votre dossier complet <a href=\"https:\/\/leoprd.ca\/fr\/categorie-produit\/dining-room-furniture\/\" rel=\"noopener\">Collection de meubles de salle \u00e0 manger<\/a>Il promet de transformer votre maison en un espace de luxe et de confort.<\/p>\n<hr \/>\n<h4>Pourquoi la chaise de salle \u00e0 manger en cuir Zen se d\u00e9marque-t-elle ?<\/h4>\n<p>Les <strong>Chaise de salle \u00e0 manger en cuir Zen<\/strong> est plus qu'un simple meuble. Voici pourquoi il est indispensable :<\/p>\n<ul>\n<li><strong>Le confort au service du style<\/strong>: L'assise et le dossier ergonomiques offrent un excellent soutien tout en pr\u00e9sentant un design moderne et \u00e9l\u00e9gant.<\/li>\n<li><strong>Mat\u00e9riaux de premi\u00e8re qualit\u00e9<\/strong>: Le rev\u00eatement en cuir de haute qualit\u00e9 garantit la durabilit\u00e9 et ajoute une touche d'\u00e9l\u00e9gance.<\/li>\n<li><strong>Look personnalisable<\/strong>: Avec 10 couleurs de cuir disponibles, vous pouvez l'assortir parfaitement \u00e0 votre d\u00e9cor.<\/li>\n<li><strong>Construit pour durer<\/strong>: Les solides pieds en m\u00e9tal noir assurent la stabilit\u00e9 et donnent une touche contemporaine \u00e0 l'ensemble.<\/li>\n<li><strong>Conception polyvalente<\/strong>: Parfait pour les salles \u00e0 manger, les bureaux \u00e0 domicile ou comme pi\u00e8ce d'accentuation.<\/li>\n<\/ul>\n<p>Rendez chaque repas m\u00e9morable avec une chaise qui allie style, qualit\u00e9 et fonctionnalit\u00e9.<\/p>\n<hr \/>\n<h4>Con\u00e7u pour le luxe<\/h4>\n<p>Les <strong>Chaise de salle \u00e0 manger en cuir Zen<\/strong> est id\u00e9al pour ceux qui appr\u00e9cient les meubles modernes et haut de gamme. Que vous organisiez un d\u00eener intime ou que vous preniez des repas quotidiens d\u00e9contract\u00e9s, cette chaise offre un m\u00e9lange parfait d'\u00e9l\u00e9gance et de confort. Le rev\u00eatement en cuir de premi\u00e8re qualit\u00e9 n'est pas seulement luxueux, il est aussi facile \u00e0 nettoyer, ce qui le rend pratique pour les familles et les foyers occup\u00e9s.<\/p>\n<p>Associez-le \u00e0 d'autres pi\u00e8ces \u00e9tonnantes de notre collection. <a href=\"https:\/\/leoprd.ca\/fr\/categorie-produit\/dining-room-furniture\/chairs\/\" rel=\"noopener\">Collection de chaises de salle \u00e0 manger<\/a> pour cr\u00e9er une salle \u00e0 manger coordonn\u00e9e et \u00e9l\u00e9gante. Avec son design intemporel et sa construction durable, la chaise de salle \u00e0 manger Zen est un v\u00e9ritable investissement dans l'esth\u00e9tique de votre maison.<\/p>\n<p>&nbsp;<\/p>\n<p>&nbsp;<\/p>\n<p><strong><span style=\"color: #008000;\">Ce produit est certifi\u00e9 sous le EN 12520 des normes europ\u00e9ennes, assurant ainsi une qualit\u00e9 incomparable, la s\u00e9curit\u00e9, la durabilit\u00e9 et la force pour votre tranquillit\u00e9 d'esprit.<\/span><\/strong><\/p>\n<p>&nbsp;<\/p>\n<hr \/>\n<p style=\"text-align: center;\">","protected":false},"excerpt":{"rendered":"<div class='yrm-content yrm-content-3 yrm-content-hide' id='yrm-OB7Ju' data-id='3' data-show-status='false' data-after-action='' style=\"visibility: hidden;height: 0;\">\n<div id='yrm-inner-content-yrm-OB7Ju' class='yrm-inner-content-wrapper yrm-cntent-3'> La chaise de salle \u00e0 manger Zen, dot\u00e9e d'un rev\u00eatement en cuir de qualit\u00e9 sup\u00e9rieure, de solides pieds en m\u00e9tal noir et d'un design moderne exclusif, rehausse votre exp\u00e9rience de la salle \u00e0 manger. Disponible en 10 couleurs luxueuses, elle est parfaite pour les espaces contemporains et minimalistes. D\u00e9couvrez ce chef-d'\u0153uvre en magasin ou en ligne chez LEOPARD Furniture.<\/div>\n<\/p><\/div>\n<div class='yrm-btn-wrapper yrm-btn-wrapper-3 yrm-more-button-wrapper .introductionsee'\n\t\tdata-custom-more-class-name='.introductionsee' data-custom-less-class-name='.introductionsee'><span title='' data-less-title='' data-more-title='' class='yrm-toggle-expand  yrm-toggle-expand-3' data-rel='yrm-OB7Ju' data-more='Introduction' data-less='See less'><span class='yrm-text-wrapper yrm-text-wrapper-custom-dimensions'><span class=\"yrm-button-text-3 yrm-button-text-span\">Introduction<\/span><\/span><\/span><\/div>\n<hr \/>\n<h5><span style=\"color: #008000;\">S\u00e9lectionnez des \u00e9chantillons pour personnaliser :<\/span><\/h5>","protected":false},"featured_media":15601,"comment_status":"open","ping_status":"closed","template":"","meta":{"site-sidebar-layout":"default","site-content-layout":"","ast-site-content-layout":"default","site-content-style":"default","site-sidebar-style":"default","ast-global-header-display":"","ast-banner-title-visibility":"","ast-main-header-display":"","ast-hfb-above-header-display":"","ast-hfb-below-header-display":"","ast-hfb-mobile-header-display":"","site-post-title":"","ast-breadcrumbs-content":"","ast-featured-img":"","footer-sml-layout":"","ast-disable-related-posts":"","theme-transparent-header-meta":"default","adv-header-id-meta":"","stick-header-meta":"","header-above-stick-meta":"","header-main-stick-meta":"","header-below-stick-meta":"","astra-migrate-meta-layouts":"set","ast-page-background-enabled":"default","ast-page-background-meta":{"desktop":{"background-color":"","background-image":"","background-repeat":"repeat","background-position":"center center","background-size":"auto","background-attachment":"scroll","background-type":"","background-media":"","overlay-type":"","overlay-color":"","overlay-opacity":"","overlay-gradient":""},"tablet":{"background-color":"","background-image":"","background-repeat":"repeat","background-position":"center center","background-size":"auto","background-attachment":"scroll","background-type":"","background-media":"","overlay-type":"","overlay-color":"","overlay-opacity":"","overlay-gradient":""},"mobile":{"background-color":"","background-image":"","background-repeat":"repeat","background-position":"center center","background-size":"auto","background-attachment":"scroll","background-type":"","background-media":"","overlay-type":"","overlay-color":"","overlay-opacity":"","overlay-gradient":""}},"ast-content-background-meta":{"desktop":{"background-color":"var(--ast-global-color-5)","background-image":"","background-repeat":"repeat","background-position":"center center","background-size":"auto","background-attachment":"scroll","background-type":"","background-media":"","overlay-type":"","overlay-color":"","overlay-opacity":"","overlay-gradient":""},"tablet":{"background-color":"var(--ast-global-color-5)","background-image":"","background-repeat":"repeat","background-position":"center center","background-size":"auto","background-attachment":"scroll","background-type":"","background-media":"","overlay-type":"","overlay-color":"","overlay-opacity":"","overlay-gradient":""},"mobile":{"background-color":"var(--ast-global-color-5)","background-image":"","background-repeat":"repeat","background-position":"center center","background-size":"auto","background-attachment":"scroll","background-type":"","background-media":"","overlay-type":"","overlay-color":"","overlay-opacity":"","overlay-gradient":""}}},"product_brand":[],"product_cat":[69,67],"product_tag":[107,1002],"class_list":{"0":"post-15603","1":"product","2":"type-product","3":"status-publish","4":"has-post-thumbnail","6":"product_cat-chairs","7":"product_cat-dining-room-furniture","8":"product_tag-dbq-dining-chair","9":"product_tag-dining-chair-canada","10":"desktop-align-center","11":"tablet-align-center","12":"mobile-align-center","14":"first","15":"outofstock","16":"taxable","17":"shipping-taxable","18":"purchasable","19":"product-type-variable","20":"has-default-attributes","21":"wvs-archive-product-wrapper"},"yoast_head":"<!-- This site is optimized with the Yoast SEO Premium plugin v27.3 (Yoast SEO v27.3) - https:\/\/yoast.com\/product\/yoast-seo-premium-wordpress\/ -->\n<title>Zen Leather Dining Chair | Timeless Elegance for Modern Dining<\/title>\n<meta name=\"description\" content=\"Upgrade your dining space with the Zen Leather Dining Chair. Featuring premium leather upholstery, black metal legs, and 10 color options, this modern chair is perfect for contemporary interiors. Shop now at LEOPARD Furniture.\" \/>\n<meta name=\"robots\" content=\"index, follow, max-snippet:-1, max-image-preview:large, max-video-preview:-1\" \/>\n<link rel=\"canonical\" href=\"https:\/\/leoprd.ca\/fr\/product\/zen-dining-chair\/\" \/>\n<meta property=\"og:locale\" content=\"fr_CA\" \/>\n<meta property=\"og:type\" content=\"article\" \/>\n<meta property=\"og:title\" content=\"Zen Dining Chair\" \/>\n<meta property=\"og:description\" content=\"Upgrade your dining space with the Zen Leather Dining Chair. Featuring premium leather upholstery, black metal legs, and 10 color options, this modern chair is perfect for contemporary interiors. Shop now at LEOPARD Furniture.\" \/>\n<meta property=\"og:url\" content=\"https:\/\/leoprd.ca\/fr\/product\/zen-dining-chair\/\" \/>\n<meta property=\"og:site_name\" content=\"LEOPARD Furniture\" \/>\n<meta property=\"article:publisher\" content=\"https:\/\/www.facebook.com\/leoprd.ca\" \/>\n<meta property=\"article:modified_time\" content=\"2025-12-08T22:15:02+00:00\" \/>\n<meta property=\"og:image\" content=\"https:\/\/leoprd.ca\/wp-content\/uploads\/2024\/08\/zen-2.jpg\" \/>\n\t<meta property=\"og:image:width\" content=\"1800\" \/>\n\t<meta property=\"og:image:height\" content=\"1800\" \/>\n\t<meta property=\"og:image:type\" content=\"image\/jpeg\" \/>\n<meta name=\"twitter:card\" content=\"summary_large_image\" \/>\n<meta name=\"twitter:label1\" content=\"Availability\" \/>\n\t<meta name=\"twitter:data1\" content=\"Out of stock\" \/>\n<script type=\"application\/ld+json\" class=\"yoast-schema-graph\">{\"@context\":\"https:\\\/\\\/schema.org\",\"@graph\":[{\"@type\":[\"WebPage\",\"ItemPage\"],\"@id\":\"https:\\\/\\\/leoprd.ca\\\/fr\\\/product\\\/zen-dining-chair\\\/\",\"url\":\"https:\\\/\\\/leoprd.ca\\\/fr\\\/product\\\/zen-dining-chair\\\/\",\"name\":\"Zen Leather Dining Chair | Timeless Elegance for Modern Dining\",\"isPartOf\":{\"@id\":\"https:\\\/\\\/leoprd.ca\\\/fr\\\/#website\"},\"primaryImageOfPage\":{\"@id\":\"https:\\\/\\\/leoprd.ca\\\/fr\\\/product\\\/zen-dining-chair\\\/#primaryimage\"},\"image\":{\"@id\":\"https:\\\/\\\/leoprd.ca\\\/fr\\\/product\\\/zen-dining-chair\\\/#primaryimage\"},\"thumbnailUrl\":\"https:\\\/\\\/leoprd.ca\\\/wp-content\\\/uploads\\\/2024\\\/08\\\/zen-2.jpg\",\"datePublished\":\"2024-08-02T17:14:18+00:00\",\"dateModified\":\"2025-12-08T22:15:02+00:00\",\"description\":\"Upgrade your dining space with the Zen Leather Dining Chair. Featuring premium leather upholstery, black metal legs, and 10 color options, this modern chair is perfect for contemporary interiors. Shop now at LEOPARD Furniture.\",\"breadcrumb\":{\"@id\":\"https:\\\/\\\/leoprd.ca\\\/fr\\\/product\\\/zen-dining-chair\\\/#breadcrumb\"},\"inLanguage\":\"fr-CA\",\"potentialAction\":[{\"@type\":\"ReadAction\",\"target\":[\"https:\\\/\\\/leoprd.ca\\\/fr\\\/product\\\/zen-dining-chair\\\/\"]}]},{\"@type\":\"ImageObject\",\"inLanguage\":\"fr-CA\",\"@id\":\"https:\\\/\\\/leoprd.ca\\\/fr\\\/product\\\/zen-dining-chair\\\/#primaryimage\",\"url\":\"https:\\\/\\\/leoprd.ca\\\/wp-content\\\/uploads\\\/2024\\\/08\\\/zen-2.jpg\",\"contentUrl\":\"https:\\\/\\\/leoprd.ca\\\/wp-content\\\/uploads\\\/2024\\\/08\\\/zen-2.jpg\",\"width\":1800,\"height\":1800,\"caption\":\"Chaise moderne en cuir noir de designer LEOPARD Furniture sur fond blanc, haute qualit\u00e9 pour int\u00e9rieur contemporain.\"},{\"@type\":\"BreadcrumbList\",\"@id\":\"https:\\\/\\\/leoprd.ca\\\/fr\\\/product\\\/zen-dining-chair\\\/#breadcrumb\",\"itemListElement\":[{\"@type\":\"ListItem\",\"position\":1,\"name\":\"Home\",\"item\":\"https:\\\/\\\/leoprd.ca\\\/\"},{\"@type\":\"ListItem\",\"position\":2,\"name\":\"Shop\",\"item\":\"https:\\\/\\\/leoprd.ca\\\/shop\\\/\"},{\"@type\":\"ListItem\",\"position\":3,\"name\":\"Zen Dining Chair\"}]},{\"@type\":\"WebSite\",\"@id\":\"https:\\\/\\\/leoprd.ca\\\/fr\\\/#website\",\"url\":\"https:\\\/\\\/leoprd.ca\\\/fr\\\/\",\"name\":\"LEOPARD Furniture\",\"description\":\"Furniture store\",\"publisher\":{\"@id\":\"https:\\\/\\\/leoprd.ca\\\/fr\\\/#organization\"},\"alternateName\":\"Meubles L\u00c9OPARD\",\"potentialAction\":[{\"@type\":\"SearchAction\",\"target\":{\"@type\":\"EntryPoint\",\"urlTemplate\":\"https:\\\/\\\/leoprd.ca\\\/fr\\\/?s={search_term_string}\"},\"query-input\":{\"@type\":\"PropertyValueSpecification\",\"valueRequired\":true,\"valueName\":\"search_term_string\"}}],\"inLanguage\":\"fr-CA\"},{\"@type\":\"Organization\",\"@id\":\"https:\\\/\\\/leoprd.ca\\\/fr\\\/#organization\",\"name\":\"LEOPARD Furniture\",\"alternateName\":\"Meuble LEOPARD\",\"url\":\"https:\\\/\\\/leoprd.ca\\\/fr\\\/\",\"logo\":{\"@type\":\"ImageObject\",\"inLanguage\":\"fr-CA\",\"@id\":\"https:\\\/\\\/leoprd.ca\\\/fr\\\/#\\\/schema\\\/logo\\\/image\\\/\",\"url\":\"https:\\\/\\\/leoprd.ca\\\/wp-content\\\/uploads\\\/2022\\\/05\\\/logo-silver-mid.png\",\"contentUrl\":\"https:\\\/\\\/leoprd.ca\\\/wp-content\\\/uploads\\\/2022\\\/05\\\/logo-silver-mid.png\",\"width\":400,\"height\":400,\"caption\":\"LEOPARD Furniture\"},\"image\":{\"@id\":\"https:\\\/\\\/leoprd.ca\\\/fr\\\/#\\\/schema\\\/logo\\\/image\\\/\"},\"sameAs\":[\"https:\\\/\\\/www.facebook.com\\\/leoprd.ca\",\"https:\\\/\\\/mastodon.social\\\/@leopardfurniture\",\"https:\\\/\\\/www.instagram.com\\\/leopardcanada\\\/\",\"https:\\\/\\\/www.linkedin.com\\\/company\\\/leopard-trading-company\\\/\",\"https:\\\/\\\/www.youtube.com\\\/@leopardcanada\"],\"description\":\"LEOPARD Furniture, a Canadian-born legacy headquartered in the vibrant city of Montreal, Quebec, with a prime location in Brossard. At LEOPARD, we curate the finest furniture selections from premium-quality and esteemed international manufacturers. Our commitment lies in customization and the importation of high-end products. Our Commitment to Quality and Excellence Reliability You Can Trust Built on five pillars \u2013 trust, reliability, customer satisfaction, excellence, and innovation \u2013 LEOPARD Furniture has been a reliable name in the furniture industry. Our commitment to quality and transparency ensures that every piece you select resonates with durability and aesthetic brilliance. Award-Winning Designs Immerse yourself in a world of award-winning designs curated to elevate your living spaces. Our products have been recognized for their innovation and style, showcasing a commitment to staying ahead of design trends. Unparalleled Interior Design Services Personalized 3D Design and AR Experience Embark on a personalized interior design journey with LEOPARD Furniture. Our team, equipped with cutting-edge technology, offers 3D design and Augmented Reality (AR) experiences, allowing you to visualize your dream space before making a decision. LEOPARD Furniture is a furniture store, not just a furniture store; we are creators of lifestyle. Every piece tells a story, and we invite you to be a part of this narrative. Visit our showroom in Brossard or explore our online gallery.\",\"email\":\"info@leoprd.ca\",\"telephone\":\"+1 (514) 655-8447\",\"legalName\":\"LEOPARD CA INC.\",\"hasMerchantReturnPolicy\":{\"@type\":\"MerchantReturnPolicy\",\"merchantReturnLink\":\"https:\\\/\\\/leoprd.ca\\\/fr\\\/exchange-return-and-refund\\\/\"}}]}<\/script>\n<meta property=\"og:availability\" content=\"out of stock\" \/>\n<meta property=\"product:availability\" content=\"out of stock\" \/>\n<meta property=\"product:retailer_item_id\" content=\"LEO62456\" \/>\n<meta property=\"product:condition\" content=\"new\" \/>\n<!-- \/ Yoast SEO Premium plugin. -->","yoast_head_json":{"title":"Chaise de salle \u00e0 manger en cuir Zen - \u00c9l\u00e9gance intemporelle pour salle \u00e0 manger moderne","description":"Am\u00e9liorez votre espace repas avec la chaise de salle \u00e0 manger en cuir Zen. Avec son rev\u00eatement en cuir de premi\u00e8re qualit\u00e9, ses pieds en m\u00e9tal noir et ses 10 options de couleur, cette chaise moderne est parfaite pour les int\u00e9rieurs contemporains. Achetez maintenant chez LEOPARD Furniture.","robots":{"index":"index","follow":"follow","max-snippet":"max-snippet:-1","max-image-preview":"max-image-preview:large","max-video-preview":"max-video-preview:-1"},"canonical":"https:\/\/leoprd.ca\/fr\/product\/zen-dining-chair\/","og_locale":"fr_CA","og_type":"article","og_title":"Zen Dining Chair","og_description":"Upgrade your dining space with the Zen Leather Dining Chair. Featuring premium leather upholstery, black metal legs, and 10 color options, this modern chair is perfect for contemporary interiors. Shop now at LEOPARD Furniture.","og_url":"https:\/\/leoprd.ca\/fr\/product\/zen-dining-chair\/","og_site_name":"LEOPARD Furniture","article_publisher":"https:\/\/www.facebook.com\/leoprd.ca","article_modified_time":"2025-12-08T22:15:02+00:00","og_image":[{"width":1800,"height":1800,"url":"https:\/\/leoprd.ca\/wp-content\/uploads\/2024\/08\/zen-2.jpg","type":"image\/jpeg"}],"twitter_card":"summary_large_image","twitter_misc":{"Availability":"Out of stock"},"schema":{"@context":"https:\/\/schema.org","@graph":[{"@type":["WebPage","ItemPage"],"@id":"https:\/\/leoprd.ca\/fr\/product\/zen-dining-chair\/","url":"https:\/\/leoprd.ca\/fr\/product\/zen-dining-chair\/","name":"Chaise de salle \u00e0 manger en cuir Zen - \u00c9l\u00e9gance intemporelle pour salle \u00e0 manger moderne","isPartOf":{"@id":"https:\/\/leoprd.ca\/fr\/#website"},"primaryImageOfPage":{"@id":"https:\/\/leoprd.ca\/fr\/product\/zen-dining-chair\/#primaryimage"},"image":{"@id":"https:\/\/leoprd.ca\/fr\/product\/zen-dining-chair\/#primaryimage"},"thumbnailUrl":"https:\/\/leoprd.ca\/wp-content\/uploads\/2024\/08\/zen-2.jpg","datePublished":"2024-08-02T17:14:18+00:00","dateModified":"2025-12-08T22:15:02+00:00","description":"Am\u00e9liorez votre espace repas avec la chaise de salle \u00e0 manger en cuir Zen. Avec son rev\u00eatement en cuir de premi\u00e8re qualit\u00e9, ses pieds en m\u00e9tal noir et ses 10 options de couleur, cette chaise moderne est parfaite pour les int\u00e9rieurs contemporains. Achetez maintenant chez LEOPARD Furniture.","breadcrumb":{"@id":"https:\/\/leoprd.ca\/fr\/product\/zen-dining-chair\/#breadcrumb"},"inLanguage":"fr-CA","potentialAction":[{"@type":"ReadAction","target":["https:\/\/leoprd.ca\/fr\/product\/zen-dining-chair\/"]}]},{"@type":"ImageObject","inLanguage":"fr-CA","@id":"https:\/\/leoprd.ca\/fr\/product\/zen-dining-chair\/#primaryimage","url":"https:\/\/leoprd.ca\/wp-content\/uploads\/2024\/08\/zen-2.jpg","contentUrl":"https:\/\/leoprd.ca\/wp-content\/uploads\/2024\/08\/zen-2.jpg","width":1800,"height":1800,"caption":"Chaise moderne en cuir noir de designer LEOPARD Furniture sur fond blanc, haute qualit\u00e9 pour int\u00e9rieur contemporain."},{"@type":"BreadcrumbList","@id":"https:\/\/leoprd.ca\/fr\/product\/zen-dining-chair\/#breadcrumb","itemListElement":[{"@type":"ListItem","position":1,"name":"Home","item":"https:\/\/leoprd.ca\/"},{"@type":"ListItem","position":2,"name":"Shop","item":"https:\/\/leoprd.ca\/shop\/"},{"@type":"ListItem","position":3,"name":"Zen Dining Chair"}]},{"@type":"WebSite","@id":"https:\/\/leoprd.ca\/fr\/#website","url":"https:\/\/leoprd.ca\/fr\/","name":"Meubles LEOPARD","description":"Magasin de meubles","publisher":{"@id":"https:\/\/leoprd.ca\/fr\/#organization"},"alternateName":"Meubles L\u00c9OPARD","potentialAction":[{"@type":"SearchAction","target":{"@type":"EntryPoint","urlTemplate":"https:\/\/leoprd.ca\/fr\/?s={search_term_string}"},"query-input":{"@type":"PropertyValueSpecification","valueRequired":true,"valueName":"search_term_string"}}],"inLanguage":"fr-CA"},{"@type":"Organization","@id":"https:\/\/leoprd.ca\/fr\/#organization","name":"Meubles LEOPARD","alternateName":"Meuble LEOPARD","url":"https:\/\/leoprd.ca\/fr\/","logo":{"@type":"ImageObject","inLanguage":"fr-CA","@id":"https:\/\/leoprd.ca\/fr\/#\/schema\/logo\/image\/","url":"https:\/\/leoprd.ca\/wp-content\/uploads\/2022\/05\/logo-silver-mid.png","contentUrl":"https:\/\/leoprd.ca\/wp-content\/uploads\/2022\/05\/logo-silver-mid.png","width":400,"height":400,"caption":"LEOPARD Furniture"},"image":{"@id":"https:\/\/leoprd.ca\/fr\/#\/schema\/logo\/image\/"},"sameAs":["https:\/\/www.facebook.com\/leoprd.ca","https:\/\/mastodon.social\/@leopardfurniture","https:\/\/www.instagram.com\/leopardcanada\/","https:\/\/www.linkedin.com\/company\/leopard-trading-company\/","https:\/\/www.youtube.com\/@leopardcanada"],"description":"Meubles LEOPARD, une entreprise d'origine canadienne dont le si\u00e8ge social est situ\u00e9 dans la ville dynamique de Montr\u00e9al, au Qu\u00e9bec, avec un emplacement de choix \u00e0 Brossard. Chez LEOPARD, nous s\u00e9lectionnons les meubles les plus raffin\u00e9s aupr\u00e8s de fabricants internationaux r\u00e9put\u00e9s et de qualit\u00e9 sup\u00e9rieure. Notre engagement r\u00e9side dans la personnalisation et l'importation de produits haut de gamme. Notre engagement envers la qualit\u00e9 et l'excellence Une fiabilit\u00e9 \u00e0 laquelle vous pouvez vous fier Fond\u00e9e sur cinq piliers - la confiance, la fiabilit\u00e9, la satisfaction de la client\u00e8le, l'excellence et l'innovation - Meubles LEOPARD est un nom fiable dans l'industrie de l'ameublement. Notre engagement en faveur de la qualit\u00e9 et de la transparence garantit que chaque pi\u00e8ce que vous choisissez est synonyme de durabilit\u00e9 et de brillance esth\u00e9tique. Designs prim\u00e9s Plongez dans un monde de designs prim\u00e9s, con\u00e7us pour \u00e9lever vos espaces de vie. Nos produits ont \u00e9t\u00e9 reconnus pour leur innovation et leur style, t\u00e9moignant de notre engagement \u00e0 rester \u00e0 la pointe des tendances en mati\u00e8re de design. Services de design d'int\u00e9rieur in\u00e9gal\u00e9s Design 3D personnalis\u00e9 et exp\u00e9rience AR Embarquez pour un voyage de design d'int\u00e9rieur personnalis\u00e9 avec LEOPARD Furniture. Notre \u00e9quipe, \u00e9quip\u00e9e d'une technologie de pointe, propose des exp\u00e9riences de conception en 3D et de r\u00e9alit\u00e9 augment\u00e9e (RA), vous permettant de visualiser l'espace de vos r\u00eaves avant de prendre une d\u00e9cision. LEOPARD Furniture est un magasin de meubles, pas seulement un magasin de meubles ; nous sommes des cr\u00e9ateurs de style de vie. Chaque pi\u00e8ce raconte une histoire, et nous vous invitons \u00e0 faire partie de ce r\u00e9cit. Visitez notre salle d'exposition \u00e0 Brossard ou explorez notre galerie en ligne.","email":"info@leoprd.ca","telephone":"+1 (514) 655-8447","legalName":"LEOPARD CA INC.","hasMerchantReturnPolicy":{"@type":"MerchantReturnPolicy","merchantReturnLink":"https:\/\/leoprd.ca\/fr\/exchange-return-and-refund\/"}}]},"og_availability":"out of stock","product_availability":"out of stock","product_retailer_item_id":"LEO62456","product_condition":"new"},"_links":{"self":[{"href":"https:\/\/leoprd.ca\/fr\/wp-json\/wp\/v2\/product\/15603","targetHints":{"allow":["GET"]}}],"collection":[{"href":"https:\/\/leoprd.ca\/fr\/wp-json\/wp\/v2\/product"}],"about":[{"href":"https:\/\/leoprd.ca\/fr\/wp-json\/wp\/v2\/types\/product"}],"replies":[{"embeddable":true,"href":"https:\/\/leoprd.ca\/fr\/wp-json\/wp\/v2\/comments?post=15603"}],"wp:featuredmedia":[{"embeddable":true,"href":"https:\/\/leoprd.ca\/fr\/wp-json\/wp\/v2\/media\/15601"}],"wp:attachment":[{"href":"https:\/\/leoprd.ca\/fr\/wp-json\/wp\/v2\/media?parent=15603"}],"wp:term":[{"taxonomy":"product_brand","embeddable":true,"href":"https:\/\/leoprd.ca\/fr\/wp-json\/wp\/v2\/product_brand?post=15603"},{"taxonomy":"product_cat","embeddable":true,"href":"https:\/\/leoprd.ca\/fr\/wp-json\/wp\/v2\/product_cat?post=15603"},{"taxonomy":"product_tag","embeddable":true,"href":"https:\/\/leoprd.ca\/fr\/wp-json\/wp\/v2\/product_tag?post=15603"}],"curies":[{"name":"wp","href":"https:\/\/api.w.org\/{rel}","templated":true}]}}