{"id":15618,"date":"2024-08-02T13:58:42","date_gmt":"2024-08-02T17:58:42","guid":{"rendered":"https:\/\/leoprd.ca\/?post_type=product&#038;p=15618"},"modified":"2026-05-08T11:46:19","modified_gmt":"2026-05-08T15:46:19","slug":"vera-dining-table","status":"publish","type":"product","link":"https:\/\/leoprd.ca\/fr\/product\/vera-dining-table\/","title":{"rendered":"Vera Dining Table"},"content":{"rendered":"<p style=\"text-align: center;\">Vera Dining Table<br \/>\nTable top options: Wood \/ Italian Ceramic<\/p>\n<p><a href=\"https:\/\/leoprd.ca\/wp-content\/uploads\/2024\/08\/01_Interactive-LightMix-1-scaled.jpg\"><img fetchpriority=\"high\" decoding=\"async\" class=\"aligncenter wp-image-15630\" src=\"https:\/\/leoprd.ca\/wp-content\/uploads\/2024\/08\/01_Interactive-LightMix-1-scaled.jpg\" alt=\"\" width=\"800\" height=\"500\" srcset=\"https:\/\/leoprd.ca\/wp-content\/uploads\/2024\/08\/01_Interactive-LightMix-1-scaled.jpg 2560w, https:\/\/leoprd.ca\/wp-content\/uploads\/2024\/08\/01_Interactive-LightMix-1-scaled-1200x750.jpg 1200w, https:\/\/leoprd.ca\/wp-content\/uploads\/2024\/08\/01_Interactive-LightMix-1-300x187.jpg 300w, https:\/\/leoprd.ca\/wp-content\/uploads\/2024\/08\/01_Interactive-LightMix-1-1024x640.jpg 1024w, https:\/\/leoprd.ca\/wp-content\/uploads\/2024\/08\/01_Interactive-LightMix-1-768x480.jpg 768w, https:\/\/leoprd.ca\/wp-content\/uploads\/2024\/08\/01_Interactive-LightMix-1-1536x960.jpg 1536w, https:\/\/leoprd.ca\/wp-content\/uploads\/2024\/08\/01_Interactive-LightMix-1-2048x1280.jpg 2048w, https:\/\/leoprd.ca\/wp-content\/uploads\/2024\/08\/01_Interactive-LightMix-1-18x12.jpg 18w\" sizes=\"(max-width: 800px) 100vw, 800px\" \/><\/a><\/p>\n<div id='gallery-1' class='gallery galleryid-15618 gallery-columns-4 gallery-size-large'><figure class='gallery-item'>\n\t\t\t<div class='gallery-icon portrait'>\n\t\t\t\t<a href='https:\/\/leoprd.ca\/wp-content\/uploads\/2026\/01\/gama-tv-units-p23.jpg'><img decoding=\"async\" width=\"863\" height=\"1024\" src=\"https:\/\/leoprd.ca\/wp-content\/uploads\/2026\/01\/gama-tv-units-p23-863x1024.jpg\" class=\"attachment-large size-large wvs-archive-product-image\" alt=\"\" srcset=\"https:\/\/leoprd.ca\/wp-content\/uploads\/2026\/01\/gama-tv-units-p23-863x1024.jpg 863w, https:\/\/leoprd.ca\/wp-content\/uploads\/2026\/01\/gama-tv-units-p23-253x300.jpg 253w, https:\/\/leoprd.ca\/wp-content\/uploads\/2026\/01\/gama-tv-units-p23-768x911.jpg 768w, https:\/\/leoprd.ca\/wp-content\/uploads\/2026\/01\/gama-tv-units-p23-1295x1536.jpg 1295w, https:\/\/leoprd.ca\/wp-content\/uploads\/2026\/01\/gama-tv-units-p23-10x12.jpg 10w, https:\/\/leoprd.ca\/wp-content\/uploads\/2026\/01\/gama-tv-units-p23-1200x1423.jpg 1200w, https:\/\/leoprd.ca\/wp-content\/uploads\/2026\/01\/gama-tv-units-p23.jpg 1407w\" sizes=\"(max-width: 863px) 100vw, 863px\" \/><\/a>\n\t\t\t<\/div><\/figure><figure class='gallery-item'>\n\t\t\t<div class='gallery-icon landscape'>\n\t\t\t\t<a href='https:\/\/leoprd.ca\/wp-content\/uploads\/2026\/01\/vera-table-photo-3.jpg'><img decoding=\"async\" width=\"1024\" height=\"1024\" src=\"https:\/\/leoprd.ca\/wp-content\/uploads\/2026\/01\/vera-table-photo-3-1024x1024.jpg\" class=\"attachment-large size-large wvs-archive-product-image\" alt=\"\" srcset=\"https:\/\/leoprd.ca\/wp-content\/uploads\/2026\/01\/vera-table-photo-3-1024x1024.jpg 1024w, https:\/\/leoprd.ca\/wp-content\/uploads\/2026\/01\/vera-table-photo-3-300x300.jpg 300w, https:\/\/leoprd.ca\/wp-content\/uploads\/2026\/01\/vera-table-photo-3-150x150.jpg 150w, https:\/\/leoprd.ca\/wp-content\/uploads\/2026\/01\/vera-table-photo-3-768x768.jpg 768w, https:\/\/leoprd.ca\/wp-content\/uploads\/2026\/01\/vera-table-photo-3-1536x1536.jpg 1536w, https:\/\/leoprd.ca\/wp-content\/uploads\/2026\/01\/vera-table-photo-3-12x12.jpg 12w, https:\/\/leoprd.ca\/wp-content\/uploads\/2026\/01\/vera-table-photo-3-500x500.jpg 500w, https:\/\/leoprd.ca\/wp-content\/uploads\/2026\/01\/vera-table-photo-3-1200x1200.jpg 1200w, https:\/\/leoprd.ca\/wp-content\/uploads\/2026\/01\/vera-table-photo-3-100x100.jpg 100w, https:\/\/leoprd.ca\/wp-content\/uploads\/2026\/01\/vera-table-photo-3-50x50.jpg 50w, https:\/\/leoprd.ca\/wp-content\/uploads\/2026\/01\/vera-table-photo-3.jpg 1669w\" sizes=\"(max-width: 1024px) 100vw, 1024px\" \/><\/a>\n\t\t\t<\/div><\/figure><figure class='gallery-item'>\n\t\t\t<div class='gallery-icon landscape'>\n\t\t\t\t<a href='https:\/\/leoprd.ca\/wp-content\/uploads\/2026\/01\/vera-table-photo-1.jpg'><img loading=\"lazy\" decoding=\"async\" width=\"1024\" height=\"925\" src=\"https:\/\/leoprd.ca\/wp-content\/uploads\/2026\/01\/vera-table-photo-1-1024x925.jpg\" class=\"attachment-large size-large wvs-archive-product-image\" alt=\"\" srcset=\"https:\/\/leoprd.ca\/wp-content\/uploads\/2026\/01\/vera-table-photo-1-1024x925.jpg 1024w, https:\/\/leoprd.ca\/wp-content\/uploads\/2026\/01\/vera-table-photo-1-300x271.jpg 300w, https:\/\/leoprd.ca\/wp-content\/uploads\/2026\/01\/vera-table-photo-1-768x694.jpg 768w, https:\/\/leoprd.ca\/wp-content\/uploads\/2026\/01\/vera-table-photo-1-1536x1387.jpg 1536w, https:\/\/leoprd.ca\/wp-content\/uploads\/2026\/01\/vera-table-photo-1-13x12.jpg 13w, https:\/\/leoprd.ca\/wp-content\/uploads\/2026\/01\/vera-table-photo-1-1200x1084.jpg 1200w, https:\/\/leoprd.ca\/wp-content\/uploads\/2026\/01\/vera-table-photo-1.jpg 1848w\" sizes=\"(max-width: 1024px) 100vw, 1024px\" \/><\/a>\n\t\t\t<\/div><\/figure><figure class='gallery-item'>\n\t\t\t<div class='gallery-icon landscape'>\n\t\t\t\t<a href='https:\/\/leoprd.ca\/wp-content\/uploads\/2026\/01\/vera-table-photo-2.jpg'><img loading=\"lazy\" decoding=\"async\" width=\"1024\" height=\"1024\" src=\"https:\/\/leoprd.ca\/wp-content\/uploads\/2026\/01\/vera-table-photo-2-1024x1024.jpg\" class=\"attachment-large size-large wvs-archive-product-image\" alt=\"\" srcset=\"https:\/\/leoprd.ca\/wp-content\/uploads\/2026\/01\/vera-table-photo-2-1024x1024.jpg 1024w, https:\/\/leoprd.ca\/wp-content\/uploads\/2026\/01\/vera-table-photo-2-300x300.jpg 300w, https:\/\/leoprd.ca\/wp-content\/uploads\/2026\/01\/vera-table-photo-2-150x150.jpg 150w, https:\/\/leoprd.ca\/wp-content\/uploads\/2026\/01\/vera-table-photo-2-768x768.jpg 768w, https:\/\/leoprd.ca\/wp-content\/uploads\/2026\/01\/vera-table-photo-2-1536x1536.jpg 1536w, https:\/\/leoprd.ca\/wp-content\/uploads\/2026\/01\/vera-table-photo-2-12x12.jpg 12w, https:\/\/leoprd.ca\/wp-content\/uploads\/2026\/01\/vera-table-photo-2-500x500.jpg 500w, https:\/\/leoprd.ca\/wp-content\/uploads\/2026\/01\/vera-table-photo-2-1200x1200.jpg 1200w, https:\/\/leoprd.ca\/wp-content\/uploads\/2026\/01\/vera-table-photo-2-100x100.jpg 100w, https:\/\/leoprd.ca\/wp-content\/uploads\/2026\/01\/vera-table-photo-2-50x50.jpg 50w, https:\/\/leoprd.ca\/wp-content\/uploads\/2026\/01\/vera-table-photo-2.jpg 1669w\" sizes=\"(max-width: 1024px) 100vw, 1024px\" \/><\/a>\n\t\t\t<\/div><\/figure>\n\t\t<\/div>\n\n<p>&nbsp;<\/p>\n<p>&nbsp;<\/p>","protected":false},"excerpt":{"rendered":"<p>&nbsp;<\/p>\n<p><span style=\"color: #000000;\">Select swatches to customize and see the price<\/span><\/p>","protected":false},"featured_media":15626,"comment_status":"open","ping_status":"closed","template":"","meta":{"site-sidebar-layout":"default","site-content-layout":"","ast-site-content-layout":"default","site-content-style":"default","site-sidebar-style":"default","ast-global-header-display":"","ast-banner-title-visibility":"","ast-main-header-display":"","ast-hfb-above-header-display":"","ast-hfb-below-header-display":"","ast-hfb-mobile-header-display":"","site-post-title":"","ast-breadcrumbs-content":"","ast-featured-img":"","footer-sml-layout":"","ast-disable-related-posts":"","theme-transparent-header-meta":"default","adv-header-id-meta":"","stick-header-meta":"","header-above-stick-meta":"","header-main-stick-meta":"","header-below-stick-meta":"","astra-migrate-meta-layouts":"set","ast-page-background-enabled":"default","ast-page-background-meta":{"desktop":{"background-color":"","background-image":"","background-repeat":"repeat","background-position":"center center","background-size":"auto","background-attachment":"scroll","background-type":"","background-media":"","overlay-type":"","overlay-color":"","overlay-opacity":"","overlay-gradient":""},"tablet":{"background-color":"","background-image":"","background-repeat":"repeat","background-position":"center center","background-size":"auto","background-attachment":"scroll","background-type":"","background-media":"","overlay-type":"","overlay-color":"","overlay-opacity":"","overlay-gradient":""},"mobile":{"background-color":"","background-image":"","background-repeat":"repeat","background-position":"center center","background-size":"auto","background-attachment":"scroll","background-type":"","background-media":"","overlay-type":"","overlay-color":"","overlay-opacity":"","overlay-gradient":""}},"ast-content-background-meta":{"desktop":{"background-color":"var(--ast-global-color-5)","background-image":"","background-repeat":"repeat","background-position":"center center","background-size":"auto","background-attachment":"scroll","background-type":"","background-media":"","overlay-type":"","overlay-color":"","overlay-opacity":"","overlay-gradient":""},"tablet":{"background-color":"var(--ast-global-color-5)","background-image":"","background-repeat":"repeat","background-position":"center center","background-size":"auto","background-attachment":"scroll","background-type":"","background-media":"","overlay-type":"","overlay-color":"","overlay-opacity":"","overlay-gradient":""},"mobile":{"background-color":"var(--ast-global-color-5)","background-image":"","background-repeat":"repeat","background-position":"center center","background-size":"auto","background-attachment":"scroll","background-type":"","background-media":"","overlay-type":"","overlay-color":"","overlay-opacity":"","overlay-gradient":""}}},"product_brand":[],"product_cat":[67,68],"product_tag":[1672,895,1020,158,1009,804,986],"class_list":{"0":"post-15618","1":"product","2":"type-product","3":"status-publish","4":"has-post-thumbnail","6":"product_cat-dining-room-furniture","7":"product_cat-tables","8":"product_tag-3d","9":"product_tag-ar","10":"product_tag-ceramic-dining-tables","11":"product_tag-dbq-dining-table","12":"product_tag-marble-dining-tables","13":"product_tag-dbq-online-only","14":"product_tag-round-dining-tables","15":"desktop-align-center","16":"tablet-align-center","17":"mobile-align-center","19":"first","20":"onbackorder","21":"taxable","22":"shipping-taxable","23":"purchasable","24":"product-type-variable","25":"has-default-attributes","26":"wvs-archive-product-wrapper"},"yoast_head":"<!-- This site is optimized with the Yoast SEO Premium plugin v27.4 (Yoast SEO v27.4) - https:\/\/yoast.com\/product\/yoast-seo-premium-wordpress\/ -->\n<title>Vera Round Dining Table | Italian Beige Ceramic | LEOPARD Furniture<\/title>\n<meta name=\"description\" content=\"The Vera Dining Table from LEOPARD Furniture is a round table ideal for intimate gatherings. Wooden top and Ceramic top options. High-quality construction for upscale dining rooms in Canada.\" \/>\n<meta name=\"robots\" content=\"index, follow, max-snippet:-1, max-image-preview:large, max-video-preview:-1\" \/>\n<link rel=\"canonical\" href=\"https:\/\/leoprd.ca\/fr\/product\/vera-dining-table\/\" \/>\n<meta property=\"og:locale\" content=\"fr_CA\" \/>\n<meta property=\"og:type\" content=\"article\" \/>\n<meta property=\"og:title\" content=\"Vera Dining Table\" \/>\n<meta property=\"og:description\" content=\"The Vera Dining Table from LEOPARD Furniture is a round table ideal for intimate gatherings. Wooden top and Ceramic top options. High-quality construction for upscale dining rooms in Canada.\" \/>\n<meta property=\"og:url\" content=\"https:\/\/leoprd.ca\/fr\/product\/vera-dining-table\/\" \/>\n<meta property=\"og:site_name\" content=\"LEOPARD Furniture\" \/>\n<meta property=\"article:publisher\" content=\"https:\/\/www.facebook.com\/leoprd.ca\" \/>\n<meta property=\"article:modified_time\" content=\"2026-05-08T15:46:19+00:00\" \/>\n<meta property=\"og:image\" content=\"https:\/\/leoprd.ca\/wp-content\/uploads\/2024\/08\/Vera-DT.jpg\" \/>\n\t<meta property=\"og:image:width\" content=\"1800\" \/>\n\t<meta property=\"og:image:height\" content=\"1800\" \/>\n\t<meta property=\"og:image:type\" content=\"image\/jpeg\" \/>\n<meta name=\"twitter:card\" content=\"summary_large_image\" \/>\n<meta name=\"twitter:label1\" content=\"Availability\" \/>\n\t<meta name=\"twitter:data1\" content=\"On backorder\" \/>\n<script type=\"application\/ld+json\" class=\"yoast-schema-graph\">{\"@context\":\"https:\\\/\\\/schema.org\",\"@graph\":[{\"@type\":[\"WebPage\",\"ItemPage\"],\"@id\":\"https:\\\/\\\/leoprd.ca\\\/fr\\\/product\\\/vera-dining-table\\\/\",\"url\":\"https:\\\/\\\/leoprd.ca\\\/fr\\\/product\\\/vera-dining-table\\\/\",\"name\":\"Vera Round Dining Table | Italian Beige Ceramic | LEOPARD Furniture\",\"isPartOf\":{\"@id\":\"https:\\\/\\\/leoprd.ca\\\/fr\\\/#website\"},\"primaryImageOfPage\":{\"@id\":\"https:\\\/\\\/leoprd.ca\\\/fr\\\/product\\\/vera-dining-table\\\/#primaryimage\"},\"image\":{\"@id\":\"https:\\\/\\\/leoprd.ca\\\/fr\\\/product\\\/vera-dining-table\\\/#primaryimage\"},\"thumbnailUrl\":\"https:\\\/\\\/leoprd.ca\\\/wp-content\\\/uploads\\\/2024\\\/08\\\/Vera-DT.jpg\",\"datePublished\":\"2024-08-02T17:58:42+00:00\",\"dateModified\":\"2026-05-08T15:46:19+00:00\",\"description\":\"The Vera Dining Table from LEOPARD Furniture is a round table ideal for intimate gatherings. Wooden top and Ceramic top options. High-quality construction for upscale dining rooms in Canada.\",\"breadcrumb\":{\"@id\":\"https:\\\/\\\/leoprd.ca\\\/fr\\\/product\\\/vera-dining-table\\\/#breadcrumb\"},\"inLanguage\":\"fr-CA\",\"potentialAction\":[{\"@type\":\"ReadAction\",\"target\":[\"https:\\\/\\\/leoprd.ca\\\/fr\\\/product\\\/vera-dining-table\\\/\"]}]},{\"@type\":\"ImageObject\",\"inLanguage\":\"fr-CA\",\"@id\":\"https:\\\/\\\/leoprd.ca\\\/fr\\\/product\\\/vera-dining-table\\\/#primaryimage\",\"url\":\"https:\\\/\\\/leoprd.ca\\\/wp-content\\\/uploads\\\/2024\\\/08\\\/Vera-DT.jpg\",\"contentUrl\":\"https:\\\/\\\/leoprd.ca\\\/wp-content\\\/uploads\\\/2024\\\/08\\\/Vera-DT.jpg\",\"width\":1800,\"height\":1800,\"caption\":\"Table ronde design moderne en m\u00e9tal de LEOPARD Furniture sur fond blanc. Plateau \u00e9l\u00e9gant, id\u00e9al pour salle \u00e0 manger.\"},{\"@type\":\"BreadcrumbList\",\"@id\":\"https:\\\/\\\/leoprd.ca\\\/fr\\\/product\\\/vera-dining-table\\\/#breadcrumb\",\"itemListElement\":[{\"@type\":\"ListItem\",\"position\":1,\"name\":\"Home\",\"item\":\"https:\\\/\\\/leoprd.ca\\\/\"},{\"@type\":\"ListItem\",\"position\":2,\"name\":\"Shop\",\"item\":\"https:\\\/\\\/leoprd.ca\\\/shop\\\/\"},{\"@type\":\"ListItem\",\"position\":3,\"name\":\"Vera Dining Table\"}]},{\"@type\":\"WebSite\",\"@id\":\"https:\\\/\\\/leoprd.ca\\\/fr\\\/#website\",\"url\":\"https:\\\/\\\/leoprd.ca\\\/fr\\\/\",\"name\":\"LEOPARD Furniture\",\"description\":\"Furniture store\",\"publisher\":{\"@id\":\"https:\\\/\\\/leoprd.ca\\\/fr\\\/#organization\"},\"alternateName\":\"Meubles L\u00c9OPARD\",\"potentialAction\":[{\"@type\":\"SearchAction\",\"target\":{\"@type\":\"EntryPoint\",\"urlTemplate\":\"https:\\\/\\\/leoprd.ca\\\/fr\\\/?s={search_term_string}\"},\"query-input\":{\"@type\":\"PropertyValueSpecification\",\"valueRequired\":true,\"valueName\":\"search_term_string\"}}],\"inLanguage\":\"fr-CA\"},{\"@type\":\"Organization\",\"@id\":\"https:\\\/\\\/leoprd.ca\\\/fr\\\/#organization\",\"name\":\"LEOPARD Furniture\",\"alternateName\":\"Meuble LEOPARD\",\"url\":\"https:\\\/\\\/leoprd.ca\\\/fr\\\/\",\"logo\":{\"@type\":\"ImageObject\",\"inLanguage\":\"fr-CA\",\"@id\":\"https:\\\/\\\/leoprd.ca\\\/fr\\\/#\\\/schema\\\/logo\\\/image\\\/\",\"url\":\"https:\\\/\\\/leoprd.ca\\\/wp-content\\\/uploads\\\/2022\\\/05\\\/logo-silver-mid.png\",\"contentUrl\":\"https:\\\/\\\/leoprd.ca\\\/wp-content\\\/uploads\\\/2022\\\/05\\\/logo-silver-mid.png\",\"width\":400,\"height\":400,\"caption\":\"LEOPARD Furniture\"},\"image\":{\"@id\":\"https:\\\/\\\/leoprd.ca\\\/fr\\\/#\\\/schema\\\/logo\\\/image\\\/\"},\"sameAs\":[\"https:\\\/\\\/www.facebook.com\\\/leoprd.ca\",\"https:\\\/\\\/mastodon.social\\\/@leopardfurniture\",\"https:\\\/\\\/www.instagram.com\\\/leopardcanada\\\/\",\"https:\\\/\\\/www.linkedin.com\\\/company\\\/leopard-trading-company\\\/\",\"https:\\\/\\\/www.youtube.com\\\/@leopardcanada\"],\"description\":\"LEOPARD Furniture, a Canadian-born legacy headquartered in the vibrant city of Montreal, Quebec, with a prime location in Brossard. At LEOPARD, we curate the finest furniture selections from premium-quality and esteemed international manufacturers. Our commitment lies in customization and the importation of high-end products. Our Commitment to Quality and Excellence Reliability You Can Trust Built on five pillars \u2013 trust, reliability, customer satisfaction, excellence, and innovation \u2013 LEOPARD Furniture has been a reliable name in the furniture industry. Our commitment to quality and transparency ensures that every piece you select resonates with durability and aesthetic brilliance. Award-Winning Designs Immerse yourself in a world of award-winning designs curated to elevate your living spaces. Our products have been recognized for their innovation and style, showcasing a commitment to staying ahead of design trends. Unparalleled Interior Design Services Personalized 3D Design and AR Experience Embark on a personalized interior design journey with LEOPARD Furniture. Our team, equipped with cutting-edge technology, offers 3D design and Augmented Reality (AR) experiences, allowing you to visualize your dream space before making a decision. LEOPARD Furniture is a furniture store, not just a furniture store; we are creators of lifestyle. Every piece tells a story, and we invite you to be a part of this narrative. Visit our showroom in Brossard or explore our online gallery.\",\"email\":\"info@leoprd.ca\",\"telephone\":\"+1 (514) 655-8447\",\"legalName\":\"LEOPARD CA INC.\",\"hasMerchantReturnPolicy\":{\"@type\":\"MerchantReturnPolicy\",\"merchantReturnLink\":\"https:\\\/\\\/leoprd.ca\\\/fr\\\/exchange-return-and-refund\\\/\"}}]}<\/script>\n<meta property=\"og:availability\" content=\"backorder\" \/>\n<meta property=\"product:availability\" content=\"available for order\" \/>\n<meta property=\"product:retailer_item_id\" content=\"LEO37959\" \/>\n<meta property=\"product:condition\" content=\"new\" \/>\n<!-- \/ Yoast SEO Premium plugin. -->","yoast_head_json":{"title":"Table de salle \u00e0 manger ronde Vera | C\u00e9ramique beige italienne | Meubles LEOPARD","description":"La table \u00e0 manger Vera de LEOPARD Furniture est une table ronde id\u00e9ale pour les r\u00e9unions intimes. Options de dessus en bois et en c\u00e9ramique. Construction de haute qualit\u00e9 pour les salles \u00e0 manger haut de gamme au Canada.","robots":{"index":"index","follow":"follow","max-snippet":"max-snippet:-1","max-image-preview":"max-image-preview:large","max-video-preview":"max-video-preview:-1"},"canonical":"https:\/\/leoprd.ca\/fr\/product\/vera-dining-table\/","og_locale":"fr_CA","og_type":"article","og_title":"Vera Dining Table","og_description":"The Vera Dining Table from LEOPARD Furniture is a round table ideal for intimate gatherings. Wooden top and Ceramic top options. High-quality construction for upscale dining rooms in Canada.","og_url":"https:\/\/leoprd.ca\/fr\/product\/vera-dining-table\/","og_site_name":"LEOPARD Furniture","article_publisher":"https:\/\/www.facebook.com\/leoprd.ca","article_modified_time":"2026-05-08T15:46:19+00:00","og_image":[{"width":1800,"height":1800,"url":"https:\/\/leoprd.ca\/wp-content\/uploads\/2024\/08\/Vera-DT.jpg","type":"image\/jpeg"}],"twitter_card":"summary_large_image","twitter_misc":{"Availability":"On backorder"},"schema":{"@context":"https:\/\/schema.org","@graph":[{"@type":["WebPage","ItemPage"],"@id":"https:\/\/leoprd.ca\/fr\/product\/vera-dining-table\/","url":"https:\/\/leoprd.ca\/fr\/product\/vera-dining-table\/","name":"Table de salle \u00e0 manger ronde Vera | C\u00e9ramique beige italienne | Meubles LEOPARD","isPartOf":{"@id":"https:\/\/leoprd.ca\/fr\/#website"},"primaryImageOfPage":{"@id":"https:\/\/leoprd.ca\/fr\/product\/vera-dining-table\/#primaryimage"},"image":{"@id":"https:\/\/leoprd.ca\/fr\/product\/vera-dining-table\/#primaryimage"},"thumbnailUrl":"https:\/\/leoprd.ca\/wp-content\/uploads\/2024\/08\/Vera-DT.jpg","datePublished":"2024-08-02T17:58:42+00:00","dateModified":"2026-05-08T15:46:19+00:00","description":"La table \u00e0 manger Vera de LEOPARD Furniture est une table ronde id\u00e9ale pour les r\u00e9unions intimes. Options de dessus en bois et en c\u00e9ramique. Construction de haute qualit\u00e9 pour les salles \u00e0 manger haut de gamme au Canada.","breadcrumb":{"@id":"https:\/\/leoprd.ca\/fr\/product\/vera-dining-table\/#breadcrumb"},"inLanguage":"fr-CA","potentialAction":[{"@type":"ReadAction","target":["https:\/\/leoprd.ca\/fr\/product\/vera-dining-table\/"]}]},{"@type":"ImageObject","inLanguage":"fr-CA","@id":"https:\/\/leoprd.ca\/fr\/product\/vera-dining-table\/#primaryimage","url":"https:\/\/leoprd.ca\/wp-content\/uploads\/2024\/08\/Vera-DT.jpg","contentUrl":"https:\/\/leoprd.ca\/wp-content\/uploads\/2024\/08\/Vera-DT.jpg","width":1800,"height":1800,"caption":"Table ronde design moderne en m\u00e9tal de LEOPARD Furniture sur fond blanc. Plateau \u00e9l\u00e9gant, id\u00e9al pour salle \u00e0 manger."},{"@type":"BreadcrumbList","@id":"https:\/\/leoprd.ca\/fr\/product\/vera-dining-table\/#breadcrumb","itemListElement":[{"@type":"ListItem","position":1,"name":"Home","item":"https:\/\/leoprd.ca\/"},{"@type":"ListItem","position":2,"name":"Shop","item":"https:\/\/leoprd.ca\/shop\/"},{"@type":"ListItem","position":3,"name":"Vera Dining Table"}]},{"@type":"WebSite","@id":"https:\/\/leoprd.ca\/fr\/#website","url":"https:\/\/leoprd.ca\/fr\/","name":"Meubles LEOPARD","description":"Magasin de meubles","publisher":{"@id":"https:\/\/leoprd.ca\/fr\/#organization"},"alternateName":"Meubles L\u00c9OPARD","potentialAction":[{"@type":"SearchAction","target":{"@type":"EntryPoint","urlTemplate":"https:\/\/leoprd.ca\/fr\/?s={search_term_string}"},"query-input":{"@type":"PropertyValueSpecification","valueRequired":true,"valueName":"search_term_string"}}],"inLanguage":"fr-CA"},{"@type":"Organization","@id":"https:\/\/leoprd.ca\/fr\/#organization","name":"Meubles LEOPARD","alternateName":"Meuble LEOPARD","url":"https:\/\/leoprd.ca\/fr\/","logo":{"@type":"ImageObject","inLanguage":"fr-CA","@id":"https:\/\/leoprd.ca\/fr\/#\/schema\/logo\/image\/","url":"https:\/\/leoprd.ca\/wp-content\/uploads\/2022\/05\/logo-silver-mid.png","contentUrl":"https:\/\/leoprd.ca\/wp-content\/uploads\/2022\/05\/logo-silver-mid.png","width":400,"height":400,"caption":"LEOPARD Furniture"},"image":{"@id":"https:\/\/leoprd.ca\/fr\/#\/schema\/logo\/image\/"},"sameAs":["https:\/\/www.facebook.com\/leoprd.ca","https:\/\/mastodon.social\/@leopardfurniture","https:\/\/www.instagram.com\/leopardcanada\/","https:\/\/www.linkedin.com\/company\/leopard-trading-company\/","https:\/\/www.youtube.com\/@leopardcanada"],"description":"Meubles LEOPARD, une entreprise d'origine canadienne dont le si\u00e8ge social est situ\u00e9 dans la ville dynamique de Montr\u00e9al, au Qu\u00e9bec, avec un emplacement de choix \u00e0 Brossard. Chez LEOPARD, nous s\u00e9lectionnons les meubles les plus raffin\u00e9s aupr\u00e8s de fabricants internationaux r\u00e9put\u00e9s et de qualit\u00e9 sup\u00e9rieure. Notre engagement r\u00e9side dans la personnalisation et l'importation de produits haut de gamme. Notre engagement envers la qualit\u00e9 et l'excellence Une fiabilit\u00e9 \u00e0 laquelle vous pouvez vous fier Fond\u00e9e sur cinq piliers - la confiance, la fiabilit\u00e9, la satisfaction de la client\u00e8le, l'excellence et l'innovation - Meubles LEOPARD est un nom fiable dans l'industrie de l'ameublement. Notre engagement en faveur de la qualit\u00e9 et de la transparence garantit que chaque pi\u00e8ce que vous choisissez est synonyme de durabilit\u00e9 et de brillance esth\u00e9tique. Designs prim\u00e9s Plongez dans un monde de designs prim\u00e9s, con\u00e7us pour \u00e9lever vos espaces de vie. Nos produits ont \u00e9t\u00e9 reconnus pour leur innovation et leur style, t\u00e9moignant de notre engagement \u00e0 rester \u00e0 la pointe des tendances en mati\u00e8re de design. Services de design d'int\u00e9rieur in\u00e9gal\u00e9s Design 3D personnalis\u00e9 et exp\u00e9rience AR Embarquez pour un voyage de design d'int\u00e9rieur personnalis\u00e9 avec LEOPARD Furniture. Notre \u00e9quipe, \u00e9quip\u00e9e d'une technologie de pointe, propose des exp\u00e9riences de conception en 3D et de r\u00e9alit\u00e9 augment\u00e9e (RA), vous permettant de visualiser l'espace de vos r\u00eaves avant de prendre une d\u00e9cision. LEOPARD Furniture est un magasin de meubles, pas seulement un magasin de meubles ; nous sommes des cr\u00e9ateurs de style de vie. Chaque pi\u00e8ce raconte une histoire, et nous vous invitons \u00e0 faire partie de ce r\u00e9cit. Visitez notre salle d'exposition \u00e0 Brossard ou explorez notre galerie en ligne.","email":"info@leoprd.ca","telephone":"+1 (514) 655-8447","legalName":"LEOPARD CA INC.","hasMerchantReturnPolicy":{"@type":"MerchantReturnPolicy","merchantReturnLink":"https:\/\/leoprd.ca\/fr\/exchange-return-and-refund\/"}}]},"og_availability":"backorder","product_availability":"available for order","product_retailer_item_id":"LEO37959","product_condition":"new"},"_links":{"self":[{"href":"https:\/\/leoprd.ca\/fr\/wp-json\/wp\/v2\/product\/15618","targetHints":{"allow":["GET"]}}],"collection":[{"href":"https:\/\/leoprd.ca\/fr\/wp-json\/wp\/v2\/product"}],"about":[{"href":"https:\/\/leoprd.ca\/fr\/wp-json\/wp\/v2\/types\/product"}],"replies":[{"embeddable":true,"href":"https:\/\/leoprd.ca\/fr\/wp-json\/wp\/v2\/comments?post=15618"}],"wp:featuredmedia":[{"embeddable":true,"href":"https:\/\/leoprd.ca\/fr\/wp-json\/wp\/v2\/media\/15626"}],"wp:attachment":[{"href":"https:\/\/leoprd.ca\/fr\/wp-json\/wp\/v2\/media?parent=15618"}],"wp:term":[{"taxonomy":"product_brand","embeddable":true,"href":"https:\/\/leoprd.ca\/fr\/wp-json\/wp\/v2\/product_brand?post=15618"},{"taxonomy":"product_cat","embeddable":true,"href":"https:\/\/leoprd.ca\/fr\/wp-json\/wp\/v2\/product_cat?post=15618"},{"taxonomy":"product_tag","embeddable":true,"href":"https:\/\/leoprd.ca\/fr\/wp-json\/wp\/v2\/product_tag?post=15618"}],"curies":[{"name":"wp","href":"https:\/\/api.w.org\/{rel}","templated":true}]}}