{"id":15711,"date":"2024-08-03T15:52:42","date_gmt":"2024-08-03T19:52:42","guid":{"rendered":"https:\/\/leoprd.ca\/?post_type=product&#038;p=15711"},"modified":"2026-03-17T18:26:15","modified_gmt":"2026-03-17T22:26:15","slug":"minty-bench","status":"publish","type":"product","link":"https:\/\/leoprd.ca\/fr\/product\/minty-bench\/","title":{"rendered":"Minty Bench"},"content":{"rendered":"<h3 style=\"text-align: center;\">Minty Bench<\/h3>\n<p>&nbsp;<\/p>\n<p><a href=\"https:\/\/leoprd.ca\/wp-content\/uploads\/2024\/10\/wide-minty_bench-01.jpg\"><img fetchpriority=\"high\" decoding=\"async\" class=\"wp-image-16624 aligncenter\" src=\"https:\/\/leoprd.ca\/wp-content\/uploads\/2024\/10\/wide-minty_bench-01-300x188.jpg\" alt=\"\" width=\"799\" height=\"501\" srcset=\"https:\/\/leoprd.ca\/wp-content\/uploads\/2024\/10\/wide-minty_bench-01-300x188.jpg 300w, https:\/\/leoprd.ca\/wp-content\/uploads\/2024\/10\/wide-minty_bench-01-18x12.jpg 18w\" sizes=\"(max-width: 799px) 100vw, 799px\" \/><\/a><\/p>\n<p><a href=\"https:\/\/leoprd.ca\/wp-content\/uploads\/2024\/10\/wide-minty_bench-02.jpg\"><img decoding=\"async\" class=\"wp-image-16615 aligncenter\" src=\"https:\/\/leoprd.ca\/wp-content\/uploads\/2024\/10\/wide-minty_bench-02-300x188.jpg\" alt=\"\" width=\"799\" height=\"501\" srcset=\"https:\/\/leoprd.ca\/wp-content\/uploads\/2024\/10\/wide-minty_bench-02-300x188.jpg 300w, https:\/\/leoprd.ca\/wp-content\/uploads\/2024\/10\/wide-minty_bench-02-18x12.jpg 18w\" sizes=\"(max-width: 799px) 100vw, 799px\" \/><\/a><\/p>\n<p><a href=\"https:\/\/leoprd.ca\/wp-content\/uploads\/2026\/03\/minty-1.jpg\"><img decoding=\"async\" class=\"wp-image-21028 aligncenter\" src=\"https:\/\/leoprd.ca\/wp-content\/uploads\/2026\/03\/minty-1-300x200.jpg\" alt=\"\" width=\"800\" height=\"533\" srcset=\"https:\/\/leoprd.ca\/wp-content\/uploads\/2026\/03\/minty-1-300x200.jpg 300w, https:\/\/leoprd.ca\/wp-content\/uploads\/2026\/03\/minty-1-1024x684.jpg 1024w, https:\/\/leoprd.ca\/wp-content\/uploads\/2026\/03\/minty-1-768x513.jpg 768w, https:\/\/leoprd.ca\/wp-content\/uploads\/2026\/03\/minty-1-1536x1025.jpg 1536w, https:\/\/leoprd.ca\/wp-content\/uploads\/2026\/03\/minty-1-2048x1367.jpg 2048w, https:\/\/leoprd.ca\/wp-content\/uploads\/2026\/03\/minty-1-18x12.jpg 18w, https:\/\/leoprd.ca\/wp-content\/uploads\/2026\/03\/minty-1-1200x801.jpg 1200w\" sizes=\"(max-width: 800px) 100vw, 800px\" \/><\/a><\/p>\n<p style=\"text-align: center;\"><span style=\"color: #008000;\">\u2217 Ce produit est certifi\u00e9 selon la norme europ\u00e9enne EN 12520. Garantissant une qualit\u00e9, une s\u00e9curit\u00e9, une durabilit\u00e9 et une r\u00e9sistance de premier ordre pour votre tranquillit\u00e9 d'esprit.<\/span><\/p>\n<hr \/>\n<p style=\"text-align: center;\">","protected":false},"excerpt":{"rendered":"<h5><span style=\"color: #008000;\">S\u00e9lectionnez des \u00e9chantillons pour personnaliser :<\/span><\/h5>","protected":false},"featured_media":15710,"comment_status":"open","ping_status":"closed","template":"","meta":{"site-sidebar-layout":"default","site-content-layout":"","ast-site-content-layout":"default","site-content-style":"default","site-sidebar-style":"default","ast-global-header-display":"","ast-banner-title-visibility":"","ast-main-header-display":"","ast-hfb-above-header-display":"","ast-hfb-below-header-display":"","ast-hfb-mobile-header-display":"","site-post-title":"","ast-breadcrumbs-content":"","ast-featured-img":"","footer-sml-layout":"","ast-disable-related-posts":"","theme-transparent-header-meta":"default","adv-header-id-meta":"","stick-header-meta":"","header-above-stick-meta":"","header-main-stick-meta":"","header-below-stick-meta":"","astra-migrate-meta-layouts":"set","ast-page-background-enabled":"default","ast-page-background-meta":{"desktop":{"background-color":"","background-image":"","background-repeat":"repeat","background-position":"center center","background-size":"auto","background-attachment":"scroll","background-type":"","background-media":"","overlay-type":"","overlay-color":"","overlay-opacity":"","overlay-gradient":""},"tablet":{"background-color":"","background-image":"","background-repeat":"repeat","background-position":"center center","background-size":"auto","background-attachment":"scroll","background-type":"","background-media":"","overlay-type":"","overlay-color":"","overlay-opacity":"","overlay-gradient":""},"mobile":{"background-color":"","background-image":"","background-repeat":"repeat","background-position":"center center","background-size":"auto","background-attachment":"scroll","background-type":"","background-media":"","overlay-type":"","overlay-color":"","overlay-opacity":"","overlay-gradient":""}},"ast-content-background-meta":{"desktop":{"background-color":"var(--ast-global-color-5)","background-image":"","background-repeat":"repeat","background-position":"center center","background-size":"auto","background-attachment":"scroll","background-type":"","background-media":"","overlay-type":"","overlay-color":"","overlay-opacity":"","overlay-gradient":""},"tablet":{"background-color":"var(--ast-global-color-5)","background-image":"","background-repeat":"repeat","background-position":"center center","background-size":"auto","background-attachment":"scroll","background-type":"","background-media":"","overlay-type":"","overlay-color":"","overlay-opacity":"","overlay-gradient":""},"mobile":{"background-color":"var(--ast-global-color-5)","background-image":"","background-repeat":"repeat","background-position":"center center","background-size":"auto","background-attachment":"scroll","background-type":"","background-media":"","overlay-type":"","overlay-color":"","overlay-opacity":"","overlay-gradient":""}}},"product_brand":[],"product_cat":[971,66],"product_tag":[804],"class_list":{"0":"post-15711","1":"product","2":"type-product","3":"status-publish","4":"has-post-thumbnail","6":"product_cat-bedroom-furniture","7":"product_cat-benches","8":"product_tag-dbq-online-only","9":"pa_upholstery-hoppi-g-07","10":"pa_upholstery-hoppi-g-08","11":"pa_upholstery-hoppi-g-10","12":"pa_upholstery-hoppi-g-14","13":"pa_upholstery-hoppi-g-15","14":"pa_upholstery-hoppi-g-16","15":"pa_upholstery-hoppi-g-17","16":"pa_upholstery-hoppi-g-21","17":"desktop-align-center","18":"tablet-align-center","19":"mobile-align-center","21":"first","22":"onbackorder","23":"taxable","24":"shipping-taxable","25":"purchasable","26":"product-type-variable","27":"wvs-archive-product-wrapper"},"yoast_head":"<!-- This site is optimized with the Yoast SEO Premium plugin v27.2 (Yoast SEO v27.2) - https:\/\/yoast.com\/product\/yoast-seo-premium-wordpress\/ -->\n<title>Minty Big Upholstered Bench | For Contemporary Interiors<\/title>\n<meta name=\"description\" content=\"Enjoy comfort and elegance with the Minty Bench from LEOPARD Furniture, a large upholstered bench ideal for luxurious spaces. Perfect for Montreal and Canadian homes.\" \/>\n<meta name=\"robots\" content=\"index, follow, max-snippet:-1, max-image-preview:large, max-video-preview:-1\" \/>\n<link rel=\"canonical\" href=\"https:\/\/leoprd.ca\/fr\/product\/minty-bench\/\" \/>\n<meta property=\"og:locale\" content=\"fr_CA\" \/>\n<meta property=\"og:type\" content=\"article\" \/>\n<meta property=\"og:title\" content=\"Minty Bench\" \/>\n<meta property=\"og:description\" content=\"Enjoy comfort and elegance with the Minty Bench from LEOPARD Furniture, a large upholstered bench ideal for luxurious spaces. Perfect for Montreal and Canadian homes.\" \/>\n<meta property=\"og:url\" content=\"https:\/\/leoprd.ca\/fr\/product\/minty-bench\/\" \/>\n<meta property=\"og:site_name\" content=\"LEOPARD Furniture\" \/>\n<meta property=\"article:publisher\" content=\"https:\/\/www.facebook.com\/leoprd.ca\" \/>\n<meta property=\"article:modified_time\" content=\"2026-03-17T22:26:15+00:00\" \/>\n<meta property=\"og:image\" content=\"https:\/\/leoprd.ca\/wp-content\/uploads\/2024\/08\/minty.jpg\" \/>\n\t<meta property=\"og:image:width\" content=\"1800\" \/>\n\t<meta property=\"og:image:height\" content=\"1800\" \/>\n\t<meta property=\"og:image:type\" content=\"image\/jpeg\" \/>\n<meta name=\"twitter:card\" content=\"summary_large_image\" \/>\n<meta name=\"twitter:label1\" content=\"Availability\" \/>\n\t<meta name=\"twitter:data1\" content=\"On backorder\" \/>\n<script type=\"application\/ld+json\" class=\"yoast-schema-graph\">{\"@context\":\"https:\/\/schema.org\",\"@graph\":[{\"@type\":[\"WebPage\",\"ItemPage\"],\"@id\":\"https:\/\/leoprd.ca\/fr\/product\/minty-bench\/\",\"url\":\"https:\/\/leoprd.ca\/fr\/product\/minty-bench\/\",\"name\":\"Minty Big Upholstered Bench | For Contemporary Interiors\",\"isPartOf\":{\"@id\":\"https:\/\/leoprd.ca\/fr\/#website\"},\"primaryImageOfPage\":{\"@id\":\"https:\/\/leoprd.ca\/fr\/product\/minty-bench\/#primaryimage\"},\"image\":{\"@id\":\"https:\/\/leoprd.ca\/fr\/product\/minty-bench\/#primaryimage\"},\"thumbnailUrl\":\"https:\/\/leoprd.ca\/wp-content\/uploads\/2024\/08\/minty.jpg\",\"datePublished\":\"2024-08-03T19:52:42+00:00\",\"dateModified\":\"2026-03-17T22:26:15+00:00\",\"description\":\"Enjoy comfort and elegance with the Minty Bench from LEOPARD Furniture, a large upholstered bench ideal for luxurious spaces. Perfect for Montreal and Canadian homes.\",\"breadcrumb\":{\"@id\":\"https:\/\/leoprd.ca\/fr\/product\/minty-bench\/#breadcrumb\"},\"inLanguage\":\"fr-CA\",\"potentialAction\":[{\"@type\":\"ReadAction\",\"target\":[\"https:\/\/leoprd.ca\/fr\/product\/minty-bench\/\"]}]},{\"@type\":\"ImageObject\",\"inLanguage\":\"fr-CA\",\"@id\":\"https:\/\/leoprd.ca\/fr\/product\/minty-bench\/#primaryimage\",\"url\":\"https:\/\/leoprd.ca\/wp-content\/uploads\/2024\/08\/minty.jpg\",\"contentUrl\":\"https:\/\/leoprd.ca\/wp-content\/uploads\/2024\/08\/minty.jpg\",\"width\":1800,\"height\":1800,\"caption\":\"Modern designer upholstered bench on white background, LEOPARD Furniture Canada, luxury interior seating.\"},{\"@type\":\"BreadcrumbList\",\"@id\":\"https:\/\/leoprd.ca\/fr\/product\/minty-bench\/#breadcrumb\",\"itemListElement\":[{\"@type\":\"ListItem\",\"position\":1,\"name\":\"Home\",\"item\":\"https:\/\/leoprd.ca\/\"},{\"@type\":\"ListItem\",\"position\":2,\"name\":\"Shop\",\"item\":\"https:\/\/leoprd.ca\/shop\/\"},{\"@type\":\"ListItem\",\"position\":3,\"name\":\"Minty Bench\"}]},{\"@type\":\"WebSite\",\"@id\":\"https:\/\/leoprd.ca\/fr\/#website\",\"url\":\"https:\/\/leoprd.ca\/fr\/\",\"name\":\"LEOPARD Furniture\",\"description\":\"Furniture store\",\"publisher\":{\"@id\":\"https:\/\/leoprd.ca\/fr\/#organization\"},\"alternateName\":\"Meubles L\u00c9OPARD\",\"potentialAction\":[{\"@type\":\"SearchAction\",\"target\":{\"@type\":\"EntryPoint\",\"urlTemplate\":\"https:\/\/leoprd.ca\/fr\/?s={search_term_string}\"},\"query-input\":{\"@type\":\"PropertyValueSpecification\",\"valueRequired\":true,\"valueName\":\"search_term_string\"}}],\"inLanguage\":\"fr-CA\"},{\"@type\":\"Organization\",\"@id\":\"https:\/\/leoprd.ca\/fr\/#organization\",\"name\":\"LEOPARD Furniture\",\"alternateName\":\"Meuble LEOPARD\",\"url\":\"https:\/\/leoprd.ca\/fr\/\",\"logo\":{\"@type\":\"ImageObject\",\"inLanguage\":\"fr-CA\",\"@id\":\"https:\/\/leoprd.ca\/fr\/#\/schema\/logo\/image\/\",\"url\":\"https:\/\/leoprd.ca\/wp-content\/uploads\/2022\/05\/logo-silver-mid.png\",\"contentUrl\":\"https:\/\/leoprd.ca\/wp-content\/uploads\/2022\/05\/logo-silver-mid.png\",\"width\":400,\"height\":400,\"caption\":\"LEOPARD Furniture\"},\"image\":{\"@id\":\"https:\/\/leoprd.ca\/fr\/#\/schema\/logo\/image\/\"},\"sameAs\":[\"https:\/\/www.facebook.com\/leoprd.ca\",\"https:\/\/mastodon.social\/@leopardfurniture\",\"https:\/\/www.instagram.com\/leopardcanada\/\",\"https:\/\/www.linkedin.com\/company\/leopard-trading-company\/\",\"https:\/\/www.youtube.com\/@leopardcanada\"],\"description\":\"LEOPARD Furniture, a Canadian-born legacy headquartered in the vibrant city of Montreal, Quebec, with a prime location in Brossard. At LEOPARD, we curate the finest furniture selections from premium-quality and esteemed international manufacturers. Our commitment lies in customization and the importation of high-end products. Our Commitment to Quality and Excellence Reliability You Can Trust Built on five pillars \u2013 trust, reliability, customer satisfaction, excellence, and innovation \u2013 LEOPARD Furniture has been a reliable name in the furniture industry. Our commitment to quality and transparency ensures that every piece you select resonates with durability and aesthetic brilliance. Award-Winning Designs Immerse yourself in a world of award-winning designs curated to elevate your living spaces. Our products have been recognized for their innovation and style, showcasing a commitment to staying ahead of design trends. Unparalleled Interior Design Services Personalized 3D Design and AR Experience Embark on a personalized interior design journey with LEOPARD Furniture. Our team, equipped with cutting-edge technology, offers 3D design and Augmented Reality (AR) experiences, allowing you to visualize your dream space before making a decision. LEOPARD Furniture is a furniture store, not just a furniture store; we are creators of lifestyle. Every piece tells a story, and we invite you to be a part of this narrative. Visit our showroom in Brossard or explore our online gallery.\",\"email\":\"info@leoprd.ca\",\"telephone\":\"+1 (514) 655-8447\",\"legalName\":\"LEOPARD CA INC.\",\"hasMerchantReturnPolicy\":{\"@type\":\"MerchantReturnPolicy\",\"merchantReturnLink\":\"https:\/\/leoprd.ca\/fr\/exchange-return-and-refund\/\"}}]}<\/script>\n<meta property=\"og:availability\" content=\"backorder\" \/>\n<meta property=\"product:availability\" content=\"available for order\" \/>\n<meta property=\"product:retailer_item_id\" content=\"LEO89998\" \/>\n<meta property=\"product:condition\" content=\"new\" \/>\n<!-- \/ Yoast SEO Premium plugin. -->","yoast_head_json":{"title":"Banc rembourr\u00e9 Minty Big | Pour int\u00e9rieurs contemporains","description":"Profitez du confort et de l'\u00e9l\u00e9gance avec le banc Minty de LEOPARD Furniture, un grand banc rembourr\u00e9 id\u00e9al pour les espaces luxueux. Parfait pour les maisons montr\u00e9alaises et canadiennes.","robots":{"index":"index","follow":"follow","max-snippet":"max-snippet:-1","max-image-preview":"max-image-preview:large","max-video-preview":"max-video-preview:-1"},"canonical":"https:\/\/leoprd.ca\/fr\/product\/minty-bench\/","og_locale":"fr_CA","og_type":"article","og_title":"Minty Bench","og_description":"Enjoy comfort and elegance with the Minty Bench from LEOPARD Furniture, a large upholstered bench ideal for luxurious spaces. Perfect for Montreal and Canadian homes.","og_url":"https:\/\/leoprd.ca\/fr\/product\/minty-bench\/","og_site_name":"LEOPARD Furniture","article_publisher":"https:\/\/www.facebook.com\/leoprd.ca","article_modified_time":"2026-03-17T22:26:15+00:00","og_image":[{"width":1800,"height":1800,"url":"https:\/\/leoprd.ca\/wp-content\/uploads\/2024\/08\/minty.jpg","type":"image\/jpeg"}],"twitter_card":"summary_large_image","twitter_misc":{"Availability":"On backorder"},"schema":{"@context":"https:\/\/schema.org","@graph":[{"@type":["WebPage","ItemPage"],"@id":"https:\/\/leoprd.ca\/fr\/product\/minty-bench\/","url":"https:\/\/leoprd.ca\/fr\/product\/minty-bench\/","name":"Banc rembourr\u00e9 Minty Big | Pour int\u00e9rieurs contemporains","isPartOf":{"@id":"https:\/\/leoprd.ca\/fr\/#website"},"primaryImageOfPage":{"@id":"https:\/\/leoprd.ca\/fr\/product\/minty-bench\/#primaryimage"},"image":{"@id":"https:\/\/leoprd.ca\/fr\/product\/minty-bench\/#primaryimage"},"thumbnailUrl":"https:\/\/leoprd.ca\/wp-content\/uploads\/2024\/08\/minty.jpg","datePublished":"2024-08-03T19:52:42+00:00","dateModified":"2026-03-17T22:26:15+00:00","description":"Profitez du confort et de l'\u00e9l\u00e9gance avec le banc Minty de LEOPARD Furniture, un grand banc rembourr\u00e9 id\u00e9al pour les espaces luxueux. Parfait pour les maisons montr\u00e9alaises et canadiennes.","breadcrumb":{"@id":"https:\/\/leoprd.ca\/fr\/product\/minty-bench\/#breadcrumb"},"inLanguage":"fr-CA","potentialAction":[{"@type":"ReadAction","target":["https:\/\/leoprd.ca\/fr\/product\/minty-bench\/"]}]},{"@type":"ImageObject","inLanguage":"fr-CA","@id":"https:\/\/leoprd.ca\/fr\/product\/minty-bench\/#primaryimage","url":"https:\/\/leoprd.ca\/wp-content\/uploads\/2024\/08\/minty.jpg","contentUrl":"https:\/\/leoprd.ca\/wp-content\/uploads\/2024\/08\/minty.jpg","width":1800,"height":1800,"caption":"Modern designer upholstered bench on white background, LEOPARD Furniture Canada, luxury interior seating."},{"@type":"BreadcrumbList","@id":"https:\/\/leoprd.ca\/fr\/product\/minty-bench\/#breadcrumb","itemListElement":[{"@type":"ListItem","position":1,"name":"Home","item":"https:\/\/leoprd.ca\/"},{"@type":"ListItem","position":2,"name":"Shop","item":"https:\/\/leoprd.ca\/shop\/"},{"@type":"ListItem","position":3,"name":"Minty Bench"}]},{"@type":"WebSite","@id":"https:\/\/leoprd.ca\/fr\/#website","url":"https:\/\/leoprd.ca\/fr\/","name":"Meubles LEOPARD","description":"Magasin de meubles","publisher":{"@id":"https:\/\/leoprd.ca\/fr\/#organization"},"alternateName":"Meubles L\u00c9OPARD","potentialAction":[{"@type":"SearchAction","target":{"@type":"EntryPoint","urlTemplate":"https:\/\/leoprd.ca\/fr\/?s={search_term_string}"},"query-input":{"@type":"PropertyValueSpecification","valueRequired":true,"valueName":"search_term_string"}}],"inLanguage":"fr-CA"},{"@type":"Organization","@id":"https:\/\/leoprd.ca\/fr\/#organization","name":"Meubles LEOPARD","alternateName":"Meuble LEOPARD","url":"https:\/\/leoprd.ca\/fr\/","logo":{"@type":"ImageObject","inLanguage":"fr-CA","@id":"https:\/\/leoprd.ca\/fr\/#\/schema\/logo\/image\/","url":"https:\/\/leoprd.ca\/wp-content\/uploads\/2022\/05\/logo-silver-mid.png","contentUrl":"https:\/\/leoprd.ca\/wp-content\/uploads\/2022\/05\/logo-silver-mid.png","width":400,"height":400,"caption":"LEOPARD Furniture"},"image":{"@id":"https:\/\/leoprd.ca\/fr\/#\/schema\/logo\/image\/"},"sameAs":["https:\/\/www.facebook.com\/leoprd.ca","https:\/\/mastodon.social\/@leopardfurniture","https:\/\/www.instagram.com\/leopardcanada\/","https:\/\/www.linkedin.com\/company\/leopard-trading-company\/","https:\/\/www.youtube.com\/@leopardcanada"],"description":"Meubles LEOPARD, une entreprise d'origine canadienne dont le si\u00e8ge social est situ\u00e9 dans la ville dynamique de Montr\u00e9al, au Qu\u00e9bec, avec un emplacement de choix \u00e0 Brossard. Chez LEOPARD, nous s\u00e9lectionnons les meubles les plus raffin\u00e9s aupr\u00e8s de fabricants internationaux r\u00e9put\u00e9s et de qualit\u00e9 sup\u00e9rieure. Notre engagement r\u00e9side dans la personnalisation et l'importation de produits haut de gamme. Notre engagement envers la qualit\u00e9 et l'excellence Une fiabilit\u00e9 \u00e0 laquelle vous pouvez vous fier Fond\u00e9e sur cinq piliers - la confiance, la fiabilit\u00e9, la satisfaction de la client\u00e8le, l'excellence et l'innovation - Meubles LEOPARD est un nom fiable dans l'industrie de l'ameublement. Notre engagement en faveur de la qualit\u00e9 et de la transparence garantit que chaque pi\u00e8ce que vous choisissez est synonyme de durabilit\u00e9 et de brillance esth\u00e9tique. Designs prim\u00e9s Plongez dans un monde de designs prim\u00e9s, con\u00e7us pour \u00e9lever vos espaces de vie. Nos produits ont \u00e9t\u00e9 reconnus pour leur innovation et leur style, t\u00e9moignant de notre engagement \u00e0 rester \u00e0 la pointe des tendances en mati\u00e8re de design. Services de design d'int\u00e9rieur in\u00e9gal\u00e9s Design 3D personnalis\u00e9 et exp\u00e9rience AR Embarquez pour un voyage de design d'int\u00e9rieur personnalis\u00e9 avec LEOPARD Furniture. Notre \u00e9quipe, \u00e9quip\u00e9e d'une technologie de pointe, propose des exp\u00e9riences de conception en 3D et de r\u00e9alit\u00e9 augment\u00e9e (RA), vous permettant de visualiser l'espace de vos r\u00eaves avant de prendre une d\u00e9cision. LEOPARD Furniture est un magasin de meubles, pas seulement un magasin de meubles ; nous sommes des cr\u00e9ateurs de style de vie. Chaque pi\u00e8ce raconte une histoire, et nous vous invitons \u00e0 faire partie de ce r\u00e9cit. Visitez notre salle d'exposition \u00e0 Brossard ou explorez notre galerie en ligne.","email":"info@leoprd.ca","telephone":"+1 (514) 655-8447","legalName":"LEOPARD CA INC.","hasMerchantReturnPolicy":{"@type":"MerchantReturnPolicy","merchantReturnLink":"https:\/\/leoprd.ca\/fr\/exchange-return-and-refund\/"}}]},"og_availability":"backorder","product_availability":"available for order","product_retailer_item_id":"LEO89998","product_condition":"new"},"_links":{"self":[{"href":"https:\/\/leoprd.ca\/fr\/wp-json\/wp\/v2\/product\/15711","targetHints":{"allow":["GET"]}}],"collection":[{"href":"https:\/\/leoprd.ca\/fr\/wp-json\/wp\/v2\/product"}],"about":[{"href":"https:\/\/leoprd.ca\/fr\/wp-json\/wp\/v2\/types\/product"}],"replies":[{"embeddable":true,"href":"https:\/\/leoprd.ca\/fr\/wp-json\/wp\/v2\/comments?post=15711"}],"wp:featuredmedia":[{"embeddable":true,"href":"https:\/\/leoprd.ca\/fr\/wp-json\/wp\/v2\/media\/15710"}],"wp:attachment":[{"href":"https:\/\/leoprd.ca\/fr\/wp-json\/wp\/v2\/media?parent=15711"}],"wp:term":[{"taxonomy":"product_brand","embeddable":true,"href":"https:\/\/leoprd.ca\/fr\/wp-json\/wp\/v2\/product_brand?post=15711"},{"taxonomy":"product_cat","embeddable":true,"href":"https:\/\/leoprd.ca\/fr\/wp-json\/wp\/v2\/product_cat?post=15711"},{"taxonomy":"product_tag","embeddable":true,"href":"https:\/\/leoprd.ca\/fr\/wp-json\/wp\/v2\/product_tag?post=15711"}],"curies":[{"name":"wp","href":"https:\/\/api.w.org\/{rel}","templated":true}]}}