{"id":16517,"date":"2024-10-29T17:57:31","date_gmt":"2024-10-29T21:57:31","guid":{"rendered":"https:\/\/leoprd.ca\/?post_type=product&#038;p=16517"},"modified":"2026-04-12T12:45:46","modified_gmt":"2026-04-12T16:45:46","slug":"jenga-armchair","status":"publish","type":"product","link":"https:\/\/leoprd.ca\/fr\/product\/jenga-armchair\/","title":{"rendered":"Fauteuil Jenga"},"content":{"rendered":"<h3 style=\"text-align: center;\">Fauteuil d'appoint Jenga<\/h3>\n<p><a href=\"https:\/\/leoprd.ca\/wp-content\/uploads\/2024\/10\/jenga-W-1.jpg\"><img fetchpriority=\"high\" decoding=\"async\" class=\"wp-image-16539 aligncenter\" src=\"https:\/\/leoprd.ca\/wp-content\/uploads\/2024\/10\/jenga-W-1-300x200.jpg\" alt=\"\" width=\"797\" height=\"531\" srcset=\"https:\/\/leoprd.ca\/wp-content\/uploads\/2024\/10\/jenga-W-1-300x200.jpg 300w, https:\/\/leoprd.ca\/wp-content\/uploads\/2024\/10\/jenga-W-1-1200x801.jpg 1200w, https:\/\/leoprd.ca\/wp-content\/uploads\/2024\/10\/jenga-W-1-1024x683.jpg 1024w, https:\/\/leoprd.ca\/wp-content\/uploads\/2024\/10\/jenga-W-1-768x512.jpg 768w, https:\/\/leoprd.ca\/wp-content\/uploads\/2024\/10\/jenga-W-1-1536x1025.jpg 1536w, https:\/\/leoprd.ca\/wp-content\/uploads\/2024\/10\/jenga-W-1-2048x1367.jpg 2048w, https:\/\/leoprd.ca\/wp-content\/uploads\/2024\/10\/jenga-W-1-18x12.jpg 18w\" sizes=\"(max-width: 797px) 100vw, 797px\" \/><\/a><\/p>\n<p><a href=\"https:\/\/leoprd.ca\/wp-content\/uploads\/2024\/10\/jenga-W-2.jpg\"><img decoding=\"async\" class=\"wp-image-16540 aligncenter\" src=\"https:\/\/leoprd.ca\/wp-content\/uploads\/2024\/10\/jenga-W-2-300x200.jpg\" alt=\"\" width=\"800\" height=\"533\" srcset=\"https:\/\/leoprd.ca\/wp-content\/uploads\/2024\/10\/jenga-W-2-300x200.jpg 300w, https:\/\/leoprd.ca\/wp-content\/uploads\/2024\/10\/jenga-W-2-1200x801.jpg 1200w, https:\/\/leoprd.ca\/wp-content\/uploads\/2024\/10\/jenga-W-2-1024x683.jpg 1024w, https:\/\/leoprd.ca\/wp-content\/uploads\/2024\/10\/jenga-W-2-768x512.jpg 768w, https:\/\/leoprd.ca\/wp-content\/uploads\/2024\/10\/jenga-W-2-1536x1025.jpg 1536w, https:\/\/leoprd.ca\/wp-content\/uploads\/2024\/10\/jenga-W-2-2048x1367.jpg 2048w, https:\/\/leoprd.ca\/wp-content\/uploads\/2024\/10\/jenga-W-2-18x12.jpg 18w\" sizes=\"(max-width: 800px) 100vw, 800px\" \/><\/a><\/p>\n<p><a href=\"https:\/\/leoprd.ca\/wp-content\/uploads\/2024\/10\/jenga-W-3.jpg\"><img decoding=\"async\" class=\"wp-image-16541 aligncenter\" src=\"https:\/\/leoprd.ca\/wp-content\/uploads\/2024\/10\/jenga-W-3-300x200.jpg\" alt=\"\" width=\"800\" height=\"533\" srcset=\"https:\/\/leoprd.ca\/wp-content\/uploads\/2024\/10\/jenga-W-3-300x200.jpg 300w, https:\/\/leoprd.ca\/wp-content\/uploads\/2024\/10\/jenga-W-3-1200x801.jpg 1200w, https:\/\/leoprd.ca\/wp-content\/uploads\/2024\/10\/jenga-W-3-1024x683.jpg 1024w, https:\/\/leoprd.ca\/wp-content\/uploads\/2024\/10\/jenga-W-3-768x512.jpg 768w, https:\/\/leoprd.ca\/wp-content\/uploads\/2024\/10\/jenga-W-3-1536x1025.jpg 1536w, https:\/\/leoprd.ca\/wp-content\/uploads\/2024\/10\/jenga-W-3-2048x1367.jpg 2048w, https:\/\/leoprd.ca\/wp-content\/uploads\/2024\/10\/jenga-W-3-18x12.jpg 18w\" sizes=\"(max-width: 800px) 100vw, 800px\" \/><\/a><\/p>\n<div id='gallery-1' class='gallery galleryid-16517 gallery-columns-3 gallery-size-full'><figure class='gallery-item'>\n\t\t\t<div class='gallery-icon portrait'>\n\t\t\t\t<a href='https:\/\/leoprd.ca\/wp-content\/uploads\/2026\/01\/jenga-armchair-ima4.jpg'><img loading=\"lazy\" decoding=\"async\" width=\"1184\" height=\"1669\" src=\"https:\/\/leoprd.ca\/wp-content\/uploads\/2026\/01\/jenga-armchair-ima4.jpg\" class=\"attachment-full size-full wvs-archive-product-image\" alt=\"\" srcset=\"https:\/\/leoprd.ca\/wp-content\/uploads\/2026\/01\/jenga-armchair-ima4.jpg 1184w, https:\/\/leoprd.ca\/wp-content\/uploads\/2026\/01\/jenga-armchair-ima4-213x300.jpg 213w, https:\/\/leoprd.ca\/wp-content\/uploads\/2026\/01\/jenga-armchair-ima4-726x1024.jpg 726w, https:\/\/leoprd.ca\/wp-content\/uploads\/2026\/01\/jenga-armchair-ima4-768x1083.jpg 768w, https:\/\/leoprd.ca\/wp-content\/uploads\/2026\/01\/jenga-armchair-ima4-1090x1536.jpg 1090w, https:\/\/leoprd.ca\/wp-content\/uploads\/2026\/01\/jenga-armchair-ima4-9x12.jpg 9w\" sizes=\"(max-width: 1184px) 100vw, 1184px\" \/><\/a>\n\t\t\t<\/div><\/figure><figure class='gallery-item'>\n\t\t\t<div class='gallery-icon landscape'>\n\t\t\t\t<a href='https:\/\/leoprd.ca\/wp-content\/uploads\/2026\/01\/jenga-armchair-detail6.jpg'><img loading=\"lazy\" decoding=\"async\" width=\"1600\" height=\"1067\" src=\"https:\/\/leoprd.ca\/wp-content\/uploads\/2026\/01\/jenga-armchair-detail6.jpg\" class=\"attachment-full size-full wvs-archive-product-image\" alt=\"\" srcset=\"https:\/\/leoprd.ca\/wp-content\/uploads\/2026\/01\/jenga-armchair-detail6.jpg 1600w, https:\/\/leoprd.ca\/wp-content\/uploads\/2026\/01\/jenga-armchair-detail6-300x200.jpg 300w, https:\/\/leoprd.ca\/wp-content\/uploads\/2026\/01\/jenga-armchair-detail6-1024x683.jpg 1024w, https:\/\/leoprd.ca\/wp-content\/uploads\/2026\/01\/jenga-armchair-detail6-768x512.jpg 768w, https:\/\/leoprd.ca\/wp-content\/uploads\/2026\/01\/jenga-armchair-detail6-1536x1024.jpg 1536w, https:\/\/leoprd.ca\/wp-content\/uploads\/2026\/01\/jenga-armchair-detail6-18x12.jpg 18w, https:\/\/leoprd.ca\/wp-content\/uploads\/2026\/01\/jenga-armchair-detail6-1200x800.jpg 1200w\" sizes=\"(max-width: 1600px) 100vw, 1600px\" \/><\/a>\n\t\t\t<\/div><\/figure><figure class='gallery-item'>\n\t\t\t<div class='gallery-icon landscape'>\n\t\t\t\t<a href='https:\/\/leoprd.ca\/wp-content\/uploads\/2026\/01\/jenga-armchair-detail5.jpg'><img loading=\"lazy\" decoding=\"async\" width=\"1600\" height=\"1067\" src=\"https:\/\/leoprd.ca\/wp-content\/uploads\/2026\/01\/jenga-armchair-detail5.jpg\" class=\"attachment-full size-full wvs-archive-product-image\" alt=\"\" srcset=\"https:\/\/leoprd.ca\/wp-content\/uploads\/2026\/01\/jenga-armchair-detail5.jpg 1600w, https:\/\/leoprd.ca\/wp-content\/uploads\/2026\/01\/jenga-armchair-detail5-300x200.jpg 300w, https:\/\/leoprd.ca\/wp-content\/uploads\/2026\/01\/jenga-armchair-detail5-1024x683.jpg 1024w, https:\/\/leoprd.ca\/wp-content\/uploads\/2026\/01\/jenga-armchair-detail5-768x512.jpg 768w, https:\/\/leoprd.ca\/wp-content\/uploads\/2026\/01\/jenga-armchair-detail5-1536x1024.jpg 1536w, https:\/\/leoprd.ca\/wp-content\/uploads\/2026\/01\/jenga-armchair-detail5-18x12.jpg 18w, https:\/\/leoprd.ca\/wp-content\/uploads\/2026\/01\/jenga-armchair-detail5-1200x800.jpg 1200w\" sizes=\"(max-width: 1600px) 100vw, 1600px\" \/><\/a>\n\t\t\t<\/div><\/figure>\n\t\t<\/div>\n\n<p style=\"text-align: center;\"><span style=\"color: #008000;\">\u2217 Ce produit est certifi\u00e9 selon la norme europ\u00e9enne EN 12520. Garantissant une qualit\u00e9, une s\u00e9curit\u00e9, une durabilit\u00e9 et une r\u00e9sistance de premier ordre pour votre tranquillit\u00e9 d'esprit.<\/span><\/p>\n<hr \/>\n<p style=\"text-align: center;\">","protected":false},"excerpt":{"rendered":"<p>Des options en cuir v\u00e9ritable de premi\u00e8re qualit\u00e9 et notre design unique Botanic Sapphire.<\/p>\n<p><a href=\"https:\/\/impress.pcon-solutions.com\/?l=en&amp;embed=https%3A%2F%2Fwww.dropbox.com%2Fscl%2Ffi%2Fx8imtsbcitac4q7hhy1th%2FJenga-LEOPARD-furniture-AR_2024-11-28_15-24-18.iar%3Frlkey%3Da1g8g3mrdp66sezrfvosv8ua2%26dl%3D0\" target=\"_blank\" rel=\"noopener\"><img loading=\"lazy\" decoding=\"async\" class=\"alignnone wp-image-11866\" src=\"https:\/\/leoprd.ca\/wp-content\/uploads\/2023\/03\/AR-reality.gif\" alt=\"\" width=\"40\" height=\"40\" \/><\/a><a href=\"https:\/\/impress.pcon-solutions.com\/?l=en&amp;embed=https%3A%2F%2Fwww.dropbox.com%2Fscl%2Ffi%2Fx8imtsbcitac4q7hhy1th%2FJenga-LEOPARD-furniture-AR_2024-11-28_15-24-18.iar%3Frlkey%3Da1g8g3mrdp66sezrfvosv8ua2%26dl%3D0\" target=\"_blank\" rel=\"noopener\"><span style=\"color: #0000ff;\"> Cliquez ici pour l'afficher dans votre espace.<\/span><\/a><\/p>\n<hr \/>\n<h5><span style=\"color: #008000;\">S\u00e9lectionnez des \u00e9chantillons pour personnaliser :<\/span><\/h5>","protected":false},"featured_media":16528,"comment_status":"open","ping_status":"closed","template":"","meta":{"site-sidebar-layout":"default","site-content-layout":"","ast-site-content-layout":"default","site-content-style":"default","site-sidebar-style":"default","ast-global-header-display":"","ast-banner-title-visibility":"","ast-main-header-display":"","ast-hfb-above-header-display":"","ast-hfb-below-header-display":"","ast-hfb-mobile-header-display":"","site-post-title":"","ast-breadcrumbs-content":"","ast-featured-img":"","footer-sml-layout":"","ast-disable-related-posts":"","theme-transparent-header-meta":"default","adv-header-id-meta":"","stick-header-meta":"","header-above-stick-meta":"","header-main-stick-meta":"","header-below-stick-meta":"","astra-migrate-meta-layouts":"set","ast-page-background-enabled":"default","ast-page-background-meta":{"desktop":{"background-color":"","background-image":"","background-repeat":"repeat","background-position":"center center","background-size":"auto","background-attachment":"scroll","background-type":"","background-media":"","overlay-type":"","overlay-color":"","overlay-opacity":"","overlay-gradient":""},"tablet":{"background-color":"","background-image":"","background-repeat":"repeat","background-position":"center center","background-size":"auto","background-attachment":"scroll","background-type":"","background-media":"","overlay-type":"","overlay-color":"","overlay-opacity":"","overlay-gradient":""},"mobile":{"background-color":"","background-image":"","background-repeat":"repeat","background-position":"center center","background-size":"auto","background-attachment":"scroll","background-type":"","background-media":"","overlay-type":"","overlay-color":"","overlay-opacity":"","overlay-gradient":""}},"ast-content-background-meta":{"desktop":{"background-color":"var(--ast-global-color-5)","background-image":"","background-repeat":"repeat","background-position":"center center","background-size":"auto","background-attachment":"scroll","background-type":"","background-media":"","overlay-type":"","overlay-color":"","overlay-opacity":"","overlay-gradient":""},"tablet":{"background-color":"var(--ast-global-color-5)","background-image":"","background-repeat":"repeat","background-position":"center center","background-size":"auto","background-attachment":"scroll","background-type":"","background-media":"","overlay-type":"","overlay-color":"","overlay-opacity":"","overlay-gradient":""},"mobile":{"background-color":"var(--ast-global-color-5)","background-image":"","background-repeat":"repeat","background-position":"center center","background-size":"auto","background-attachment":"scroll","background-type":"","background-media":"","overlay-type":"","overlay-color":"","overlay-opacity":"","overlay-gradient":""}}},"product_brand":[],"product_cat":[72,59],"product_tag":[978,79,895,78,1121,804],"class_list":{"0":"post-16517","1":"product","2":"type-product","3":"status-publish","4":"has-post-thumbnail","6":"product_cat-accent-chairs","7":"product_cat-living-room-furniture","8":"product_tag-accent-armchairs","9":"product_tag-dbq-accent-chair","10":"product_tag-ar","11":"product_tag-armchair","12":"product_tag-new","13":"product_tag-dbq-online-only","14":"desktop-align-center","15":"tablet-align-center","16":"mobile-align-center","18":"first","19":"onbackorder","20":"taxable","21":"shipping-taxable","22":"purchasable","23":"product-type-variable","24":"has-default-attributes","25":"wvs-archive-product-wrapper"},"yoast_head":"<!-- This site is optimized with the Yoast SEO Premium plugin v27.3 (Yoast SEO v27.3) - https:\/\/yoast.com\/product\/yoast-seo-premium-wordpress\/ -->\n<title>Jenga Luxury Leather Armchair | LEOPARD Furniture<\/title>\n<meta name=\"description\" content=\"Indulge in pure luxury with our exquisite leather armchair. Experience ultimate comfort and style in every detail. Get yours today!\" \/>\n<meta name=\"robots\" content=\"index, follow, max-snippet:-1, max-image-preview:large, max-video-preview:-1\" \/>\n<link rel=\"canonical\" href=\"https:\/\/leoprd.ca\/fr\/product\/jenga-armchair\/\" \/>\n<meta property=\"og:locale\" content=\"fr_CA\" \/>\n<meta property=\"og:type\" content=\"article\" \/>\n<meta property=\"og:title\" content=\"Jenga Armchair\" \/>\n<meta property=\"og:description\" content=\"Indulge in pure luxury with our exquisite leather armchair. Experience ultimate comfort and style in every detail. Get yours today!\" \/>\n<meta property=\"og:url\" content=\"https:\/\/leoprd.ca\/fr\/product\/jenga-armchair\/\" \/>\n<meta property=\"og:site_name\" content=\"LEOPARD Furniture\" \/>\n<meta property=\"article:publisher\" content=\"https:\/\/www.facebook.com\/leoprd.ca\" \/>\n<meta property=\"article:modified_time\" content=\"2026-04-12T16:45:46+00:00\" \/>\n<meta property=\"og:image\" content=\"https:\/\/leoprd.ca\/wp-content\/uploads\/2024\/10\/Jenga-Cinnamon.jpg\" \/>\n\t<meta property=\"og:image:width\" content=\"1800\" \/>\n\t<meta property=\"og:image:height\" content=\"1800\" \/>\n\t<meta property=\"og:image:type\" content=\"image\/jpeg\" \/>\n<meta name=\"twitter:card\" content=\"summary_large_image\" \/>\n<meta name=\"twitter:label1\" content=\"Availability\" \/>\n\t<meta name=\"twitter:data1\" content=\"On backorder\" \/>\n<script type=\"application\/ld+json\" class=\"yoast-schema-graph\">{\"@context\":\"https:\\\/\\\/schema.org\",\"@graph\":[{\"@type\":[\"WebPage\",\"ItemPage\"],\"@id\":\"https:\\\/\\\/leoprd.ca\\\/fr\\\/product\\\/jenga-armchair\\\/\",\"url\":\"https:\\\/\\\/leoprd.ca\\\/fr\\\/product\\\/jenga-armchair\\\/\",\"name\":\"Jenga Luxury Leather Armchair | LEOPARD Furniture\",\"isPartOf\":{\"@id\":\"https:\\\/\\\/leoprd.ca\\\/fr\\\/#website\"},\"primaryImageOfPage\":{\"@id\":\"https:\\\/\\\/leoprd.ca\\\/fr\\\/product\\\/jenga-armchair\\\/#primaryimage\"},\"image\":{\"@id\":\"https:\\\/\\\/leoprd.ca\\\/fr\\\/product\\\/jenga-armchair\\\/#primaryimage\"},\"thumbnailUrl\":\"https:\\\/\\\/leoprd.ca\\\/wp-content\\\/uploads\\\/2024\\\/10\\\/Jenga-Cinnamon.jpg\",\"datePublished\":\"2024-10-29T21:57:31+00:00\",\"dateModified\":\"2026-04-12T16:45:46+00:00\",\"description\":\"Indulge in pure luxury with our exquisite leather armchair. Experience ultimate comfort and style in every detail. Get yours today!\",\"breadcrumb\":{\"@id\":\"https:\\\/\\\/leoprd.ca\\\/fr\\\/product\\\/jenga-armchair\\\/#breadcrumb\"},\"inLanguage\":\"fr-CA\",\"potentialAction\":[{\"@type\":\"ReadAction\",\"target\":[\"https:\\\/\\\/leoprd.ca\\\/fr\\\/product\\\/jenga-armchair\\\/\"]}]},{\"@type\":\"ImageObject\",\"inLanguage\":\"fr-CA\",\"@id\":\"https:\\\/\\\/leoprd.ca\\\/fr\\\/product\\\/jenga-armchair\\\/#primaryimage\",\"url\":\"https:\\\/\\\/leoprd.ca\\\/wp-content\\\/uploads\\\/2024\\\/10\\\/Jenga-Cinnamon.jpg\",\"contentUrl\":\"https:\\\/\\\/leoprd.ca\\\/wp-content\\\/uploads\\\/2024\\\/10\\\/Jenga-Cinnamon.jpg\",\"width\":1800,\"height\":1800,\"caption\":\"Fauteuil en cuir marron moderne avec cadre en bois sombre, fond blanc, de LEOPARD Furniture, Canada.\"},{\"@type\":\"BreadcrumbList\",\"@id\":\"https:\\\/\\\/leoprd.ca\\\/fr\\\/product\\\/jenga-armchair\\\/#breadcrumb\",\"itemListElement\":[{\"@type\":\"ListItem\",\"position\":1,\"name\":\"Home\",\"item\":\"https:\\\/\\\/leoprd.ca\\\/\"},{\"@type\":\"ListItem\",\"position\":2,\"name\":\"Shop\",\"item\":\"https:\\\/\\\/leoprd.ca\\\/shop\\\/\"},{\"@type\":\"ListItem\",\"position\":3,\"name\":\"Jenga Armchair\"}]},{\"@type\":\"WebSite\",\"@id\":\"https:\\\/\\\/leoprd.ca\\\/fr\\\/#website\",\"url\":\"https:\\\/\\\/leoprd.ca\\\/fr\\\/\",\"name\":\"LEOPARD Furniture\",\"description\":\"Furniture store\",\"publisher\":{\"@id\":\"https:\\\/\\\/leoprd.ca\\\/fr\\\/#organization\"},\"alternateName\":\"Meubles L\u00c9OPARD\",\"potentialAction\":[{\"@type\":\"SearchAction\",\"target\":{\"@type\":\"EntryPoint\",\"urlTemplate\":\"https:\\\/\\\/leoprd.ca\\\/fr\\\/?s={search_term_string}\"},\"query-input\":{\"@type\":\"PropertyValueSpecification\",\"valueRequired\":true,\"valueName\":\"search_term_string\"}}],\"inLanguage\":\"fr-CA\"},{\"@type\":\"Organization\",\"@id\":\"https:\\\/\\\/leoprd.ca\\\/fr\\\/#organization\",\"name\":\"LEOPARD Furniture\",\"alternateName\":\"Meuble LEOPARD\",\"url\":\"https:\\\/\\\/leoprd.ca\\\/fr\\\/\",\"logo\":{\"@type\":\"ImageObject\",\"inLanguage\":\"fr-CA\",\"@id\":\"https:\\\/\\\/leoprd.ca\\\/fr\\\/#\\\/schema\\\/logo\\\/image\\\/\",\"url\":\"https:\\\/\\\/leoprd.ca\\\/wp-content\\\/uploads\\\/2022\\\/05\\\/logo-silver-mid.png\",\"contentUrl\":\"https:\\\/\\\/leoprd.ca\\\/wp-content\\\/uploads\\\/2022\\\/05\\\/logo-silver-mid.png\",\"width\":400,\"height\":400,\"caption\":\"LEOPARD Furniture\"},\"image\":{\"@id\":\"https:\\\/\\\/leoprd.ca\\\/fr\\\/#\\\/schema\\\/logo\\\/image\\\/\"},\"sameAs\":[\"https:\\\/\\\/www.facebook.com\\\/leoprd.ca\",\"https:\\\/\\\/mastodon.social\\\/@leopardfurniture\",\"https:\\\/\\\/www.instagram.com\\\/leopardcanada\\\/\",\"https:\\\/\\\/www.linkedin.com\\\/company\\\/leopard-trading-company\\\/\",\"https:\\\/\\\/www.youtube.com\\\/@leopardcanada\"],\"description\":\"LEOPARD Furniture, a Canadian-born legacy headquartered in the vibrant city of Montreal, Quebec, with a prime location in Brossard. At LEOPARD, we curate the finest furniture selections from premium-quality and esteemed international manufacturers. Our commitment lies in customization and the importation of high-end products. Our Commitment to Quality and Excellence Reliability You Can Trust Built on five pillars \u2013 trust, reliability, customer satisfaction, excellence, and innovation \u2013 LEOPARD Furniture has been a reliable name in the furniture industry. Our commitment to quality and transparency ensures that every piece you select resonates with durability and aesthetic brilliance. Award-Winning Designs Immerse yourself in a world of award-winning designs curated to elevate your living spaces. Our products have been recognized for their innovation and style, showcasing a commitment to staying ahead of design trends. Unparalleled Interior Design Services Personalized 3D Design and AR Experience Embark on a personalized interior design journey with LEOPARD Furniture. Our team, equipped with cutting-edge technology, offers 3D design and Augmented Reality (AR) experiences, allowing you to visualize your dream space before making a decision. LEOPARD Furniture is a furniture store, not just a furniture store; we are creators of lifestyle. Every piece tells a story, and we invite you to be a part of this narrative. Visit our showroom in Brossard or explore our online gallery.\",\"email\":\"info@leoprd.ca\",\"telephone\":\"+1 (514) 655-8447\",\"legalName\":\"LEOPARD CA INC.\",\"hasMerchantReturnPolicy\":{\"@type\":\"MerchantReturnPolicy\",\"merchantReturnLink\":\"https:\\\/\\\/leoprd.ca\\\/fr\\\/exchange-return-and-refund\\\/\"}}]}<\/script>\n<meta property=\"og:availability\" content=\"backorder\" \/>\n<meta property=\"product:availability\" content=\"available for order\" \/>\n<meta property=\"product:retailer_item_id\" content=\"LEO96739\" \/>\n<meta property=\"product:condition\" content=\"new\" \/>\n<!-- \/ Yoast SEO Premium plugin. -->","yoast_head_json":{"title":"Fauteuil en cuir de luxe Jenga | Meubles LEOPARD","description":"Offrez-vous le luxe \u00e0 l'\u00e9tat pur avec notre fauteuil en cuir exquis. D\u00e9couvrez le confort ultime et le style dans les moindres d\u00e9tails. Achetez le v\u00f4tre d\u00e8s aujourd'hui !","robots":{"index":"index","follow":"follow","max-snippet":"max-snippet:-1","max-image-preview":"max-image-preview:large","max-video-preview":"max-video-preview:-1"},"canonical":"https:\/\/leoprd.ca\/fr\/product\/jenga-armchair\/","og_locale":"fr_CA","og_type":"article","og_title":"Jenga Armchair","og_description":"Indulge in pure luxury with our exquisite leather armchair. Experience ultimate comfort and style in every detail. Get yours today!","og_url":"https:\/\/leoprd.ca\/fr\/product\/jenga-armchair\/","og_site_name":"LEOPARD Furniture","article_publisher":"https:\/\/www.facebook.com\/leoprd.ca","article_modified_time":"2026-04-12T16:45:46+00:00","og_image":[{"width":1800,"height":1800,"url":"https:\/\/leoprd.ca\/wp-content\/uploads\/2024\/10\/Jenga-Cinnamon.jpg","type":"image\/jpeg"}],"twitter_card":"summary_large_image","twitter_misc":{"Availability":"On backorder"},"schema":{"@context":"https:\/\/schema.org","@graph":[{"@type":["WebPage","ItemPage"],"@id":"https:\/\/leoprd.ca\/fr\/product\/jenga-armchair\/","url":"https:\/\/leoprd.ca\/fr\/product\/jenga-armchair\/","name":"Fauteuil en cuir de luxe Jenga | Meubles LEOPARD","isPartOf":{"@id":"https:\/\/leoprd.ca\/fr\/#website"},"primaryImageOfPage":{"@id":"https:\/\/leoprd.ca\/fr\/product\/jenga-armchair\/#primaryimage"},"image":{"@id":"https:\/\/leoprd.ca\/fr\/product\/jenga-armchair\/#primaryimage"},"thumbnailUrl":"https:\/\/leoprd.ca\/wp-content\/uploads\/2024\/10\/Jenga-Cinnamon.jpg","datePublished":"2024-10-29T21:57:31+00:00","dateModified":"2026-04-12T16:45:46+00:00","description":"Offrez-vous le luxe \u00e0 l'\u00e9tat pur avec notre fauteuil en cuir exquis. D\u00e9couvrez le confort ultime et le style dans les moindres d\u00e9tails. Achetez le v\u00f4tre d\u00e8s aujourd'hui !","breadcrumb":{"@id":"https:\/\/leoprd.ca\/fr\/product\/jenga-armchair\/#breadcrumb"},"inLanguage":"fr-CA","potentialAction":[{"@type":"ReadAction","target":["https:\/\/leoprd.ca\/fr\/product\/jenga-armchair\/"]}]},{"@type":"ImageObject","inLanguage":"fr-CA","@id":"https:\/\/leoprd.ca\/fr\/product\/jenga-armchair\/#primaryimage","url":"https:\/\/leoprd.ca\/wp-content\/uploads\/2024\/10\/Jenga-Cinnamon.jpg","contentUrl":"https:\/\/leoprd.ca\/wp-content\/uploads\/2024\/10\/Jenga-Cinnamon.jpg","width":1800,"height":1800,"caption":"Fauteuil en cuir marron moderne avec cadre en bois sombre, fond blanc, de LEOPARD Furniture, Canada."},{"@type":"BreadcrumbList","@id":"https:\/\/leoprd.ca\/fr\/product\/jenga-armchair\/#breadcrumb","itemListElement":[{"@type":"ListItem","position":1,"name":"Home","item":"https:\/\/leoprd.ca\/"},{"@type":"ListItem","position":2,"name":"Shop","item":"https:\/\/leoprd.ca\/shop\/"},{"@type":"ListItem","position":3,"name":"Jenga Armchair"}]},{"@type":"WebSite","@id":"https:\/\/leoprd.ca\/fr\/#website","url":"https:\/\/leoprd.ca\/fr\/","name":"Meubles LEOPARD","description":"Magasin de meubles","publisher":{"@id":"https:\/\/leoprd.ca\/fr\/#organization"},"alternateName":"Meubles L\u00c9OPARD","potentialAction":[{"@type":"SearchAction","target":{"@type":"EntryPoint","urlTemplate":"https:\/\/leoprd.ca\/fr\/?s={search_term_string}"},"query-input":{"@type":"PropertyValueSpecification","valueRequired":true,"valueName":"search_term_string"}}],"inLanguage":"fr-CA"},{"@type":"Organization","@id":"https:\/\/leoprd.ca\/fr\/#organization","name":"Meubles LEOPARD","alternateName":"Meuble LEOPARD","url":"https:\/\/leoprd.ca\/fr\/","logo":{"@type":"ImageObject","inLanguage":"fr-CA","@id":"https:\/\/leoprd.ca\/fr\/#\/schema\/logo\/image\/","url":"https:\/\/leoprd.ca\/wp-content\/uploads\/2022\/05\/logo-silver-mid.png","contentUrl":"https:\/\/leoprd.ca\/wp-content\/uploads\/2022\/05\/logo-silver-mid.png","width":400,"height":400,"caption":"LEOPARD Furniture"},"image":{"@id":"https:\/\/leoprd.ca\/fr\/#\/schema\/logo\/image\/"},"sameAs":["https:\/\/www.facebook.com\/leoprd.ca","https:\/\/mastodon.social\/@leopardfurniture","https:\/\/www.instagram.com\/leopardcanada\/","https:\/\/www.linkedin.com\/company\/leopard-trading-company\/","https:\/\/www.youtube.com\/@leopardcanada"],"description":"Meubles LEOPARD, une entreprise d'origine canadienne dont le si\u00e8ge social est situ\u00e9 dans la ville dynamique de Montr\u00e9al, au Qu\u00e9bec, avec un emplacement de choix \u00e0 Brossard. Chez LEOPARD, nous s\u00e9lectionnons les meubles les plus raffin\u00e9s aupr\u00e8s de fabricants internationaux r\u00e9put\u00e9s et de qualit\u00e9 sup\u00e9rieure. Notre engagement r\u00e9side dans la personnalisation et l'importation de produits haut de gamme. Notre engagement envers la qualit\u00e9 et l'excellence Une fiabilit\u00e9 \u00e0 laquelle vous pouvez vous fier Fond\u00e9e sur cinq piliers - la confiance, la fiabilit\u00e9, la satisfaction de la client\u00e8le, l'excellence et l'innovation - Meubles LEOPARD est un nom fiable dans l'industrie de l'ameublement. Notre engagement en faveur de la qualit\u00e9 et de la transparence garantit que chaque pi\u00e8ce que vous choisissez est synonyme de durabilit\u00e9 et de brillance esth\u00e9tique. Designs prim\u00e9s Plongez dans un monde de designs prim\u00e9s, con\u00e7us pour \u00e9lever vos espaces de vie. Nos produits ont \u00e9t\u00e9 reconnus pour leur innovation et leur style, t\u00e9moignant de notre engagement \u00e0 rester \u00e0 la pointe des tendances en mati\u00e8re de design. Services de design d'int\u00e9rieur in\u00e9gal\u00e9s Design 3D personnalis\u00e9 et exp\u00e9rience AR Embarquez pour un voyage de design d'int\u00e9rieur personnalis\u00e9 avec LEOPARD Furniture. Notre \u00e9quipe, \u00e9quip\u00e9e d'une technologie de pointe, propose des exp\u00e9riences de conception en 3D et de r\u00e9alit\u00e9 augment\u00e9e (RA), vous permettant de visualiser l'espace de vos r\u00eaves avant de prendre une d\u00e9cision. LEOPARD Furniture est un magasin de meubles, pas seulement un magasin de meubles ; nous sommes des cr\u00e9ateurs de style de vie. Chaque pi\u00e8ce raconte une histoire, et nous vous invitons \u00e0 faire partie de ce r\u00e9cit. Visitez notre salle d'exposition \u00e0 Brossard ou explorez notre galerie en ligne.","email":"info@leoprd.ca","telephone":"+1 (514) 655-8447","legalName":"LEOPARD CA INC.","hasMerchantReturnPolicy":{"@type":"MerchantReturnPolicy","merchantReturnLink":"https:\/\/leoprd.ca\/fr\/exchange-return-and-refund\/"}}]},"og_availability":"backorder","product_availability":"available for order","product_retailer_item_id":"LEO96739","product_condition":"new"},"_links":{"self":[{"href":"https:\/\/leoprd.ca\/fr\/wp-json\/wp\/v2\/product\/16517","targetHints":{"allow":["GET"]}}],"collection":[{"href":"https:\/\/leoprd.ca\/fr\/wp-json\/wp\/v2\/product"}],"about":[{"href":"https:\/\/leoprd.ca\/fr\/wp-json\/wp\/v2\/types\/product"}],"replies":[{"embeddable":true,"href":"https:\/\/leoprd.ca\/fr\/wp-json\/wp\/v2\/comments?post=16517"}],"wp:featuredmedia":[{"embeddable":true,"href":"https:\/\/leoprd.ca\/fr\/wp-json\/wp\/v2\/media\/16528"}],"wp:attachment":[{"href":"https:\/\/leoprd.ca\/fr\/wp-json\/wp\/v2\/media?parent=16517"}],"wp:term":[{"taxonomy":"product_brand","embeddable":true,"href":"https:\/\/leoprd.ca\/fr\/wp-json\/wp\/v2\/product_brand?post=16517"},{"taxonomy":"product_cat","embeddable":true,"href":"https:\/\/leoprd.ca\/fr\/wp-json\/wp\/v2\/product_cat?post=16517"},{"taxonomy":"product_tag","embeddable":true,"href":"https:\/\/leoprd.ca\/fr\/wp-json\/wp\/v2\/product_tag?post=16517"}],"curies":[{"name":"wp","href":"https:\/\/api.w.org\/{rel}","templated":true}]}}