{"id":17311,"date":"2025-01-04T16:11:06","date_gmt":"2025-01-04T20:11:06","guid":{"rendered":"https:\/\/leoprd.ca\/?post_type=product&#038;p=17311"},"modified":"2025-03-01T10:57:42","modified_gmt":"2025-03-01T14:57:42","slug":"full-professional-interior-design-service","status":"publish","type":"product","link":"https:\/\/leoprd.ca\/fr\/product\/full-professional-interior-design-service\/","title":{"rendered":"Consultation et rendu professionnel"},"content":{"rendered":"<p>Am\u00e9liorez votre processus de conception avec notre <strong>Consultation professionnelle + rendu professionnel<\/strong> disponible pour <strong>$1 400 par chambre<\/strong>. Ce service haut de gamme comprend une consultation approfondie, suivie de <strong>des rendus 3D de qualit\u00e9 professionnelle<\/strong> qui fournissent une visualisation r\u00e9aliste et enti\u00e8rement d\u00e9taill\u00e9e de votre espace. Contrairement \u00e0 notre forfait de rendu de base, ces rendus pr\u00e9sentent les caract\u00e9ristiques suivantes <strong>les couleurs, les textures, l'\u00e9clairage et les \u00e9l\u00e9ments d\u00e9coratifs<\/strong>vous offrant une vue d'ensemble de l'aspect r\u00e9el de votre projet.<\/p>\n<p>Vous recevrez <strong>jusqu'\u00e0 4 configurations diff\u00e9rentes<\/strong> adapt\u00e9s \u00e0 votre espace, \u00e0 vos besoins et \u00e0 vos pr\u00e9f\u00e9rences en mati\u00e8re de style, ce qui vous permet de choisir la meilleure disposition pour votre pi\u00e8ce. Gr\u00e2ce \u00e0 des images r\u00e9alistes, vous pourrez voir comment votre espace se sentira et fonctionnera, ce qui facilitera la prise de d\u00e9cisions finales en toute confiance.<\/p>\n<p>Apr\u00e8s avoir pass\u00e9 votre commande, nous rassemblerons les \u00e9l\u00e9ments suivants :<\/p>\n<ol>\n<li>- Photos ou vid\u00e9os de votre chambre.<\/li>\n<li>- Un plan d'am\u00e9nagement de la pi\u00e8ce (s'il n'est pas disponible, nous vous aiderons \u00e0 en cr\u00e9er un).<\/li>\n<li>- Vos pr\u00e9f\u00e9rences en mati\u00e8re de style, de couleur, de texture et d'\u00e9clairage (le cas \u00e9ch\u00e9ant).<\/li>\n<li>- Une br\u00e8ve description de votre mode de vie et de l'objectif de la pi\u00e8ce (le cas \u00e9ch\u00e9ant).<\/li>\n<li>- Les \u00e9ventuelles restrictions budg\u00e9taires.<\/li>\n<li>- Quels sont les meubles haut de gamme qui vous int\u00e9ressent (le cas \u00e9ch\u00e9ant).<\/li>\n<\/ol>\n<p>Ce forfait est id\u00e9al pour les personnes qui souhaitent <strong>une exp\u00e9rience de conception pleinement r\u00e9alis\u00e9e<\/strong>, avec <strong>qualit\u00e9 sup\u00e9rieure et souci du d\u00e9tail<\/strong>. Au service des clients <strong>\u00e0 Montr\u00e9al et dans tout le Canada<\/strong>Nous nous engageons \u00e0 vous fournir un service exceptionnel et \u00e0 vous aider \u00e0 cr\u00e9er l'espace parfait gr\u00e2ce \u00e0 nos produits haut de gamme et \u00e0 nos solutions de conception expertes.<\/p>\n<p style=\"text-align: center;\">Pour voir comment notre processus de conception transforme un simple plan dessin\u00e9 \u00e0 la main en rendus \u00e9tonnants et r\u00e9alistes, regardez l'exemple vid\u00e9o ci-dessous. Elle donne un aper\u00e7u du soin m\u00e9ticuleux et de l'expertise que nous apportons \u00e0 chaque projet.<\/p>\n<div style=\"width: 1920px;\" class=\"wp-video\"><video class=\"wp-video-shortcode\" id=\"video-17311-1\" width=\"1920\" height=\"1080\" poster=\"https:\/\/leoprd.ca\/wp-content\/uploads\/2024\/12\/3.jpg\" preload=\"metadata\" controls=\"controls\"><source type=\"video\/mp4\" src=\"https:\/\/leoprd.ca\/wp-content\/uploads\/2024\/12\/interior-design-A-landscape.mp4?_=1\" \/><a href=\"https:\/\/leoprd.ca\/wp-content\/uploads\/2024\/12\/interior-design-A-landscape.mp4\">https:\/\/leoprd.ca\/wp-content\/uploads\/2024\/12\/interior-design-A-landscape.mp4<\/a><\/video><\/div>\n<p style=\"text-align: center;\">","protected":false},"excerpt":{"rendered":"<p>Passez \u00e0 l'\u00e9tape suivante de votre parcours de conception gr\u00e2ce \u00e0 notre <strong>Consultation professionnelle + rendu professionnel<\/strong> paquet. Pour les <strong>$1 400 par chambre<\/strong>Vous b\u00e9n\u00e9ficierez d'une consultation de premier ordre et <strong>des rendus 3D de haute qualit\u00e9<\/strong> qui offrent une repr\u00e9sentation r\u00e9aliste de votre futur espace. Ce paquet comprend <strong>les couleurs, les textures, l'\u00e9clairage et les \u00e9l\u00e9ments d\u00e9coratifs<\/strong>et les vitrines <strong>jusqu'\u00e0 4 configurations diff\u00e9rentes<\/strong> en fonction de votre style et de vos besoins.<\/p>","protected":false},"featured_media":17312,"comment_status":"open","ping_status":"closed","template":"","meta":{"site-sidebar-layout":"default","site-content-layout":"","ast-site-content-layout":"default","site-content-style":"default","site-sidebar-style":"default","ast-global-header-display":"","ast-banner-title-visibility":"","ast-main-header-display":"","ast-hfb-above-header-display":"","ast-hfb-below-header-display":"","ast-hfb-mobile-header-display":"","site-post-title":"","ast-breadcrumbs-content":"","ast-featured-img":"","footer-sml-layout":"","ast-disable-related-posts":"","theme-transparent-header-meta":"default","adv-header-id-meta":"","stick-header-meta":"","header-above-stick-meta":"","header-main-stick-meta":"","header-below-stick-meta":"","astra-migrate-meta-layouts":"set","ast-page-background-enabled":"default","ast-page-background-meta":{"desktop":{"background-color":"","background-image":"","background-repeat":"repeat","background-position":"center center","background-size":"auto","background-attachment":"scroll","background-type":"","background-media":"","overlay-type":"","overlay-color":"","overlay-opacity":"","overlay-gradient":""},"tablet":{"background-color":"","background-image":"","background-repeat":"repeat","background-position":"center center","background-size":"auto","background-attachment":"scroll","background-type":"","background-media":"","overlay-type":"","overlay-color":"","overlay-opacity":"","overlay-gradient":""},"mobile":{"background-color":"","background-image":"","background-repeat":"repeat","background-position":"center center","background-size":"auto","background-attachment":"scroll","background-type":"","background-media":"","overlay-type":"","overlay-color":"","overlay-opacity":"","overlay-gradient":""}},"ast-content-background-meta":{"desktop":{"background-color":"var(--ast-global-color-5)","background-image":"","background-repeat":"repeat","background-position":"center center","background-size":"auto","background-attachment":"scroll","background-type":"","background-media":"","overlay-type":"","overlay-color":"","overlay-opacity":"","overlay-gradient":""},"tablet":{"background-color":"var(--ast-global-color-5)","background-image":"","background-repeat":"repeat","background-position":"center center","background-size":"auto","background-attachment":"scroll","background-type":"","background-media":"","overlay-type":"","overlay-color":"","overlay-opacity":"","overlay-gradient":""},"mobile":{"background-color":"var(--ast-global-color-5)","background-image":"","background-repeat":"repeat","background-position":"center center","background-size":"auto","background-attachment":"scroll","background-type":"","background-media":"","overlay-type":"","overlay-color":"","overlay-opacity":"","overlay-gradient":""}}},"product_brand":[],"product_cat":[1214],"product_tag":[1222],"class_list":{"0":"post-17311","1":"product","2":"type-product","3":"status-publish","4":"has-post-thumbnail","6":"product_cat-design-services","7":"product_tag-90design","8":"desktop-align-center","9":"tablet-align-center","10":"mobile-align-center","12":"first","13":"instock","14":"virtual","15":"taxable","16":"purchasable","17":"product-type-simple"},"yoast_head":"<!-- This site is optimized with the Yoast SEO Premium plugin v27.2 (Yoast SEO v27.2) - https:\/\/yoast.com\/product\/yoast-seo-premium-wordpress\/ -->\n<title>Professional Interior Design Services: Consultation &amp; Professional Rendering | LEOPARD<\/title>\n<meta name=\"description\" content=\"Visualize your dream space with our professional interior design services. Our detailed 3D renderings give you a realistic view of your design. Start creating now!\" \/>\n<meta name=\"robots\" content=\"index, follow, max-snippet:-1, max-image-preview:large, max-video-preview:-1\" \/>\n<link rel=\"canonical\" href=\"https:\/\/leoprd.ca\/fr\/product\/full-professional-interior-design-service\/\" \/>\n<meta property=\"og:locale\" content=\"fr_CA\" \/>\n<meta property=\"og:type\" content=\"article\" \/>\n<meta property=\"og:title\" content=\"Consultation plus Professional Rendering\" \/>\n<meta property=\"og:description\" content=\"Visualize your dream space with our professional interior design services. Our detailed 3D renderings give you a realistic view of your design. Start creating now!\" \/>\n<meta property=\"og:url\" content=\"https:\/\/leoprd.ca\/fr\/product\/full-professional-interior-design-service\/\" \/>\n<meta property=\"og:site_name\" content=\"LEOPARD Furniture\" \/>\n<meta property=\"article:publisher\" content=\"https:\/\/www.facebook.com\/leoprd.ca\" \/>\n<meta property=\"article:modified_time\" content=\"2025-03-01T14:57:42+00:00\" \/>\n<meta property=\"og:image\" content=\"https:\/\/leoprd.ca\/wp-content\/uploads\/2025\/01\/interior-design-pro.jpg\" \/>\n\t<meta property=\"og:image:width\" content=\"640\" \/>\n\t<meta property=\"og:image:height\" content=\"640\" \/>\n\t<meta property=\"og:image:type\" content=\"image\/jpeg\" \/>\n<meta name=\"twitter:card\" content=\"summary_large_image\" \/>\n<meta name=\"twitter:label1\" content=\"Price\" \/>\n\t<meta name=\"twitter:data1\" content=\"&#036;1,400\" \/>\n\t<meta name=\"twitter:label2\" content=\"Availability\" \/>\n\t<meta name=\"twitter:data2\" content=\"In stock\" \/>\n<script type=\"application\/ld+json\" class=\"yoast-schema-graph\">{\"@context\":\"https:\/\/schema.org\",\"@graph\":[{\"@type\":[\"WebPage\",\"ItemPage\"],\"@id\":\"https:\/\/leoprd.ca\/fr\/product\/full-professional-interior-design-service\/\",\"url\":\"https:\/\/leoprd.ca\/fr\/product\/full-professional-interior-design-service\/\",\"name\":\"Professional Interior Design Services: Consultation & Professional Rendering | LEOPARD\",\"isPartOf\":{\"@id\":\"https:\/\/leoprd.ca\/fr\/#website\"},\"primaryImageOfPage\":{\"@id\":\"https:\/\/leoprd.ca\/fr\/product\/full-professional-interior-design-service\/#primaryimage\"},\"image\":{\"@id\":\"https:\/\/leoprd.ca\/fr\/product\/full-professional-interior-design-service\/#primaryimage\"},\"thumbnailUrl\":\"https:\/\/leoprd.ca\/wp-content\/uploads\/2025\/01\/interior-design-pro.jpg\",\"datePublished\":\"2025-01-04T20:11:06+00:00\",\"dateModified\":\"2025-03-01T14:57:42+00:00\",\"description\":\"Visualize your dream space with our professional interior design services. Our detailed 3D renderings give you a realistic view of your design. Start creating now!\",\"breadcrumb\":{\"@id\":\"https:\/\/leoprd.ca\/fr\/product\/full-professional-interior-design-service\/#breadcrumb\"},\"inLanguage\":\"fr-CA\",\"potentialAction\":[{\"@type\":\"ReadAction\",\"target\":[\"https:\/\/leoprd.ca\/fr\/product\/full-professional-interior-design-service\/\"]}]},{\"@type\":\"ImageObject\",\"inLanguage\":\"fr-CA\",\"@id\":\"https:\/\/leoprd.ca\/fr\/product\/full-professional-interior-design-service\/#primaryimage\",\"url\":\"https:\/\/leoprd.ca\/wp-content\/uploads\/2025\/01\/interior-design-pro.jpg\",\"contentUrl\":\"https:\/\/leoprd.ca\/wp-content\/uploads\/2025\/01\/interior-design-pro.jpg\",\"width\":640,\"height\":640,\"caption\":\"professional interior design services montreal canada quebec\"},{\"@type\":\"BreadcrumbList\",\"@id\":\"https:\/\/leoprd.ca\/fr\/product\/full-professional-interior-design-service\/#breadcrumb\",\"itemListElement\":[{\"@type\":\"ListItem\",\"position\":1,\"name\":\"Home\",\"item\":\"https:\/\/leoprd.ca\/\"},{\"@type\":\"ListItem\",\"position\":2,\"name\":\"Shop\",\"item\":\"https:\/\/leoprd.ca\/shop\/\"},{\"@type\":\"ListItem\",\"position\":3,\"name\":\"Consultation plus Professional Rendering\"}]},{\"@type\":\"WebSite\",\"@id\":\"https:\/\/leoprd.ca\/fr\/#website\",\"url\":\"https:\/\/leoprd.ca\/fr\/\",\"name\":\"LEOPARD Furniture\",\"description\":\"Furniture store\",\"publisher\":{\"@id\":\"https:\/\/leoprd.ca\/fr\/#organization\"},\"alternateName\":\"Meubles L\u00c9OPARD\",\"potentialAction\":[{\"@type\":\"SearchAction\",\"target\":{\"@type\":\"EntryPoint\",\"urlTemplate\":\"https:\/\/leoprd.ca\/fr\/?s={search_term_string}\"},\"query-input\":{\"@type\":\"PropertyValueSpecification\",\"valueRequired\":true,\"valueName\":\"search_term_string\"}}],\"inLanguage\":\"fr-CA\"},{\"@type\":\"Organization\",\"@id\":\"https:\/\/leoprd.ca\/fr\/#organization\",\"name\":\"LEOPARD Furniture\",\"alternateName\":\"Meuble LEOPARD\",\"url\":\"https:\/\/leoprd.ca\/fr\/\",\"logo\":{\"@type\":\"ImageObject\",\"inLanguage\":\"fr-CA\",\"@id\":\"https:\/\/leoprd.ca\/fr\/#\/schema\/logo\/image\/\",\"url\":\"https:\/\/leoprd.ca\/wp-content\/uploads\/2022\/05\/logo-silver-mid.png\",\"contentUrl\":\"https:\/\/leoprd.ca\/wp-content\/uploads\/2022\/05\/logo-silver-mid.png\",\"width\":400,\"height\":400,\"caption\":\"LEOPARD Furniture\"},\"image\":{\"@id\":\"https:\/\/leoprd.ca\/fr\/#\/schema\/logo\/image\/\"},\"sameAs\":[\"https:\/\/www.facebook.com\/leoprd.ca\",\"https:\/\/mastodon.social\/@leopardfurniture\",\"https:\/\/www.instagram.com\/leopardcanada\/\",\"https:\/\/www.linkedin.com\/company\/leopard-trading-company\/\",\"https:\/\/www.youtube.com\/@leopardcanada\"],\"description\":\"LEOPARD Furniture, a Canadian-born legacy headquartered in the vibrant city of Montreal, Quebec, with a prime location in Brossard. At LEOPARD, we curate the finest furniture selections from premium-quality and esteemed international manufacturers. Our commitment lies in customization and the importation of high-end products. Our Commitment to Quality and Excellence Reliability You Can Trust Built on five pillars \u2013 trust, reliability, customer satisfaction, excellence, and innovation \u2013 LEOPARD Furniture has been a reliable name in the furniture industry. Our commitment to quality and transparency ensures that every piece you select resonates with durability and aesthetic brilliance. Award-Winning Designs Immerse yourself in a world of award-winning designs curated to elevate your living spaces. Our products have been recognized for their innovation and style, showcasing a commitment to staying ahead of design trends. Unparalleled Interior Design Services Personalized 3D Design and AR Experience Embark on a personalized interior design journey with LEOPARD Furniture. Our team, equipped with cutting-edge technology, offers 3D design and Augmented Reality (AR) experiences, allowing you to visualize your dream space before making a decision. LEOPARD Furniture is a furniture store, not just a furniture store; we are creators of lifestyle. Every piece tells a story, and we invite you to be a part of this narrative. Visit our showroom in Brossard or explore our online gallery.\",\"email\":\"info@leoprd.ca\",\"telephone\":\"+1 (514) 655-8447\",\"legalName\":\"LEOPARD CA INC.\",\"hasMerchantReturnPolicy\":{\"@type\":\"MerchantReturnPolicy\",\"merchantReturnLink\":\"https:\/\/leoprd.ca\/fr\/exchange-return-and-refund\/\"}}]}<\/script>\n<meta property=\"product:price:amount\" content=\"1400\" \/>\n<meta property=\"product:price:currency\" content=\"CAD\" \/>\n<meta property=\"og:availability\" content=\"instock\" \/>\n<meta property=\"product:availability\" content=\"instock\" \/>\n<meta property=\"product:retailer_item_id\" content=\"LEO81492-1\" \/>\n<meta property=\"product:condition\" content=\"new\" \/>\n<!-- \/ Yoast SEO Premium plugin. -->","yoast_head_json":{"title":"Services professionnels d'architecture d'int\u00e9rieur : Consultation et rendu professionnel | LEOPARD","description":"Visualisez l'espace de vos r\u00eaves gr\u00e2ce \u00e0 nos services professionnels d'am\u00e9nagement int\u00e9rieur. Nos rendus 3D d\u00e9taill\u00e9s vous donnent une vision r\u00e9aliste de votre projet. Commencez \u00e0 cr\u00e9er maintenant !","robots":{"index":"index","follow":"follow","max-snippet":"max-snippet:-1","max-image-preview":"max-image-preview:large","max-video-preview":"max-video-preview:-1"},"canonical":"https:\/\/leoprd.ca\/fr\/product\/full-professional-interior-design-service\/","og_locale":"fr_CA","og_type":"article","og_title":"Consultation plus Professional Rendering","og_description":"Visualize your dream space with our professional interior design services. Our detailed 3D renderings give you a realistic view of your design. Start creating now!","og_url":"https:\/\/leoprd.ca\/fr\/product\/full-professional-interior-design-service\/","og_site_name":"LEOPARD Furniture","article_publisher":"https:\/\/www.facebook.com\/leoprd.ca","article_modified_time":"2025-03-01T14:57:42+00:00","og_image":[{"width":640,"height":640,"url":"https:\/\/leoprd.ca\/wp-content\/uploads\/2025\/01\/interior-design-pro.jpg","type":"image\/jpeg"}],"twitter_card":"summary_large_image","twitter_misc":{"Price":"&#36;1,400","Availability":"In stock"},"schema":{"@context":"https:\/\/schema.org","@graph":[{"@type":["WebPage","ItemPage"],"@id":"https:\/\/leoprd.ca\/fr\/product\/full-professional-interior-design-service\/","url":"https:\/\/leoprd.ca\/fr\/product\/full-professional-interior-design-service\/","name":"Services professionnels d'architecture d'int\u00e9rieur : Consultation et rendu professionnel | LEOPARD","isPartOf":{"@id":"https:\/\/leoprd.ca\/fr\/#website"},"primaryImageOfPage":{"@id":"https:\/\/leoprd.ca\/fr\/product\/full-professional-interior-design-service\/#primaryimage"},"image":{"@id":"https:\/\/leoprd.ca\/fr\/product\/full-professional-interior-design-service\/#primaryimage"},"thumbnailUrl":"https:\/\/leoprd.ca\/wp-content\/uploads\/2025\/01\/interior-design-pro.jpg","datePublished":"2025-01-04T20:11:06+00:00","dateModified":"2025-03-01T14:57:42+00:00","description":"Visualisez l'espace de vos r\u00eaves gr\u00e2ce \u00e0 nos services professionnels d'am\u00e9nagement int\u00e9rieur. Nos rendus 3D d\u00e9taill\u00e9s vous donnent une vision r\u00e9aliste de votre projet. Commencez \u00e0 cr\u00e9er maintenant !","breadcrumb":{"@id":"https:\/\/leoprd.ca\/fr\/product\/full-professional-interior-design-service\/#breadcrumb"},"inLanguage":"fr-CA","potentialAction":[{"@type":"ReadAction","target":["https:\/\/leoprd.ca\/fr\/product\/full-professional-interior-design-service\/"]}]},{"@type":"ImageObject","inLanguage":"fr-CA","@id":"https:\/\/leoprd.ca\/fr\/product\/full-professional-interior-design-service\/#primaryimage","url":"https:\/\/leoprd.ca\/wp-content\/uploads\/2025\/01\/interior-design-pro.jpg","contentUrl":"https:\/\/leoprd.ca\/wp-content\/uploads\/2025\/01\/interior-design-pro.jpg","width":640,"height":640,"caption":"professional interior design services montreal canada quebec"},{"@type":"BreadcrumbList","@id":"https:\/\/leoprd.ca\/fr\/product\/full-professional-interior-design-service\/#breadcrumb","itemListElement":[{"@type":"ListItem","position":1,"name":"Home","item":"https:\/\/leoprd.ca\/"},{"@type":"ListItem","position":2,"name":"Shop","item":"https:\/\/leoprd.ca\/shop\/"},{"@type":"ListItem","position":3,"name":"Consultation plus Professional Rendering"}]},{"@type":"WebSite","@id":"https:\/\/leoprd.ca\/fr\/#website","url":"https:\/\/leoprd.ca\/fr\/","name":"Meubles LEOPARD","description":"Magasin de meubles","publisher":{"@id":"https:\/\/leoprd.ca\/fr\/#organization"},"alternateName":"Meubles L\u00c9OPARD","potentialAction":[{"@type":"SearchAction","target":{"@type":"EntryPoint","urlTemplate":"https:\/\/leoprd.ca\/fr\/?s={search_term_string}"},"query-input":{"@type":"PropertyValueSpecification","valueRequired":true,"valueName":"search_term_string"}}],"inLanguage":"fr-CA"},{"@type":"Organization","@id":"https:\/\/leoprd.ca\/fr\/#organization","name":"Meubles LEOPARD","alternateName":"Meuble LEOPARD","url":"https:\/\/leoprd.ca\/fr\/","logo":{"@type":"ImageObject","inLanguage":"fr-CA","@id":"https:\/\/leoprd.ca\/fr\/#\/schema\/logo\/image\/","url":"https:\/\/leoprd.ca\/wp-content\/uploads\/2022\/05\/logo-silver-mid.png","contentUrl":"https:\/\/leoprd.ca\/wp-content\/uploads\/2022\/05\/logo-silver-mid.png","width":400,"height":400,"caption":"LEOPARD Furniture"},"image":{"@id":"https:\/\/leoprd.ca\/fr\/#\/schema\/logo\/image\/"},"sameAs":["https:\/\/www.facebook.com\/leoprd.ca","https:\/\/mastodon.social\/@leopardfurniture","https:\/\/www.instagram.com\/leopardcanada\/","https:\/\/www.linkedin.com\/company\/leopard-trading-company\/","https:\/\/www.youtube.com\/@leopardcanada"],"description":"Meubles LEOPARD, une entreprise d'origine canadienne dont le si\u00e8ge social est situ\u00e9 dans la ville dynamique de Montr\u00e9al, au Qu\u00e9bec, avec un emplacement de choix \u00e0 Brossard. Chez LEOPARD, nous s\u00e9lectionnons les meubles les plus raffin\u00e9s aupr\u00e8s de fabricants internationaux r\u00e9put\u00e9s et de qualit\u00e9 sup\u00e9rieure. Notre engagement r\u00e9side dans la personnalisation et l'importation de produits haut de gamme. Notre engagement envers la qualit\u00e9 et l'excellence Une fiabilit\u00e9 \u00e0 laquelle vous pouvez vous fier Fond\u00e9e sur cinq piliers - la confiance, la fiabilit\u00e9, la satisfaction de la client\u00e8le, l'excellence et l'innovation - Meubles LEOPARD est un nom fiable dans l'industrie de l'ameublement. Notre engagement en faveur de la qualit\u00e9 et de la transparence garantit que chaque pi\u00e8ce que vous choisissez est synonyme de durabilit\u00e9 et de brillance esth\u00e9tique. Designs prim\u00e9s Plongez dans un monde de designs prim\u00e9s, con\u00e7us pour \u00e9lever vos espaces de vie. Nos produits ont \u00e9t\u00e9 reconnus pour leur innovation et leur style, t\u00e9moignant de notre engagement \u00e0 rester \u00e0 la pointe des tendances en mati\u00e8re de design. Services de design d'int\u00e9rieur in\u00e9gal\u00e9s Design 3D personnalis\u00e9 et exp\u00e9rience AR Embarquez pour un voyage de design d'int\u00e9rieur personnalis\u00e9 avec LEOPARD Furniture. Notre \u00e9quipe, \u00e9quip\u00e9e d'une technologie de pointe, propose des exp\u00e9riences de conception en 3D et de r\u00e9alit\u00e9 augment\u00e9e (RA), vous permettant de visualiser l'espace de vos r\u00eaves avant de prendre une d\u00e9cision. LEOPARD Furniture est un magasin de meubles, pas seulement un magasin de meubles ; nous sommes des cr\u00e9ateurs de style de vie. Chaque pi\u00e8ce raconte une histoire, et nous vous invitons \u00e0 faire partie de ce r\u00e9cit. Visitez notre salle d'exposition \u00e0 Brossard ou explorez notre galerie en ligne.","email":"info@leoprd.ca","telephone":"+1 (514) 655-8447","legalName":"LEOPARD CA INC.","hasMerchantReturnPolicy":{"@type":"MerchantReturnPolicy","merchantReturnLink":"https:\/\/leoprd.ca\/fr\/exchange-return-and-refund\/"}}]},"product_price_amount":"1400","product_price_currency":"CAD","og_availability":"instock","product_availability":"instock","product_retailer_item_id":"LEO81492-1","product_condition":"new"},"_links":{"self":[{"href":"https:\/\/leoprd.ca\/fr\/wp-json\/wp\/v2\/product\/17311","targetHints":{"allow":["GET"]}}],"collection":[{"href":"https:\/\/leoprd.ca\/fr\/wp-json\/wp\/v2\/product"}],"about":[{"href":"https:\/\/leoprd.ca\/fr\/wp-json\/wp\/v2\/types\/product"}],"replies":[{"embeddable":true,"href":"https:\/\/leoprd.ca\/fr\/wp-json\/wp\/v2\/comments?post=17311"}],"wp:featuredmedia":[{"embeddable":true,"href":"https:\/\/leoprd.ca\/fr\/wp-json\/wp\/v2\/media\/17312"}],"wp:attachment":[{"href":"https:\/\/leoprd.ca\/fr\/wp-json\/wp\/v2\/media?parent=17311"}],"wp:term":[{"taxonomy":"product_brand","embeddable":true,"href":"https:\/\/leoprd.ca\/fr\/wp-json\/wp\/v2\/product_brand?post=17311"},{"taxonomy":"product_cat","embeddable":true,"href":"https:\/\/leoprd.ca\/fr\/wp-json\/wp\/v2\/product_cat?post=17311"},{"taxonomy":"product_tag","embeddable":true,"href":"https:\/\/leoprd.ca\/fr\/wp-json\/wp\/v2\/product_tag?post=17311"}],"curies":[{"name":"wp","href":"https:\/\/api.w.org\/{rel}","templated":true}]}}