{"id":17652,"date":"2025-01-15T17:40:02","date_gmt":"2025-01-15T21:40:02","guid":{"rendered":"https:\/\/leoprd.ca\/?post_type=product&#038;p=17652"},"modified":"2026-04-12T10:45:43","modified_gmt":"2026-04-12T14:45:43","slug":"infinity-tv-stand","status":"publish","type":"product","link":"https:\/\/leoprd.ca\/fr\/product\/infinity-tv-stand\/","title":{"rendered":"Meuble TV Infinity"},"content":{"rendered":"<h3 style=\"text-align: center;\">Meuble TV Infinity<\/h3>\n<p style=\"text-align: center;\">Le meuble TV modulaire Infinity est une pi\u00e8ce polyvalente et luxueuse con\u00e7ue pour rehausser tout espace de vie canadien moderne. \u00c0 l'heure actuelle, le meuble <strong>Meubles LEOPARD<\/strong>, nous vous proposons ceci <strong>meuble TV de luxe<\/strong> dans diff\u00e9rentes configurations, ce qui vous permet de trouver l'installation parfaite pour votre maison. Qu'il s'agisse d'un petit meuble autonome ou d'un meuble plus grand et plus \u00e9labor\u00e9 avec des \u00e9tag\u00e8res murales, le meuble TV Infinity offre un large \u00e9ventail d'options pour r\u00e9pondre aux besoins esth\u00e9tiques et fonctionnels. Ce meuble TV contemporain aux lignes \u00e9pur\u00e9es cr\u00e9e un profil \u00e0 la fois doux et \u00e9l\u00e9gant qui convient \u00e0 tout int\u00e9rieur haut de gamme.<\/p>\n<p style=\"text-align: center;\">Fabriqu\u00e9 avec une attention particuli\u00e8re aux d\u00e9tails, le meuble TV modulaire Infinity allie beaut\u00e9 et fonctionnalit\u00e9. Sa structure modulaire offre une grande souplesse de configuration, ce qui lui permet de s'adapter \u00e0 n'importe quel agencement de pi\u00e8ce. Vous avez le choix entre des configurations comprenant un <strong>Banc TV<\/strong>Vous pouvez \u00e9galement l'associer \u00e0 des \u00e9tag\u00e8res murales pour cr\u00e9er un centre de divertissement plus complet et plus attrayant. Avec un m\u00e9lange de style moderne et de praticit\u00e9, ce centre de divertissement est le plus complet du march\u00e9. <strong>meuble TV modulaire de luxe <\/strong>s'int\u00e8gre parfaitement dans toute maison contemporaine.<\/p>\n<p style=\"text-align: center;\">Vous cherchez d'autres fa\u00e7ons de compl\u00e9ter votre salon ? D\u00e9couvrez nos <a href=\"https:\/\/leoprd.ca\/fr\/living-room-furniture-montreal\/\" rel=\"noopener\">Collection de meubles de salon<\/a> pour d'autres pi\u00e8ces assorties qui peuvent s'harmoniser avec l'attrait contemporain du meuble TV Infinity.<\/p>\n<p>&nbsp;<\/p>\n<p><a href=\"https:\/\/leoprd.ca\/wp-content\/uploads\/2025\/01\/wide-infinity-modular-tv-stand-1.jpg\"><img fetchpriority=\"high\" decoding=\"async\" class=\"wp-image-17650 aligncenter\" src=\"https:\/\/leoprd.ca\/wp-content\/uploads\/2025\/01\/wide-infinity-modular-tv-stand-1-300x200.jpg\" alt=\"\" width=\"800\" height=\"533\" srcset=\"https:\/\/leoprd.ca\/wp-content\/uploads\/2025\/01\/wide-infinity-modular-tv-stand-1-300x200.jpg 300w, https:\/\/leoprd.ca\/wp-content\/uploads\/2025\/01\/wide-infinity-modular-tv-stand-1-1200x800.jpg 1200w, https:\/\/leoprd.ca\/wp-content\/uploads\/2025\/01\/wide-infinity-modular-tv-stand-1-1024x683.jpg 1024w, https:\/\/leoprd.ca\/wp-content\/uploads\/2025\/01\/wide-infinity-modular-tv-stand-1-768x512.jpg 768w, https:\/\/leoprd.ca\/wp-content\/uploads\/2025\/01\/wide-infinity-modular-tv-stand-1-1536x1024.jpg 1536w, https:\/\/leoprd.ca\/wp-content\/uploads\/2025\/01\/wide-infinity-modular-tv-stand-1-2048x1366.jpg 2048w, https:\/\/leoprd.ca\/wp-content\/uploads\/2025\/01\/wide-infinity-modular-tv-stand-1-18x12.jpg 18w\" sizes=\"(max-width: 800px) 100vw, 800px\" \/><\/a><\/p>\n<p>&nbsp;<\/p>\n<h4 style=\"text-align: center;\">Des configurations polyvalentes pour chaque maison<\/h4>\n<p style=\"text-align: center;\">L'une des caract\u00e9ristiques les plus attrayantes de la <strong>Meuble TV Infinity<\/strong>\u00a0est sa gamme de configurations. Il s'agit d'une <strong>meuble TV modulaire de luxe <\/strong>est disponible en seize options distinctes, chacune con\u00e7ue pour r\u00e9pondre \u00e0 des besoins d'espace diff\u00e9rents et \u00e0 des go\u00fbts personnels. Pour ceux qui pr\u00e9f\u00e8rent un arrangement plus compact, les configurations plus petites offrent un banc TV \u00e9l\u00e9gant et autonome. Ces configurations plus petites sont parfaites pour les appartements ou les petites pi\u00e8ces o\u00f9 l'espace est restreint, tout en conservant l'\u00e9l\u00e9gance et la fonctionnalit\u00e9 qu'incarne le meuble TV Infinity.<\/p>\n<p style=\"text-align: center;\">Pour les espaces plus vastes, envisagez des configurations comprenant des \u00e9tag\u00e8res murales d\u00e9coratives. Ces configurations \u00e9tendues ajoutent non seulement un int\u00e9r\u00eat visuel, mais fournissent \u00e9galement des options de stockage et d'affichage suppl\u00e9mentaires pour la d\u00e9coration, les livres et d'autres \u00e9l\u00e9ments essentiels. Les coins incurv\u00e9s du meuble TV Infinity cr\u00e9ent un look unique et haut de gamme qui le distingue des meubles TV conventionnels. Chaque configuration est con\u00e7ue avec soin pour donner \u00e0 votre salon un aspect poli et sophistiqu\u00e9.<\/p>\n<p>&nbsp;<\/p>\n<p><a href=\"https:\/\/leoprd.ca\/wp-content\/uploads\/2025\/01\/wide-infinity-modular-tv-stand-2.jpg\"><img decoding=\"async\" class=\"wp-image-17651 aligncenter\" src=\"https:\/\/leoprd.ca\/wp-content\/uploads\/2025\/01\/wide-infinity-modular-tv-stand-2-300x143.jpg\" alt=\"\" width=\"799\" height=\"381\" srcset=\"https:\/\/leoprd.ca\/wp-content\/uploads\/2025\/01\/wide-infinity-modular-tv-stand-2-300x143.jpg 300w, https:\/\/leoprd.ca\/wp-content\/uploads\/2025\/01\/wide-infinity-modular-tv-stand-2-1200x571.jpg 1200w, https:\/\/leoprd.ca\/wp-content\/uploads\/2025\/01\/wide-infinity-modular-tv-stand-2-1024x487.jpg 1024w, https:\/\/leoprd.ca\/wp-content\/uploads\/2025\/01\/wide-infinity-modular-tv-stand-2-768x365.jpg 768w, https:\/\/leoprd.ca\/wp-content\/uploads\/2025\/01\/wide-infinity-modular-tv-stand-2-1536x731.jpg 1536w, https:\/\/leoprd.ca\/wp-content\/uploads\/2025\/01\/wide-infinity-modular-tv-stand-2-2048x975.jpg 2048w, https:\/\/leoprd.ca\/wp-content\/uploads\/2025\/01\/wide-infinity-modular-tv-stand-2-18x9.jpg 18w\" sizes=\"(max-width: 799px) 100vw, 799px\" \/><\/a><\/p>\n<p>&nbsp;<\/p>\n<p style=\"text-align: center;\"><strong><span style=\"color: #008000;\">Ce produit est certifi\u00e9 sous le EN 12520 des normes europ\u00e9ennes, assurant ainsi une qualit\u00e9 incomparable, la s\u00e9curit\u00e9, la durabilit\u00e9 et la force pour votre tranquillit\u00e9 d'esprit.<\/span><\/strong><\/p>\n<p>&nbsp;<\/p>\n<hr \/>\n<p>&nbsp;<\/p>","protected":false},"excerpt":{"rendered":"<div class='yrm-content yrm-content-3 yrm-content-hide' id='yrm-yGJxC' data-id='3' data-show-status='false' data-after-action='' style=\"visibility: hidden;height: 0;\">\n<div id='yrm-inner-content-yrm-yGJxC' class='yrm-inner-content-wrapper yrm-cntent-3'> Les <b>Meuble TV modulaire Infinity<\/b> con\u00e7u pour l'habitat moderne. Disponible en diff\u00e9rentes configurations, des bancs TV compacts aux installations \u00e9labor\u00e9es avec des \u00e9tag\u00e8res murales, ce meuble TV modulaire allie l'\u00e9l\u00e9gance minimaliste \u00e0 la polyvalence. Fabriqu\u00e9 avec des mat\u00e9riaux de premi\u00e8re qualit\u00e9 et des lignes droites, il ajoute de la sophistication \u00e0 n'importe quel salon. Disponible \u00e0 <strong>Meubles LEOPARD<\/strong>.<\/div>\n<\/p><\/div>\n<div class='yrm-btn-wrapper yrm-btn-wrapper-3 yrm-more-button-wrapper .introductionsee'\n\t\tdata-custom-more-class-name='.introductionsee' data-custom-less-class-name='.introductionsee'><span title='' data-less-title='' data-more-title='' class='yrm-toggle-expand  yrm-toggle-expand-3' data-rel='yrm-yGJxC' data-more='Introduction' data-less='See less'><span class='yrm-text-wrapper yrm-text-wrapper-custom-dimensions'><span class=\"yrm-button-text-3 yrm-button-text-span\">Introduction<\/span><\/span><\/span><\/div>\n<hr \/>\n<h5><span style=\"color: #008000;\">S\u00e9lectionnez les \u00e9chantillons pour personnaliser et voir le prix.<\/span><\/h5>","protected":false},"featured_media":17642,"comment_status":"open","ping_status":"closed","template":"","meta":{"site-sidebar-layout":"default","site-content-layout":"","ast-site-content-layout":"default","site-content-style":"default","site-sidebar-style":"default","ast-global-header-display":"","ast-banner-title-visibility":"","ast-main-header-display":"","ast-hfb-above-header-display":"","ast-hfb-below-header-display":"","ast-hfb-mobile-header-display":"","site-post-title":"","ast-breadcrumbs-content":"","ast-featured-img":"","footer-sml-layout":"","ast-disable-related-posts":"","theme-transparent-header-meta":"default","adv-header-id-meta":"","stick-header-meta":"","header-above-stick-meta":"","header-main-stick-meta":"","header-below-stick-meta":"","astra-migrate-meta-layouts":"set","ast-page-background-enabled":"default","ast-page-background-meta":{"desktop":{"background-color":"","background-image":"","background-repeat":"repeat","background-position":"center center","background-size":"auto","background-attachment":"scroll","background-type":"","background-media":"","overlay-type":"","overlay-color":"","overlay-opacity":"","overlay-gradient":""},"tablet":{"background-color":"","background-image":"","background-repeat":"repeat","background-position":"center center","background-size":"auto","background-attachment":"scroll","background-type":"","background-media":"","overlay-type":"","overlay-color":"","overlay-opacity":"","overlay-gradient":""},"mobile":{"background-color":"","background-image":"","background-repeat":"repeat","background-position":"center center","background-size":"auto","background-attachment":"scroll","background-type":"","background-media":"","overlay-type":"","overlay-color":"","overlay-opacity":"","overlay-gradient":""}},"ast-content-background-meta":{"desktop":{"background-color":"var(--ast-global-color-5)","background-image":"","background-repeat":"repeat","background-position":"center center","background-size":"auto","background-attachment":"scroll","background-type":"","background-media":"","overlay-type":"","overlay-color":"","overlay-opacity":"","overlay-gradient":""},"tablet":{"background-color":"var(--ast-global-color-5)","background-image":"","background-repeat":"repeat","background-position":"center center","background-size":"auto","background-attachment":"scroll","background-type":"","background-media":"","overlay-type":"","overlay-color":"","overlay-opacity":"","overlay-gradient":""},"mobile":{"background-color":"var(--ast-global-color-5)","background-image":"","background-repeat":"repeat","background-position":"center center","background-size":"auto","background-attachment":"scroll","background-type":"","background-media":"","overlay-type":"","overlay-color":"","overlay-opacity":"","overlay-gradient":""}}},"product_brand":[],"product_cat":[59,70],"product_tag":[804],"class_list":{"0":"post-17652","1":"product","2":"type-product","3":"status-publish","4":"has-post-thumbnail","6":"product_cat-living-room-furniture","7":"product_cat-tv-stands","8":"product_tag-dbq-online-only","9":"desktop-align-center","10":"tablet-align-center","11":"mobile-align-center","13":"first","14":"onbackorder","15":"taxable","16":"shipping-taxable","17":"purchasable","18":"product-type-variable","19":"has-default-attributes","20":"wvs-archive-product-wrapper"},"yoast_head":"<!-- This site is optimized with the Yoast SEO Premium plugin v27.3 (Yoast SEO v27.3) - https:\/\/yoast.com\/product\/yoast-seo-premium-wordpress\/ -->\n<title>Infinity Modular TV Unit: Elevate Your Modern Canadian Home<\/title>\n<meta name=\"description\" content=\"Enhance your Canadian living space with the modular TV unit by LEOPARD Furniture. Create a stylish and functional setup that suits your aesthetic needs. Get yours now!\" \/>\n<meta name=\"robots\" content=\"index, follow, max-snippet:-1, max-image-preview:large, max-video-preview:-1\" \/>\n<link rel=\"canonical\" href=\"https:\/\/leoprd.ca\/fr\/product\/infinity-tv-stand\/\" \/>\n<meta property=\"og:locale\" content=\"fr_CA\" \/>\n<meta property=\"og:type\" content=\"article\" \/>\n<meta property=\"og:title\" content=\"Infinity TV Stand\" \/>\n<meta property=\"og:description\" content=\"Enhance your Canadian living space with the modular TV unit by LEOPARD Furniture. Create a stylish and functional setup that suits your aesthetic needs. Get yours now!\" \/>\n<meta property=\"og:url\" content=\"https:\/\/leoprd.ca\/fr\/product\/infinity-tv-stand\/\" \/>\n<meta property=\"og:site_name\" content=\"LEOPARD Furniture\" \/>\n<meta property=\"article:publisher\" content=\"https:\/\/www.facebook.com\/leoprd.ca\" \/>\n<meta property=\"article:modified_time\" content=\"2026-04-12T14:45:43+00:00\" \/>\n<meta property=\"og:image\" content=\"https:\/\/leoprd.ca\/wp-content\/uploads\/2025\/01\/infinity-modular-tv-stand-1.jpg\" \/>\n\t<meta property=\"og:image:width\" content=\"1800\" \/>\n\t<meta property=\"og:image:height\" content=\"1800\" \/>\n\t<meta property=\"og:image:type\" content=\"image\/jpeg\" \/>\n<meta name=\"twitter:card\" content=\"summary_large_image\" \/>\n<meta name=\"twitter:label1\" content=\"Availability\" \/>\n\t<meta name=\"twitter:data1\" content=\"On backorder\" \/>\n<script type=\"application\/ld+json\" class=\"yoast-schema-graph\">{\"@context\":\"https:\\\/\\\/schema.org\",\"@graph\":[{\"@type\":[\"WebPage\",\"ItemPage\"],\"@id\":\"https:\\\/\\\/leoprd.ca\\\/fr\\\/product\\\/infinity-tv-stand\\\/\",\"url\":\"https:\\\/\\\/leoprd.ca\\\/fr\\\/product\\\/infinity-tv-stand\\\/\",\"name\":\"Infinity Modular TV Unit: Elevate Your Modern Canadian Home\",\"isPartOf\":{\"@id\":\"https:\\\/\\\/leoprd.ca\\\/fr\\\/#website\"},\"primaryImageOfPage\":{\"@id\":\"https:\\\/\\\/leoprd.ca\\\/fr\\\/product\\\/infinity-tv-stand\\\/#primaryimage\"},\"image\":{\"@id\":\"https:\\\/\\\/leoprd.ca\\\/fr\\\/product\\\/infinity-tv-stand\\\/#primaryimage\"},\"thumbnailUrl\":\"https:\\\/\\\/leoprd.ca\\\/wp-content\\\/uploads\\\/2025\\\/01\\\/infinity-modular-tv-stand-1.jpg\",\"datePublished\":\"2025-01-15T21:40:02+00:00\",\"dateModified\":\"2026-04-12T14:45:43+00:00\",\"description\":\"Enhance your Canadian living space with the modular TV unit by LEOPARD Furniture. Create a stylish and functional setup that suits your aesthetic needs. Get yours now!\",\"breadcrumb\":{\"@id\":\"https:\\\/\\\/leoprd.ca\\\/fr\\\/product\\\/infinity-tv-stand\\\/#breadcrumb\"},\"inLanguage\":\"fr-CA\",\"potentialAction\":[{\"@type\":\"ReadAction\",\"target\":[\"https:\\\/\\\/leoprd.ca\\\/fr\\\/product\\\/infinity-tv-stand\\\/\"]}]},{\"@type\":\"ImageObject\",\"inLanguage\":\"fr-CA\",\"@id\":\"https:\\\/\\\/leoprd.ca\\\/fr\\\/product\\\/infinity-tv-stand\\\/#primaryimage\",\"url\":\"https:\\\/\\\/leoprd.ca\\\/wp-content\\\/uploads\\\/2025\\\/01\\\/infinity-modular-tv-stand-1.jpg\",\"contentUrl\":\"https:\\\/\\\/leoprd.ca\\\/wp-content\\\/uploads\\\/2025\\\/01\\\/infinity-modular-tv-stand-1.jpg\",\"width\":1800,\"height\":1800,\"caption\":\"Wall-mounted modern shelving unit on white background by LEOPARD Furniture, featuring sleek glass cabinets.\"},{\"@type\":\"BreadcrumbList\",\"@id\":\"https:\\\/\\\/leoprd.ca\\\/fr\\\/product\\\/infinity-tv-stand\\\/#breadcrumb\",\"itemListElement\":[{\"@type\":\"ListItem\",\"position\":1,\"name\":\"Home\",\"item\":\"https:\\\/\\\/leoprd.ca\\\/\"},{\"@type\":\"ListItem\",\"position\":2,\"name\":\"Shop\",\"item\":\"https:\\\/\\\/leoprd.ca\\\/shop\\\/\"},{\"@type\":\"ListItem\",\"position\":3,\"name\":\"Infinity TV Stand\"}]},{\"@type\":\"WebSite\",\"@id\":\"https:\\\/\\\/leoprd.ca\\\/fr\\\/#website\",\"url\":\"https:\\\/\\\/leoprd.ca\\\/fr\\\/\",\"name\":\"LEOPARD Furniture\",\"description\":\"Furniture store\",\"publisher\":{\"@id\":\"https:\\\/\\\/leoprd.ca\\\/fr\\\/#organization\"},\"alternateName\":\"Meubles L\u00c9OPARD\",\"potentialAction\":[{\"@type\":\"SearchAction\",\"target\":{\"@type\":\"EntryPoint\",\"urlTemplate\":\"https:\\\/\\\/leoprd.ca\\\/fr\\\/?s={search_term_string}\"},\"query-input\":{\"@type\":\"PropertyValueSpecification\",\"valueRequired\":true,\"valueName\":\"search_term_string\"}}],\"inLanguage\":\"fr-CA\"},{\"@type\":\"Organization\",\"@id\":\"https:\\\/\\\/leoprd.ca\\\/fr\\\/#organization\",\"name\":\"LEOPARD Furniture\",\"alternateName\":\"Meuble LEOPARD\",\"url\":\"https:\\\/\\\/leoprd.ca\\\/fr\\\/\",\"logo\":{\"@type\":\"ImageObject\",\"inLanguage\":\"fr-CA\",\"@id\":\"https:\\\/\\\/leoprd.ca\\\/fr\\\/#\\\/schema\\\/logo\\\/image\\\/\",\"url\":\"https:\\\/\\\/leoprd.ca\\\/wp-content\\\/uploads\\\/2022\\\/05\\\/logo-silver-mid.png\",\"contentUrl\":\"https:\\\/\\\/leoprd.ca\\\/wp-content\\\/uploads\\\/2022\\\/05\\\/logo-silver-mid.png\",\"width\":400,\"height\":400,\"caption\":\"LEOPARD Furniture\"},\"image\":{\"@id\":\"https:\\\/\\\/leoprd.ca\\\/fr\\\/#\\\/schema\\\/logo\\\/image\\\/\"},\"sameAs\":[\"https:\\\/\\\/www.facebook.com\\\/leoprd.ca\",\"https:\\\/\\\/mastodon.social\\\/@leopardfurniture\",\"https:\\\/\\\/www.instagram.com\\\/leopardcanada\\\/\",\"https:\\\/\\\/www.linkedin.com\\\/company\\\/leopard-trading-company\\\/\",\"https:\\\/\\\/www.youtube.com\\\/@leopardcanada\"],\"description\":\"LEOPARD Furniture, a Canadian-born legacy headquartered in the vibrant city of Montreal, Quebec, with a prime location in Brossard. At LEOPARD, we curate the finest furniture selections from premium-quality and esteemed international manufacturers. Our commitment lies in customization and the importation of high-end products. Our Commitment to Quality and Excellence Reliability You Can Trust Built on five pillars \u2013 trust, reliability, customer satisfaction, excellence, and innovation \u2013 LEOPARD Furniture has been a reliable name in the furniture industry. Our commitment to quality and transparency ensures that every piece you select resonates with durability and aesthetic brilliance. Award-Winning Designs Immerse yourself in a world of award-winning designs curated to elevate your living spaces. Our products have been recognized for their innovation and style, showcasing a commitment to staying ahead of design trends. Unparalleled Interior Design Services Personalized 3D Design and AR Experience Embark on a personalized interior design journey with LEOPARD Furniture. Our team, equipped with cutting-edge technology, offers 3D design and Augmented Reality (AR) experiences, allowing you to visualize your dream space before making a decision. LEOPARD Furniture is a furniture store, not just a furniture store; we are creators of lifestyle. Every piece tells a story, and we invite you to be a part of this narrative. Visit our showroom in Brossard or explore our online gallery.\",\"email\":\"info@leoprd.ca\",\"telephone\":\"+1 (514) 655-8447\",\"legalName\":\"LEOPARD CA INC.\",\"hasMerchantReturnPolicy\":{\"@type\":\"MerchantReturnPolicy\",\"merchantReturnLink\":\"https:\\\/\\\/leoprd.ca\\\/fr\\\/exchange-return-and-refund\\\/\"}}]}<\/script>\n<meta property=\"og:availability\" content=\"backorder\" \/>\n<meta property=\"product:availability\" content=\"available for order\" \/>\n<meta property=\"product:retailer_item_id\" content=\"LEO61673\" \/>\n<meta property=\"product:condition\" content=\"new\" \/>\n<!-- \/ Yoast SEO Premium plugin. -->","yoast_head_json":{"title":"Meuble TV modulaire Infinity : \u00c9levez votre maison canadienne moderne","description":"Am\u00e9liorez votre espace de vie canadien avec le meuble TV modulaire de LEOPARD Furniture. Cr\u00e9ez une installation \u00e9l\u00e9gante et fonctionnelle qui r\u00e9pond \u00e0 vos besoins esth\u00e9tiques. Achetez le v\u00f4tre maintenant !","robots":{"index":"index","follow":"follow","max-snippet":"max-snippet:-1","max-image-preview":"max-image-preview:large","max-video-preview":"max-video-preview:-1"},"canonical":"https:\/\/leoprd.ca\/fr\/product\/infinity-tv-stand\/","og_locale":"fr_CA","og_type":"article","og_title":"Infinity TV Stand","og_description":"Enhance your Canadian living space with the modular TV unit by LEOPARD Furniture. Create a stylish and functional setup that suits your aesthetic needs. Get yours now!","og_url":"https:\/\/leoprd.ca\/fr\/product\/infinity-tv-stand\/","og_site_name":"LEOPARD Furniture","article_publisher":"https:\/\/www.facebook.com\/leoprd.ca","article_modified_time":"2026-04-12T14:45:43+00:00","og_image":[{"width":1800,"height":1800,"url":"https:\/\/leoprd.ca\/wp-content\/uploads\/2025\/01\/infinity-modular-tv-stand-1.jpg","type":"image\/jpeg"}],"twitter_card":"summary_large_image","twitter_misc":{"Availability":"On backorder"},"schema":{"@context":"https:\/\/schema.org","@graph":[{"@type":["WebPage","ItemPage"],"@id":"https:\/\/leoprd.ca\/fr\/product\/infinity-tv-stand\/","url":"https:\/\/leoprd.ca\/fr\/product\/infinity-tv-stand\/","name":"Meuble TV modulaire Infinity : \u00c9levez votre maison canadienne moderne","isPartOf":{"@id":"https:\/\/leoprd.ca\/fr\/#website"},"primaryImageOfPage":{"@id":"https:\/\/leoprd.ca\/fr\/product\/infinity-tv-stand\/#primaryimage"},"image":{"@id":"https:\/\/leoprd.ca\/fr\/product\/infinity-tv-stand\/#primaryimage"},"thumbnailUrl":"https:\/\/leoprd.ca\/wp-content\/uploads\/2025\/01\/infinity-modular-tv-stand-1.jpg","datePublished":"2025-01-15T21:40:02+00:00","dateModified":"2026-04-12T14:45:43+00:00","description":"Am\u00e9liorez votre espace de vie canadien avec le meuble TV modulaire de LEOPARD Furniture. Cr\u00e9ez une installation \u00e9l\u00e9gante et fonctionnelle qui r\u00e9pond \u00e0 vos besoins esth\u00e9tiques. Achetez le v\u00f4tre maintenant !","breadcrumb":{"@id":"https:\/\/leoprd.ca\/fr\/product\/infinity-tv-stand\/#breadcrumb"},"inLanguage":"fr-CA","potentialAction":[{"@type":"ReadAction","target":["https:\/\/leoprd.ca\/fr\/product\/infinity-tv-stand\/"]}]},{"@type":"ImageObject","inLanguage":"fr-CA","@id":"https:\/\/leoprd.ca\/fr\/product\/infinity-tv-stand\/#primaryimage","url":"https:\/\/leoprd.ca\/wp-content\/uploads\/2025\/01\/infinity-modular-tv-stand-1.jpg","contentUrl":"https:\/\/leoprd.ca\/wp-content\/uploads\/2025\/01\/infinity-modular-tv-stand-1.jpg","width":1800,"height":1800,"caption":"Wall-mounted modern shelving unit on white background by LEOPARD Furniture, featuring sleek glass cabinets."},{"@type":"BreadcrumbList","@id":"https:\/\/leoprd.ca\/fr\/product\/infinity-tv-stand\/#breadcrumb","itemListElement":[{"@type":"ListItem","position":1,"name":"Home","item":"https:\/\/leoprd.ca\/"},{"@type":"ListItem","position":2,"name":"Shop","item":"https:\/\/leoprd.ca\/shop\/"},{"@type":"ListItem","position":3,"name":"Infinity TV Stand"}]},{"@type":"WebSite","@id":"https:\/\/leoprd.ca\/fr\/#website","url":"https:\/\/leoprd.ca\/fr\/","name":"Meubles LEOPARD","description":"Magasin de meubles","publisher":{"@id":"https:\/\/leoprd.ca\/fr\/#organization"},"alternateName":"Meubles L\u00c9OPARD","potentialAction":[{"@type":"SearchAction","target":{"@type":"EntryPoint","urlTemplate":"https:\/\/leoprd.ca\/fr\/?s={search_term_string}"},"query-input":{"@type":"PropertyValueSpecification","valueRequired":true,"valueName":"search_term_string"}}],"inLanguage":"fr-CA"},{"@type":"Organization","@id":"https:\/\/leoprd.ca\/fr\/#organization","name":"Meubles LEOPARD","alternateName":"Meuble LEOPARD","url":"https:\/\/leoprd.ca\/fr\/","logo":{"@type":"ImageObject","inLanguage":"fr-CA","@id":"https:\/\/leoprd.ca\/fr\/#\/schema\/logo\/image\/","url":"https:\/\/leoprd.ca\/wp-content\/uploads\/2022\/05\/logo-silver-mid.png","contentUrl":"https:\/\/leoprd.ca\/wp-content\/uploads\/2022\/05\/logo-silver-mid.png","width":400,"height":400,"caption":"LEOPARD Furniture"},"image":{"@id":"https:\/\/leoprd.ca\/fr\/#\/schema\/logo\/image\/"},"sameAs":["https:\/\/www.facebook.com\/leoprd.ca","https:\/\/mastodon.social\/@leopardfurniture","https:\/\/www.instagram.com\/leopardcanada\/","https:\/\/www.linkedin.com\/company\/leopard-trading-company\/","https:\/\/www.youtube.com\/@leopardcanada"],"description":"Meubles LEOPARD, une entreprise d'origine canadienne dont le si\u00e8ge social est situ\u00e9 dans la ville dynamique de Montr\u00e9al, au Qu\u00e9bec, avec un emplacement de choix \u00e0 Brossard. Chez LEOPARD, nous s\u00e9lectionnons les meubles les plus raffin\u00e9s aupr\u00e8s de fabricants internationaux r\u00e9put\u00e9s et de qualit\u00e9 sup\u00e9rieure. Notre engagement r\u00e9side dans la personnalisation et l'importation de produits haut de gamme. Notre engagement envers la qualit\u00e9 et l'excellence Une fiabilit\u00e9 \u00e0 laquelle vous pouvez vous fier Fond\u00e9e sur cinq piliers - la confiance, la fiabilit\u00e9, la satisfaction de la client\u00e8le, l'excellence et l'innovation - Meubles LEOPARD est un nom fiable dans l'industrie de l'ameublement. Notre engagement en faveur de la qualit\u00e9 et de la transparence garantit que chaque pi\u00e8ce que vous choisissez est synonyme de durabilit\u00e9 et de brillance esth\u00e9tique. Designs prim\u00e9s Plongez dans un monde de designs prim\u00e9s, con\u00e7us pour \u00e9lever vos espaces de vie. Nos produits ont \u00e9t\u00e9 reconnus pour leur innovation et leur style, t\u00e9moignant de notre engagement \u00e0 rester \u00e0 la pointe des tendances en mati\u00e8re de design. Services de design d'int\u00e9rieur in\u00e9gal\u00e9s Design 3D personnalis\u00e9 et exp\u00e9rience AR Embarquez pour un voyage de design d'int\u00e9rieur personnalis\u00e9 avec LEOPARD Furniture. Notre \u00e9quipe, \u00e9quip\u00e9e d'une technologie de pointe, propose des exp\u00e9riences de conception en 3D et de r\u00e9alit\u00e9 augment\u00e9e (RA), vous permettant de visualiser l'espace de vos r\u00eaves avant de prendre une d\u00e9cision. LEOPARD Furniture est un magasin de meubles, pas seulement un magasin de meubles ; nous sommes des cr\u00e9ateurs de style de vie. Chaque pi\u00e8ce raconte une histoire, et nous vous invitons \u00e0 faire partie de ce r\u00e9cit. Visitez notre salle d'exposition \u00e0 Brossard ou explorez notre galerie en ligne.","email":"info@leoprd.ca","telephone":"+1 (514) 655-8447","legalName":"LEOPARD CA INC.","hasMerchantReturnPolicy":{"@type":"MerchantReturnPolicy","merchantReturnLink":"https:\/\/leoprd.ca\/fr\/exchange-return-and-refund\/"}}]},"og_availability":"backorder","product_availability":"available for order","product_retailer_item_id":"LEO61673","product_condition":"new"},"_links":{"self":[{"href":"https:\/\/leoprd.ca\/fr\/wp-json\/wp\/v2\/product\/17652","targetHints":{"allow":["GET"]}}],"collection":[{"href":"https:\/\/leoprd.ca\/fr\/wp-json\/wp\/v2\/product"}],"about":[{"href":"https:\/\/leoprd.ca\/fr\/wp-json\/wp\/v2\/types\/product"}],"replies":[{"embeddable":true,"href":"https:\/\/leoprd.ca\/fr\/wp-json\/wp\/v2\/comments?post=17652"}],"wp:featuredmedia":[{"embeddable":true,"href":"https:\/\/leoprd.ca\/fr\/wp-json\/wp\/v2\/media\/17642"}],"wp:attachment":[{"href":"https:\/\/leoprd.ca\/fr\/wp-json\/wp\/v2\/media?parent=17652"}],"wp:term":[{"taxonomy":"product_brand","embeddable":true,"href":"https:\/\/leoprd.ca\/fr\/wp-json\/wp\/v2\/product_brand?post=17652"},{"taxonomy":"product_cat","embeddable":true,"href":"https:\/\/leoprd.ca\/fr\/wp-json\/wp\/v2\/product_cat?post=17652"},{"taxonomy":"product_tag","embeddable":true,"href":"https:\/\/leoprd.ca\/fr\/wp-json\/wp\/v2\/product_tag?post=17652"}],"curies":[{"name":"wp","href":"https:\/\/api.w.org\/{rel}","templated":true}]}}