{"id":2275,"date":"2020-10-12T05:34:23","date_gmt":"2020-10-12T09:34:23","guid":{"rendered":"https:\/\/leoprd.ca\/?post_type=product&#038;p=2275"},"modified":"2025-12-08T18:30:21","modified_gmt":"2025-12-08T22:30:21","slug":"grip-side-table-small","status":"publish","type":"product","link":"https:\/\/leoprd.ca\/fr\/product\/grip-side-table-small\/","title":{"rendered":"Ensemble de tables d'appoint Grip"},"content":{"rendered":"<p class=\"translation-block\">Ensemble de tables d'appoint en marbre v\u00e9ritable Grip (ensemble de deux)<\/p>\n<p class=\"translation-block\">Que ce soit en retrait \u00e0 c\u00f4t\u00e9 de votre canap\u00e9 ou en tant que table de chevet dans la chambre principale, cette table est toujours un lieu \u00e9l\u00e9gant. S'inspirant des designs traditionnels de milieu de si\u00e8cle, cette pi\u00e8ce pr\u00e9sente des pieds en h\u00eatre massif inclin\u00e9s finis en noyer fonc\u00e9 avec un plateau en marbre v\u00e9ritable.<\/p>\n<p>Inclus dans le prix :<\/p>\n<ol>\n<li>Table d'appoint Grip L D49 (bois d'h\u00eatre)<\/li>\n<li>Table d'appoint Grip S D43 (bois d'h\u00eatre)<\/li>\n<\/ol>\n<p><strong>Gagnant du prix Bronze A'Design Award (Italie)<\/strong> (Italy)<\/p>\n<p>Achetable individuellement en magasin.<\/p>\n<p>Veuillez noter que en raison des variations naturelles du marbre, chaque table peut avoir un motif et une variation de couleur unique. La photo sur notre site web est repr\u00e9sentative de l'apparence g\u00e9n\u00e9rale de la table, mais le marbre exact sur votre table peut varier.<\/p>\n<h3><strong>Advantages of a Marble Table Top<\/strong><\/h3>\n<p>There are many, many advantages to marble, and that\u2019s why it\u2019s such an enduringly popular material.<\/p>\n<ol>\n<li><strong>It\u2019s beautiful:<\/strong>Beauty is definitely at the top of the list of advantages of marble. Nothing can really compare. A marble dining table or end table will complement just about any d\u00e9cor and be an eye-catching conversation piece for guests.<\/li>\n<li><strong>It\u2019s durable with proper care:<\/strong>Marble is durable if it is cared for properly and consistently. With proper care, it just may outlast every other piece of furniture in your home!<\/li>\n<li><strong>It\u2019s timeless:<\/strong>It will never really go out of style. Notice how even antique pieces of marble furniture never get outdated. Marble is a surefire addition to your home that you won\u2019t need to change or replace, and it is unlikely that you would ever want to!<\/li>\n<li><strong>It\u2019s versatile:<\/strong>Marble table tops are available in an array of beautiful natural colors, and tables can be designed to complement a contemporary, modern vibe as well as natural, traditional, or antique look. You will easily find a marble table that enhances your style.<\/li>\n<\/ol>\n<h3><strong>bois de h\u00eatre<\/strong><\/h3>\n<p><strong>le bois de h\u00eatre<\/strong>\u00a0est un bois a fins grains qui a une couleur  orange clair vers le  saumon. Nous aimons ses motifs de pores distincts. Le bois est souvent utilis\u00e9 pour faire du bois solide.<\/p>\n<p>Un des avantages a utiliser\u00a0<strong>le bois de h\u00eatre<\/strong>\u00a0pour les meubles c'est qu'il est indolore. C'est le meilleur choix si vous ne souhaitez pas sentir l'odeur du bois dans votre salon ou votre chambre,   ou si vous aimez un meuble de couleur claire.<\/p>\n<h3>voici 5 avantages du bois de h\u00eatre pour les meubles<\/h3>\n<h6><strong>flexible<\/strong><\/h6>\n<p>Le bois de h\u00eatre est utilis\u00e9 pour la fabrication de meubles courb\u00e9s, puisqu'il est facilement maniable, il est le parfait candidat pour presque tout - chaises, armoires, sol, cuill\u00e8res, planches a d\u00e9couper, meme les goblets. Il est tr\u00e8s facile de travailler avec le bois de h\u00eatre dans ce type d'industrie.<\/p>\n<h6><strong>durable<\/strong><\/h6>\n<p>Appartenant a la cat\u00e9gorie des bois  \"r\u00e9sistants a l'usure\", le bois dure du h\u00eatre n'est pas poreux, a une solide densit\u00e9 et une surface robuste. cela se traduit par sa r\u00e9sistance a la pression, a l'ecaillage et au gonflement, plus que certaines autres vari\u00e9t\u00e9s de bois<\/p>\n<h6><strong>absorbant de choc<\/strong><\/h6>\n<p>Avec sa texture uniforme, le bois de h\u00eatre a grain droit offre une significative r\u00e9sistance a la pression, parce que dur, lourd et robuste. Retenez, que le bois de h\u00eatre est aussi appropri\u00e9 pour le sol,  puisqu'il supporte le poids et la force des forts impacts.<\/p>\n<h6><strong>entretien facile<\/strong><\/h6>\n<p>Le bois de h\u00eatre l\u00e9g\u00e8rement \u00e9tuv\u00e9 est souvent utilis\u00e9 pour mettre en valeur le grain naturel, la finition et l'uniformit\u00e9 de la couleur du bois. Gr\u00e2ce \u00e0 ses propri\u00e9t\u00e9s durables, les meubles en bois de h\u00eatre r\u00e9sisteront \u00e0 l'\u00e9preuve du temps et conserveront leur aspect d'origine des ann\u00e9es plus tard. En cas de dommages esth\u00e9tiques graves, un simple pon\u00e7age des bords peut suffire.<\/p>","protected":false},"excerpt":{"rendered":"<p class=\"translation-block\">Gagnant du prix A'Design en bronze (Italie). Ensemble de tables d'appoint en marbre v\u00e9ritable Grip, que ce soit \u00e0 c\u00f4t\u00e9 de votre canap\u00e9 ou en tant que table de chevet dans la chambre principale, cette table est toujours un lieu \u00e9l\u00e9gant. Reprenant les designs traditionnels du milieu du si\u00e8cle, cette pi\u00e8ce avec des pieds en h\u00eatre massif angulaires finis en noyer fonc\u00e9 avec un dessus en marbre v\u00e9ritable.<\/p>","protected":false},"featured_media":7986,"comment_status":"open","ping_status":"closed","template":"","meta":{"site-sidebar-layout":"default","site-content-layout":"","ast-site-content-layout":"default","site-content-style":"default","site-sidebar-style":"default","ast-global-header-display":"","ast-banner-title-visibility":"","ast-main-header-display":"","ast-hfb-above-header-display":"","ast-hfb-below-header-display":"","ast-hfb-mobile-header-display":"","site-post-title":"","ast-breadcrumbs-content":"","ast-featured-img":"","footer-sml-layout":"","ast-disable-related-posts":"","theme-transparent-header-meta":"default","adv-header-id-meta":"","stick-header-meta":"","header-above-stick-meta":"","header-main-stick-meta":"","header-below-stick-meta":"","astra-migrate-meta-layouts":"set","ast-page-background-enabled":"default","ast-page-background-meta":{"desktop":{"background-color":"","background-image":"","background-repeat":"repeat","background-position":"center center","background-size":"auto","background-attachment":"scroll","background-type":"","background-media":"","overlay-type":"","overlay-color":"","overlay-opacity":"","overlay-gradient":""},"tablet":{"background-color":"","background-image":"","background-repeat":"repeat","background-position":"center center","background-size":"auto","background-attachment":"scroll","background-type":"","background-media":"","overlay-type":"","overlay-color":"","overlay-opacity":"","overlay-gradient":""},"mobile":{"background-color":"","background-image":"","background-repeat":"repeat","background-position":"center center","background-size":"auto","background-attachment":"scroll","background-type":"","background-media":"","overlay-type":"","overlay-color":"","overlay-opacity":"","overlay-gradient":""}},"ast-content-background-meta":{"desktop":{"background-color":"var(--ast-global-color-5)","background-image":"","background-repeat":"repeat","background-position":"center center","background-size":"auto","background-attachment":"scroll","background-type":"","background-media":"","overlay-type":"","overlay-color":"","overlay-opacity":"","overlay-gradient":""},"tablet":{"background-color":"var(--ast-global-color-5)","background-image":"","background-repeat":"repeat","background-position":"center center","background-size":"auto","background-attachment":"scroll","background-type":"","background-media":"","overlay-type":"","overlay-color":"","overlay-opacity":"","overlay-gradient":""},"mobile":{"background-color":"var(--ast-global-color-5)","background-image":"","background-repeat":"repeat","background-position":"center center","background-size":"auto","background-attachment":"scroll","background-type":"","background-media":"","overlay-type":"","overlay-color":"","overlay-opacity":"","overlay-gradient":""}}},"product_brand":[],"product_cat":[59,61],"product_tag":[58,983,1016,75,81,88,1007,779,80,87],"class_list":{"0":"post-2275","1":"product","2":"type-product","3":"status-publish","4":"has-post-thumbnail","6":"product_cat-living-room-furniture","7":"product_cat-end-tables","8":"product_tag-dbq-beautifull","9":"product_tag-cocktail-table-round","10":"product_tag-cocktail-tables","11":"product_tag-dbq-high-end","12":"product_tag-dbq-luxury","13":"product_tag-dbq-marble","14":"product_tag-modern-cocktail-tables","15":"product_tag-dbq-readytoship","16":"product_tag-dbq-side-table","17":"product_tag-dbq-stone","18":"pa_marble-honey","19":"pa_marble-mars-marble","20":"pa_marble-persian-glossy-marble","21":"pa_marble-persian-matt","22":"desktop-align-center","23":"tablet-align-center","24":"mobile-align-center","26":"first","27":"instock","28":"featured","29":"taxable","30":"shipping-taxable","31":"purchasable","32":"product-type-variable","33":"wvs-archive-product-wrapper"},"yoast_head":"<!-- This site is optimized with the Yoast SEO Premium plugin v27.3 (Yoast SEO v27.3) - https:\/\/yoast.com\/product\/yoast-seo-premium-wordpress\/ -->\n<title>Upgrade Your Home Decor with In-Stock Marble End Table Set | LEOPARD Furniture | Grip<\/title>\n<meta name=\"description\" content=\"2026 Elevate your living space with our Grip Real Marble End-table Set (set of two). Made with solid beech wood legs finished in dark walnut and genuine marble top, this table set is both stylish and durable. Each table may have unique pattern and color variations due to the natural variations in marble. Upgrade your home decor today with our award-winning, versatile marble end table set.\" \/>\n<meta name=\"robots\" content=\"index, follow, max-snippet:-1, max-image-preview:large, max-video-preview:-1\" \/>\n<link rel=\"canonical\" href=\"https:\/\/leoprd.ca\/fr\/product\/grip-side-table-small\/\" \/>\n<meta property=\"og:locale\" content=\"fr_CA\" \/>\n<meta property=\"og:type\" content=\"article\" \/>\n<meta property=\"og:title\" content=\"Grip Side Table Set\" \/>\n<meta property=\"og:description\" content=\"2026 Elevate your living space with our Grip Real Marble End-table Set (set of two). Made with solid beech wood legs finished in dark walnut and genuine marble top, this table set is both stylish and durable. Each table may have unique pattern and color variations due to the natural variations in marble. Upgrade your home decor today with our award-winning, versatile marble end table set.\" \/>\n<meta property=\"og:url\" content=\"https:\/\/leoprd.ca\/fr\/product\/grip-side-table-small\/\" \/>\n<meta property=\"og:site_name\" content=\"LEOPARD Furniture\" \/>\n<meta property=\"article:publisher\" content=\"https:\/\/www.facebook.com\/leoprd.ca\" \/>\n<meta property=\"article:modified_time\" content=\"2025-12-08T22:30:21+00:00\" \/>\n<meta property=\"og:image\" content=\"https:\/\/leoprd.ca\/wp-content\/uploads\/2020\/10\/grip-side-1-P-glossy.jpg\" \/>\n\t<meta property=\"og:image:width\" content=\"1600\" \/>\n\t<meta property=\"og:image:height\" content=\"1600\" \/>\n\t<meta property=\"og:image:type\" content=\"image\/jpeg\" \/>\n<meta name=\"twitter:card\" content=\"summary_large_image\" \/>\n<meta name=\"twitter:label1\" content=\"Availability\" \/>\n\t<meta name=\"twitter:data1\" content=\"In stock\" \/>\n<script type=\"application\/ld+json\" class=\"yoast-schema-graph\">{\"@context\":\"https:\\\/\\\/schema.org\",\"@graph\":[{\"@type\":[\"WebPage\",\"ItemPage\"],\"@id\":\"https:\\\/\\\/leoprd.ca\\\/fr\\\/product\\\/grip-side-table-small\\\/\",\"url\":\"https:\\\/\\\/leoprd.ca\\\/fr\\\/product\\\/grip-side-table-small\\\/\",\"name\":\"Upgrade Your Home Decor with In-Stock Marble End Table Set | LEOPARD Furniture | Grip\",\"isPartOf\":{\"@id\":\"https:\\\/\\\/leoprd.ca\\\/fr\\\/#website\"},\"primaryImageOfPage\":{\"@id\":\"https:\\\/\\\/leoprd.ca\\\/fr\\\/product\\\/grip-side-table-small\\\/#primaryimage\"},\"image\":{\"@id\":\"https:\\\/\\\/leoprd.ca\\\/fr\\\/product\\\/grip-side-table-small\\\/#primaryimage\"},\"thumbnailUrl\":\"https:\\\/\\\/leoprd.ca\\\/wp-content\\\/uploads\\\/2020\\\/10\\\/grip-side-1-P-glossy.jpg\",\"datePublished\":\"2020-10-12T09:34:23+00:00\",\"dateModified\":\"2025-12-08T22:30:21+00:00\",\"description\":\"2026 Elevate your living space with our Grip Real Marble End-table Set (set of two). Made with solid beech wood legs finished in dark walnut and genuine marble top, this table set is both stylish and durable. Each table may have unique pattern and color variations due to the natural variations in marble. Upgrade your home decor today with our award-winning, versatile marble end table set.\",\"breadcrumb\":{\"@id\":\"https:\\\/\\\/leoprd.ca\\\/fr\\\/product\\\/grip-side-table-small\\\/#breadcrumb\"},\"inLanguage\":\"fr-CA\",\"potentialAction\":[{\"@type\":\"ReadAction\",\"target\":[\"https:\\\/\\\/leoprd.ca\\\/fr\\\/product\\\/grip-side-table-small\\\/\"]}]},{\"@type\":\"ImageObject\",\"inLanguage\":\"fr-CA\",\"@id\":\"https:\\\/\\\/leoprd.ca\\\/fr\\\/product\\\/grip-side-table-small\\\/#primaryimage\",\"url\":\"https:\\\/\\\/leoprd.ca\\\/wp-content\\\/uploads\\\/2020\\\/10\\\/grip-side-1-P-glossy.jpg\",\"contentUrl\":\"https:\\\/\\\/leoprd.ca\\\/wp-content\\\/uploads\\\/2020\\\/10\\\/grip-side-1-P-glossy.jpg\",\"width\":1600,\"height\":1600,\"caption\":\"Modern round marble side tables on a white background from LEOPARD Furniture, Canada.\"},{\"@type\":\"BreadcrumbList\",\"@id\":\"https:\\\/\\\/leoprd.ca\\\/fr\\\/product\\\/grip-side-table-small\\\/#breadcrumb\",\"itemListElement\":[{\"@type\":\"ListItem\",\"position\":1,\"name\":\"Home\",\"item\":\"https:\\\/\\\/leoprd.ca\\\/\"},{\"@type\":\"ListItem\",\"position\":2,\"name\":\"Shop\",\"item\":\"https:\\\/\\\/leoprd.ca\\\/shop\\\/\"},{\"@type\":\"ListItem\",\"position\":3,\"name\":\"Grip Side Table Set\"}]},{\"@type\":\"WebSite\",\"@id\":\"https:\\\/\\\/leoprd.ca\\\/fr\\\/#website\",\"url\":\"https:\\\/\\\/leoprd.ca\\\/fr\\\/\",\"name\":\"LEOPARD Furniture\",\"description\":\"Furniture store\",\"publisher\":{\"@id\":\"https:\\\/\\\/leoprd.ca\\\/fr\\\/#organization\"},\"alternateName\":\"Meubles L\u00c9OPARD\",\"potentialAction\":[{\"@type\":\"SearchAction\",\"target\":{\"@type\":\"EntryPoint\",\"urlTemplate\":\"https:\\\/\\\/leoprd.ca\\\/fr\\\/?s={search_term_string}\"},\"query-input\":{\"@type\":\"PropertyValueSpecification\",\"valueRequired\":true,\"valueName\":\"search_term_string\"}}],\"inLanguage\":\"fr-CA\"},{\"@type\":\"Organization\",\"@id\":\"https:\\\/\\\/leoprd.ca\\\/fr\\\/#organization\",\"name\":\"LEOPARD Furniture\",\"alternateName\":\"Meuble LEOPARD\",\"url\":\"https:\\\/\\\/leoprd.ca\\\/fr\\\/\",\"logo\":{\"@type\":\"ImageObject\",\"inLanguage\":\"fr-CA\",\"@id\":\"https:\\\/\\\/leoprd.ca\\\/fr\\\/#\\\/schema\\\/logo\\\/image\\\/\",\"url\":\"https:\\\/\\\/leoprd.ca\\\/wp-content\\\/uploads\\\/2022\\\/05\\\/logo-silver-mid.png\",\"contentUrl\":\"https:\\\/\\\/leoprd.ca\\\/wp-content\\\/uploads\\\/2022\\\/05\\\/logo-silver-mid.png\",\"width\":400,\"height\":400,\"caption\":\"LEOPARD Furniture\"},\"image\":{\"@id\":\"https:\\\/\\\/leoprd.ca\\\/fr\\\/#\\\/schema\\\/logo\\\/image\\\/\"},\"sameAs\":[\"https:\\\/\\\/www.facebook.com\\\/leoprd.ca\",\"https:\\\/\\\/mastodon.social\\\/@leopardfurniture\",\"https:\\\/\\\/www.instagram.com\\\/leopardcanada\\\/\",\"https:\\\/\\\/www.linkedin.com\\\/company\\\/leopard-trading-company\\\/\",\"https:\\\/\\\/www.youtube.com\\\/@leopardcanada\"],\"description\":\"LEOPARD Furniture, a Canadian-born legacy headquartered in the vibrant city of Montreal, Quebec, with a prime location in Brossard. At LEOPARD, we curate the finest furniture selections from premium-quality and esteemed international manufacturers. Our commitment lies in customization and the importation of high-end products. Our Commitment to Quality and Excellence Reliability You Can Trust Built on five pillars \u2013 trust, reliability, customer satisfaction, excellence, and innovation \u2013 LEOPARD Furniture has been a reliable name in the furniture industry. Our commitment to quality and transparency ensures that every piece you select resonates with durability and aesthetic brilliance. Award-Winning Designs Immerse yourself in a world of award-winning designs curated to elevate your living spaces. Our products have been recognized for their innovation and style, showcasing a commitment to staying ahead of design trends. Unparalleled Interior Design Services Personalized 3D Design and AR Experience Embark on a personalized interior design journey with LEOPARD Furniture. Our team, equipped with cutting-edge technology, offers 3D design and Augmented Reality (AR) experiences, allowing you to visualize your dream space before making a decision. LEOPARD Furniture is a furniture store, not just a furniture store; we are creators of lifestyle. Every piece tells a story, and we invite you to be a part of this narrative. Visit our showroom in Brossard or explore our online gallery.\",\"email\":\"info@leoprd.ca\",\"telephone\":\"+1 (514) 655-8447\",\"legalName\":\"LEOPARD CA INC.\",\"hasMerchantReturnPolicy\":{\"@type\":\"MerchantReturnPolicy\",\"merchantReturnLink\":\"https:\\\/\\\/leoprd.ca\\\/fr\\\/exchange-return-and-refund\\\/\"}}]}<\/script>\n<meta property=\"og:availability\" content=\"instock\" \/>\n<meta property=\"product:availability\" content=\"instock\" \/>\n<meta property=\"product:retailer_item_id\" content=\"LEO51983\" \/>\n<meta property=\"product:condition\" content=\"new\" \/>\n<!-- \/ Yoast SEO Premium plugin. -->","yoast_head_json":{"title":"Upgrade Your Home Decor with In-Stock Marble End Table Set | LEOPARD Furniture | Grip","description":"2026 Elevate your living space with our Grip Real Marble End-table Set (set of two). Made with solid beech wood legs finished in dark walnut and genuine marble top, this table set is both stylish and durable. Each table may have unique pattern and color variations due to the natural variations in marble. Upgrade your home decor today with our award-winning, versatile marble end table set.","robots":{"index":"index","follow":"follow","max-snippet":"max-snippet:-1","max-image-preview":"max-image-preview:large","max-video-preview":"max-video-preview:-1"},"canonical":"https:\/\/leoprd.ca\/fr\/product\/grip-side-table-small\/","og_locale":"fr_CA","og_type":"article","og_title":"Grip Side Table Set","og_description":"2026 Elevate your living space with our Grip Real Marble End-table Set (set of two). Made with solid beech wood legs finished in dark walnut and genuine marble top, this table set is both stylish and durable. Each table may have unique pattern and color variations due to the natural variations in marble. Upgrade your home decor today with our award-winning, versatile marble end table set.","og_url":"https:\/\/leoprd.ca\/fr\/product\/grip-side-table-small\/","og_site_name":"LEOPARD Furniture","article_publisher":"https:\/\/www.facebook.com\/leoprd.ca","article_modified_time":"2025-12-08T22:30:21+00:00","og_image":[{"width":1600,"height":1600,"url":"https:\/\/leoprd.ca\/wp-content\/uploads\/2020\/10\/grip-side-1-P-glossy.jpg","type":"image\/jpeg"}],"twitter_card":"summary_large_image","twitter_misc":{"Availability":"In stock"},"schema":{"@context":"https:\/\/schema.org","@graph":[{"@type":["WebPage","ItemPage"],"@id":"https:\/\/leoprd.ca\/fr\/product\/grip-side-table-small\/","url":"https:\/\/leoprd.ca\/fr\/product\/grip-side-table-small\/","name":"Upgrade Your Home Decor with In-Stock Marble End Table Set | LEOPARD Furniture | Grip","isPartOf":{"@id":"https:\/\/leoprd.ca\/fr\/#website"},"primaryImageOfPage":{"@id":"https:\/\/leoprd.ca\/fr\/product\/grip-side-table-small\/#primaryimage"},"image":{"@id":"https:\/\/leoprd.ca\/fr\/product\/grip-side-table-small\/#primaryimage"},"thumbnailUrl":"https:\/\/leoprd.ca\/wp-content\/uploads\/2020\/10\/grip-side-1-P-glossy.jpg","datePublished":"2020-10-12T09:34:23+00:00","dateModified":"2025-12-08T22:30:21+00:00","description":"2026 Elevate your living space with our Grip Real Marble End-table Set (set of two). Made with solid beech wood legs finished in dark walnut and genuine marble top, this table set is both stylish and durable. Each table may have unique pattern and color variations due to the natural variations in marble. Upgrade your home decor today with our award-winning, versatile marble end table set.","breadcrumb":{"@id":"https:\/\/leoprd.ca\/fr\/product\/grip-side-table-small\/#breadcrumb"},"inLanguage":"fr-CA","potentialAction":[{"@type":"ReadAction","target":["https:\/\/leoprd.ca\/fr\/product\/grip-side-table-small\/"]}]},{"@type":"ImageObject","inLanguage":"fr-CA","@id":"https:\/\/leoprd.ca\/fr\/product\/grip-side-table-small\/#primaryimage","url":"https:\/\/leoprd.ca\/wp-content\/uploads\/2020\/10\/grip-side-1-P-glossy.jpg","contentUrl":"https:\/\/leoprd.ca\/wp-content\/uploads\/2020\/10\/grip-side-1-P-glossy.jpg","width":1600,"height":1600,"caption":"Modern round marble side tables on a white background from LEOPARD Furniture, Canada."},{"@type":"BreadcrumbList","@id":"https:\/\/leoprd.ca\/fr\/product\/grip-side-table-small\/#breadcrumb","itemListElement":[{"@type":"ListItem","position":1,"name":"Home","item":"https:\/\/leoprd.ca\/"},{"@type":"ListItem","position":2,"name":"Shop","item":"https:\/\/leoprd.ca\/shop\/"},{"@type":"ListItem","position":3,"name":"Grip Side Table Set"}]},{"@type":"WebSite","@id":"https:\/\/leoprd.ca\/fr\/#website","url":"https:\/\/leoprd.ca\/fr\/","name":"Meubles LEOPARD","description":"Magasin de meubles","publisher":{"@id":"https:\/\/leoprd.ca\/fr\/#organization"},"alternateName":"Meubles L\u00c9OPARD","potentialAction":[{"@type":"SearchAction","target":{"@type":"EntryPoint","urlTemplate":"https:\/\/leoprd.ca\/fr\/?s={search_term_string}"},"query-input":{"@type":"PropertyValueSpecification","valueRequired":true,"valueName":"search_term_string"}}],"inLanguage":"fr-CA"},{"@type":"Organization","@id":"https:\/\/leoprd.ca\/fr\/#organization","name":"Meubles LEOPARD","alternateName":"Meuble LEOPARD","url":"https:\/\/leoprd.ca\/fr\/","logo":{"@type":"ImageObject","inLanguage":"fr-CA","@id":"https:\/\/leoprd.ca\/fr\/#\/schema\/logo\/image\/","url":"https:\/\/leoprd.ca\/wp-content\/uploads\/2022\/05\/logo-silver-mid.png","contentUrl":"https:\/\/leoprd.ca\/wp-content\/uploads\/2022\/05\/logo-silver-mid.png","width":400,"height":400,"caption":"LEOPARD Furniture"},"image":{"@id":"https:\/\/leoprd.ca\/fr\/#\/schema\/logo\/image\/"},"sameAs":["https:\/\/www.facebook.com\/leoprd.ca","https:\/\/mastodon.social\/@leopardfurniture","https:\/\/www.instagram.com\/leopardcanada\/","https:\/\/www.linkedin.com\/company\/leopard-trading-company\/","https:\/\/www.youtube.com\/@leopardcanada"],"description":"Meubles LEOPARD, une entreprise d'origine canadienne dont le si\u00e8ge social est situ\u00e9 dans la ville dynamique de Montr\u00e9al, au Qu\u00e9bec, avec un emplacement de choix \u00e0 Brossard. Chez LEOPARD, nous s\u00e9lectionnons les meubles les plus raffin\u00e9s aupr\u00e8s de fabricants internationaux r\u00e9put\u00e9s et de qualit\u00e9 sup\u00e9rieure. Notre engagement r\u00e9side dans la personnalisation et l'importation de produits haut de gamme. Notre engagement envers la qualit\u00e9 et l'excellence Une fiabilit\u00e9 \u00e0 laquelle vous pouvez vous fier Fond\u00e9e sur cinq piliers - la confiance, la fiabilit\u00e9, la satisfaction de la client\u00e8le, l'excellence et l'innovation - Meubles LEOPARD est un nom fiable dans l'industrie de l'ameublement. Notre engagement en faveur de la qualit\u00e9 et de la transparence garantit que chaque pi\u00e8ce que vous choisissez est synonyme de durabilit\u00e9 et de brillance esth\u00e9tique. Designs prim\u00e9s Plongez dans un monde de designs prim\u00e9s, con\u00e7us pour \u00e9lever vos espaces de vie. Nos produits ont \u00e9t\u00e9 reconnus pour leur innovation et leur style, t\u00e9moignant de notre engagement \u00e0 rester \u00e0 la pointe des tendances en mati\u00e8re de design. Services de design d'int\u00e9rieur in\u00e9gal\u00e9s Design 3D personnalis\u00e9 et exp\u00e9rience AR Embarquez pour un voyage de design d'int\u00e9rieur personnalis\u00e9 avec LEOPARD Furniture. Notre \u00e9quipe, \u00e9quip\u00e9e d'une technologie de pointe, propose des exp\u00e9riences de conception en 3D et de r\u00e9alit\u00e9 augment\u00e9e (RA), vous permettant de visualiser l'espace de vos r\u00eaves avant de prendre une d\u00e9cision. LEOPARD Furniture est un magasin de meubles, pas seulement un magasin de meubles ; nous sommes des cr\u00e9ateurs de style de vie. Chaque pi\u00e8ce raconte une histoire, et nous vous invitons \u00e0 faire partie de ce r\u00e9cit. Visitez notre salle d'exposition \u00e0 Brossard ou explorez notre galerie en ligne.","email":"info@leoprd.ca","telephone":"+1 (514) 655-8447","legalName":"LEOPARD CA INC.","hasMerchantReturnPolicy":{"@type":"MerchantReturnPolicy","merchantReturnLink":"https:\/\/leoprd.ca\/fr\/exchange-return-and-refund\/"}}]},"og_availability":"instock","product_availability":"instock","product_retailer_item_id":"LEO51983","product_condition":"new"},"_links":{"self":[{"href":"https:\/\/leoprd.ca\/fr\/wp-json\/wp\/v2\/product\/2275","targetHints":{"allow":["GET"]}}],"collection":[{"href":"https:\/\/leoprd.ca\/fr\/wp-json\/wp\/v2\/product"}],"about":[{"href":"https:\/\/leoprd.ca\/fr\/wp-json\/wp\/v2\/types\/product"}],"replies":[{"embeddable":true,"href":"https:\/\/leoprd.ca\/fr\/wp-json\/wp\/v2\/comments?post=2275"}],"wp:featuredmedia":[{"embeddable":true,"href":"https:\/\/leoprd.ca\/fr\/wp-json\/wp\/v2\/media\/7986"}],"wp:attachment":[{"href":"https:\/\/leoprd.ca\/fr\/wp-json\/wp\/v2\/media?parent=2275"}],"wp:term":[{"taxonomy":"product_brand","embeddable":true,"href":"https:\/\/leoprd.ca\/fr\/wp-json\/wp\/v2\/product_brand?post=2275"},{"taxonomy":"product_cat","embeddable":true,"href":"https:\/\/leoprd.ca\/fr\/wp-json\/wp\/v2\/product_cat?post=2275"},{"taxonomy":"product_tag","embeddable":true,"href":"https:\/\/leoprd.ca\/fr\/wp-json\/wp\/v2\/product_tag?post=2275"}],"curies":[{"name":"wp","href":"https:\/\/api.w.org\/{rel}","templated":true}]}}