{"id":2278,"date":"2020-10-12T05:42:43","date_gmt":"2020-10-12T09:42:43","guid":{"rendered":"https:\/\/leoprd.ca\/?post_type=product&#038;p=2278"},"modified":"2026-01-19T19:31:02","modified_gmt":"2026-01-19T23:31:02","slug":"cane-sofa-3seater","status":"publish","type":"product","link":"https:\/\/leoprd.ca\/fr\/product\/cane-sofa-3seater\/","title":{"rendered":"le canap\u00e9 Cane"},"content":{"rendered":"<p style=\"text-align: center;\">Canap\u00e9 Chesterfield de style Cane - Montr\u00e9al. Fond\u00e9 sur un cadre en h\u00eatre massif s\u00e9ch\u00e9 au four, ce canap\u00e9 pr\u00e9sente une silhouette r\u00e9tro avec un dossier arqu\u00e9, des accoudoirs en volute et des pieds effil\u00e9s en finition noyer. La tapisserie d'ameublement est accentu\u00e9e par des boutons pour une touche personnalis\u00e9e, et les coussins en mousse haute densit\u00e9 offrent un soutien confortable.<\/p>\n<p style=\"text-align: center;\">Un nouveau meuble styl\u00e9 pour une maison moderne, son dossier tuft\u00e9  a la main laisse un sense glamour, qui s'accorde avec <a href=\"https:\/\/leoprd.ca\/fr\/product\/happy-sofa-1seater\/\"><em>les heureux bras du fauteuil<\/em><\/a>, leger et agr\u00e9able, ses longs pieds permettent un nettoyage optimal.<\/p>\n<p style=\"text-align: center;\">le canap\u00e9 Cane Chesterfield Montr\u00e9al<\/p>\n<h3 style=\"text-align: center;\">bois de h\u00eatre<\/h3>\n<p style=\"text-align: center;\"><strong>le bois de h\u00eatre<\/strong>\u00a0est un bois a fins grains qui a une couleur  orange clair vers le  saumon. Nous aimons ses motifs de pores distincts. Le bois est souvent utilis\u00e9 pour faire du bois solide.<\/p>\n<p style=\"text-align: center;\">Un des avantages a utiliser\u00a0<strong>le bois de h\u00eatre<\/strong>\u00a0pour les meubles c'est qu'il est indolore. C'est le meilleur choix si vous ne souhaitez pas sentir l'odeur du bois dans votre salon ou votre chambre,   ou si vous aimez un meuble de couleur claire.<\/p>\n<h3 style=\"text-align: center;\">voici 5 avantages du bois de h\u00eatre pour les meubles<\/h3>\n<h6 style=\"text-align: center;\">flexible<\/h6>\n<p style=\"text-align: center;\">Le bois de h\u00eatre est utilis\u00e9 pour la fabrication de meubles courb\u00e9s, puisqu'il est facilement maniable, il est le parfait candidat pour presque tout - chaises, armoires, sol, cuill\u00e8res, planches a d\u00e9couper, meme les goblets. Il est tr\u00e8s facile de travailler avec le bois de h\u00eatre dans ce type d'industrie.<\/p>\n<h6 style=\"text-align: center;\">durable<\/h6>\n<p style=\"text-align: center;\">Appartenant a la cat\u00e9gorie des bois  \"r\u00e9sistants a l'usure\", le bois dure du h\u00eatre n'est pas poreux, a une solide densit\u00e9 et une surface robuste. cela se traduit par sa r\u00e9sistance a la pression, a l'ecaillage et au gonflement, plus que certaines autres vari\u00e9t\u00e9s de bois<\/p>\n<h6 style=\"text-align: center;\">absorbant de choc<\/h6>\n<p style=\"text-align: center;\">Avec sa texture uniforme, le bois de h\u00eatre a grain droit offre une significative r\u00e9sistance a la pression, parce que dur, lourd et robuste. Retenez, que le bois de h\u00eatre est aussi appropri\u00e9 pour le sol,  puisqu'il supporte le poids et la force des forts impacts.<\/p>\n<h6 style=\"text-align: center;\">entretien facile<\/h6>\n<p style=\"text-align: center;\">le bois de h\u00eatre l\u00e9g\u00e8rement \u00e9tuv\u00e9 est souvent utilis\u00e9 pour illuminer le grain naturel, le fini, et l'uniformit\u00e9 des couleurs du bois. Puisqu'il a des propri\u00e9t\u00e9s de longue dur\u00e9e, le meuble en bois de h\u00eatre r\u00e9sistera a l'usure du temps, et aura une bonne apparence meme apr\u00e8s plusieurs ann\u00e9es. En cas de dommages esth\u00e9tiques graves, il suffit de poncer les bords pour faire l'affaire.<\/p>","protected":false},"excerpt":{"rendered":"<p><strong>Le canap\u00e9 Cane style Chesterfield <\/strong>Montr\u00e9al. Fond\u00e9 sur un cadre en h\u00eatre massif s\u00e9ch\u00e9 au four, ce canap\u00e9 pr\u00e9sente une silhouette r\u00e9tro avec un dossier arqu\u00e9, des accoudoirs en volute et des pieds effil\u00e9s en finition noyer.<\/p>","protected":false},"featured_media":7804,"comment_status":"open","ping_status":"closed","template":"","meta":{"site-sidebar-layout":"default","site-content-layout":"","ast-site-content-layout":"default","site-content-style":"default","site-sidebar-style":"default","ast-global-header-display":"","ast-banner-title-visibility":"","ast-main-header-display":"","ast-hfb-above-header-display":"","ast-hfb-below-header-display":"","ast-hfb-mobile-header-display":"","site-post-title":"","ast-breadcrumbs-content":"","ast-featured-img":"","footer-sml-layout":"","ast-disable-related-posts":"","theme-transparent-header-meta":"default","adv-header-id-meta":"","stick-header-meta":"","header-above-stick-meta":"","header-main-stick-meta":"","header-below-stick-meta":"","astra-migrate-meta-layouts":"set","ast-page-background-enabled":"default","ast-page-background-meta":{"desktop":{"background-color":"","background-image":"","background-repeat":"repeat","background-position":"center center","background-size":"auto","background-attachment":"scroll","background-type":"","background-media":"","overlay-type":"","overlay-color":"","overlay-opacity":"","overlay-gradient":""},"tablet":{"background-color":"","background-image":"","background-repeat":"repeat","background-position":"center center","background-size":"auto","background-attachment":"scroll","background-type":"","background-media":"","overlay-type":"","overlay-color":"","overlay-opacity":"","overlay-gradient":""},"mobile":{"background-color":"","background-image":"","background-repeat":"repeat","background-position":"center center","background-size":"auto","background-attachment":"scroll","background-type":"","background-media":"","overlay-type":"","overlay-color":"","overlay-opacity":"","overlay-gradient":""}},"ast-content-background-meta":{"desktop":{"background-color":"var(--ast-global-color-5)","background-image":"","background-repeat":"repeat","background-position":"center center","background-size":"auto","background-attachment":"scroll","background-type":"","background-media":"","overlay-type":"","overlay-color":"","overlay-opacity":"","overlay-gradient":""},"tablet":{"background-color":"var(--ast-global-color-5)","background-image":"","background-repeat":"repeat","background-position":"center center","background-size":"auto","background-attachment":"scroll","background-type":"","background-media":"","overlay-type":"","overlay-color":"","overlay-opacity":"","overlay-gradient":""},"mobile":{"background-color":"var(--ast-global-color-5)","background-image":"","background-repeat":"repeat","background-position":"center center","background-size":"auto","background-attachment":"scroll","background-type":"","background-media":"","overlay-type":"","overlay-color":"","overlay-opacity":"","overlay-gradient":""}}},"product_brand":[],"product_cat":[59,39],"product_tag":[58,109,75,241,240,81,779,55,974,108,1019,183],"class_list":{"0":"post-2278","1":"product","2":"type-product","3":"status-publish","4":"has-post-thumbnail","6":"product_cat-living-room-furniture","7":"product_cat-sofas","8":"product_tag-dbq-beautifull","9":"product_tag-dbq-chesterfield","10":"product_tag-dbq-high-end","11":"product_tag-dbq-leather","12":"product_tag-leather-sofa","13":"product_tag-dbq-luxury","14":"product_tag-dbq-readytoship","15":"product_tag-dbq-sofa","16":"product_tag-sofas-and-couches","17":"product_tag-dbq-tufted","18":"product_tag-tufted-sofas","19":"product_tag-dbq-variety-of-colors","20":"pa_upholstery-stella-02","21":"pa_upholstery-leather-p_04","22":"pa_upholstery-leather-p_27","23":"desktop-align-center","24":"tablet-align-center","25":"mobile-align-center","27":"first","28":"instock","29":"featured","30":"taxable","31":"shipping-taxable","32":"purchasable","33":"product-type-variable","34":"has-default-attributes","35":"wvs-archive-product-wrapper"},"yoast_head":"<!-- This site is optimized with the Yoast SEO Premium plugin v27.3 (Yoast SEO v27.3) - https:\/\/yoast.com\/product\/yoast-seo-premium-wordpress\/ -->\n<title>Chesterfield Sofa Montreal, In-stock | LEOPARD Furniture | Modern Unique<\/title>\n<meta name=\"description\" content=\"2026 Cane Stylish Chesterfield Sofa Montreal. Founded on a solid kiln-dried beech wood frame, this sofa strikes a retro silhouette with an arched backrest, scrolled arms, and tapered feet in a walnut finish.\" \/>\n<meta name=\"robots\" content=\"index, follow, max-snippet:-1, max-image-preview:large, max-video-preview:-1\" \/>\n<link rel=\"canonical\" href=\"https:\/\/leoprd.ca\/fr\/product\/cane-sofa-3seater\/\" \/>\n<meta property=\"og:locale\" content=\"fr_CA\" \/>\n<meta property=\"og:type\" content=\"article\" \/>\n<meta property=\"og:title\" content=\"Cane Sofa\" \/>\n<meta property=\"og:description\" content=\"2026 Cane Stylish Chesterfield Sofa Montreal. Founded on a solid kiln-dried beech wood frame, this sofa strikes a retro silhouette with an arched backrest, scrolled arms, and tapered feet in a walnut finish.\" \/>\n<meta property=\"og:url\" content=\"https:\/\/leoprd.ca\/fr\/product\/cane-sofa-3seater\/\" \/>\n<meta property=\"og:site_name\" content=\"LEOPARD Furniture\" \/>\n<meta property=\"article:publisher\" content=\"https:\/\/www.facebook.com\/leoprd.ca\" \/>\n<meta property=\"article:modified_time\" content=\"2026-01-19T23:31:02+00:00\" \/>\n<meta property=\"og:image\" content=\"https:\/\/leoprd.ca\/wp-content\/uploads\/2020\/10\/cane-brown-n.jpg\" \/>\n\t<meta property=\"og:image:width\" content=\"1600\" \/>\n\t<meta property=\"og:image:height\" content=\"1600\" \/>\n\t<meta property=\"og:image:type\" content=\"image\/jpeg\" \/>\n<meta name=\"twitter:card\" content=\"summary_large_image\" \/>\n<meta name=\"twitter:label1\" content=\"Availability\" \/>\n\t<meta name=\"twitter:data1\" content=\"In stock\" \/>\n<script type=\"application\/ld+json\" class=\"yoast-schema-graph\">{\"@context\":\"https:\\\/\\\/schema.org\",\"@graph\":[{\"@type\":[\"WebPage\",\"ItemPage\"],\"@id\":\"https:\\\/\\\/leoprd.ca\\\/fr\\\/product\\\/cane-sofa-3seater\\\/\",\"url\":\"https:\\\/\\\/leoprd.ca\\\/fr\\\/product\\\/cane-sofa-3seater\\\/\",\"name\":\"Chesterfield Sofa Montreal, In-stock | LEOPARD Furniture | Modern Unique\",\"isPartOf\":{\"@id\":\"https:\\\/\\\/leoprd.ca\\\/fr\\\/#website\"},\"primaryImageOfPage\":{\"@id\":\"https:\\\/\\\/leoprd.ca\\\/fr\\\/product\\\/cane-sofa-3seater\\\/#primaryimage\"},\"image\":{\"@id\":\"https:\\\/\\\/leoprd.ca\\\/fr\\\/product\\\/cane-sofa-3seater\\\/#primaryimage\"},\"thumbnailUrl\":\"https:\\\/\\\/leoprd.ca\\\/wp-content\\\/uploads\\\/2020\\\/10\\\/cane-brown-n.jpg\",\"datePublished\":\"2020-10-12T09:42:43+00:00\",\"dateModified\":\"2026-01-19T23:31:02+00:00\",\"description\":\"2026 Cane Stylish Chesterfield Sofa Montreal. Founded on a solid kiln-dried beech wood frame, this sofa strikes a retro silhouette with an arched backrest, scrolled arms, and tapered feet in a walnut finish.\",\"breadcrumb\":{\"@id\":\"https:\\\/\\\/leoprd.ca\\\/fr\\\/product\\\/cane-sofa-3seater\\\/#breadcrumb\"},\"inLanguage\":\"fr-CA\",\"potentialAction\":[{\"@type\":\"ReadAction\",\"target\":[\"https:\\\/\\\/leoprd.ca\\\/fr\\\/product\\\/cane-sofa-3seater\\\/\"]}]},{\"@type\":\"ImageObject\",\"inLanguage\":\"fr-CA\",\"@id\":\"https:\\\/\\\/leoprd.ca\\\/fr\\\/product\\\/cane-sofa-3seater\\\/#primaryimage\",\"url\":\"https:\\\/\\\/leoprd.ca\\\/wp-content\\\/uploads\\\/2020\\\/10\\\/cane-brown-n.jpg\",\"contentUrl\":\"https:\\\/\\\/leoprd.ca\\\/wp-content\\\/uploads\\\/2020\\\/10\\\/cane-brown-n.jpg\",\"width\":1600,\"height\":1600,\"caption\":\"modern leather chesterfield sofa cane\"},{\"@type\":\"BreadcrumbList\",\"@id\":\"https:\\\/\\\/leoprd.ca\\\/fr\\\/product\\\/cane-sofa-3seater\\\/#breadcrumb\",\"itemListElement\":[{\"@type\":\"ListItem\",\"position\":1,\"name\":\"Home\",\"item\":\"https:\\\/\\\/leoprd.ca\\\/\"},{\"@type\":\"ListItem\",\"position\":2,\"name\":\"Shop\",\"item\":\"https:\\\/\\\/leoprd.ca\\\/shop\\\/\"},{\"@type\":\"ListItem\",\"position\":3,\"name\":\"Cane Sofa\"}]},{\"@type\":\"WebSite\",\"@id\":\"https:\\\/\\\/leoprd.ca\\\/fr\\\/#website\",\"url\":\"https:\\\/\\\/leoprd.ca\\\/fr\\\/\",\"name\":\"LEOPARD Furniture\",\"description\":\"Furniture store\",\"publisher\":{\"@id\":\"https:\\\/\\\/leoprd.ca\\\/fr\\\/#organization\"},\"alternateName\":\"Meubles L\u00c9OPARD\",\"potentialAction\":[{\"@type\":\"SearchAction\",\"target\":{\"@type\":\"EntryPoint\",\"urlTemplate\":\"https:\\\/\\\/leoprd.ca\\\/fr\\\/?s={search_term_string}\"},\"query-input\":{\"@type\":\"PropertyValueSpecification\",\"valueRequired\":true,\"valueName\":\"search_term_string\"}}],\"inLanguage\":\"fr-CA\"},{\"@type\":\"Organization\",\"@id\":\"https:\\\/\\\/leoprd.ca\\\/fr\\\/#organization\",\"name\":\"LEOPARD Furniture\",\"alternateName\":\"Meuble LEOPARD\",\"url\":\"https:\\\/\\\/leoprd.ca\\\/fr\\\/\",\"logo\":{\"@type\":\"ImageObject\",\"inLanguage\":\"fr-CA\",\"@id\":\"https:\\\/\\\/leoprd.ca\\\/fr\\\/#\\\/schema\\\/logo\\\/image\\\/\",\"url\":\"https:\\\/\\\/leoprd.ca\\\/wp-content\\\/uploads\\\/2022\\\/05\\\/logo-silver-mid.png\",\"contentUrl\":\"https:\\\/\\\/leoprd.ca\\\/wp-content\\\/uploads\\\/2022\\\/05\\\/logo-silver-mid.png\",\"width\":400,\"height\":400,\"caption\":\"LEOPARD Furniture\"},\"image\":{\"@id\":\"https:\\\/\\\/leoprd.ca\\\/fr\\\/#\\\/schema\\\/logo\\\/image\\\/\"},\"sameAs\":[\"https:\\\/\\\/www.facebook.com\\\/leoprd.ca\",\"https:\\\/\\\/mastodon.social\\\/@leopardfurniture\",\"https:\\\/\\\/www.instagram.com\\\/leopardcanada\\\/\",\"https:\\\/\\\/www.linkedin.com\\\/company\\\/leopard-trading-company\\\/\",\"https:\\\/\\\/www.youtube.com\\\/@leopardcanada\"],\"description\":\"LEOPARD Furniture, a Canadian-born legacy headquartered in the vibrant city of Montreal, Quebec, with a prime location in Brossard. At LEOPARD, we curate the finest furniture selections from premium-quality and esteemed international manufacturers. Our commitment lies in customization and the importation of high-end products. Our Commitment to Quality and Excellence Reliability You Can Trust Built on five pillars \u2013 trust, reliability, customer satisfaction, excellence, and innovation \u2013 LEOPARD Furniture has been a reliable name in the furniture industry. Our commitment to quality and transparency ensures that every piece you select resonates with durability and aesthetic brilliance. Award-Winning Designs Immerse yourself in a world of award-winning designs curated to elevate your living spaces. Our products have been recognized for their innovation and style, showcasing a commitment to staying ahead of design trends. Unparalleled Interior Design Services Personalized 3D Design and AR Experience Embark on a personalized interior design journey with LEOPARD Furniture. Our team, equipped with cutting-edge technology, offers 3D design and Augmented Reality (AR) experiences, allowing you to visualize your dream space before making a decision. LEOPARD Furniture is a furniture store, not just a furniture store; we are creators of lifestyle. Every piece tells a story, and we invite you to be a part of this narrative. Visit our showroom in Brossard or explore our online gallery.\",\"email\":\"info@leoprd.ca\",\"telephone\":\"+1 (514) 655-8447\",\"legalName\":\"LEOPARD CA INC.\",\"hasMerchantReturnPolicy\":{\"@type\":\"MerchantReturnPolicy\",\"merchantReturnLink\":\"https:\\\/\\\/leoprd.ca\\\/fr\\\/exchange-return-and-refund\\\/\"}}]}<\/script>\n<meta property=\"og:availability\" content=\"instock\" \/>\n<meta property=\"product:availability\" content=\"instock\" \/>\n<meta property=\"product:retailer_item_id\" content=\"LEO72723\" \/>\n<meta property=\"product:condition\" content=\"new\" \/>\n<!-- \/ Yoast SEO Premium plugin. -->","yoast_head_json":{"title":"Chesterfield Sofa Montreal, In-stock | LEOPARD Furniture | Modern Unique","description":"2026 Cane Stylish Chesterfield Sofa Montreal. Founded on a solid kiln-dried beech wood frame, this sofa strikes a retro silhouette with an arched backrest, scrolled arms, and tapered feet in a walnut finish.","robots":{"index":"index","follow":"follow","max-snippet":"max-snippet:-1","max-image-preview":"max-image-preview:large","max-video-preview":"max-video-preview:-1"},"canonical":"https:\/\/leoprd.ca\/fr\/product\/cane-sofa-3seater\/","og_locale":"fr_CA","og_type":"article","og_title":"Cane Sofa","og_description":"2026 Cane Stylish Chesterfield Sofa Montreal. Founded on a solid kiln-dried beech wood frame, this sofa strikes a retro silhouette with an arched backrest, scrolled arms, and tapered feet in a walnut finish.","og_url":"https:\/\/leoprd.ca\/fr\/product\/cane-sofa-3seater\/","og_site_name":"LEOPARD Furniture","article_publisher":"https:\/\/www.facebook.com\/leoprd.ca","article_modified_time":"2026-01-19T23:31:02+00:00","og_image":[{"width":1600,"height":1600,"url":"https:\/\/leoprd.ca\/wp-content\/uploads\/2020\/10\/cane-brown-n.jpg","type":"image\/jpeg"}],"twitter_card":"summary_large_image","twitter_misc":{"Availability":"In stock"},"schema":{"@context":"https:\/\/schema.org","@graph":[{"@type":["WebPage","ItemPage"],"@id":"https:\/\/leoprd.ca\/fr\/product\/cane-sofa-3seater\/","url":"https:\/\/leoprd.ca\/fr\/product\/cane-sofa-3seater\/","name":"Chesterfield Sofa Montreal, In-stock | LEOPARD Furniture | Modern Unique","isPartOf":{"@id":"https:\/\/leoprd.ca\/fr\/#website"},"primaryImageOfPage":{"@id":"https:\/\/leoprd.ca\/fr\/product\/cane-sofa-3seater\/#primaryimage"},"image":{"@id":"https:\/\/leoprd.ca\/fr\/product\/cane-sofa-3seater\/#primaryimage"},"thumbnailUrl":"https:\/\/leoprd.ca\/wp-content\/uploads\/2020\/10\/cane-brown-n.jpg","datePublished":"2020-10-12T09:42:43+00:00","dateModified":"2026-01-19T23:31:02+00:00","description":"2026 Cane Stylish Chesterfield Sofa Montreal. Founded on a solid kiln-dried beech wood frame, this sofa strikes a retro silhouette with an arched backrest, scrolled arms, and tapered feet in a walnut finish.","breadcrumb":{"@id":"https:\/\/leoprd.ca\/fr\/product\/cane-sofa-3seater\/#breadcrumb"},"inLanguage":"fr-CA","potentialAction":[{"@type":"ReadAction","target":["https:\/\/leoprd.ca\/fr\/product\/cane-sofa-3seater\/"]}]},{"@type":"ImageObject","inLanguage":"fr-CA","@id":"https:\/\/leoprd.ca\/fr\/product\/cane-sofa-3seater\/#primaryimage","url":"https:\/\/leoprd.ca\/wp-content\/uploads\/2020\/10\/cane-brown-n.jpg","contentUrl":"https:\/\/leoprd.ca\/wp-content\/uploads\/2020\/10\/cane-brown-n.jpg","width":1600,"height":1600,"caption":"modern leather chesterfield sofa cane"},{"@type":"BreadcrumbList","@id":"https:\/\/leoprd.ca\/fr\/product\/cane-sofa-3seater\/#breadcrumb","itemListElement":[{"@type":"ListItem","position":1,"name":"Home","item":"https:\/\/leoprd.ca\/"},{"@type":"ListItem","position":2,"name":"Shop","item":"https:\/\/leoprd.ca\/shop\/"},{"@type":"ListItem","position":3,"name":"Cane Sofa"}]},{"@type":"WebSite","@id":"https:\/\/leoprd.ca\/fr\/#website","url":"https:\/\/leoprd.ca\/fr\/","name":"Meubles LEOPARD","description":"Magasin de meubles","publisher":{"@id":"https:\/\/leoprd.ca\/fr\/#organization"},"alternateName":"Meubles L\u00c9OPARD","potentialAction":[{"@type":"SearchAction","target":{"@type":"EntryPoint","urlTemplate":"https:\/\/leoprd.ca\/fr\/?s={search_term_string}"},"query-input":{"@type":"PropertyValueSpecification","valueRequired":true,"valueName":"search_term_string"}}],"inLanguage":"fr-CA"},{"@type":"Organization","@id":"https:\/\/leoprd.ca\/fr\/#organization","name":"Meubles LEOPARD","alternateName":"Meuble LEOPARD","url":"https:\/\/leoprd.ca\/fr\/","logo":{"@type":"ImageObject","inLanguage":"fr-CA","@id":"https:\/\/leoprd.ca\/fr\/#\/schema\/logo\/image\/","url":"https:\/\/leoprd.ca\/wp-content\/uploads\/2022\/05\/logo-silver-mid.png","contentUrl":"https:\/\/leoprd.ca\/wp-content\/uploads\/2022\/05\/logo-silver-mid.png","width":400,"height":400,"caption":"LEOPARD Furniture"},"image":{"@id":"https:\/\/leoprd.ca\/fr\/#\/schema\/logo\/image\/"},"sameAs":["https:\/\/www.facebook.com\/leoprd.ca","https:\/\/mastodon.social\/@leopardfurniture","https:\/\/www.instagram.com\/leopardcanada\/","https:\/\/www.linkedin.com\/company\/leopard-trading-company\/","https:\/\/www.youtube.com\/@leopardcanada"],"description":"Meubles LEOPARD, une entreprise d'origine canadienne dont le si\u00e8ge social est situ\u00e9 dans la ville dynamique de Montr\u00e9al, au Qu\u00e9bec, avec un emplacement de choix \u00e0 Brossard. Chez LEOPARD, nous s\u00e9lectionnons les meubles les plus raffin\u00e9s aupr\u00e8s de fabricants internationaux r\u00e9put\u00e9s et de qualit\u00e9 sup\u00e9rieure. Notre engagement r\u00e9side dans la personnalisation et l'importation de produits haut de gamme. Notre engagement envers la qualit\u00e9 et l'excellence Une fiabilit\u00e9 \u00e0 laquelle vous pouvez vous fier Fond\u00e9e sur cinq piliers - la confiance, la fiabilit\u00e9, la satisfaction de la client\u00e8le, l'excellence et l'innovation - Meubles LEOPARD est un nom fiable dans l'industrie de l'ameublement. Notre engagement en faveur de la qualit\u00e9 et de la transparence garantit que chaque pi\u00e8ce que vous choisissez est synonyme de durabilit\u00e9 et de brillance esth\u00e9tique. Designs prim\u00e9s Plongez dans un monde de designs prim\u00e9s, con\u00e7us pour \u00e9lever vos espaces de vie. Nos produits ont \u00e9t\u00e9 reconnus pour leur innovation et leur style, t\u00e9moignant de notre engagement \u00e0 rester \u00e0 la pointe des tendances en mati\u00e8re de design. Services de design d'int\u00e9rieur in\u00e9gal\u00e9s Design 3D personnalis\u00e9 et exp\u00e9rience AR Embarquez pour un voyage de design d'int\u00e9rieur personnalis\u00e9 avec LEOPARD Furniture. Notre \u00e9quipe, \u00e9quip\u00e9e d'une technologie de pointe, propose des exp\u00e9riences de conception en 3D et de r\u00e9alit\u00e9 augment\u00e9e (RA), vous permettant de visualiser l'espace de vos r\u00eaves avant de prendre une d\u00e9cision. LEOPARD Furniture est un magasin de meubles, pas seulement un magasin de meubles ; nous sommes des cr\u00e9ateurs de style de vie. Chaque pi\u00e8ce raconte une histoire, et nous vous invitons \u00e0 faire partie de ce r\u00e9cit. Visitez notre salle d'exposition \u00e0 Brossard ou explorez notre galerie en ligne.","email":"info@leoprd.ca","telephone":"+1 (514) 655-8447","legalName":"LEOPARD CA INC.","hasMerchantReturnPolicy":{"@type":"MerchantReturnPolicy","merchantReturnLink":"https:\/\/leoprd.ca\/fr\/exchange-return-and-refund\/"}}]},"og_availability":"instock","product_availability":"instock","product_retailer_item_id":"LEO72723","product_condition":"new"},"_links":{"self":[{"href":"https:\/\/leoprd.ca\/fr\/wp-json\/wp\/v2\/product\/2278","targetHints":{"allow":["GET"]}}],"collection":[{"href":"https:\/\/leoprd.ca\/fr\/wp-json\/wp\/v2\/product"}],"about":[{"href":"https:\/\/leoprd.ca\/fr\/wp-json\/wp\/v2\/types\/product"}],"replies":[{"embeddable":true,"href":"https:\/\/leoprd.ca\/fr\/wp-json\/wp\/v2\/comments?post=2278"}],"wp:featuredmedia":[{"embeddable":true,"href":"https:\/\/leoprd.ca\/fr\/wp-json\/wp\/v2\/media\/7804"}],"wp:attachment":[{"href":"https:\/\/leoprd.ca\/fr\/wp-json\/wp\/v2\/media?parent=2278"}],"wp:term":[{"taxonomy":"product_brand","embeddable":true,"href":"https:\/\/leoprd.ca\/fr\/wp-json\/wp\/v2\/product_brand?post=2278"},{"taxonomy":"product_cat","embeddable":true,"href":"https:\/\/leoprd.ca\/fr\/wp-json\/wp\/v2\/product_cat?post=2278"},{"taxonomy":"product_tag","embeddable":true,"href":"https:\/\/leoprd.ca\/fr\/wp-json\/wp\/v2\/product_tag?post=2278"}],"curies":[{"name":"wp","href":"https:\/\/api.w.org\/{rel}","templated":true}]}}