{"id":7786,"date":"2022-07-19T16:56:36","date_gmt":"2022-07-19T20:56:36","guid":{"rendered":"https:\/\/leoprd.ca\/?post_type=product&#038;p=7786"},"modified":"2026-02-01T17:44:06","modified_gmt":"2026-02-01T21:44:06","slug":"wave-modern-sofa","status":"publish","type":"product","link":"https:\/\/leoprd.ca\/fr\/product\/wave-modern-sofa\/","title":{"rendered":"Canap\u00e9 Wave"},"content":{"rendered":"<p>Wave high back sofa desirable for long sitting. It has a curved silhouette and a modern design that lets you lounge like royalty in your <a href=\"https:\/\/leoprd.ca\/product-category\/living-room-furniture\"><em>living room<\/em><\/a> or bedroom. The engineered wood frame is built on tapered legs, and it&#8217;s wrapped in high quality polyester that complements your design. This high back sofa features a graceful back and elegant arms. Foam filling gives you plenty of support while you read or watch your favorite film.<\/p>\n<p>[read_more id=&#8221;1&#8243; more=&#8221;Read more&#8221; less=&#8221;Read less&#8221;]<\/p>\n<h3><strong>Beech Wood<\/strong><\/h3>\n<p><strong>Beech wood<\/strong>\u00a0is a fine-grained wood that has a light orange to salmon color. We love its distinct pore pattern. The wood is often used in making solid wood.<\/p>\n<p>One of the advantages of using\u00a0<strong>beech wood<\/strong>\u00a0for furniture is that it is odorless. It is the best choice if you do not want to have a wood smell in your living room or bedroom, and yet want light colored furniture.<\/p>\n<h3>Here are 5 advantaged of beech wood for furniture<\/h3>\n<h6>Flexible<\/h6>\n<p>Beech wood can be used for\u00a0manufacturing curved furniture, as it\u2019s easily malleable, making it a great candidate for almost everything \u2013 chairs, cabinets, flooring, spoons, cutting boards, and even goblets. It is very easy to work with beech wood for industry precisely for these purposes<\/p>\n<h6>Durable<\/h6>\n<p>Belonging to the category of \u201chard-wearing\u201d wood, beech hardwood is non-porous, has a solid density and a strong surface. This means, it will last against pressure, chipping, and gouging, more than some other varieties of wood.<\/p>\n<h6>Shock-absorbent<\/h6>\n<p>The evenly textured, straight-grained beech wood offers significant resistance to pressure, because of being hard, heavy, and strong. Keeping this in mind, beech wood is also good for floorings, as in can bear weight and high-impact force.<\/p>\n<h6>Easy maintenance<\/h6>\n<p>Lightly steamed beech lumber is often used to highlight the natural grain, finish, and color uniformity of the wood. Since it has long-lasting properties,\u00a0beech wood furniture\u00a0will stand the test of time, and look good even years later. In an event of severe cosmetic damage, simply sanding down the edges can do the trick.<\/p>\n<h3><strong>Polyester fabric furniture<\/strong><\/h3>\n<p>Polyester certainly has its place in the furniture world thanks to its many advantages that it has over natural upholstery options. This makes it a great, affordable fabric that can last whether you use it indoors or out.<\/p>\n<p>Here are all the benefits for buying polyester upholstery furniture:<\/p>\n<ul>\n<li>\n<h6>Easy to Clean<\/h6>\n<\/li>\n<\/ul>\n<p>Polyester is one of the easiest fabrics to clean, this is because any stains do not soak into the fabric like cotton, but rather it only allows the stain to rest on top of it, making for a very easy fabric to deal with in the event of a mess in the living room. It is also one of the easiest fabrics to maintain, as well. Leather requires a complex way to clean it in order to keep it in great condition. In comparison, polyester is simpler.<\/p>\n<ul>\n<li>\n<h6>Comes in Many Colors<\/h6>\n<\/li>\n<\/ul>\n<p>What is great about polyester is that you can get polyester furniture in any color you see fit. Natural fabrics on the other hand come in a limited amount of natural colors. Whether you would like a polyester couch in a natural color, or in a color that fits with your living room\u2019s color scheme, there are many colors to choose from no matter what online retailer you visit.<\/p>\n<ul>\n<li>\n<h6>Durable<\/h6>\n<\/li>\n<\/ul>\n<p>Due to the synthetic nature of polyester, it is considered an upholstery type that can last a long time. In fact, it\u2019s even one of the best choices for furniture you could use outdoors. Polyester is water repellant and mildew resistant. The color on polyester furniture also doesn\u2019t fade, so homeowners do not need to worry about exposure to the sun.<\/p>\n<ul>\n<li>\n<h6>Lightweight<\/h6>\n<\/li>\n<\/ul>\n<p>One concern about furniture that some homeowners have is that it is hard to move. While all furniture with a decent structure is considered heavy, polyester furniture will tend to always be one of the lightest types of furniture to carry. You can easily make this distinction just by feeling a polyester cushion, and how it\u2019s light and airy to the feel. Other fabrics like velvet or rayon are considered a little bit heavier, and homeowners don\u2019t realize how much of a difference this makes until they have to move it.<\/p>\n<ul>\n<li>\n<h6>Nice Texture<\/h6>\n<\/li>\n<\/ul>\n<p>Polyester can have a personality of its own, too. Polyester is woven in a crisscross texture, giving it a sense of personality rather than just a solid, flat color. This texture is nice to look at in addition to feel, so you\u2019re not getting a bland fabric for being synthetic and affordable.<\/p>\n<p>[\/read_more]<\/p>\n","protected":false},"excerpt":{"rendered":"<p>D\u00e9couvrez un \u00e9l\u00e9gant canap\u00e9 \u00e0 dossier haut avec un design moderne, un cadre en bois de h\u00eatre durable et un rev\u00eatement en polyester facile d'entretien, parfait pour une assise longue et confortable.<\/p>","protected":false},"featured_media":7789,"comment_status":"open","ping_status":"closed","template":"","meta":{"site-sidebar-layout":"default","site-content-layout":"default","ast-site-content-layout":"default","site-content-style":"default","site-sidebar-style":"default","ast-global-header-display":"","ast-banner-title-visibility":"","ast-main-header-display":"","ast-hfb-above-header-display":"","ast-hfb-below-header-display":"","ast-hfb-mobile-header-display":"","site-post-title":"","ast-breadcrumbs-content":"","ast-featured-img":"","footer-sml-layout":"","ast-disable-related-posts":"","theme-transparent-header-meta":"default","adv-header-id-meta":"","stick-header-meta":"","header-above-stick-meta":"","header-main-stick-meta":"","header-below-stick-meta":"","astra-migrate-meta-layouts":"set","ast-page-background-enabled":"default","ast-page-background-meta":{"desktop":{"background-color":"","background-image":"","background-repeat":"repeat","background-position":"center center","background-size":"auto","background-attachment":"scroll","background-type":"","background-media":"","overlay-type":"","overlay-color":"","overlay-opacity":"","overlay-gradient":""},"tablet":{"background-color":"","background-image":"","background-repeat":"repeat","background-position":"center center","background-size":"auto","background-attachment":"scroll","background-type":"","background-media":"","overlay-type":"","overlay-color":"","overlay-opacity":"","overlay-gradient":""},"mobile":{"background-color":"","background-image":"","background-repeat":"repeat","background-position":"center center","background-size":"auto","background-attachment":"scroll","background-type":"","background-media":"","overlay-type":"","overlay-color":"","overlay-opacity":"","overlay-gradient":""}},"ast-content-background-meta":{"desktop":{"background-color":"var(--ast-global-color-5)","background-image":"","background-repeat":"repeat","background-position":"center center","background-size":"auto","background-attachment":"scroll","background-type":"","background-media":"","overlay-type":"","overlay-color":"","overlay-opacity":"","overlay-gradient":""},"tablet":{"background-color":"var(--ast-global-color-5)","background-image":"","background-repeat":"repeat","background-position":"center center","background-size":"auto","background-attachment":"scroll","background-type":"","background-media":"","overlay-type":"","overlay-color":"","overlay-opacity":"","overlay-gradient":""},"mobile":{"background-color":"var(--ast-global-color-5)","background-image":"","background-repeat":"repeat","background-position":"center center","background-size":"auto","background-attachment":"scroll","background-type":"","background-media":"","overlay-type":"","overlay-color":"","overlay-opacity":"","overlay-gradient":""}}},"product_brand":[],"product_cat":[59],"product_tag":[],"class_list":{"0":"post-7786","1":"product","2":"type-product","3":"status-publish","4":"has-post-thumbnail","6":"product_cat-living-room-furniture","7":"desktop-align-center","8":"tablet-align-center","9":"mobile-align-center","11":"first","12":"outofstock","13":"taxable","14":"shipping-taxable","15":"purchasable","16":"product-type-simple"},"yoast_head":"<!-- This site is optimized with the Yoast SEO Premium plugin v27.3 (Yoast SEO v27.3) - https:\/\/yoast.com\/product\/yoast-seo-premium-wordpress\/ -->\n<title>Wave Modern Sofa, In-stock | Buy Online &amp; In-store | LEOPARD<\/title>\n<meta name=\"description\" content=\"Modern Wave high back sofa features a graceful back and elegant arms. Foam filling gives you plenty of support. LEOPARD Furniture\" \/>\n<meta name=\"robots\" content=\"index, follow, max-snippet:-1, max-image-preview:large, max-video-preview:-1\" \/>\n<link rel=\"canonical\" href=\"https:\/\/leoprd.ca\/fr\/product\/wave-modern-sofa\/\" \/>\n<meta property=\"og:locale\" content=\"fr_CA\" \/>\n<meta property=\"og:type\" content=\"article\" \/>\n<meta property=\"og:title\" content=\"Wave Sofa\" \/>\n<meta property=\"og:description\" content=\"Modern Wave high back sofa features a graceful back and elegant arms. Foam filling gives you plenty of support. LEOPARD Furniture\" \/>\n<meta property=\"og:url\" content=\"https:\/\/leoprd.ca\/fr\/product\/wave-modern-sofa\/\" \/>\n<meta property=\"og:site_name\" content=\"LEOPARD Furniture\" \/>\n<meta property=\"article:publisher\" content=\"https:\/\/www.facebook.com\/leoprd.ca\" \/>\n<meta property=\"article:modified_time\" content=\"2026-02-01T21:44:06+00:00\" \/>\n<meta property=\"og:image\" content=\"https:\/\/leoprd.ca\/wp-content\/uploads\/2022\/07\/wave-sofa-n.jpg\" \/>\n\t<meta property=\"og:image:width\" content=\"1700\" \/>\n\t<meta property=\"og:image:height\" content=\"1700\" \/>\n\t<meta property=\"og:image:type\" content=\"image\/jpeg\" \/>\n<meta name=\"twitter:card\" content=\"summary_large_image\" \/>\n<meta name=\"twitter:label1\" content=\"Price\" \/>\n\t<meta name=\"twitter:data1\" content=\"&#036;2,399\" \/>\n\t<meta name=\"twitter:label2\" content=\"Availability\" \/>\n\t<meta name=\"twitter:data2\" content=\"Out of stock\" \/>\n<script type=\"application\/ld+json\" class=\"yoast-schema-graph\">{\"@context\":\"https:\\\/\\\/schema.org\",\"@graph\":[{\"@type\":[\"WebPage\",\"ItemPage\"],\"@id\":\"https:\\\/\\\/leoprd.ca\\\/fr\\\/product\\\/wave-modern-sofa\\\/\",\"url\":\"https:\\\/\\\/leoprd.ca\\\/fr\\\/product\\\/wave-modern-sofa\\\/\",\"name\":\"Wave Modern Sofa, In-stock | Buy Online & In-store | LEOPARD\",\"isPartOf\":{\"@id\":\"https:\\\/\\\/leoprd.ca\\\/fr\\\/#website\"},\"primaryImageOfPage\":{\"@id\":\"https:\\\/\\\/leoprd.ca\\\/fr\\\/product\\\/wave-modern-sofa\\\/#primaryimage\"},\"image\":{\"@id\":\"https:\\\/\\\/leoprd.ca\\\/fr\\\/product\\\/wave-modern-sofa\\\/#primaryimage\"},\"thumbnailUrl\":\"https:\\\/\\\/leoprd.ca\\\/wp-content\\\/uploads\\\/2022\\\/07\\\/wave-sofa-n.jpg\",\"datePublished\":\"2022-07-19T20:56:36+00:00\",\"dateModified\":\"2026-02-01T21:44:06+00:00\",\"description\":\"Modern Wave high back sofa features a graceful back and elegant arms. Foam filling gives you plenty of support. LEOPARD Furniture\",\"breadcrumb\":{\"@id\":\"https:\\\/\\\/leoprd.ca\\\/fr\\\/product\\\/wave-modern-sofa\\\/#breadcrumb\"},\"inLanguage\":\"fr-CA\",\"potentialAction\":[{\"@type\":\"ReadAction\",\"target\":[\"https:\\\/\\\/leoprd.ca\\\/fr\\\/product\\\/wave-modern-sofa\\\/\"]}]},{\"@type\":\"ImageObject\",\"inLanguage\":\"fr-CA\",\"@id\":\"https:\\\/\\\/leoprd.ca\\\/fr\\\/product\\\/wave-modern-sofa\\\/#primaryimage\",\"url\":\"https:\\\/\\\/leoprd.ca\\\/wp-content\\\/uploads\\\/2022\\\/07\\\/wave-sofa-n.jpg\",\"contentUrl\":\"https:\\\/\\\/leoprd.ca\\\/wp-content\\\/uploads\\\/2022\\\/07\\\/wave-sofa-n.jpg\",\"width\":1700,\"height\":1700,\"caption\":\"modern sofa\"},{\"@type\":\"BreadcrumbList\",\"@id\":\"https:\\\/\\\/leoprd.ca\\\/fr\\\/product\\\/wave-modern-sofa\\\/#breadcrumb\",\"itemListElement\":[{\"@type\":\"ListItem\",\"position\":1,\"name\":\"Home\",\"item\":\"https:\\\/\\\/leoprd.ca\\\/\"},{\"@type\":\"ListItem\",\"position\":2,\"name\":\"Shop\",\"item\":\"https:\\\/\\\/leoprd.ca\\\/shop\\\/\"},{\"@type\":\"ListItem\",\"position\":3,\"name\":\"Wave Sofa\"}]},{\"@type\":\"WebSite\",\"@id\":\"https:\\\/\\\/leoprd.ca\\\/fr\\\/#website\",\"url\":\"https:\\\/\\\/leoprd.ca\\\/fr\\\/\",\"name\":\"LEOPARD Furniture\",\"description\":\"Furniture store\",\"publisher\":{\"@id\":\"https:\\\/\\\/leoprd.ca\\\/fr\\\/#organization\"},\"alternateName\":\"Meubles L\u00c9OPARD\",\"potentialAction\":[{\"@type\":\"SearchAction\",\"target\":{\"@type\":\"EntryPoint\",\"urlTemplate\":\"https:\\\/\\\/leoprd.ca\\\/fr\\\/?s={search_term_string}\"},\"query-input\":{\"@type\":\"PropertyValueSpecification\",\"valueRequired\":true,\"valueName\":\"search_term_string\"}}],\"inLanguage\":\"fr-CA\"},{\"@type\":\"Organization\",\"@id\":\"https:\\\/\\\/leoprd.ca\\\/fr\\\/#organization\",\"name\":\"LEOPARD Furniture\",\"alternateName\":\"Meuble LEOPARD\",\"url\":\"https:\\\/\\\/leoprd.ca\\\/fr\\\/\",\"logo\":{\"@type\":\"ImageObject\",\"inLanguage\":\"fr-CA\",\"@id\":\"https:\\\/\\\/leoprd.ca\\\/fr\\\/#\\\/schema\\\/logo\\\/image\\\/\",\"url\":\"https:\\\/\\\/leoprd.ca\\\/wp-content\\\/uploads\\\/2022\\\/05\\\/logo-silver-mid.png\",\"contentUrl\":\"https:\\\/\\\/leoprd.ca\\\/wp-content\\\/uploads\\\/2022\\\/05\\\/logo-silver-mid.png\",\"width\":400,\"height\":400,\"caption\":\"LEOPARD Furniture\"},\"image\":{\"@id\":\"https:\\\/\\\/leoprd.ca\\\/fr\\\/#\\\/schema\\\/logo\\\/image\\\/\"},\"sameAs\":[\"https:\\\/\\\/www.facebook.com\\\/leoprd.ca\",\"https:\\\/\\\/mastodon.social\\\/@leopardfurniture\",\"https:\\\/\\\/www.instagram.com\\\/leopardcanada\\\/\",\"https:\\\/\\\/www.linkedin.com\\\/company\\\/leopard-trading-company\\\/\",\"https:\\\/\\\/www.youtube.com\\\/@leopardcanada\"],\"description\":\"LEOPARD Furniture, a Canadian-born legacy headquartered in the vibrant city of Montreal, Quebec, with a prime location in Brossard. At LEOPARD, we curate the finest furniture selections from premium-quality and esteemed international manufacturers. Our commitment lies in customization and the importation of high-end products. Our Commitment to Quality and Excellence Reliability You Can Trust Built on five pillars \u2013 trust, reliability, customer satisfaction, excellence, and innovation \u2013 LEOPARD Furniture has been a reliable name in the furniture industry. Our commitment to quality and transparency ensures that every piece you select resonates with durability and aesthetic brilliance. Award-Winning Designs Immerse yourself in a world of award-winning designs curated to elevate your living spaces. Our products have been recognized for their innovation and style, showcasing a commitment to staying ahead of design trends. Unparalleled Interior Design Services Personalized 3D Design and AR Experience Embark on a personalized interior design journey with LEOPARD Furniture. Our team, equipped with cutting-edge technology, offers 3D design and Augmented Reality (AR) experiences, allowing you to visualize your dream space before making a decision. LEOPARD Furniture is a furniture store, not just a furniture store; we are creators of lifestyle. Every piece tells a story, and we invite you to be a part of this narrative. Visit our showroom in Brossard or explore our online gallery.\",\"email\":\"info@leoprd.ca\",\"telephone\":\"+1 (514) 655-8447\",\"legalName\":\"LEOPARD CA INC.\",\"hasMerchantReturnPolicy\":{\"@type\":\"MerchantReturnPolicy\",\"merchantReturnLink\":\"https:\\\/\\\/leoprd.ca\\\/fr\\\/exchange-return-and-refund\\\/\"}}]}<\/script>\n<meta property=\"product:price:amount\" content=\"2399\" \/>\n<meta property=\"product:price:currency\" content=\"CAD\" \/>\n<meta property=\"og:availability\" content=\"out of stock\" \/>\n<meta property=\"product:availability\" content=\"out of stock\" \/>\n<meta property=\"product:retailer_item_id\" content=\"LEO25111-1\" \/>\n<meta property=\"product:condition\" content=\"new\" \/>\n<!-- \/ Yoast SEO Premium plugin. -->","yoast_head_json":{"title":"Canap\u00e9 moderne Wave, en stock | Acheter en ligne et en magasin | LEOPARD","description":"Le canap\u00e9 moderne Wave \u00e0 dossier haut pr\u00e9sente un dossier gracieux et des accoudoirs \u00e9l\u00e9gants. Le rembourrage en mousse vous offre un grand soutien. Meubles LEOPARD","robots":{"index":"index","follow":"follow","max-snippet":"max-snippet:-1","max-image-preview":"max-image-preview:large","max-video-preview":"max-video-preview:-1"},"canonical":"https:\/\/leoprd.ca\/fr\/product\/wave-modern-sofa\/","og_locale":"fr_CA","og_type":"article","og_title":"Wave Sofa","og_description":"Modern Wave high back sofa features a graceful back and elegant arms. Foam filling gives you plenty of support. LEOPARD Furniture","og_url":"https:\/\/leoprd.ca\/fr\/product\/wave-modern-sofa\/","og_site_name":"LEOPARD Furniture","article_publisher":"https:\/\/www.facebook.com\/leoprd.ca","article_modified_time":"2026-02-01T21:44:06+00:00","og_image":[{"width":1700,"height":1700,"url":"https:\/\/leoprd.ca\/wp-content\/uploads\/2022\/07\/wave-sofa-n.jpg","type":"image\/jpeg"}],"twitter_card":"summary_large_image","twitter_misc":{"Price":"&#36;2,399","Availability":"Out of stock"},"schema":{"@context":"https:\/\/schema.org","@graph":[{"@type":["WebPage","ItemPage"],"@id":"https:\/\/leoprd.ca\/fr\/product\/wave-modern-sofa\/","url":"https:\/\/leoprd.ca\/fr\/product\/wave-modern-sofa\/","name":"Canap\u00e9 moderne Wave, en stock | Acheter en ligne et en magasin | LEOPARD","isPartOf":{"@id":"https:\/\/leoprd.ca\/fr\/#website"},"primaryImageOfPage":{"@id":"https:\/\/leoprd.ca\/fr\/product\/wave-modern-sofa\/#primaryimage"},"image":{"@id":"https:\/\/leoprd.ca\/fr\/product\/wave-modern-sofa\/#primaryimage"},"thumbnailUrl":"https:\/\/leoprd.ca\/wp-content\/uploads\/2022\/07\/wave-sofa-n.jpg","datePublished":"2022-07-19T20:56:36+00:00","dateModified":"2026-02-01T21:44:06+00:00","description":"Le canap\u00e9 moderne Wave \u00e0 dossier haut pr\u00e9sente un dossier gracieux et des accoudoirs \u00e9l\u00e9gants. Le rembourrage en mousse vous offre un grand soutien. Meubles LEOPARD","breadcrumb":{"@id":"https:\/\/leoprd.ca\/fr\/product\/wave-modern-sofa\/#breadcrumb"},"inLanguage":"fr-CA","potentialAction":[{"@type":"ReadAction","target":["https:\/\/leoprd.ca\/fr\/product\/wave-modern-sofa\/"]}]},{"@type":"ImageObject","inLanguage":"fr-CA","@id":"https:\/\/leoprd.ca\/fr\/product\/wave-modern-sofa\/#primaryimage","url":"https:\/\/leoprd.ca\/wp-content\/uploads\/2022\/07\/wave-sofa-n.jpg","contentUrl":"https:\/\/leoprd.ca\/wp-content\/uploads\/2022\/07\/wave-sofa-n.jpg","width":1700,"height":1700,"caption":"modern sofa"},{"@type":"BreadcrumbList","@id":"https:\/\/leoprd.ca\/fr\/product\/wave-modern-sofa\/#breadcrumb","itemListElement":[{"@type":"ListItem","position":1,"name":"Home","item":"https:\/\/leoprd.ca\/"},{"@type":"ListItem","position":2,"name":"Shop","item":"https:\/\/leoprd.ca\/shop\/"},{"@type":"ListItem","position":3,"name":"Wave Sofa"}]},{"@type":"WebSite","@id":"https:\/\/leoprd.ca\/fr\/#website","url":"https:\/\/leoprd.ca\/fr\/","name":"Meubles LEOPARD","description":"Magasin de meubles","publisher":{"@id":"https:\/\/leoprd.ca\/fr\/#organization"},"alternateName":"Meubles L\u00c9OPARD","potentialAction":[{"@type":"SearchAction","target":{"@type":"EntryPoint","urlTemplate":"https:\/\/leoprd.ca\/fr\/?s={search_term_string}"},"query-input":{"@type":"PropertyValueSpecification","valueRequired":true,"valueName":"search_term_string"}}],"inLanguage":"fr-CA"},{"@type":"Organization","@id":"https:\/\/leoprd.ca\/fr\/#organization","name":"Meubles LEOPARD","alternateName":"Meuble LEOPARD","url":"https:\/\/leoprd.ca\/fr\/","logo":{"@type":"ImageObject","inLanguage":"fr-CA","@id":"https:\/\/leoprd.ca\/fr\/#\/schema\/logo\/image\/","url":"https:\/\/leoprd.ca\/wp-content\/uploads\/2022\/05\/logo-silver-mid.png","contentUrl":"https:\/\/leoprd.ca\/wp-content\/uploads\/2022\/05\/logo-silver-mid.png","width":400,"height":400,"caption":"LEOPARD Furniture"},"image":{"@id":"https:\/\/leoprd.ca\/fr\/#\/schema\/logo\/image\/"},"sameAs":["https:\/\/www.facebook.com\/leoprd.ca","https:\/\/mastodon.social\/@leopardfurniture","https:\/\/www.instagram.com\/leopardcanada\/","https:\/\/www.linkedin.com\/company\/leopard-trading-company\/","https:\/\/www.youtube.com\/@leopardcanada"],"description":"Meubles LEOPARD, une entreprise d'origine canadienne dont le si\u00e8ge social est situ\u00e9 dans la ville dynamique de Montr\u00e9al, au Qu\u00e9bec, avec un emplacement de choix \u00e0 Brossard. Chez LEOPARD, nous s\u00e9lectionnons les meubles les plus raffin\u00e9s aupr\u00e8s de fabricants internationaux r\u00e9put\u00e9s et de qualit\u00e9 sup\u00e9rieure. Notre engagement r\u00e9side dans la personnalisation et l'importation de produits haut de gamme. Notre engagement envers la qualit\u00e9 et l'excellence Une fiabilit\u00e9 \u00e0 laquelle vous pouvez vous fier Fond\u00e9e sur cinq piliers - la confiance, la fiabilit\u00e9, la satisfaction de la client\u00e8le, l'excellence et l'innovation - Meubles LEOPARD est un nom fiable dans l'industrie de l'ameublement. Notre engagement en faveur de la qualit\u00e9 et de la transparence garantit que chaque pi\u00e8ce que vous choisissez est synonyme de durabilit\u00e9 et de brillance esth\u00e9tique. Designs prim\u00e9s Plongez dans un monde de designs prim\u00e9s, con\u00e7us pour \u00e9lever vos espaces de vie. Nos produits ont \u00e9t\u00e9 reconnus pour leur innovation et leur style, t\u00e9moignant de notre engagement \u00e0 rester \u00e0 la pointe des tendances en mati\u00e8re de design. Services de design d'int\u00e9rieur in\u00e9gal\u00e9s Design 3D personnalis\u00e9 et exp\u00e9rience AR Embarquez pour un voyage de design d'int\u00e9rieur personnalis\u00e9 avec LEOPARD Furniture. Notre \u00e9quipe, \u00e9quip\u00e9e d'une technologie de pointe, propose des exp\u00e9riences de conception en 3D et de r\u00e9alit\u00e9 augment\u00e9e (RA), vous permettant de visualiser l'espace de vos r\u00eaves avant de prendre une d\u00e9cision. LEOPARD Furniture est un magasin de meubles, pas seulement un magasin de meubles ; nous sommes des cr\u00e9ateurs de style de vie. Chaque pi\u00e8ce raconte une histoire, et nous vous invitons \u00e0 faire partie de ce r\u00e9cit. Visitez notre salle d'exposition \u00e0 Brossard ou explorez notre galerie en ligne.","email":"info@leoprd.ca","telephone":"+1 (514) 655-8447","legalName":"LEOPARD CA INC.","hasMerchantReturnPolicy":{"@type":"MerchantReturnPolicy","merchantReturnLink":"https:\/\/leoprd.ca\/fr\/exchange-return-and-refund\/"}}]},"product_price_amount":"2399","product_price_currency":"CAD","og_availability":"out of stock","product_availability":"out of stock","product_retailer_item_id":"LEO25111-1","product_condition":"new"},"_links":{"self":[{"href":"https:\/\/leoprd.ca\/fr\/wp-json\/wp\/v2\/product\/7786","targetHints":{"allow":["GET"]}}],"collection":[{"href":"https:\/\/leoprd.ca\/fr\/wp-json\/wp\/v2\/product"}],"about":[{"href":"https:\/\/leoprd.ca\/fr\/wp-json\/wp\/v2\/types\/product"}],"replies":[{"embeddable":true,"href":"https:\/\/leoprd.ca\/fr\/wp-json\/wp\/v2\/comments?post=7786"}],"wp:featuredmedia":[{"embeddable":true,"href":"https:\/\/leoprd.ca\/fr\/wp-json\/wp\/v2\/media\/7789"}],"wp:attachment":[{"href":"https:\/\/leoprd.ca\/fr\/wp-json\/wp\/v2\/media?parent=7786"}],"wp:term":[{"taxonomy":"product_brand","embeddable":true,"href":"https:\/\/leoprd.ca\/fr\/wp-json\/wp\/v2\/product_brand?post=7786"},{"taxonomy":"product_cat","embeddable":true,"href":"https:\/\/leoprd.ca\/fr\/wp-json\/wp\/v2\/product_cat?post=7786"},{"taxonomy":"product_tag","embeddable":true,"href":"https:\/\/leoprd.ca\/fr\/wp-json\/wp\/v2\/product_tag?post=7786"}],"curies":[{"name":"wp","href":"https:\/\/api.w.org\/{rel}","templated":true}]}}