{"id":8247,"date":"2023-02-28T19:03:42","date_gmt":"2023-02-28T23:03:42","guid":{"rendered":"https:\/\/leoprd.ca\/?post_type=product&#038;p=8247"},"modified":"2025-12-08T18:28:28","modified_gmt":"2025-12-08T22:28:28","slug":"carina-coffee-table","status":"publish","type":"product","link":"https:\/\/leoprd.ca\/fr\/product\/carina-coffee-table\/","title":{"rendered":"Table basse Carina"},"content":{"rendered":"<p>Introducing the Carina Coffee Table, a stunning piece of furniture that will elevate the style of your living room. This modern coffee table is made with a solid walnut wood tabletop that features finger-jointed pieces, creating a beautiful range of colors. \u00a0As the colors may vary due to the natural characteristics of the walnut wood. This adds to the uniqueness of each table.<\/p>\n<p>The 45-degree chamfered edges of the tabletop add a sleek and contemporary look to the table. The matt black metal legs provide a sturdy base and a striking contrast to the warm wood tones.<\/p>\n<p>The table\u2019s size is approximately 47\u2033 x 23.5\u2033 and 18\u2033 height, making it a perfect fit for most living rooms. Pair it with the <a href=\"https:\/\/leoprd.ca\/fr\/product\/carina-side-table\/\">Table d'appoint Carina<\/a>, and you have a perfect match of modern design and functionality. Upgrade your living space with the Carina Coffee Table from LEOPARD Furniture.<\/p>\n<h3><strong>Noyer<\/strong><\/h3>\n<p>Les couleurs du bois de noyer<\/p>\n<p>Les couleurs du bois de noyer varient en fonction de la partie de l'arbre dont provient le bois. L'aubier est la partie la plus externe de l'arbre. Dans un noyer, les couleurs de l'aubier vont du jaune p\u00e2le et du gris \u00e0 un blanc presque riche. Le bois de c\u0153ur de l'arbre est la partie la plus interne de l'arbre. Dans un noyer, le c\u0153ur de l'arbre est tr\u00e8s riche en couleurs, avec une gamme de bruns fonc\u00e9s et de bruns clairs, avec quelques teintes violac\u00e9es, des gris, des rayons rouge\u00e2tres et des stries fonc\u00e9es.<\/p>\n<h4><strong>Caract\u00e9ristiques et qualit\u00e9s du bois de noyer<\/strong><\/h4>\n<ul>\n<li>Stable et dur<\/li>\n<li>Solide et durable, mais pas lourd<\/li>\n<li>Dense avec une bonne r\u00e9sistance aux chocs<\/li>\n<li>Facile \u00e0 travailler pour le tournage et la sculpture<\/li>\n<li>Cloue et colle bien<\/li>\n<li>Pr\u00e9sente de bonnes qualit\u00e9s de flexion<\/li>\n<li>Bien finir<\/li>\n<li>Grain fin et assez droit<\/li>\n<li>R\u00e9sistant \u00e0 la d\u00e9composition<\/li>\n<li>Affiche des couleurs uniques<\/li>\n<li>Les caract\u00e9ristiques uniques du grain le rendent populaire<\/li>\n<\/ul>\n<h4><strong>Le noyer est-il un bon bois pour l'ameublement ?<\/strong><\/h4>\n<ul>\n<li>Souvent utilis\u00e9 pour le mobilier formel et le mobilier de bureau de direction<\/li>\n<li>La finition est souvent r\u00e9alis\u00e9e dans une teinte fonc\u00e9e ou naturelle pour compl\u00e9ter les nuances fonc\u00e9es.<\/li>\n<li>Il s'agit d'un bois dur, appr\u00e9ci\u00e9 pour sa r\u00e9sistance, son grain et sa couleur.<\/li>\n<li>Offre une finition tr\u00e8s lisse<\/li>\n<\/ul>","protected":false},"excerpt":{"rendered":"<p>The solid walnut wood top with finger-jointed pieces and 45-degree chamfered edges is held up by matt black metal legs. Each table is unique due to natural variations in walnut wood. Pair it with <a href=\"https:\/\/leoprd.ca\/fr\/product\/carina-side-table\/\">Table d'appoint Carina<\/a> for a perfect match.<\/p>","protected":false},"featured_media":8253,"comment_status":"open","ping_status":"closed","template":"","meta":{"site-sidebar-layout":"default","site-content-layout":"","ast-site-content-layout":"default","site-content-style":"default","site-sidebar-style":"default","ast-global-header-display":"","ast-banner-title-visibility":"","ast-main-header-display":"","ast-hfb-above-header-display":"","ast-hfb-below-header-display":"","ast-hfb-mobile-header-display":"","site-post-title":"","ast-breadcrumbs-content":"","ast-featured-img":"","footer-sml-layout":"","ast-disable-related-posts":"","theme-transparent-header-meta":"default","adv-header-id-meta":"","stick-header-meta":"","header-above-stick-meta":"","header-main-stick-meta":"","header-below-stick-meta":"","astra-migrate-meta-layouts":"set","ast-page-background-enabled":"default","ast-page-background-meta":{"desktop":{"background-color":"","background-image":"","background-repeat":"repeat","background-position":"center center","background-size":"auto","background-attachment":"scroll","background-type":"","background-media":"","overlay-type":"","overlay-color":"","overlay-opacity":"","overlay-gradient":""},"tablet":{"background-color":"","background-image":"","background-repeat":"repeat","background-position":"center center","background-size":"auto","background-attachment":"scroll","background-type":"","background-media":"","overlay-type":"","overlay-color":"","overlay-opacity":"","overlay-gradient":""},"mobile":{"background-color":"","background-image":"","background-repeat":"repeat","background-position":"center center","background-size":"auto","background-attachment":"scroll","background-type":"","background-media":"","overlay-type":"","overlay-color":"","overlay-opacity":"","overlay-gradient":""}},"ast-content-background-meta":{"desktop":{"background-color":"var(--ast-global-color-5)","background-image":"","background-repeat":"repeat","background-position":"center center","background-size":"auto","background-attachment":"scroll","background-type":"","background-media":"","overlay-type":"","overlay-color":"","overlay-opacity":"","overlay-gradient":""},"tablet":{"background-color":"var(--ast-global-color-5)","background-image":"","background-repeat":"repeat","background-position":"center center","background-size":"auto","background-attachment":"scroll","background-type":"","background-media":"","overlay-type":"","overlay-color":"","overlay-opacity":"","overlay-gradient":""},"mobile":{"background-color":"var(--ast-global-color-5)","background-image":"","background-repeat":"repeat","background-position":"center center","background-size":"auto","background-attachment":"scroll","background-type":"","background-media":"","overlay-type":"","overlay-color":"","overlay-opacity":"","overlay-gradient":""}}},"product_brand":[],"product_cat":[60,59],"product_tag":[999,90,81,104,779,255,1005],"class_list":{"0":"post-8247","1":"product","2":"type-product","3":"status-publish","4":"has-post-thumbnail","6":"product_cat-coffee-tables","7":"product_cat-living-room-furniture","8":"product_tag-canada-coffee-table","9":"product_tag-dbq-coffee-table","10":"product_tag-dbq-luxury","11":"product_tag-dbq-modern","12":"product_tag-dbq-readytoship","13":"product_tag-dbq-walnut-wood","14":"product_tag-wooden-coffee-tables","15":"desktop-align-center","16":"tablet-align-center","17":"mobile-align-center","19":"first","20":"instock","21":"taxable","22":"shipping-taxable","23":"purchasable","24":"product-type-simple"},"yoast_head":"<!-- This site is optimized with the Yoast SEO Premium plugin v27.3 (Yoast SEO v27.3) - https:\/\/yoast.com\/product\/yoast-seo-premium-wordpress\/ -->\n<title>Carina Coffee Table | Modern Design with Walnut Wood Top<\/title>\n<meta name=\"description\" content=\"Upgrade your living space with the Carina Coffee Table from LEOPARD Furniture. This modern coffee table features a solid walnut wood tabletop with finger-jointed pieces that create a beautiful range of colors. The 45-degree chamfered edges and matt black metal legs add a sleek and contemporary look to your living room.\" \/>\n<meta name=\"robots\" content=\"index, follow, max-snippet:-1, max-image-preview:large, max-video-preview:-1\" \/>\n<link rel=\"canonical\" href=\"https:\/\/leoprd.ca\/fr\/product\/carina-coffee-table\/\" \/>\n<meta property=\"og:locale\" content=\"fr_CA\" \/>\n<meta property=\"og:type\" content=\"article\" \/>\n<meta property=\"og:title\" content=\"Carina Coffee Table\" \/>\n<meta property=\"og:description\" content=\"Upgrade your living space with the Carina Coffee Table from LEOPARD Furniture. This modern coffee table features a solid walnut wood tabletop with finger-jointed pieces that create a beautiful range of colors. The 45-degree chamfered edges and matt black metal legs add a sleek and contemporary look to your living room.\" \/>\n<meta property=\"og:url\" content=\"https:\/\/leoprd.ca\/fr\/product\/carina-coffee-table\/\" \/>\n<meta property=\"og:site_name\" content=\"LEOPARD Furniture\" \/>\n<meta property=\"article:publisher\" content=\"https:\/\/www.facebook.com\/leoprd.ca\" \/>\n<meta property=\"article:modified_time\" content=\"2025-12-08T22:28:28+00:00\" \/>\n<meta property=\"og:image\" content=\"https:\/\/leoprd.ca\/wp-content\/uploads\/2023\/02\/Carina-walnut-coffee-table-1.jpg\" \/>\n\t<meta property=\"og:image:width\" content=\"1600\" \/>\n\t<meta property=\"og:image:height\" content=\"1600\" \/>\n\t<meta property=\"og:image:type\" content=\"image\/jpeg\" \/>\n<meta name=\"twitter:card\" content=\"summary_large_image\" \/>\n<meta name=\"twitter:label1\" content=\"Price\" \/>\n\t<meta name=\"twitter:data1\" content=\"&#036;999\" \/>\n\t<meta name=\"twitter:label2\" content=\"Availability\" \/>\n\t<meta name=\"twitter:data2\" content=\"In stock\" \/>\n<script type=\"application\/ld+json\" class=\"yoast-schema-graph\">{\"@context\":\"https:\\\/\\\/schema.org\",\"@graph\":[{\"@type\":[\"WebPage\",\"ItemPage\"],\"@id\":\"https:\\\/\\\/leoprd.ca\\\/fr\\\/product\\\/carina-coffee-table\\\/\",\"url\":\"https:\\\/\\\/leoprd.ca\\\/fr\\\/product\\\/carina-coffee-table\\\/\",\"name\":\"Carina Coffee Table | Modern Design with Walnut Wood Top\",\"isPartOf\":{\"@id\":\"https:\\\/\\\/leoprd.ca\\\/fr\\\/#website\"},\"primaryImageOfPage\":{\"@id\":\"https:\\\/\\\/leoprd.ca\\\/fr\\\/product\\\/carina-coffee-table\\\/#primaryimage\"},\"image\":{\"@id\":\"https:\\\/\\\/leoprd.ca\\\/fr\\\/product\\\/carina-coffee-table\\\/#primaryimage\"},\"thumbnailUrl\":\"https:\\\/\\\/leoprd.ca\\\/wp-content\\\/uploads\\\/2023\\\/02\\\/Carina-walnut-coffee-table-1.jpg\",\"datePublished\":\"2023-02-28T23:03:42+00:00\",\"dateModified\":\"2025-12-08T22:28:28+00:00\",\"description\":\"Upgrade your living space with the Carina Coffee Table from LEOPARD Furniture. This modern coffee table features a solid walnut wood tabletop with finger-jointed pieces that create a beautiful range of colors. The 45-degree chamfered edges and matt black metal legs add a sleek and contemporary look to your living room.\",\"breadcrumb\":{\"@id\":\"https:\\\/\\\/leoprd.ca\\\/fr\\\/product\\\/carina-coffee-table\\\/#breadcrumb\"},\"inLanguage\":\"fr-CA\",\"potentialAction\":[{\"@type\":\"ReadAction\",\"target\":[\"https:\\\/\\\/leoprd.ca\\\/fr\\\/product\\\/carina-coffee-table\\\/\"]}]},{\"@type\":\"ImageObject\",\"inLanguage\":\"fr-CA\",\"@id\":\"https:\\\/\\\/leoprd.ca\\\/fr\\\/product\\\/carina-coffee-table\\\/#primaryimage\",\"url\":\"https:\\\/\\\/leoprd.ca\\\/wp-content\\\/uploads\\\/2023\\\/02\\\/Carina-walnut-coffee-table-1.jpg\",\"contentUrl\":\"https:\\\/\\\/leoprd.ca\\\/wp-content\\\/uploads\\\/2023\\\/02\\\/Carina-walnut-coffee-table-1.jpg\",\"width\":1600,\"height\":1600,\"caption\":\"Sleek modern wood dining table with metal legs on white background, designed by LEOPARD Furniture Canada.\"},{\"@type\":\"BreadcrumbList\",\"@id\":\"https:\\\/\\\/leoprd.ca\\\/fr\\\/product\\\/carina-coffee-table\\\/#breadcrumb\",\"itemListElement\":[{\"@type\":\"ListItem\",\"position\":1,\"name\":\"Home\",\"item\":\"https:\\\/\\\/leoprd.ca\\\/\"},{\"@type\":\"ListItem\",\"position\":2,\"name\":\"Shop\",\"item\":\"https:\\\/\\\/leoprd.ca\\\/shop\\\/\"},{\"@type\":\"ListItem\",\"position\":3,\"name\":\"Carina Coffee Table\"}]},{\"@type\":\"WebSite\",\"@id\":\"https:\\\/\\\/leoprd.ca\\\/fr\\\/#website\",\"url\":\"https:\\\/\\\/leoprd.ca\\\/fr\\\/\",\"name\":\"LEOPARD Furniture\",\"description\":\"Furniture store\",\"publisher\":{\"@id\":\"https:\\\/\\\/leoprd.ca\\\/fr\\\/#organization\"},\"alternateName\":\"Meubles L\u00c9OPARD\",\"potentialAction\":[{\"@type\":\"SearchAction\",\"target\":{\"@type\":\"EntryPoint\",\"urlTemplate\":\"https:\\\/\\\/leoprd.ca\\\/fr\\\/?s={search_term_string}\"},\"query-input\":{\"@type\":\"PropertyValueSpecification\",\"valueRequired\":true,\"valueName\":\"search_term_string\"}}],\"inLanguage\":\"fr-CA\"},{\"@type\":\"Organization\",\"@id\":\"https:\\\/\\\/leoprd.ca\\\/fr\\\/#organization\",\"name\":\"LEOPARD Furniture\",\"alternateName\":\"Meuble LEOPARD\",\"url\":\"https:\\\/\\\/leoprd.ca\\\/fr\\\/\",\"logo\":{\"@type\":\"ImageObject\",\"inLanguage\":\"fr-CA\",\"@id\":\"https:\\\/\\\/leoprd.ca\\\/fr\\\/#\\\/schema\\\/logo\\\/image\\\/\",\"url\":\"https:\\\/\\\/leoprd.ca\\\/wp-content\\\/uploads\\\/2022\\\/05\\\/logo-silver-mid.png\",\"contentUrl\":\"https:\\\/\\\/leoprd.ca\\\/wp-content\\\/uploads\\\/2022\\\/05\\\/logo-silver-mid.png\",\"width\":400,\"height\":400,\"caption\":\"LEOPARD Furniture\"},\"image\":{\"@id\":\"https:\\\/\\\/leoprd.ca\\\/fr\\\/#\\\/schema\\\/logo\\\/image\\\/\"},\"sameAs\":[\"https:\\\/\\\/www.facebook.com\\\/leoprd.ca\",\"https:\\\/\\\/mastodon.social\\\/@leopardfurniture\",\"https:\\\/\\\/www.instagram.com\\\/leopardcanada\\\/\",\"https:\\\/\\\/www.linkedin.com\\\/company\\\/leopard-trading-company\\\/\",\"https:\\\/\\\/www.youtube.com\\\/@leopardcanada\"],\"description\":\"LEOPARD Furniture, a Canadian-born legacy headquartered in the vibrant city of Montreal, Quebec, with a prime location in Brossard. At LEOPARD, we curate the finest furniture selections from premium-quality and esteemed international manufacturers. Our commitment lies in customization and the importation of high-end products. Our Commitment to Quality and Excellence Reliability You Can Trust Built on five pillars \u2013 trust, reliability, customer satisfaction, excellence, and innovation \u2013 LEOPARD Furniture has been a reliable name in the furniture industry. Our commitment to quality and transparency ensures that every piece you select resonates with durability and aesthetic brilliance. Award-Winning Designs Immerse yourself in a world of award-winning designs curated to elevate your living spaces. Our products have been recognized for their innovation and style, showcasing a commitment to staying ahead of design trends. Unparalleled Interior Design Services Personalized 3D Design and AR Experience Embark on a personalized interior design journey with LEOPARD Furniture. Our team, equipped with cutting-edge technology, offers 3D design and Augmented Reality (AR) experiences, allowing you to visualize your dream space before making a decision. LEOPARD Furniture is a furniture store, not just a furniture store; we are creators of lifestyle. Every piece tells a story, and we invite you to be a part of this narrative. Visit our showroom in Brossard or explore our online gallery.\",\"email\":\"info@leoprd.ca\",\"telephone\":\"+1 (514) 655-8447\",\"legalName\":\"LEOPARD CA INC.\",\"hasMerchantReturnPolicy\":{\"@type\":\"MerchantReturnPolicy\",\"merchantReturnLink\":\"https:\\\/\\\/leoprd.ca\\\/fr\\\/exchange-return-and-refund\\\/\"}}]}<\/script>\n<meta property=\"product:price:amount\" content=\"999\" \/>\n<meta property=\"product:price:currency\" content=\"CAD\" \/>\n<meta property=\"og:availability\" content=\"instock\" \/>\n<meta property=\"product:availability\" content=\"instock\" \/>\n<meta property=\"product:retailer_item_id\" content=\"LEO89212\" \/>\n<meta property=\"product:condition\" content=\"new\" \/>\n<!-- \/ Yoast SEO Premium plugin. -->","yoast_head_json":{"title":"Carina Coffee Table | Modern Design with Walnut Wood Top","description":"Upgrade your living space with the Carina Coffee Table from LEOPARD Furniture. This modern coffee table features a solid walnut wood tabletop with finger-jointed pieces that create a beautiful range of colors. The 45-degree chamfered edges and matt black metal legs add a sleek and contemporary look to your living room.","robots":{"index":"index","follow":"follow","max-snippet":"max-snippet:-1","max-image-preview":"max-image-preview:large","max-video-preview":"max-video-preview:-1"},"canonical":"https:\/\/leoprd.ca\/fr\/product\/carina-coffee-table\/","og_locale":"fr_CA","og_type":"article","og_title":"Carina Coffee Table","og_description":"Upgrade your living space with the Carina Coffee Table from LEOPARD Furniture. This modern coffee table features a solid walnut wood tabletop with finger-jointed pieces that create a beautiful range of colors. The 45-degree chamfered edges and matt black metal legs add a sleek and contemporary look to your living room.","og_url":"https:\/\/leoprd.ca\/fr\/product\/carina-coffee-table\/","og_site_name":"LEOPARD Furniture","article_publisher":"https:\/\/www.facebook.com\/leoprd.ca","article_modified_time":"2025-12-08T22:28:28+00:00","og_image":[{"width":1600,"height":1600,"url":"https:\/\/leoprd.ca\/wp-content\/uploads\/2023\/02\/Carina-walnut-coffee-table-1.jpg","type":"image\/jpeg"}],"twitter_card":"summary_large_image","twitter_misc":{"Price":"&#36;999","Availability":"In stock"},"schema":{"@context":"https:\/\/schema.org","@graph":[{"@type":["WebPage","ItemPage"],"@id":"https:\/\/leoprd.ca\/fr\/product\/carina-coffee-table\/","url":"https:\/\/leoprd.ca\/fr\/product\/carina-coffee-table\/","name":"Carina Coffee Table | Modern Design with Walnut Wood Top","isPartOf":{"@id":"https:\/\/leoprd.ca\/fr\/#website"},"primaryImageOfPage":{"@id":"https:\/\/leoprd.ca\/fr\/product\/carina-coffee-table\/#primaryimage"},"image":{"@id":"https:\/\/leoprd.ca\/fr\/product\/carina-coffee-table\/#primaryimage"},"thumbnailUrl":"https:\/\/leoprd.ca\/wp-content\/uploads\/2023\/02\/Carina-walnut-coffee-table-1.jpg","datePublished":"2023-02-28T23:03:42+00:00","dateModified":"2025-12-08T22:28:28+00:00","description":"Upgrade your living space with the Carina Coffee Table from LEOPARD Furniture. This modern coffee table features a solid walnut wood tabletop with finger-jointed pieces that create a beautiful range of colors. The 45-degree chamfered edges and matt black metal legs add a sleek and contemporary look to your living room.","breadcrumb":{"@id":"https:\/\/leoprd.ca\/fr\/product\/carina-coffee-table\/#breadcrumb"},"inLanguage":"fr-CA","potentialAction":[{"@type":"ReadAction","target":["https:\/\/leoprd.ca\/fr\/product\/carina-coffee-table\/"]}]},{"@type":"ImageObject","inLanguage":"fr-CA","@id":"https:\/\/leoprd.ca\/fr\/product\/carina-coffee-table\/#primaryimage","url":"https:\/\/leoprd.ca\/wp-content\/uploads\/2023\/02\/Carina-walnut-coffee-table-1.jpg","contentUrl":"https:\/\/leoprd.ca\/wp-content\/uploads\/2023\/02\/Carina-walnut-coffee-table-1.jpg","width":1600,"height":1600,"caption":"Sleek modern wood dining table with metal legs on white background, designed by LEOPARD Furniture Canada."},{"@type":"BreadcrumbList","@id":"https:\/\/leoprd.ca\/fr\/product\/carina-coffee-table\/#breadcrumb","itemListElement":[{"@type":"ListItem","position":1,"name":"Home","item":"https:\/\/leoprd.ca\/"},{"@type":"ListItem","position":2,"name":"Shop","item":"https:\/\/leoprd.ca\/shop\/"},{"@type":"ListItem","position":3,"name":"Carina Coffee Table"}]},{"@type":"WebSite","@id":"https:\/\/leoprd.ca\/fr\/#website","url":"https:\/\/leoprd.ca\/fr\/","name":"Meubles LEOPARD","description":"Magasin de meubles","publisher":{"@id":"https:\/\/leoprd.ca\/fr\/#organization"},"alternateName":"Meubles L\u00c9OPARD","potentialAction":[{"@type":"SearchAction","target":{"@type":"EntryPoint","urlTemplate":"https:\/\/leoprd.ca\/fr\/?s={search_term_string}"},"query-input":{"@type":"PropertyValueSpecification","valueRequired":true,"valueName":"search_term_string"}}],"inLanguage":"fr-CA"},{"@type":"Organization","@id":"https:\/\/leoprd.ca\/fr\/#organization","name":"Meubles LEOPARD","alternateName":"Meuble LEOPARD","url":"https:\/\/leoprd.ca\/fr\/","logo":{"@type":"ImageObject","inLanguage":"fr-CA","@id":"https:\/\/leoprd.ca\/fr\/#\/schema\/logo\/image\/","url":"https:\/\/leoprd.ca\/wp-content\/uploads\/2022\/05\/logo-silver-mid.png","contentUrl":"https:\/\/leoprd.ca\/wp-content\/uploads\/2022\/05\/logo-silver-mid.png","width":400,"height":400,"caption":"LEOPARD Furniture"},"image":{"@id":"https:\/\/leoprd.ca\/fr\/#\/schema\/logo\/image\/"},"sameAs":["https:\/\/www.facebook.com\/leoprd.ca","https:\/\/mastodon.social\/@leopardfurniture","https:\/\/www.instagram.com\/leopardcanada\/","https:\/\/www.linkedin.com\/company\/leopard-trading-company\/","https:\/\/www.youtube.com\/@leopardcanada"],"description":"Meubles LEOPARD, une entreprise d'origine canadienne dont le si\u00e8ge social est situ\u00e9 dans la ville dynamique de Montr\u00e9al, au Qu\u00e9bec, avec un emplacement de choix \u00e0 Brossard. Chez LEOPARD, nous s\u00e9lectionnons les meubles les plus raffin\u00e9s aupr\u00e8s de fabricants internationaux r\u00e9put\u00e9s et de qualit\u00e9 sup\u00e9rieure. Notre engagement r\u00e9side dans la personnalisation et l'importation de produits haut de gamme. Notre engagement envers la qualit\u00e9 et l'excellence Une fiabilit\u00e9 \u00e0 laquelle vous pouvez vous fier Fond\u00e9e sur cinq piliers - la confiance, la fiabilit\u00e9, la satisfaction de la client\u00e8le, l'excellence et l'innovation - Meubles LEOPARD est un nom fiable dans l'industrie de l'ameublement. Notre engagement en faveur de la qualit\u00e9 et de la transparence garantit que chaque pi\u00e8ce que vous choisissez est synonyme de durabilit\u00e9 et de brillance esth\u00e9tique. Designs prim\u00e9s Plongez dans un monde de designs prim\u00e9s, con\u00e7us pour \u00e9lever vos espaces de vie. Nos produits ont \u00e9t\u00e9 reconnus pour leur innovation et leur style, t\u00e9moignant de notre engagement \u00e0 rester \u00e0 la pointe des tendances en mati\u00e8re de design. Services de design d'int\u00e9rieur in\u00e9gal\u00e9s Design 3D personnalis\u00e9 et exp\u00e9rience AR Embarquez pour un voyage de design d'int\u00e9rieur personnalis\u00e9 avec LEOPARD Furniture. Notre \u00e9quipe, \u00e9quip\u00e9e d'une technologie de pointe, propose des exp\u00e9riences de conception en 3D et de r\u00e9alit\u00e9 augment\u00e9e (RA), vous permettant de visualiser l'espace de vos r\u00eaves avant de prendre une d\u00e9cision. LEOPARD Furniture est un magasin de meubles, pas seulement un magasin de meubles ; nous sommes des cr\u00e9ateurs de style de vie. Chaque pi\u00e8ce raconte une histoire, et nous vous invitons \u00e0 faire partie de ce r\u00e9cit. Visitez notre salle d'exposition \u00e0 Brossard ou explorez notre galerie en ligne.","email":"info@leoprd.ca","telephone":"+1 (514) 655-8447","legalName":"LEOPARD CA INC.","hasMerchantReturnPolicy":{"@type":"MerchantReturnPolicy","merchantReturnLink":"https:\/\/leoprd.ca\/fr\/exchange-return-and-refund\/"}}]},"product_price_amount":"999","product_price_currency":"CAD","og_availability":"instock","product_availability":"instock","product_retailer_item_id":"LEO89212","product_condition":"new"},"_links":{"self":[{"href":"https:\/\/leoprd.ca\/fr\/wp-json\/wp\/v2\/product\/8247","targetHints":{"allow":["GET"]}}],"collection":[{"href":"https:\/\/leoprd.ca\/fr\/wp-json\/wp\/v2\/product"}],"about":[{"href":"https:\/\/leoprd.ca\/fr\/wp-json\/wp\/v2\/types\/product"}],"replies":[{"embeddable":true,"href":"https:\/\/leoprd.ca\/fr\/wp-json\/wp\/v2\/comments?post=8247"}],"wp:featuredmedia":[{"embeddable":true,"href":"https:\/\/leoprd.ca\/fr\/wp-json\/wp\/v2\/media\/8253"}],"wp:attachment":[{"href":"https:\/\/leoprd.ca\/fr\/wp-json\/wp\/v2\/media?parent=8247"}],"wp:term":[{"taxonomy":"product_brand","embeddable":true,"href":"https:\/\/leoprd.ca\/fr\/wp-json\/wp\/v2\/product_brand?post=8247"},{"taxonomy":"product_cat","embeddable":true,"href":"https:\/\/leoprd.ca\/fr\/wp-json\/wp\/v2\/product_cat?post=8247"},{"taxonomy":"product_tag","embeddable":true,"href":"https:\/\/leoprd.ca\/fr\/wp-json\/wp\/v2\/product_tag?post=8247"}],"curies":[{"name":"wp","href":"https:\/\/api.w.org\/{rel}","templated":true}]}}