{"id":9862,"date":"2023-04-30T12:51:23","date_gmt":"2023-04-30T16:51:23","guid":{"rendered":"https:\/\/leoprd.ca\/?post_type=product&#038;p=9862"},"modified":"2025-12-08T18:25:37","modified_gmt":"2025-12-08T22:25:37","slug":"luis-s-dining-table","status":"publish","type":"product","link":"https:\/\/leoprd.ca\/fr\/product\/luis-s-dining-table\/","title":{"rendered":"Luis S Dining Table"},"content":{"rendered":"<h4 style=\"text-align: center;\">Introducing the Luis S Dining Table<\/h4>\n<p style=\"text-align: center;\">A perfect choice for those seeking <a href=\"https:\/\/leoprd.ca\/fr\/categorie-produit\/tables\/\">high-quality dining tables with modern design<\/a>. The table top is made of high-quality engineered wood, providing both durability and style. With a size of 185cm x 90cm (72.8in x 35.4in), it offers ample space for a family of six or more to dine comfortably. The black matt metal legs give the table a sleek, contemporary look that blends in seamlessly with any modern decor.<\/p>\n<p><img fetchpriority=\"high\" decoding=\"async\" class=\"wp-image-9869 aligncenter\" src=\"https:\/\/leoprd.ca\/wp-content\/uploads\/2023\/04\/luis-masa-185cm-kopya-300x209.jpg\" alt=\"white back ground dining room set with luis s dining table\" width=\"800\" height=\"557\" srcset=\"https:\/\/leoprd.ca\/wp-content\/uploads\/2023\/04\/luis-masa-185cm-kopya-300x209.jpg 300w, https:\/\/leoprd.ca\/wp-content\/uploads\/2023\/04\/luis-masa-185cm-kopya-1024x712.jpg 1024w, https:\/\/leoprd.ca\/wp-content\/uploads\/2023\/04\/luis-masa-185cm-kopya-768x534.jpg 768w, https:\/\/leoprd.ca\/wp-content\/uploads\/2023\/04\/luis-masa-185cm-kopya-18x12.jpg 18w, https:\/\/leoprd.ca\/wp-content\/uploads\/2023\/04\/luis-masa-185cm-kopya-800x556.jpg 800w, https:\/\/leoprd.ca\/wp-content\/uploads\/2023\/04\/luis-masa-185cm-kopya.jpg 1200w\" sizes=\"(max-width: 800px) 100vw, 800px\" \/><\/p>\n<h4 style=\"text-align: center;\">High-Quality Material<\/h4>\n<p style=\"text-align: center;\">Crafted from high-quality engineered wood, the Luis S Dining Table is built to last. This engineered wood offers the durability of solid wood with the added benefit of being less prone to warping or cracking over time.<\/p>\n<h4 style=\"text-align: center;\">Modern Design<\/h4>\n<p style=\"text-align: center;\">This Dining Table boasts a modern design that is sure to impress. The table top is sleek and elegant, and the black matt metal legs give it a contemporary edge. The clean lines and minimalist design make it a perfect match for any modern dining room. <span data-sheets-root=\"1\" data-sheets-value=\"{&quot;1&quot;:2,&quot;2&quot;:&quot;Explore our curated collection of dining room furniture, featuring elegant dining tables, stylish dining chairs, and sophisticated sideboards, designed to elevate every mealtime experience.&quot;}\" data-sheets-userformat=\"{&quot;2&quot;:515,&quot;3&quot;:{&quot;1&quot;:0},&quot;4&quot;:{&quot;1&quot;:2,&quot;2&quot;:65535},&quot;12&quot;:0}\">Explore our curated <a href=\"https:\/\/leoprd.ca\/fr\/categorie-produit\/dining-room-furniture\/\">collection of dining room furniture<\/a>Les tables de salle \u00e0 manger \u00e9l\u00e9gantes, les chaises de salle \u00e0 manger styl\u00e9es et les buffets sophistiqu\u00e9s sont con\u00e7us pour rehausser l'exp\u00e9rience de chaque repas.\u00a0<\/span><\/p>\n<h4 style=\"text-align: center;\">Perfect Match<\/h4>\n<p style=\"text-align: center;\">The Luis S Dining Table is a perfect match for our <a href=\"https:\/\/leoprd.ca\/en\/product\/egg-dining-chair\/\"><span style=\"color: #0000ff;\">Chaise de salle \u00e0 manger Egg<\/span><\/a> et <span style=\"color: #0000ff;\"><a style=\"color: #0000ff;\" href=\"https:\/\/leoprd.ca\/en\/product\/toronto-dining-chair\/\">Chaise de salle \u00e0 manger Toronto<\/a><\/span>. Whether you prefer a classic or a modern look, this table will complement your style perfectly.<\/p>\n<p style=\"text-align: center;\">You may also would like to check the list of our <a href=\"https:\/\/leoprd.ca\/fr\/etiquette-produit\/dark-tables\/\">dark color dining tables<\/a> .<\/p>\n<p><img decoding=\"async\" class=\"wp-image-9849 aligncenter\" src=\"https:\/\/leoprd.ca\/wp-content\/uploads\/2023\/04\/egg-chair-luis-dining-room-table-3-300x200.jpg\" alt=\"chaise de salle \u00e0 manger dans une salle \u00e0 manger moderne avec table de salle \u00e0 manger Luis\" width=\"800\" height=\"533\" srcset=\"https:\/\/leoprd.ca\/wp-content\/uploads\/2023\/04\/egg-chair-luis-dining-room-table-3-300x200.jpg 300w, https:\/\/leoprd.ca\/wp-content\/uploads\/2023\/04\/egg-chair-luis-dining-room-table-3-1200x800.jpg 1200w, https:\/\/leoprd.ca\/wp-content\/uploads\/2023\/04\/egg-chair-luis-dining-room-table-3-1024x682.jpg 1024w, https:\/\/leoprd.ca\/wp-content\/uploads\/2023\/04\/egg-chair-luis-dining-room-table-3-768x512.jpg 768w, https:\/\/leoprd.ca\/wp-content\/uploads\/2023\/04\/egg-chair-luis-dining-room-table-3-1536x1024.jpg 1536w, https:\/\/leoprd.ca\/wp-content\/uploads\/2023\/04\/egg-chair-luis-dining-room-table-3-2048x1365.jpg 2048w, https:\/\/leoprd.ca\/wp-content\/uploads\/2023\/04\/egg-chair-luis-dining-room-table-3-18x12.jpg 18w\" sizes=\"(max-width: 800px) 100vw, 800px\" \/><\/p>\n<p>&nbsp;<\/p>\n<p><strong><span style=\"color: #008000;\">Ce produit est certifi\u00e9 sous le EN 12520 des normes europ\u00e9ennes, assurant ainsi une qualit\u00e9 incomparable, la s\u00e9curit\u00e9, la durabilit\u00e9 et la force pour votre tranquillit\u00e9 d'esprit.<\/span><\/strong><\/p>\n<p>&nbsp;<\/p>\n<hr \/>\n<p>&nbsp;<\/p>\n<p>&nbsp;<\/p>","protected":false},"excerpt":{"rendered":"<div class='yrm-content yrm-content-3 yrm-content-hide' id='yrm-9aqOp' data-id='3' data-show-status='false' data-after-action='' style=\"visibility: hidden;height: 0;\">\n<div id='yrm-inner-content-yrm-9aqOp' class='yrm-inner-content-wrapper yrm-cntent-3'> Looking for a modern and high-quality dining table? Look no further than the Luis S Dining Table. Its black matt metal legs and high-quality engineered wood table top provide both style and durability.<\/div>\n<\/p><\/div>\n<div class='yrm-btn-wrapper yrm-btn-wrapper-3 yrm-more-button-wrapper .introductionsee'\n\t\tdata-custom-more-class-name='.introductionsee' data-custom-less-class-name='.introductionsee'><span title='' data-less-title='' data-more-title='' class='yrm-toggle-expand  yrm-toggle-expand-3' data-rel='yrm-9aqOp' data-more='Introduction' data-less='See less'><span class='yrm-text-wrapper yrm-text-wrapper-custom-dimensions'><span class=\"yrm-button-text-3 yrm-button-text-span\">Introduction<\/span><\/span><\/span><\/div>\n<p><a href=\"https:\/\/impress.pcon-solutions.com\/?l=en&amp;embed=https%3A%2F%2Fwww.dropbox.com%2Fscl%2Ffi%2Ft3hvv5fi5d7mi5cxx7pta%2FShared_Model_2023-12-20_19-36-51.iar%3Frlkey%3Dizvhkrs4uhkvqyhekn74tpgqb%26dl%3D0\" target=\"_blank\" rel=\"noopener\"><img decoding=\"async\" class=\"alignnone wp-image-11866\" src=\"https:\/\/leoprd.ca\/wp-content\/uploads\/2023\/03\/AR-reality.gif\" alt=\"\" width=\"40\" height=\"40\" \/><\/a><a href=\"https:\/\/impress.pcon-solutions.com\/?l=en&amp;embed=https%3A%2F%2Fwww.dropbox.com%2Fscl%2Ffi%2Ft3hvv5fi5d7mi5cxx7pta%2FShared_Model_2023-12-20_19-36-51.iar%3Frlkey%3Dizvhkrs4uhkvqyhekn74tpgqb%26dl%3D0\" target=\"_blank\" rel=\"noopener\"><span style=\"color: #0000ff;\"> Cliquez ici pour l'afficher dans votre espace.<\/span><\/a><\/p>\n<hr \/>\n<h3><\/h3>","protected":false},"featured_media":9901,"comment_status":"open","ping_status":"closed","template":"","meta":{"site-sidebar-layout":"default","site-content-layout":"","ast-site-content-layout":"default","site-content-style":"default","site-sidebar-style":"default","ast-global-header-display":"","ast-banner-title-visibility":"","ast-main-header-display":"","ast-hfb-above-header-display":"","ast-hfb-below-header-display":"","ast-hfb-mobile-header-display":"","site-post-title":"","ast-breadcrumbs-content":"","ast-featured-img":"","footer-sml-layout":"","ast-disable-related-posts":"","theme-transparent-header-meta":"default","adv-header-id-meta":"","stick-header-meta":"","header-above-stick-meta":"","header-main-stick-meta":"","header-below-stick-meta":"","astra-migrate-meta-layouts":"set","ast-page-background-enabled":"default","ast-page-background-meta":{"desktop":{"background-color":"","background-image":"","background-repeat":"repeat","background-position":"center center","background-size":"auto","background-attachment":"scroll","background-type":"","background-media":"","overlay-type":"","overlay-color":"","overlay-opacity":"","overlay-gradient":""},"tablet":{"background-color":"","background-image":"","background-repeat":"repeat","background-position":"center center","background-size":"auto","background-attachment":"scroll","background-type":"","background-media":"","overlay-type":"","overlay-color":"","overlay-opacity":"","overlay-gradient":""},"mobile":{"background-color":"","background-image":"","background-repeat":"repeat","background-position":"center center","background-size":"auto","background-attachment":"scroll","background-type":"","background-media":"","overlay-type":"","overlay-color":"","overlay-opacity":"","overlay-gradient":""}},"ast-content-background-meta":{"desktop":{"background-color":"var(--ast-global-color-5)","background-image":"","background-repeat":"repeat","background-position":"center center","background-size":"auto","background-attachment":"scroll","background-type":"","background-media":"","overlay-type":"","overlay-color":"","overlay-opacity":"","overlay-gradient":""},"tablet":{"background-color":"var(--ast-global-color-5)","background-image":"","background-repeat":"repeat","background-position":"center center","background-size":"auto","background-attachment":"scroll","background-type":"","background-media":"","overlay-type":"","overlay-color":"","overlay-opacity":"","overlay-gradient":""},"mobile":{"background-color":"var(--ast-global-color-5)","background-image":"","background-repeat":"repeat","background-position":"center center","background-size":"auto","background-attachment":"scroll","background-type":"","background-media":"","overlay-type":"","overlay-color":"","overlay-opacity":"","overlay-gradient":""}}},"product_brand":[],"product_cat":[67,68],"product_tag":[895,976,997,158,75,104,1012,779,977],"class_list":{"0":"post-9862","1":"product","2":"type-product","3":"status-publish","4":"has-post-thumbnail","6":"product_cat-dining-room-furniture","7":"product_cat-tables","8":"product_tag-ar","9":"product_tag-breakfast-room-tables","10":"product_tag-dark-tables","11":"product_tag-dbq-dining-table","12":"product_tag-dbq-high-end","13":"product_tag-dbq-modern","14":"product_tag-modern-dining-tables","15":"product_tag-dbq-readytoship","16":"product_tag-tables","17":"desktop-align-center","18":"tablet-align-center","19":"mobile-align-center","21":"first","22":"instock","23":"taxable","24":"shipping-taxable","25":"purchasable","26":"product-type-simple"},"yoast_head":"<!-- This site is optimized with the Yoast SEO Premium plugin v27.4 (Yoast SEO v27.4) - https:\/\/yoast.com\/product\/yoast-seo-premium-wordpress\/ -->\n<title>Luis S Dining Table | Modern, Durable, and Sleek | LEOPARD Furniture<\/title>\n<meta name=\"description\" content=\"2026 Elevate your dining room with the Luis S Dining Table from LEOPARD Furniture. Featuring a sleek and modern design with durable engineered wood and black matt metal legs, this table is the perfect addition to any modern home.\" \/>\n<meta name=\"robots\" content=\"index, follow, max-snippet:-1, max-image-preview:large, max-video-preview:-1\" \/>\n<link rel=\"canonical\" href=\"https:\/\/leoprd.ca\/fr\/product\/luis-s-dining-table\/\" \/>\n<meta property=\"og:locale\" content=\"fr_CA\" \/>\n<meta property=\"og:type\" content=\"article\" \/>\n<meta property=\"og:title\" content=\"Luis S Dining Table\" \/>\n<meta property=\"og:description\" content=\"2026 Elevate your dining room with the Luis S Dining Table from LEOPARD Furniture. Featuring a sleek and modern design with durable engineered wood and black matt metal legs, this table is the perfect addition to any modern home.\" \/>\n<meta property=\"og:url\" content=\"https:\/\/leoprd.ca\/fr\/product\/luis-s-dining-table\/\" \/>\n<meta property=\"og:site_name\" content=\"LEOPARD Furniture\" \/>\n<meta property=\"article:publisher\" content=\"https:\/\/www.facebook.com\/leoprd.ca\" \/>\n<meta property=\"article:modified_time\" content=\"2025-12-08T22:25:37+00:00\" \/>\n<meta property=\"og:image\" content=\"https:\/\/leoprd.ca\/wp-content\/uploads\/2023\/04\/luis-dt-2a.jpg\" \/>\n\t<meta property=\"og:image:width\" content=\"1600\" \/>\n\t<meta property=\"og:image:height\" content=\"1600\" \/>\n\t<meta property=\"og:image:type\" content=\"image\/jpeg\" \/>\n<meta name=\"twitter:card\" content=\"summary_large_image\" \/>\n<meta name=\"twitter:label1\" content=\"Price\" \/>\n\t<meta name=\"twitter:data1\" content=\"&#036;1,779\" \/>\n\t<meta name=\"twitter:label2\" content=\"Availability\" \/>\n\t<meta name=\"twitter:data2\" content=\"In stock\" \/>\n<script type=\"application\/ld+json\" class=\"yoast-schema-graph\">{\"@context\":\"https:\\\/\\\/schema.org\",\"@graph\":[{\"@type\":[\"WebPage\",\"ItemPage\"],\"@id\":\"https:\\\/\\\/leoprd.ca\\\/fr\\\/product\\\/luis-s-dining-table\\\/\",\"url\":\"https:\\\/\\\/leoprd.ca\\\/fr\\\/product\\\/luis-s-dining-table\\\/\",\"name\":\"Luis S Dining Table | Modern, Durable, and Sleek | LEOPARD Furniture\",\"isPartOf\":{\"@id\":\"https:\\\/\\\/leoprd.ca\\\/fr\\\/#website\"},\"primaryImageOfPage\":{\"@id\":\"https:\\\/\\\/leoprd.ca\\\/fr\\\/product\\\/luis-s-dining-table\\\/#primaryimage\"},\"image\":{\"@id\":\"https:\\\/\\\/leoprd.ca\\\/fr\\\/product\\\/luis-s-dining-table\\\/#primaryimage\"},\"thumbnailUrl\":\"https:\\\/\\\/leoprd.ca\\\/wp-content\\\/uploads\\\/2023\\\/04\\\/luis-dt-2a.jpg\",\"datePublished\":\"2023-04-30T16:51:23+00:00\",\"dateModified\":\"2025-12-08T22:25:37+00:00\",\"description\":\"2026 Elevate your dining room with the Luis S Dining Table from LEOPARD Furniture. Featuring a sleek and modern design with durable engineered wood and black matt metal legs, this table is the perfect addition to any modern home.\",\"breadcrumb\":{\"@id\":\"https:\\\/\\\/leoprd.ca\\\/fr\\\/product\\\/luis-s-dining-table\\\/#breadcrumb\"},\"inLanguage\":\"fr-CA\",\"potentialAction\":[{\"@type\":\"ReadAction\",\"target\":[\"https:\\\/\\\/leoprd.ca\\\/fr\\\/product\\\/luis-s-dining-table\\\/\"]}]},{\"@type\":\"ImageObject\",\"inLanguage\":\"fr-CA\",\"@id\":\"https:\\\/\\\/leoprd.ca\\\/fr\\\/product\\\/luis-s-dining-table\\\/#primaryimage\",\"url\":\"https:\\\/\\\/leoprd.ca\\\/wp-content\\\/uploads\\\/2023\\\/04\\\/luis-dt-2a.jpg\",\"contentUrl\":\"https:\\\/\\\/leoprd.ca\\\/wp-content\\\/uploads\\\/2023\\\/04\\\/luis-dt-2a.jpg\",\"width\":1600,\"height\":1600,\"caption\":\"Luis S Dining Table - angle view, showcasing the sleek and modern design\"},{\"@type\":\"BreadcrumbList\",\"@id\":\"https:\\\/\\\/leoprd.ca\\\/fr\\\/product\\\/luis-s-dining-table\\\/#breadcrumb\",\"itemListElement\":[{\"@type\":\"ListItem\",\"position\":1,\"name\":\"Home\",\"item\":\"https:\\\/\\\/leoprd.ca\\\/\"},{\"@type\":\"ListItem\",\"position\":2,\"name\":\"Shop\",\"item\":\"https:\\\/\\\/leoprd.ca\\\/shop\\\/\"},{\"@type\":\"ListItem\",\"position\":3,\"name\":\"Luis S Dining Table\"}]},{\"@type\":\"WebSite\",\"@id\":\"https:\\\/\\\/leoprd.ca\\\/fr\\\/#website\",\"url\":\"https:\\\/\\\/leoprd.ca\\\/fr\\\/\",\"name\":\"LEOPARD Furniture\",\"description\":\"Furniture store\",\"publisher\":{\"@id\":\"https:\\\/\\\/leoprd.ca\\\/fr\\\/#organization\"},\"alternateName\":\"Meubles L\u00c9OPARD\",\"potentialAction\":[{\"@type\":\"SearchAction\",\"target\":{\"@type\":\"EntryPoint\",\"urlTemplate\":\"https:\\\/\\\/leoprd.ca\\\/fr\\\/?s={search_term_string}\"},\"query-input\":{\"@type\":\"PropertyValueSpecification\",\"valueRequired\":true,\"valueName\":\"search_term_string\"}}],\"inLanguage\":\"fr-CA\"},{\"@type\":\"Organization\",\"@id\":\"https:\\\/\\\/leoprd.ca\\\/fr\\\/#organization\",\"name\":\"LEOPARD Furniture\",\"alternateName\":\"Meuble LEOPARD\",\"url\":\"https:\\\/\\\/leoprd.ca\\\/fr\\\/\",\"logo\":{\"@type\":\"ImageObject\",\"inLanguage\":\"fr-CA\",\"@id\":\"https:\\\/\\\/leoprd.ca\\\/fr\\\/#\\\/schema\\\/logo\\\/image\\\/\",\"url\":\"https:\\\/\\\/leoprd.ca\\\/wp-content\\\/uploads\\\/2022\\\/05\\\/logo-silver-mid.png\",\"contentUrl\":\"https:\\\/\\\/leoprd.ca\\\/wp-content\\\/uploads\\\/2022\\\/05\\\/logo-silver-mid.png\",\"width\":400,\"height\":400,\"caption\":\"LEOPARD Furniture\"},\"image\":{\"@id\":\"https:\\\/\\\/leoprd.ca\\\/fr\\\/#\\\/schema\\\/logo\\\/image\\\/\"},\"sameAs\":[\"https:\\\/\\\/www.facebook.com\\\/leoprd.ca\",\"https:\\\/\\\/mastodon.social\\\/@leopardfurniture\",\"https:\\\/\\\/www.instagram.com\\\/leopardcanada\\\/\",\"https:\\\/\\\/www.linkedin.com\\\/company\\\/leopard-trading-company\\\/\",\"https:\\\/\\\/www.youtube.com\\\/@leopardcanada\"],\"description\":\"LEOPARD Furniture, a Canadian-born legacy headquartered in the vibrant city of Montreal, Quebec, with a prime location in Brossard. At LEOPARD, we curate the finest furniture selections from premium-quality and esteemed international manufacturers. Our commitment lies in customization and the importation of high-end products. Our Commitment to Quality and Excellence Reliability You Can Trust Built on five pillars \u2013 trust, reliability, customer satisfaction, excellence, and innovation \u2013 LEOPARD Furniture has been a reliable name in the furniture industry. Our commitment to quality and transparency ensures that every piece you select resonates with durability and aesthetic brilliance. Award-Winning Designs Immerse yourself in a world of award-winning designs curated to elevate your living spaces. Our products have been recognized for their innovation and style, showcasing a commitment to staying ahead of design trends. Unparalleled Interior Design Services Personalized 3D Design and AR Experience Embark on a personalized interior design journey with LEOPARD Furniture. Our team, equipped with cutting-edge technology, offers 3D design and Augmented Reality (AR) experiences, allowing you to visualize your dream space before making a decision. LEOPARD Furniture is a furniture store, not just a furniture store; we are creators of lifestyle. Every piece tells a story, and we invite you to be a part of this narrative. Visit our showroom in Brossard or explore our online gallery.\",\"email\":\"info@leoprd.ca\",\"telephone\":\"+1 (514) 655-8447\",\"legalName\":\"LEOPARD CA INC.\",\"hasMerchantReturnPolicy\":{\"@type\":\"MerchantReturnPolicy\",\"merchantReturnLink\":\"https:\\\/\\\/leoprd.ca\\\/fr\\\/exchange-return-and-refund\\\/\"}}]}<\/script>\n<meta property=\"product:price:amount\" content=\"1779\" \/>\n<meta property=\"product:price:currency\" content=\"CAD\" \/>\n<meta property=\"og:availability\" content=\"instock\" \/>\n<meta property=\"product:availability\" content=\"instock\" \/>\n<meta property=\"product:retailer_item_id\" content=\"LEO79322\" \/>\n<meta property=\"product:condition\" content=\"new\" \/>\n<!-- \/ Yoast SEO Premium plugin. -->","yoast_head_json":{"title":"Luis S Dining Table | Modern, Durable, and Sleek | LEOPARD Furniture","description":"2026 Elevate your dining room with the Luis S Dining Table from LEOPARD Furniture. Featuring a sleek and modern design with durable engineered wood and black matt metal legs, this table is the perfect addition to any modern home.","robots":{"index":"index","follow":"follow","max-snippet":"max-snippet:-1","max-image-preview":"max-image-preview:large","max-video-preview":"max-video-preview:-1"},"canonical":"https:\/\/leoprd.ca\/fr\/product\/luis-s-dining-table\/","og_locale":"fr_CA","og_type":"article","og_title":"Luis S Dining Table","og_description":"2026 Elevate your dining room with the Luis S Dining Table from LEOPARD Furniture. Featuring a sleek and modern design with durable engineered wood and black matt metal legs, this table is the perfect addition to any modern home.","og_url":"https:\/\/leoprd.ca\/fr\/product\/luis-s-dining-table\/","og_site_name":"LEOPARD Furniture","article_publisher":"https:\/\/www.facebook.com\/leoprd.ca","article_modified_time":"2025-12-08T22:25:37+00:00","og_image":[{"width":1600,"height":1600,"url":"https:\/\/leoprd.ca\/wp-content\/uploads\/2023\/04\/luis-dt-2a.jpg","type":"image\/jpeg"}],"twitter_card":"summary_large_image","twitter_misc":{"Price":"&#36;1,779","Availability":"In stock"},"schema":{"@context":"https:\/\/schema.org","@graph":[{"@type":["WebPage","ItemPage"],"@id":"https:\/\/leoprd.ca\/fr\/product\/luis-s-dining-table\/","url":"https:\/\/leoprd.ca\/fr\/product\/luis-s-dining-table\/","name":"Luis S Dining Table | Modern, Durable, and Sleek | LEOPARD Furniture","isPartOf":{"@id":"https:\/\/leoprd.ca\/fr\/#website"},"primaryImageOfPage":{"@id":"https:\/\/leoprd.ca\/fr\/product\/luis-s-dining-table\/#primaryimage"},"image":{"@id":"https:\/\/leoprd.ca\/fr\/product\/luis-s-dining-table\/#primaryimage"},"thumbnailUrl":"https:\/\/leoprd.ca\/wp-content\/uploads\/2023\/04\/luis-dt-2a.jpg","datePublished":"2023-04-30T16:51:23+00:00","dateModified":"2025-12-08T22:25:37+00:00","description":"2026 Elevate your dining room with the Luis S Dining Table from LEOPARD Furniture. Featuring a sleek and modern design with durable engineered wood and black matt metal legs, this table is the perfect addition to any modern home.","breadcrumb":{"@id":"https:\/\/leoprd.ca\/fr\/product\/luis-s-dining-table\/#breadcrumb"},"inLanguage":"fr-CA","potentialAction":[{"@type":"ReadAction","target":["https:\/\/leoprd.ca\/fr\/product\/luis-s-dining-table\/"]}]},{"@type":"ImageObject","inLanguage":"fr-CA","@id":"https:\/\/leoprd.ca\/fr\/product\/luis-s-dining-table\/#primaryimage","url":"https:\/\/leoprd.ca\/wp-content\/uploads\/2023\/04\/luis-dt-2a.jpg","contentUrl":"https:\/\/leoprd.ca\/wp-content\/uploads\/2023\/04\/luis-dt-2a.jpg","width":1600,"height":1600,"caption":"Luis S Dining Table - angle view, showcasing the sleek and modern design"},{"@type":"BreadcrumbList","@id":"https:\/\/leoprd.ca\/fr\/product\/luis-s-dining-table\/#breadcrumb","itemListElement":[{"@type":"ListItem","position":1,"name":"Home","item":"https:\/\/leoprd.ca\/"},{"@type":"ListItem","position":2,"name":"Shop","item":"https:\/\/leoprd.ca\/shop\/"},{"@type":"ListItem","position":3,"name":"Luis S Dining Table"}]},{"@type":"WebSite","@id":"https:\/\/leoprd.ca\/fr\/#website","url":"https:\/\/leoprd.ca\/fr\/","name":"Meubles LEOPARD","description":"Magasin de meubles","publisher":{"@id":"https:\/\/leoprd.ca\/fr\/#organization"},"alternateName":"Meubles L\u00c9OPARD","potentialAction":[{"@type":"SearchAction","target":{"@type":"EntryPoint","urlTemplate":"https:\/\/leoprd.ca\/fr\/?s={search_term_string}"},"query-input":{"@type":"PropertyValueSpecification","valueRequired":true,"valueName":"search_term_string"}}],"inLanguage":"fr-CA"},{"@type":"Organization","@id":"https:\/\/leoprd.ca\/fr\/#organization","name":"Meubles LEOPARD","alternateName":"Meuble LEOPARD","url":"https:\/\/leoprd.ca\/fr\/","logo":{"@type":"ImageObject","inLanguage":"fr-CA","@id":"https:\/\/leoprd.ca\/fr\/#\/schema\/logo\/image\/","url":"https:\/\/leoprd.ca\/wp-content\/uploads\/2022\/05\/logo-silver-mid.png","contentUrl":"https:\/\/leoprd.ca\/wp-content\/uploads\/2022\/05\/logo-silver-mid.png","width":400,"height":400,"caption":"LEOPARD Furniture"},"image":{"@id":"https:\/\/leoprd.ca\/fr\/#\/schema\/logo\/image\/"},"sameAs":["https:\/\/www.facebook.com\/leoprd.ca","https:\/\/mastodon.social\/@leopardfurniture","https:\/\/www.instagram.com\/leopardcanada\/","https:\/\/www.linkedin.com\/company\/leopard-trading-company\/","https:\/\/www.youtube.com\/@leopardcanada"],"description":"Meubles LEOPARD, une entreprise d'origine canadienne dont le si\u00e8ge social est situ\u00e9 dans la ville dynamique de Montr\u00e9al, au Qu\u00e9bec, avec un emplacement de choix \u00e0 Brossard. Chez LEOPARD, nous s\u00e9lectionnons les meubles les plus raffin\u00e9s aupr\u00e8s de fabricants internationaux r\u00e9put\u00e9s et de qualit\u00e9 sup\u00e9rieure. Notre engagement r\u00e9side dans la personnalisation et l'importation de produits haut de gamme. Notre engagement envers la qualit\u00e9 et l'excellence Une fiabilit\u00e9 \u00e0 laquelle vous pouvez vous fier Fond\u00e9e sur cinq piliers - la confiance, la fiabilit\u00e9, la satisfaction de la client\u00e8le, l'excellence et l'innovation - Meubles LEOPARD est un nom fiable dans l'industrie de l'ameublement. Notre engagement en faveur de la qualit\u00e9 et de la transparence garantit que chaque pi\u00e8ce que vous choisissez est synonyme de durabilit\u00e9 et de brillance esth\u00e9tique. Designs prim\u00e9s Plongez dans un monde de designs prim\u00e9s, con\u00e7us pour \u00e9lever vos espaces de vie. Nos produits ont \u00e9t\u00e9 reconnus pour leur innovation et leur style, t\u00e9moignant de notre engagement \u00e0 rester \u00e0 la pointe des tendances en mati\u00e8re de design. Services de design d'int\u00e9rieur in\u00e9gal\u00e9s Design 3D personnalis\u00e9 et exp\u00e9rience AR Embarquez pour un voyage de design d'int\u00e9rieur personnalis\u00e9 avec LEOPARD Furniture. Notre \u00e9quipe, \u00e9quip\u00e9e d'une technologie de pointe, propose des exp\u00e9riences de conception en 3D et de r\u00e9alit\u00e9 augment\u00e9e (RA), vous permettant de visualiser l'espace de vos r\u00eaves avant de prendre une d\u00e9cision. LEOPARD Furniture est un magasin de meubles, pas seulement un magasin de meubles ; nous sommes des cr\u00e9ateurs de style de vie. Chaque pi\u00e8ce raconte une histoire, et nous vous invitons \u00e0 faire partie de ce r\u00e9cit. Visitez notre salle d'exposition \u00e0 Brossard ou explorez notre galerie en ligne.","email":"info@leoprd.ca","telephone":"+1 (514) 655-8447","legalName":"LEOPARD CA INC.","hasMerchantReturnPolicy":{"@type":"MerchantReturnPolicy","merchantReturnLink":"https:\/\/leoprd.ca\/fr\/exchange-return-and-refund\/"}}]},"product_price_amount":"1779","product_price_currency":"CAD","og_availability":"instock","product_availability":"instock","product_retailer_item_id":"LEO79322","product_condition":"new"},"_links":{"self":[{"href":"https:\/\/leoprd.ca\/fr\/wp-json\/wp\/v2\/product\/9862","targetHints":{"allow":["GET"]}}],"collection":[{"href":"https:\/\/leoprd.ca\/fr\/wp-json\/wp\/v2\/product"}],"about":[{"href":"https:\/\/leoprd.ca\/fr\/wp-json\/wp\/v2\/types\/product"}],"replies":[{"embeddable":true,"href":"https:\/\/leoprd.ca\/fr\/wp-json\/wp\/v2\/comments?post=9862"}],"wp:featuredmedia":[{"embeddable":true,"href":"https:\/\/leoprd.ca\/fr\/wp-json\/wp\/v2\/media\/9901"}],"wp:attachment":[{"href":"https:\/\/leoprd.ca\/fr\/wp-json\/wp\/v2\/media?parent=9862"}],"wp:term":[{"taxonomy":"product_brand","embeddable":true,"href":"https:\/\/leoprd.ca\/fr\/wp-json\/wp\/v2\/product_brand?post=9862"},{"taxonomy":"product_cat","embeddable":true,"href":"https:\/\/leoprd.ca\/fr\/wp-json\/wp\/v2\/product_cat?post=9862"},{"taxonomy":"product_tag","embeddable":true,"href":"https:\/\/leoprd.ca\/fr\/wp-json\/wp\/v2\/product_tag?post=9862"}],"curies":[{"name":"wp","href":"https:\/\/api.w.org\/{rel}","templated":true}]}}