{"id":9871,"date":"2023-04-30T17:00:59","date_gmt":"2023-04-30T21:00:59","guid":{"rendered":"https:\/\/leoprd.ca\/?post_type=product&#038;p=9871"},"modified":"2026-04-19T04:45:41","modified_gmt":"2026-04-19T08:45:41","slug":"luis-console-table","status":"publish","type":"product","link":"https:\/\/leoprd.ca\/fr\/product\/luis-console-table\/","title":{"rendered":"Buffet Luis"},"content":{"rendered":"<h3 style=\"text-align: center;\">Design \u00c9pur\u00e9 et Sophistiqu\u00e9<\/h3>\n<p style=\"text-align: center;\">The Luis Sideboard is the perfect addition to any modern home. With its sleek and sophisticated design, this sideboard is sure to impress. The black matt metal legs and engineered wood construction make this piece both durable and stylish. It has two glass doors and two wooden doors that provide ample storage space for your everyday items, keeping your home neat and organized.<\/p>\n<h4 style=\"text-align: center;\"><\/h4>\n<h4 style=\"text-align: center;\"><a href=\"https:\/\/leoprd.ca\/wp-content\/uploads\/2026\/03\/luis-sideboard-p12.jpg\"><img fetchpriority=\"high\" decoding=\"async\" class=\"wp-image-21057 aligncenter\" src=\"https:\/\/leoprd.ca\/wp-content\/uploads\/2026\/03\/luis-sideboard-p12-300x200.jpg\" alt=\"\" width=\"800\" height=\"533\" srcset=\"https:\/\/leoprd.ca\/wp-content\/uploads\/2026\/03\/luis-sideboard-p12-300x200.jpg 300w, https:\/\/leoprd.ca\/wp-content\/uploads\/2026\/03\/luis-sideboard-p12-1024x684.jpg 1024w, https:\/\/leoprd.ca\/wp-content\/uploads\/2026\/03\/luis-sideboard-p12-768x513.jpg 768w, https:\/\/leoprd.ca\/wp-content\/uploads\/2026\/03\/luis-sideboard-p12-1536x1025.jpg 1536w, https:\/\/leoprd.ca\/wp-content\/uploads\/2026\/03\/luis-sideboard-p12-2048x1367.jpg 2048w, https:\/\/leoprd.ca\/wp-content\/uploads\/2026\/03\/luis-sideboard-p12-18x12.jpg 18w, https:\/\/leoprd.ca\/wp-content\/uploads\/2026\/03\/luis-sideboard-p12-1200x801.jpg 1200w\" sizes=\"(max-width: 800px) 100vw, 800px\" \/><\/a><\/h4>\n<p>&nbsp;<\/p>\n<h3 style=\"text-align: center;\">Perfectly Complements Luis Dining Table<\/h3>\n<p style=\"text-align: center;\">The Luis Sideboard perfectly complements our <span style=\"color: #0000ff;\"><a style=\"color: #0000ff;\" href=\"https:\/\/leoprd.ca\/fr\/product\/luis-s-dining-table\/\">Luis Dining Table<\/a><\/span>, creating a cohesive and stylish look in your dining room. The dimensions of the sideboard are 222cm x 52cm x 80cm (87.4in x 20.5in x 31.5in), making it the ideal size to fit in any space. Plus, you can choose to add a mirror to the top of the sideboard to enhance the aesthetic appeal of your dining room. <span data-sheets-root=\"1\" data-sheets-value=\"{&quot;1&quot;:2,&quot;2&quot;:&quot;Explore our curated collection of dining room furniture, featuring elegant dining tables, stylish dining chairs, and sophisticated sideboards, designed to elevate every mealtime experience.&quot;}\" data-sheets-userformat=\"{&quot;2&quot;:515,&quot;3&quot;:{&quot;1&quot;:0},&quot;4&quot;:{&quot;1&quot;:2,&quot;2&quot;:65535},&quot;12&quot;:0}\">D\u00e9couvrez notre collection de <a href=\"https:\/\/leoprd.ca\/fr\/categorie-produit\/dining-room-furniture\/\">meubles de salle a manger<\/a>Les tables de salle \u00e0 manger \u00e9l\u00e9gantes, les chaises de salle \u00e0 manger styl\u00e9es et les buffets sophistiqu\u00e9s sont con\u00e7us pour rehausser l'exp\u00e9rience de chaque repas.<\/span><\/p>\n<p><a href=\"https:\/\/leoprd.ca\/wp-content\/uploads\/2026\/03\/luis-sideboard-p11.jpg\"><img decoding=\"async\" class=\"wp-image-21058 aligncenter\" src=\"https:\/\/leoprd.ca\/wp-content\/uploads\/2026\/03\/luis-sideboard-p11-300x200.jpg\" alt=\"\" width=\"800\" height=\"533\" srcset=\"https:\/\/leoprd.ca\/wp-content\/uploads\/2026\/03\/luis-sideboard-p11-300x200.jpg 300w, https:\/\/leoprd.ca\/wp-content\/uploads\/2026\/03\/luis-sideboard-p11-1024x684.jpg 1024w, https:\/\/leoprd.ca\/wp-content\/uploads\/2026\/03\/luis-sideboard-p11-768x513.jpg 768w, https:\/\/leoprd.ca\/wp-content\/uploads\/2026\/03\/luis-sideboard-p11-1536x1025.jpg 1536w, https:\/\/leoprd.ca\/wp-content\/uploads\/2026\/03\/luis-sideboard-p11-2048x1367.jpg 2048w, https:\/\/leoprd.ca\/wp-content\/uploads\/2026\/03\/luis-sideboard-p11-18x12.jpg 18w, https:\/\/leoprd.ca\/wp-content\/uploads\/2026\/03\/luis-sideboard-p11-1200x801.jpg 1200w\" sizes=\"(max-width: 800px) 100vw, 800px\" \/><\/a><\/p>\n<h3 style=\"text-align: center;\">Construction et Mat\u00e9riaux de Haute Qualit\u00e9<\/h3>\n<p style=\"text-align: center;\">At LEOPARD Furniture, we take pride in using only the highest quality materials to construct our furniture. The Luis sideboard is made of engineered wood, ensuring its durability and longevity. The black matt metal legs provide a stable and sturdy base for the table, making it a reliable addition to your home decor. <span data-sheets-root=\"1\" data-sheets-value=\"{&quot;1&quot;:2,&quot;2&quot;:&quot;Explore our selection of unique dining tables, crafted to elevate your dining experience with distinctive style and quality craftsmanship.&quot;}\" data-sheets-userformat=\"{&quot;2&quot;:515,&quot;3&quot;:{&quot;1&quot;:0},&quot;4&quot;:{&quot;1&quot;:2,&quot;2&quot;:15987699},&quot;12&quot;:0}\">D\u00e9couvrez notre s\u00e9lection de produits uniques <a href=\"https:\/\/leoprd.ca\/fr\/etiquette-produit\/credenzas\/\">credenzas<\/a>\u00a0avec un style distinctif et un savoir-faire de qualit\u00e9.<\/span><\/p>\n<p>&nbsp;<\/p>\n<p style=\"text-align: center;\"><span data-sheets-root=\"1\" data-sheets-value=\"{&quot;1&quot;:2,&quot;2&quot;:&quot;Expand your horizons; delve into our side tables collection to find the perfect blend of style and functionality.&quot;}\" data-sheets-userformat=\"{&quot;2&quot;:515,&quot;3&quot;:{&quot;1&quot;:0},&quot;4&quot;:{&quot;1&quot;:2,&quot;2&quot;:15987699},&quot;12&quot;:0}\">Expand your horizons; delve into <span style=\"color: #0000ff;\"><a style=\"color: #0000ff;\" href=\"https:\/\/leoprd.ca\/fr\/categorie-produit\/living-room-furniture\/end-tables\/\">our side tables collection<\/a><\/span> pour trouver le m\u00e9lange parfait de style et de fonctionnalit\u00e9.<\/span><\/p>\n<p>&nbsp;<\/p>\n<hr \/>\n<p>&nbsp;<\/p>","protected":false},"excerpt":{"rendered":"<div class='yrm-content yrm-content-3 yrm-content-hide' id='yrm-5zlb0' data-id='3' data-show-status='false' data-after-action='' style=\"visibility: hidden;height: 0;\">\n<div id='yrm-inner-content-yrm-5zlb0' class='yrm-inner-content-wrapper yrm-cntent-3'> Ajoutez une touche de sophistication moderne \u00e0 votre salle \u00e0 manger avec la table console Luis. Cette table console \u00e9l\u00e9gante et styl\u00e9e est dot\u00e9e de pieds en m\u00e9tal noir mat et d'une structure en bois d'ing\u00e9nierie, avec un espace de rangement g\u00e9n\u00e9reux pour vos articles du quotidien<\/div>\n<\/p><\/div>\n<div class='yrm-btn-wrapper yrm-btn-wrapper-3 yrm-more-button-wrapper .introductionsee'\n\t\tdata-custom-more-class-name='.introductionsee' data-custom-less-class-name='.introductionsee'><span title='' data-less-title='' data-more-title='' class='yrm-toggle-expand  yrm-toggle-expand-3' data-rel='yrm-5zlb0' data-more='Introduction' data-less='See less'><span class='yrm-text-wrapper yrm-text-wrapper-custom-dimensions'><span class=\"yrm-button-text-3 yrm-button-text-span\">Introduction<\/span><\/span><\/span><\/div>\n<p><a href=\"https:\/\/impress.pcon-solutions.com\/?l=en&amp;embed=https%3A%2F%2Fwww.dropbox.com%2Fscl%2Ffi%2F7rt4p2w7fn8c2vff71u29%2Fluis-console_2024-01-07_17-41-13.iar%3Frlkey%3Diwutta70x0r6mqn9nwee9jtw6%26dl%3D0\" target=\"_blank\" rel=\"noopener\"><img decoding=\"async\" class=\"alignnone wp-image-11866\" src=\"https:\/\/leoprd.ca\/wp-content\/uploads\/2023\/03\/AR-reality.gif\" alt=\"\" width=\"40\" height=\"40\" \/><\/a><a href=\"https:\/\/impress.pcon-solutions.com\/?l=en&amp;embed=https%3A%2F%2Fwww.dropbox.com%2Fscl%2Ffi%2F7rt4p2w7fn8c2vff71u29%2Fluis-console_2024-01-07_17-41-13.iar%3Frlkey%3Diwutta70x0r6mqn9nwee9jtw6%26dl%3D0\" target=\"_blank\" rel=\"noopener\"><span style=\"color: #0000ff;\"> Cliquez ici pour l'afficher dans votre espace.<\/span><\/a><\/p>\n<hr \/>\n<h5><span style=\"color: #008000;\">S\u00e9lectionnez des \u00e9chantillons pour voir le prix:<\/span><\/h5>","protected":false},"featured_media":9872,"comment_status":"open","ping_status":"closed","template":"","meta":{"site-sidebar-layout":"default","site-content-layout":"default","ast-site-content-layout":"default","site-content-style":"default","site-sidebar-style":"default","ast-global-header-display":"","ast-banner-title-visibility":"","ast-main-header-display":"","ast-hfb-above-header-display":"","ast-hfb-below-header-display":"","ast-hfb-mobile-header-display":"","site-post-title":"","ast-breadcrumbs-content":"","ast-featured-img":"","footer-sml-layout":"","ast-disable-related-posts":"","theme-transparent-header-meta":"default","adv-header-id-meta":"","stick-header-meta":"","header-above-stick-meta":"","header-main-stick-meta":"","header-below-stick-meta":"","astra-migrate-meta-layouts":"set","ast-page-background-enabled":"default","ast-page-background-meta":{"desktop":{"background-color":"","background-image":"","background-repeat":"repeat","background-position":"center center","background-size":"auto","background-attachment":"scroll","background-type":"","background-media":"","overlay-type":"","overlay-color":"","overlay-opacity":"","overlay-gradient":""},"tablet":{"background-color":"","background-image":"","background-repeat":"repeat","background-position":"center center","background-size":"auto","background-attachment":"scroll","background-type":"","background-media":"","overlay-type":"","overlay-color":"","overlay-opacity":"","overlay-gradient":""},"mobile":{"background-color":"","background-image":"","background-repeat":"repeat","background-position":"center center","background-size":"auto","background-attachment":"scroll","background-type":"","background-media":"","overlay-type":"","overlay-color":"","overlay-opacity":"","overlay-gradient":""}},"ast-content-background-meta":{"desktop":{"background-color":"var(--ast-global-color-5)","background-image":"","background-repeat":"repeat","background-position":"center center","background-size":"auto","background-attachment":"scroll","background-type":"","background-media":"","overlay-type":"","overlay-color":"","overlay-opacity":"","overlay-gradient":""},"tablet":{"background-color":"var(--ast-global-color-5)","background-image":"","background-repeat":"repeat","background-position":"center center","background-size":"auto","background-attachment":"scroll","background-type":"","background-media":"","overlay-type":"","overlay-color":"","overlay-opacity":"","overlay-gradient":""},"mobile":{"background-color":"var(--ast-global-color-5)","background-image":"","background-repeat":"repeat","background-position":"center center","background-size":"auto","background-attachment":"scroll","background-type":"","background-media":"","overlay-type":"","overlay-color":"","overlay-opacity":"","overlay-gradient":""}}},"product_brand":[],"product_cat":[67,592],"product_tag":[895,975,593,987,75,104,779],"class_list":{"0":"post-9871","1":"product","2":"type-product","3":"status-publish","4":"has-post-thumbnail","6":"product_cat-dining-room-furniture","7":"product_cat-console-tables","8":"product_tag-ar","9":"product_tag-buffets","10":"product_tag-dbq-console-table","11":"product_tag-credenzas","12":"product_tag-dbq-high-end","13":"product_tag-dbq-modern","14":"product_tag-dbq-readytoship","15":"desktop-align-center","16":"tablet-align-center","17":"mobile-align-center","19":"first","20":"onbackorder","21":"taxable","22":"shipping-taxable","23":"purchasable","24":"product-type-variable","25":"has-default-attributes","26":"wvs-archive-product-wrapper"},"yoast_head":"<!-- This site is optimized with the Yoast SEO Premium plugin v27.3 (Yoast SEO v27.3) - https:\/\/yoast.com\/product\/yoast-seo-premium-wordpress\/ -->\n<title>Luis Sideboard | Black Matt Metal Legs | LEOPARD Furniture<\/title>\n<meta name=\"description\" content=\"Elevate the look of your dining room with the sleek and sophisticated Luis sideboard from LEOPARD Furniture. Featuring black matt metal legs and an engineered wood construction, this console table provides ample storage space for your everyday items.\" \/>\n<meta name=\"robots\" content=\"index, follow, max-snippet:-1, max-image-preview:large, max-video-preview:-1\" \/>\n<link rel=\"canonical\" href=\"https:\/\/leoprd.ca\/fr\/product\/luis-console-table\/\" \/>\n<meta property=\"og:locale\" content=\"fr_CA\" \/>\n<meta property=\"og:type\" content=\"article\" \/>\n<meta property=\"og:title\" content=\"Luis Sideboard\" \/>\n<meta property=\"og:description\" content=\"Elevate the look of your dining room with the sleek and sophisticated Luis sideboard from LEOPARD Furniture. Featuring black matt metal legs and an engineered wood construction, this console table provides ample storage space for your everyday items.\" \/>\n<meta property=\"og:url\" content=\"https:\/\/leoprd.ca\/fr\/product\/luis-console-table\/\" \/>\n<meta property=\"og:site_name\" content=\"LEOPARD Furniture\" \/>\n<meta property=\"article:publisher\" content=\"https:\/\/www.facebook.com\/leoprd.ca\" \/>\n<meta property=\"article:modified_time\" content=\"2026-04-19T08:45:41+00:00\" \/>\n<meta property=\"og:image\" content=\"https:\/\/leoprd.ca\/wp-content\/uploads\/2023\/04\/conlole-luis-1.jpg\" \/>\n\t<meta property=\"og:image:width\" content=\"1500\" \/>\n\t<meta property=\"og:image:height\" content=\"1500\" \/>\n\t<meta property=\"og:image:type\" content=\"image\/jpeg\" \/>\n<meta name=\"twitter:card\" content=\"summary_large_image\" \/>\n<meta name=\"twitter:label1\" content=\"Availability\" \/>\n\t<meta name=\"twitter:data1\" content=\"On backorder\" \/>\n<script type=\"application\/ld+json\" class=\"yoast-schema-graph\">{\"@context\":\"https:\\\/\\\/schema.org\",\"@graph\":[{\"@type\":[\"WebPage\",\"ItemPage\"],\"@id\":\"https:\\\/\\\/leoprd.ca\\\/fr\\\/product\\\/luis-console-table\\\/\",\"url\":\"https:\\\/\\\/leoprd.ca\\\/fr\\\/product\\\/luis-console-table\\\/\",\"name\":\"Luis Sideboard | Black Matt Metal Legs | LEOPARD Furniture\",\"isPartOf\":{\"@id\":\"https:\\\/\\\/leoprd.ca\\\/fr\\\/#website\"},\"primaryImageOfPage\":{\"@id\":\"https:\\\/\\\/leoprd.ca\\\/fr\\\/product\\\/luis-console-table\\\/#primaryimage\"},\"image\":{\"@id\":\"https:\\\/\\\/leoprd.ca\\\/fr\\\/product\\\/luis-console-table\\\/#primaryimage\"},\"thumbnailUrl\":\"https:\\\/\\\/leoprd.ca\\\/wp-content\\\/uploads\\\/2023\\\/04\\\/conlole-luis-1.jpg\",\"datePublished\":\"2023-04-30T21:00:59+00:00\",\"dateModified\":\"2026-04-19T08:45:41+00:00\",\"description\":\"Elevate the look of your dining room with the sleek and sophisticated Luis sideboard from LEOPARD Furniture. Featuring black matt metal legs and an engineered wood construction, this console table provides ample storage space for your everyday items.\",\"breadcrumb\":{\"@id\":\"https:\\\/\\\/leoprd.ca\\\/fr\\\/product\\\/luis-console-table\\\/#breadcrumb\"},\"inLanguage\":\"fr-CA\",\"potentialAction\":[{\"@type\":\"ReadAction\",\"target\":[\"https:\\\/\\\/leoprd.ca\\\/fr\\\/product\\\/luis-console-table\\\/\"]}]},{\"@type\":\"ImageObject\",\"inLanguage\":\"fr-CA\",\"@id\":\"https:\\\/\\\/leoprd.ca\\\/fr\\\/product\\\/luis-console-table\\\/#primaryimage\",\"url\":\"https:\\\/\\\/leoprd.ca\\\/wp-content\\\/uploads\\\/2023\\\/04\\\/conlole-luis-1.jpg\",\"contentUrl\":\"https:\\\/\\\/leoprd.ca\\\/wp-content\\\/uploads\\\/2023\\\/04\\\/conlole-luis-1.jpg\",\"width\":1500,\"height\":1500,\"caption\":\"Black matt metal legs and engineered wood construction Luis Console Table\"},{\"@type\":\"BreadcrumbList\",\"@id\":\"https:\\\/\\\/leoprd.ca\\\/fr\\\/product\\\/luis-console-table\\\/#breadcrumb\",\"itemListElement\":[{\"@type\":\"ListItem\",\"position\":1,\"name\":\"Home\",\"item\":\"https:\\\/\\\/leoprd.ca\\\/\"},{\"@type\":\"ListItem\",\"position\":2,\"name\":\"Shop\",\"item\":\"https:\\\/\\\/leoprd.ca\\\/shop\\\/\"},{\"@type\":\"ListItem\",\"position\":3,\"name\":\"Luis Sideboard\"}]},{\"@type\":\"WebSite\",\"@id\":\"https:\\\/\\\/leoprd.ca\\\/fr\\\/#website\",\"url\":\"https:\\\/\\\/leoprd.ca\\\/fr\\\/\",\"name\":\"LEOPARD Furniture\",\"description\":\"Furniture store\",\"publisher\":{\"@id\":\"https:\\\/\\\/leoprd.ca\\\/fr\\\/#organization\"},\"alternateName\":\"Meubles L\u00c9OPARD\",\"potentialAction\":[{\"@type\":\"SearchAction\",\"target\":{\"@type\":\"EntryPoint\",\"urlTemplate\":\"https:\\\/\\\/leoprd.ca\\\/fr\\\/?s={search_term_string}\"},\"query-input\":{\"@type\":\"PropertyValueSpecification\",\"valueRequired\":true,\"valueName\":\"search_term_string\"}}],\"inLanguage\":\"fr-CA\"},{\"@type\":\"Organization\",\"@id\":\"https:\\\/\\\/leoprd.ca\\\/fr\\\/#organization\",\"name\":\"LEOPARD Furniture\",\"alternateName\":\"Meuble LEOPARD\",\"url\":\"https:\\\/\\\/leoprd.ca\\\/fr\\\/\",\"logo\":{\"@type\":\"ImageObject\",\"inLanguage\":\"fr-CA\",\"@id\":\"https:\\\/\\\/leoprd.ca\\\/fr\\\/#\\\/schema\\\/logo\\\/image\\\/\",\"url\":\"https:\\\/\\\/leoprd.ca\\\/wp-content\\\/uploads\\\/2022\\\/05\\\/logo-silver-mid.png\",\"contentUrl\":\"https:\\\/\\\/leoprd.ca\\\/wp-content\\\/uploads\\\/2022\\\/05\\\/logo-silver-mid.png\",\"width\":400,\"height\":400,\"caption\":\"LEOPARD Furniture\"},\"image\":{\"@id\":\"https:\\\/\\\/leoprd.ca\\\/fr\\\/#\\\/schema\\\/logo\\\/image\\\/\"},\"sameAs\":[\"https:\\\/\\\/www.facebook.com\\\/leoprd.ca\",\"https:\\\/\\\/mastodon.social\\\/@leopardfurniture\",\"https:\\\/\\\/www.instagram.com\\\/leopardcanada\\\/\",\"https:\\\/\\\/www.linkedin.com\\\/company\\\/leopard-trading-company\\\/\",\"https:\\\/\\\/www.youtube.com\\\/@leopardcanada\"],\"description\":\"LEOPARD Furniture, a Canadian-born legacy headquartered in the vibrant city of Montreal, Quebec, with a prime location in Brossard. At LEOPARD, we curate the finest furniture selections from premium-quality and esteemed international manufacturers. Our commitment lies in customization and the importation of high-end products. Our Commitment to Quality and Excellence Reliability You Can Trust Built on five pillars \u2013 trust, reliability, customer satisfaction, excellence, and innovation \u2013 LEOPARD Furniture has been a reliable name in the furniture industry. Our commitment to quality and transparency ensures that every piece you select resonates with durability and aesthetic brilliance. Award-Winning Designs Immerse yourself in a world of award-winning designs curated to elevate your living spaces. Our products have been recognized for their innovation and style, showcasing a commitment to staying ahead of design trends. Unparalleled Interior Design Services Personalized 3D Design and AR Experience Embark on a personalized interior design journey with LEOPARD Furniture. Our team, equipped with cutting-edge technology, offers 3D design and Augmented Reality (AR) experiences, allowing you to visualize your dream space before making a decision. LEOPARD Furniture is a furniture store, not just a furniture store; we are creators of lifestyle. Every piece tells a story, and we invite you to be a part of this narrative. Visit our showroom in Brossard or explore our online gallery.\",\"email\":\"info@leoprd.ca\",\"telephone\":\"+1 (514) 655-8447\",\"legalName\":\"LEOPARD CA INC.\",\"hasMerchantReturnPolicy\":{\"@type\":\"MerchantReturnPolicy\",\"merchantReturnLink\":\"https:\\\/\\\/leoprd.ca\\\/fr\\\/exchange-return-and-refund\\\/\"}}]}<\/script>\n<meta property=\"og:availability\" content=\"backorder\" \/>\n<meta property=\"product:availability\" content=\"available for order\" \/>\n<meta property=\"product:retailer_item_id\" content=\"LEO76684\" \/>\n<meta property=\"product:condition\" content=\"new\" \/>\n<!-- \/ Yoast SEO Premium plugin. -->","yoast_head_json":{"title":"Luis Sideboard | Black Matt Metal Legs | LEOPARD Furniture","description":"Elevate the look of your dining room with the sleek and sophisticated Luis sideboard from LEOPARD Furniture. Featuring black matt metal legs and an engineered wood construction, this console table provides ample storage space for your everyday items.","robots":{"index":"index","follow":"follow","max-snippet":"max-snippet:-1","max-image-preview":"max-image-preview:large","max-video-preview":"max-video-preview:-1"},"canonical":"https:\/\/leoprd.ca\/fr\/product\/luis-console-table\/","og_locale":"fr_CA","og_type":"article","og_title":"Luis Sideboard","og_description":"Elevate the look of your dining room with the sleek and sophisticated Luis sideboard from LEOPARD Furniture. Featuring black matt metal legs and an engineered wood construction, this console table provides ample storage space for your everyday items.","og_url":"https:\/\/leoprd.ca\/fr\/product\/luis-console-table\/","og_site_name":"LEOPARD Furniture","article_publisher":"https:\/\/www.facebook.com\/leoprd.ca","article_modified_time":"2026-04-19T08:45:41+00:00","og_image":[{"width":1500,"height":1500,"url":"https:\/\/leoprd.ca\/wp-content\/uploads\/2023\/04\/conlole-luis-1.jpg","type":"image\/jpeg"}],"twitter_card":"summary_large_image","twitter_misc":{"Availability":"On backorder"},"schema":{"@context":"https:\/\/schema.org","@graph":[{"@type":["WebPage","ItemPage"],"@id":"https:\/\/leoprd.ca\/fr\/product\/luis-console-table\/","url":"https:\/\/leoprd.ca\/fr\/product\/luis-console-table\/","name":"Luis Sideboard | Black Matt Metal Legs | LEOPARD Furniture","isPartOf":{"@id":"https:\/\/leoprd.ca\/fr\/#website"},"primaryImageOfPage":{"@id":"https:\/\/leoprd.ca\/fr\/product\/luis-console-table\/#primaryimage"},"image":{"@id":"https:\/\/leoprd.ca\/fr\/product\/luis-console-table\/#primaryimage"},"thumbnailUrl":"https:\/\/leoprd.ca\/wp-content\/uploads\/2023\/04\/conlole-luis-1.jpg","datePublished":"2023-04-30T21:00:59+00:00","dateModified":"2026-04-19T08:45:41+00:00","description":"Elevate the look of your dining room with the sleek and sophisticated Luis sideboard from LEOPARD Furniture. Featuring black matt metal legs and an engineered wood construction, this console table provides ample storage space for your everyday items.","breadcrumb":{"@id":"https:\/\/leoprd.ca\/fr\/product\/luis-console-table\/#breadcrumb"},"inLanguage":"fr-CA","potentialAction":[{"@type":"ReadAction","target":["https:\/\/leoprd.ca\/fr\/product\/luis-console-table\/"]}]},{"@type":"ImageObject","inLanguage":"fr-CA","@id":"https:\/\/leoprd.ca\/fr\/product\/luis-console-table\/#primaryimage","url":"https:\/\/leoprd.ca\/wp-content\/uploads\/2023\/04\/conlole-luis-1.jpg","contentUrl":"https:\/\/leoprd.ca\/wp-content\/uploads\/2023\/04\/conlole-luis-1.jpg","width":1500,"height":1500,"caption":"Black matt metal legs and engineered wood construction Luis Console Table"},{"@type":"BreadcrumbList","@id":"https:\/\/leoprd.ca\/fr\/product\/luis-console-table\/#breadcrumb","itemListElement":[{"@type":"ListItem","position":1,"name":"Home","item":"https:\/\/leoprd.ca\/"},{"@type":"ListItem","position":2,"name":"Shop","item":"https:\/\/leoprd.ca\/shop\/"},{"@type":"ListItem","position":3,"name":"Luis Sideboard"}]},{"@type":"WebSite","@id":"https:\/\/leoprd.ca\/fr\/#website","url":"https:\/\/leoprd.ca\/fr\/","name":"Meubles LEOPARD","description":"Magasin de meubles","publisher":{"@id":"https:\/\/leoprd.ca\/fr\/#organization"},"alternateName":"Meubles L\u00c9OPARD","potentialAction":[{"@type":"SearchAction","target":{"@type":"EntryPoint","urlTemplate":"https:\/\/leoprd.ca\/fr\/?s={search_term_string}"},"query-input":{"@type":"PropertyValueSpecification","valueRequired":true,"valueName":"search_term_string"}}],"inLanguage":"fr-CA"},{"@type":"Organization","@id":"https:\/\/leoprd.ca\/fr\/#organization","name":"Meubles LEOPARD","alternateName":"Meuble LEOPARD","url":"https:\/\/leoprd.ca\/fr\/","logo":{"@type":"ImageObject","inLanguage":"fr-CA","@id":"https:\/\/leoprd.ca\/fr\/#\/schema\/logo\/image\/","url":"https:\/\/leoprd.ca\/wp-content\/uploads\/2022\/05\/logo-silver-mid.png","contentUrl":"https:\/\/leoprd.ca\/wp-content\/uploads\/2022\/05\/logo-silver-mid.png","width":400,"height":400,"caption":"LEOPARD Furniture"},"image":{"@id":"https:\/\/leoprd.ca\/fr\/#\/schema\/logo\/image\/"},"sameAs":["https:\/\/www.facebook.com\/leoprd.ca","https:\/\/mastodon.social\/@leopardfurniture","https:\/\/www.instagram.com\/leopardcanada\/","https:\/\/www.linkedin.com\/company\/leopard-trading-company\/","https:\/\/www.youtube.com\/@leopardcanada"],"description":"Meubles LEOPARD, une entreprise d'origine canadienne dont le si\u00e8ge social est situ\u00e9 dans la ville dynamique de Montr\u00e9al, au Qu\u00e9bec, avec un emplacement de choix \u00e0 Brossard. Chez LEOPARD, nous s\u00e9lectionnons les meubles les plus raffin\u00e9s aupr\u00e8s de fabricants internationaux r\u00e9put\u00e9s et de qualit\u00e9 sup\u00e9rieure. Notre engagement r\u00e9side dans la personnalisation et l'importation de produits haut de gamme. Notre engagement envers la qualit\u00e9 et l'excellence Une fiabilit\u00e9 \u00e0 laquelle vous pouvez vous fier Fond\u00e9e sur cinq piliers - la confiance, la fiabilit\u00e9, la satisfaction de la client\u00e8le, l'excellence et l'innovation - Meubles LEOPARD est un nom fiable dans l'industrie de l'ameublement. Notre engagement en faveur de la qualit\u00e9 et de la transparence garantit que chaque pi\u00e8ce que vous choisissez est synonyme de durabilit\u00e9 et de brillance esth\u00e9tique. Designs prim\u00e9s Plongez dans un monde de designs prim\u00e9s, con\u00e7us pour \u00e9lever vos espaces de vie. Nos produits ont \u00e9t\u00e9 reconnus pour leur innovation et leur style, t\u00e9moignant de notre engagement \u00e0 rester \u00e0 la pointe des tendances en mati\u00e8re de design. Services de design d'int\u00e9rieur in\u00e9gal\u00e9s Design 3D personnalis\u00e9 et exp\u00e9rience AR Embarquez pour un voyage de design d'int\u00e9rieur personnalis\u00e9 avec LEOPARD Furniture. Notre \u00e9quipe, \u00e9quip\u00e9e d'une technologie de pointe, propose des exp\u00e9riences de conception en 3D et de r\u00e9alit\u00e9 augment\u00e9e (RA), vous permettant de visualiser l'espace de vos r\u00eaves avant de prendre une d\u00e9cision. LEOPARD Furniture est un magasin de meubles, pas seulement un magasin de meubles ; nous sommes des cr\u00e9ateurs de style de vie. Chaque pi\u00e8ce raconte une histoire, et nous vous invitons \u00e0 faire partie de ce r\u00e9cit. Visitez notre salle d'exposition \u00e0 Brossard ou explorez notre galerie en ligne.","email":"info@leoprd.ca","telephone":"+1 (514) 655-8447","legalName":"LEOPARD CA INC.","hasMerchantReturnPolicy":{"@type":"MerchantReturnPolicy","merchantReturnLink":"https:\/\/leoprd.ca\/fr\/exchange-return-and-refund\/"}}]},"og_availability":"backorder","product_availability":"available for order","product_retailer_item_id":"LEO76684","product_condition":"new"},"_links":{"self":[{"href":"https:\/\/leoprd.ca\/fr\/wp-json\/wp\/v2\/product\/9871","targetHints":{"allow":["GET"]}}],"collection":[{"href":"https:\/\/leoprd.ca\/fr\/wp-json\/wp\/v2\/product"}],"about":[{"href":"https:\/\/leoprd.ca\/fr\/wp-json\/wp\/v2\/types\/product"}],"replies":[{"embeddable":true,"href":"https:\/\/leoprd.ca\/fr\/wp-json\/wp\/v2\/comments?post=9871"}],"wp:featuredmedia":[{"embeddable":true,"href":"https:\/\/leoprd.ca\/fr\/wp-json\/wp\/v2\/media\/9872"}],"wp:attachment":[{"href":"https:\/\/leoprd.ca\/fr\/wp-json\/wp\/v2\/media?parent=9871"}],"wp:term":[{"taxonomy":"product_brand","embeddable":true,"href":"https:\/\/leoprd.ca\/fr\/wp-json\/wp\/v2\/product_brand?post=9871"},{"taxonomy":"product_cat","embeddable":true,"href":"https:\/\/leoprd.ca\/fr\/wp-json\/wp\/v2\/product_cat?post=9871"},{"taxonomy":"product_tag","embeddable":true,"href":"https:\/\/leoprd.ca\/fr\/wp-json\/wp\/v2\/product_tag?post=9871"}],"curies":[{"name":"wp","href":"https:\/\/api.w.org\/{rel}","templated":true}]}}